{"id":28603,"date":"2025-02-11T22:53:32","date_gmt":"2025-02-11T21:53:32","guid":{"rendered":"https:\/\/slaskaprohibicja.pl\/negozio\/pacchi-di-natale\/"},"modified":"2026-02-25T13:47:07","modified_gmt":"2026-02-25T12:47:07","slug":"pacchi-di-natale","status":"publish","type":"page","link":"https:\/\/slaskaprohibicja.pl\/it\/negozio\/pacchi-di-natale\/","title":{"rendered":"Pacchi di Natale"},"content":{"rendered":"\t\t<div data-elementor-type=\"wp-page\" data-elementor-id=\"28603\" class=\"elementor elementor-28603 elementor-11592\">\n\t\t\t\t\t\t<section class=\"elementor-section elementor-top-section elementor-element elementor-element-f981614 elementor-section-full_width qodef-elementor-content-grid elementor-section-height-default elementor-section-height-default elementor-invisible\" data-id=\"f981614\" data-element_type=\"section\" data-e-type=\"section\" data-settings=\"{&quot;animation&quot;:&quot;fadeInUp&quot;}\">\n\t\t\t\t\t\t<div class=\"elementor-container elementor-column-gap-default\">\n\t\t\t\t\t<div class=\"elementor-column elementor-col-50 elementor-top-column elementor-element elementor-element-517a3d1\" data-id=\"517a3d1\" data-element_type=\"column\" data-e-type=\"column\">\n\t\t\t<div class=\"elementor-widget-wrap elementor-element-populated\">\n\t\t\t\t\t\t<div class=\"elementor-element elementor-element-709561b elementor-widget__width-initial elementor-widget-mobile__width-inherit elementor-widget-tablet__width-inherit elementor-widget elementor-widget-chateau_core_section_title\" data-id=\"709561b\" data-element_type=\"widget\" data-e-type=\"widget\" data-widget_type=\"chateau_core_section_title.default\">\n\t\t\t\t<div class=\"elementor-widget-container\">\n\t\t\t\t\t<div class=\"qodef-shortcode qodef-m  qodef-section-title qodef-alignment--left \">\n\t\t<h2 class=\"qodef-m-title\" >\n\t\t\t\t\tTavolo,<br>set...\t\t\t<\/h2>\n\t<div class=\"qodef-m-subtitle-content qodef--has-appear\" style=\"margin-top: 0px\">\n\t<div class=\"qodef-m-subtitle-line-one\" style=\"background-color: #4C775F;display: none;\"><\/div>\n\t\t<div class=\"qodef-m-subtitle-line-two\" style=\"display: none;\"><\/div>\n<\/div>\n\t<\/div>\n\t\t\t\t<\/div>\n\t\t\t\t<\/div>\n\t\t\t\t\t<\/div>\n\t\t<\/div>\n\t\t\t\t<div class=\"elementor-column elementor-col-50 elementor-top-column elementor-element elementor-element-088e225\" data-id=\"088e225\" data-element_type=\"column\" data-e-type=\"column\">\n\t\t\t<div class=\"elementor-widget-wrap elementor-element-populated\">\n\t\t\t\t\t\t<div class=\"elementor-element elementor-element-d7a9075 elementor-widget-tablet__width-inherit elementor-widget elementor-widget-text-editor\" data-id=\"d7a9075\" data-element_type=\"widget\" data-e-type=\"widget\" data-widget_type=\"text-editor.default\">\n\t\t\t\t<div class=\"elementor-widget-container\">\n\t\t\t\t\t\t\t\t\t<p><span style=\"font-weight: 400;\">I nostri esclusivi kit natalizi offrono tutto il necessario per rendere indimenticabili la colazione, il pranzo e il dolce t\u00e8 del pomeriggio!<\/span><\/p><p><span style=\"font-weight: 400;\">Per i giovani adulti e per chi ha coltivato le tradizioni nel corso degli anni, per i pi\u00f9 impegnati e per chi vuole scoprire nuovi sapori. I nostri pacchetti combinano tradizione e modernit\u00e0, soddisfacendo una variet\u00e0 di gusti. Che tu sia un fan dei piatti classici o che tu sia alla ricerca di sapori sorprendenti, le nostre confezioni sono perfette per tutti!  <\/span><\/p><p><span style=\"font-weight: 400;\">Basta un clic e faremo in modo che la tua tavola di Natale sia piena di delizie!<\/span><\/p>\t\t\t\t\t\t\t\t<\/div>\n\t\t\t\t<\/div>\n\t\t\t\t\t<\/div>\n\t\t<\/div>\n\t\t\t\t\t<\/div>\n\t\t<\/section>\n\t\t\t\t<section class=\"elementor-section elementor-top-section elementor-element elementor-element-0df35f9 elementor-section-full_width qodef-elementor-content-grid elementor-section-height-default elementor-section-height-default\" data-id=\"0df35f9\" data-element_type=\"section\" data-e-type=\"section\" data-settings=\"{&quot;animation&quot;:&quot;none&quot;}\">\n\t\t\t\t\t\t<div class=\"elementor-container elementor-column-gap-default\">\n\t\t\t\t\t<div class=\"elementor-column elementor-col-100 elementor-top-column elementor-element elementor-element-9e5545c\" data-id=\"9e5545c\" data-element_type=\"column\" data-e-type=\"column\">\n\t\t\t<div class=\"elementor-widget-wrap elementor-element-populated\">\n\t\t\t\t\t\t<div class=\"elementor-element elementor-element-31f3534 elementor-widget elementor-widget-chateau_core_product_list\" data-id=\"31f3534\" data-element_type=\"widget\" data-e-type=\"widget\" data-widget_type=\"chateau_core_product_list.default\">\n\t\t\t\t<div class=\"elementor-widget-container\">\n\t\t\t\t\t<div class=\"qodef-shortcode qodef-m  qodef-woo-shortcode qodef-woo-product-list qodef-item-layout--info-below    qodef-grid qodef-layout--columns  qodef-gutter--medium qodef-vertical-gutter--medium qodef-col-num--3 qodef-item-layout--info-below   qodef-pagination--on qodef-pagination-type--infinite-scroll qodef-responsive--custom qodef-col-num--1440--3 qodef-col-num--1366--3 qodef-col-num--1024--2 qodef-col-num--768--2 qodef-col-num--680--2 qodef-col-num--480--1\" data-options=\"{&quot;plugin&quot;:&quot;chateau_core&quot;,&quot;module&quot;:&quot;plugins\\\/woocommerce\\\/shortcodes&quot;,&quot;shortcode&quot;:&quot;product-list&quot;,&quot;post_type&quot;:&quot;product&quot;,&quot;next_page&quot;:&quot;2&quot;,&quot;max_pages_num&quot;:0,&quot;behavior&quot;:&quot;columns&quot;,&quot;images_proportion&quot;:&quot;chateau_core_image_size_square&quot;,&quot;columns&quot;:&quot;3&quot;,&quot;columns_responsive&quot;:&quot;custom&quot;,&quot;columns_1440&quot;:&quot;3&quot;,&quot;columns_1366&quot;:&quot;3&quot;,&quot;columns_1024&quot;:&quot;2&quot;,&quot;columns_768&quot;:&quot;2&quot;,&quot;columns_680&quot;:&quot;2&quot;,&quot;columns_480&quot;:&quot;1&quot;,&quot;space&quot;:&quot;medium&quot;,&quot;vertical_space&quot;:&quot;medium&quot;,&quot;posts_per_page&quot;:&quot;2&quot;,&quot;orderby&quot;:&quot;menu_order&quot;,&quot;order&quot;:&quot;DESC&quot;,&quot;additional_params&quot;:&quot;tax&quot;,&quot;tax&quot;:&quot;product_cat&quot;,&quot;tax_slug&quot;:&quot;wielkanoc&quot;,&quot;layout&quot;:&quot;info-below&quot;,&quot;title_tag&quot;:&quot;h5&quot;,&quot;show_hover_image&quot;:&quot;no&quot;,&quot;enable_filter&quot;:&quot;no&quot;,&quot;pagination_type&quot;:&quot;infinite-scroll&quot;,&quot;advanced_filter_type&quot;:&quot;sidebar&quot;,&quot;attribute_filters&quot;:&quot;null&quot;,&quot;object_class_name&quot;:&quot;ChateauCore_Product_List_Shortcode&quot;,&quot;taxonomy_filter&quot;:&quot;product_cat&quot;,&quot;additional_query_args&quot;:{&quot;tax_query&quot;:[{&quot;taxonomy&quot;:&quot;product_cat&quot;,&quot;field&quot;:&quot;slug&quot;,&quot;terms&quot;:&quot;wielkanoc&quot;}]},&quot;space_value&quot;:20}\">\n\t\t<div class=\"qodef-grid-inner\">\n\t\t<p class=\"qodef-m-posts-not-found qodef-grid-item\">No posts were found for provided query parameters.<\/p>\n\t<\/div>\n\t<\/div>\n\t\t\t\t<\/div>\n\t\t\t\t<\/div>\n\t\t\t\t\t<\/div>\n\t\t<\/div>\n\t\t\t\t\t<\/div>\n\t\t<\/section>\n\t\t\t\t<section class=\"elementor-section elementor-top-section elementor-element elementor-element-c425fdd elementor-section-full_width elementor-section-height-default elementor-section-height-default\" data-id=\"c425fdd\" data-element_type=\"section\" data-e-type=\"section\">\n\t\t\t\t\t\t<div class=\"elementor-container elementor-column-gap-default\">\n\t\t\t\t\t<div class=\"elementor-column elementor-col-100 elementor-top-column elementor-element elementor-element-29d06c0\" data-id=\"29d06c0\" data-element_type=\"column\" data-e-type=\"column\">\n\t\t\t<div class=\"elementor-widget-wrap elementor-element-populated\">\n\t\t\t\t\t\t<div class=\"elementor-element elementor-element-3d250fc animated-slow elementor-invisible elementor-widget elementor-widget-chateau_core_image_gallery\" data-id=\"3d250fc\" data-element_type=\"widget\" data-e-type=\"widget\" data-settings=\"{&quot;_animation&quot;:&quot;fadeIn&quot;}\" data-widget_type=\"chateau_core_image_gallery.default\">\n\t\t\t\t<div class=\"elementor-widget-container\">\n\t\t\t\t\t<div class=\"qodef-shortcode qodef-m  qodef-image-gallery qodef-magnific-popup qodef-popup-gallery   qodef-grid qodef-swiper-container  qodef-gutter--small  qodef-col-num--5    qodef-responsive--custom qodef-col-num--1440--5 qodef-col-num--1366--5 qodef-col-num--1024--3 qodef-col-num--768--3 qodef-col-num--680--3 qodef-col-num--480--2\"  data-options=\"{&quot;spaceBetween&quot;:10,&quot;slidesPerView&quot;:&quot;5&quot;,&quot;loop&quot;:true,&quot;autoplay&quot;:true,&quot;speed&quot;:&quot;&quot;,&quot;speedAnimation&quot;:&quot;&quot;,&quot;slideAnimation&quot;:&quot;&quot;,&quot;direction&quot;:&quot;&quot;,&quot;centeredSlides&quot;:&quot;&quot;,&quot;sliderScroll&quot;:&quot;&quot;,&quot;loopAdditionalSlides&quot;:&quot;&quot;,&quot;paginationType&quot;:&quot;&quot;,&quot;customStages&quot;:true,&quot;slidesPerView1440&quot;:&quot;5&quot;,&quot;slidesPerView1366&quot;:&quot;5&quot;,&quot;slidesPerView1024&quot;:&quot;3&quot;,&quot;slidesPerView768&quot;:&quot;3&quot;,&quot;slidesPerView680&quot;:&quot;3&quot;,&quot;slidesPerView480&quot;:&quot;2&quot;}\">\n\t<div class=\"swiper-wrapper\">\n\t\t<div class=\"qodef-e qodef-image-wrapper swiper-slide \">\n\t\t\t<a class=\"qodef-popup-item\" itemprop=\"image\" href=\"https:\/\/slaskaprohibicja.pl\/wp-content\/uploads\/2025\/03\/DSD_0745.jpg\" data-type=\"image\" title=\"\">\n\t\t<span class=\"qodef-hover-plus\"><\/span>\n\t\t\t<img fetchpriority=\"high\" decoding=\"async\" src=\"https:\/\/slaskaprohibicja.pl\/wp-content\/uploads\/2025\/03\/DSD_0745-500x700.jpg\" alt=\"\" width=\"500\" height=\"700\" data-ratio=\"0.71428571428571\" \/>\t\t\t<\/a>\n\t<\/div>\n<div class=\"qodef-e qodef-image-wrapper swiper-slide \">\n\t\t\t<a class=\"qodef-popup-item\" itemprop=\"image\" href=\"https:\/\/slaskaprohibicja.pl\/wp-content\/uploads\/2025\/03\/DSD_0762.jpg\" data-type=\"image\" title=\"\">\n\t\t<span class=\"qodef-hover-plus\"><\/span>\n\t\t\t<img decoding=\"async\" src=\"https:\/\/slaskaprohibicja.pl\/wp-content\/uploads\/2025\/03\/DSD_0762-500x700.jpg\" alt=\"\" width=\"500\" height=\"700\" data-ratio=\"0.71428571428571\" \/>\t\t\t<\/a>\n\t<\/div>\n<div class=\"qodef-e qodef-image-wrapper swiper-slide \">\n\t\t\t<a class=\"qodef-popup-item\" itemprop=\"image\" href=\"https:\/\/slaskaprohibicja.pl\/wp-content\/uploads\/2025\/03\/DSD_0867.jpg\" data-type=\"image\" title=\"\">\n\t\t<span class=\"qodef-hover-plus\"><\/span>\n\t\t\t<img decoding=\"async\" src=\"https:\/\/slaskaprohibicja.pl\/wp-content\/uploads\/2025\/03\/DSD_0867-500x700.jpg\" alt=\"\" width=\"500\" height=\"700\" data-ratio=\"0.71428571428571\" \/>\t\t\t<\/a>\n\t<\/div>\n\t<\/div>\n\t\t<\/div>\n\t\t\t\t<\/div>\n\t\t\t\t<\/div>\n\t\t\t\t\t<\/div>\n\t\t<\/div>\n\t\t\t\t\t<\/div>\n\t\t<\/section>\n\t\t\t\t<\/div>\n\t\t","protected":false},"excerpt":{"rendered":"<p>Tavolo,set&#8230; I nostri esclusivi kit natalizi offrono tutto il necessario per rendere indimenticabili la colazione, il pranzo e il dolce t\u00e8 del pomeriggio! Per i giovani adulti e per chi ha coltivato le tradizioni nel corso degli anni, per i pi\u00f9 impegnati e per chi vuole scoprire nuovi sapori. I nostri pacchetti combinano tradizione e [&hellip;]<\/p>\n","protected":false},"author":1,"featured_media":0,"parent":28599,"menu_order":0,"comment_status":"closed","ping_status":"closed","template":"page-full-width.php","meta":{"inline_featured_image":false,"footnotes":""},"class_list":["post-28603","page","type-page","status-publish","hentry"],"yoast_head":"<!-- This site is optimized with the Yoast SEO plugin v27.3 - https:\/\/yoast.com\/product\/yoast-seo-wordpress\/ -->\n<title>Pacchi di Natale - \u015al\u0105ska Prohibicja<\/title>\n<meta name=\"description\" content=\"Ordina pacchi festivi con prelibatezze locali e regali, ideali da mettere sotto l&#039;albero di Natale per i tuoi cari e i tuoi partner commerciali.\" \/>\n<meta name=\"robots\" content=\"index, follow, max-snippet:-1, max-image-preview:large, max-video-preview:-1\" \/>\n<link rel=\"canonical\" href=\"https:\/\/slaskaprohibicja.pl\/sklep\/paczki-swiateczne\/\" \/>\n<meta property=\"og:locale\" content=\"it_IT\" \/>\n<meta property=\"og:type\" content=\"article\" \/>\n<meta property=\"og:title\" content=\"Pacchi di Natale - \u015al\u0105ska Prohibicja\" \/>\n<meta property=\"og:description\" content=\"Ordina pacchi festivi con prelibatezze locali e regali, ideali da mettere sotto l&#039;albero di Natale per i tuoi cari e i tuoi partner commerciali.\" \/>\n<meta property=\"og:url\" content=\"https:\/\/slaskaprohibicja.pl\/sklep\/paczki-swiateczne\/\" \/>\n<meta property=\"og:site_name\" content=\"\u015al\u0105ska Prohibicja\" \/>\n<meta property=\"article:modified_time\" content=\"2026-02-25T12:47:07+00:00\" \/>\n<meta property=\"og:image\" content=\"https:\/\/slaskaprohibicja.pl\/wp-content\/uploads\/2025\/03\/DSD_0745-500x700.jpg\" \/>\n<meta name=\"twitter:card\" content=\"summary_large_image\" \/>\n<meta name=\"twitter:label1\" content=\"Tempo di lettura stimato\" \/>\n\t<meta name=\"twitter:data1\" content=\"1 minuto\" \/>\n<script type=\"application\/ld+json\" class=\"yoast-schema-graph\">{\"@context\":\"https:\\\/\\\/schema.org\",\"@graph\":[{\"@type\":\"WebPage\",\"@id\":\"https:\\\/\\\/slaskaprohibicja.pl\\\/sklep\\\/paczki-swiateczne\\\/\",\"url\":\"https:\\\/\\\/slaskaprohibicja.pl\\\/sklep\\\/paczki-swiateczne\\\/\",\"name\":\"Pacchi di Natale - \u015al\u0105ska Prohibicja\",\"isPartOf\":{\"@id\":\"https:\\\/\\\/slaskaprohibicja.pl\\\/#website\"},\"primaryImageOfPage\":{\"@id\":\"https:\\\/\\\/slaskaprohibicja.pl\\\/sklep\\\/paczki-swiateczne\\\/#primaryimage\"},\"image\":{\"@id\":\"https:\\\/\\\/slaskaprohibicja.pl\\\/sklep\\\/paczki-swiateczne\\\/#primaryimage\"},\"thumbnailUrl\":\"https:\\\/\\\/slaskaprohibicja.pl\\\/wp-content\\\/uploads\\\/2025\\\/03\\\/DSD_0745-500x700.jpg\",\"datePublished\":\"2025-02-11T21:53:32+00:00\",\"dateModified\":\"2026-02-25T12:47:07+00:00\",\"description\":\"Ordina pacchi festivi con prelibatezze locali e regali, ideali da mettere sotto l'albero di Natale per i tuoi cari e i tuoi partner commerciali.\",\"breadcrumb\":{\"@id\":\"https:\\\/\\\/slaskaprohibicja.pl\\\/sklep\\\/paczki-swiateczne\\\/#breadcrumb\"},\"inLanguage\":\"it-IT\",\"potentialAction\":[{\"@type\":\"ReadAction\",\"target\":[\"https:\\\/\\\/slaskaprohibicja.pl\\\/sklep\\\/paczki-swiateczne\\\/\"]}]},{\"@type\":\"ImageObject\",\"inLanguage\":\"it-IT\",\"@id\":\"https:\\\/\\\/slaskaprohibicja.pl\\\/sklep\\\/paczki-swiateczne\\\/#primaryimage\",\"url\":\"https:\\\/\\\/slaskaprohibicja.pl\\\/wp-content\\\/uploads\\\/2025\\\/03\\\/DSD_0745-500x700.jpg\",\"contentUrl\":\"https:\\\/\\\/slaskaprohibicja.pl\\\/wp-content\\\/uploads\\\/2025\\\/03\\\/DSD_0745-500x700.jpg\"},{\"@type\":\"BreadcrumbList\",\"@id\":\"https:\\\/\\\/slaskaprohibicja.pl\\\/sklep\\\/paczki-swiateczne\\\/#breadcrumb\",\"itemListElement\":[{\"@type\":\"ListItem\",\"position\":1,\"name\":\"Strona g\u0142\u00f3wna\",\"item\":\"https:\\\/\\\/slaskaprohibicja.pl\\\/it\\\/casa\\\/\"},{\"@type\":\"ListItem\",\"position\":2,\"name\":\"Negozio\",\"item\":\"https:\\\/\\\/slaskaprohibicja.pl\\\/it\\\/negozio\\\/\"},{\"@type\":\"ListItem\",\"position\":3,\"name\":\"Pacchi di Natale\"}]},{\"@type\":\"WebSite\",\"@id\":\"https:\\\/\\\/slaskaprohibicja.pl\\\/#website\",\"url\":\"https:\\\/\\\/slaskaprohibicja.pl\\\/\",\"name\":\"\u015al\u0105ska Prohibicja\",\"description\":\"Klub Restauracja Scena | Katowice Nikiszowiec\",\"potentialAction\":[{\"@type\":\"SearchAction\",\"target\":{\"@type\":\"EntryPoint\",\"urlTemplate\":\"https:\\\/\\\/slaskaprohibicja.pl\\\/?s={search_term_string}\"},\"query-input\":{\"@type\":\"PropertyValueSpecification\",\"valueRequired\":true,\"valueName\":\"search_term_string\"}}],\"inLanguage\":\"it-IT\"}]}<\/script>\n<!-- \/ Yoast SEO plugin. -->","yoast_head_json":{"title":"Pacchi di Natale - \u015al\u0105ska Prohibicja","description":"Ordina pacchi festivi con prelibatezze locali e regali, ideali da mettere sotto l'albero di Natale per i tuoi cari e i tuoi partner commerciali.","robots":{"index":"index","follow":"follow","max-snippet":"max-snippet:-1","max-image-preview":"max-image-preview:large","max-video-preview":"max-video-preview:-1"},"canonical":"https:\/\/slaskaprohibicja.pl\/sklep\/paczki-swiateczne\/","og_locale":"it_IT","og_type":"article","og_title":"Pacchi di Natale - \u015al\u0105ska Prohibicja","og_description":"Ordina pacchi festivi con prelibatezze locali e regali, ideali da mettere sotto l'albero di Natale per i tuoi cari e i tuoi partner commerciali.","og_url":"https:\/\/slaskaprohibicja.pl\/sklep\/paczki-swiateczne\/","og_site_name":"\u015al\u0105ska Prohibicja","article_modified_time":"2026-02-25T12:47:07+00:00","og_image":[{"url":"https:\/\/slaskaprohibicja.pl\/wp-content\/uploads\/2025\/03\/DSD_0745-500x700.jpg","type":"","width":"","height":""}],"twitter_card":"summary_large_image","twitter_misc":{"Tempo di lettura stimato":"1 minuto"},"schema":{"@context":"https:\/\/schema.org","@graph":[{"@type":"WebPage","@id":"https:\/\/slaskaprohibicja.pl\/sklep\/paczki-swiateczne\/","url":"https:\/\/slaskaprohibicja.pl\/sklep\/paczki-swiateczne\/","name":"Pacchi di Natale - \u015al\u0105ska Prohibicja","isPartOf":{"@id":"https:\/\/slaskaprohibicja.pl\/#website"},"primaryImageOfPage":{"@id":"https:\/\/slaskaprohibicja.pl\/sklep\/paczki-swiateczne\/#primaryimage"},"image":{"@id":"https:\/\/slaskaprohibicja.pl\/sklep\/paczki-swiateczne\/#primaryimage"},"thumbnailUrl":"https:\/\/slaskaprohibicja.pl\/wp-content\/uploads\/2025\/03\/DSD_0745-500x700.jpg","datePublished":"2025-02-11T21:53:32+00:00","dateModified":"2026-02-25T12:47:07+00:00","description":"Ordina pacchi festivi con prelibatezze locali e regali, ideali da mettere sotto l'albero di Natale per i tuoi cari e i tuoi partner commerciali.","breadcrumb":{"@id":"https:\/\/slaskaprohibicja.pl\/sklep\/paczki-swiateczne\/#breadcrumb"},"inLanguage":"it-IT","potentialAction":[{"@type":"ReadAction","target":["https:\/\/slaskaprohibicja.pl\/sklep\/paczki-swiateczne\/"]}]},{"@type":"ImageObject","inLanguage":"it-IT","@id":"https:\/\/slaskaprohibicja.pl\/sklep\/paczki-swiateczne\/#primaryimage","url":"https:\/\/slaskaprohibicja.pl\/wp-content\/uploads\/2025\/03\/DSD_0745-500x700.jpg","contentUrl":"https:\/\/slaskaprohibicja.pl\/wp-content\/uploads\/2025\/03\/DSD_0745-500x700.jpg"},{"@type":"BreadcrumbList","@id":"https:\/\/slaskaprohibicja.pl\/sklep\/paczki-swiateczne\/#breadcrumb","itemListElement":[{"@type":"ListItem","position":1,"name":"Strona g\u0142\u00f3wna","item":"https:\/\/slaskaprohibicja.pl\/it\/casa\/"},{"@type":"ListItem","position":2,"name":"Negozio","item":"https:\/\/slaskaprohibicja.pl\/it\/negozio\/"},{"@type":"ListItem","position":3,"name":"Pacchi di Natale"}]},{"@type":"WebSite","@id":"https:\/\/slaskaprohibicja.pl\/#website","url":"https:\/\/slaskaprohibicja.pl\/","name":"\u015al\u0105ska Prohibicja","description":"Klub Restauracja Scena | Katowice Nikiszowiec","potentialAction":[{"@type":"SearchAction","target":{"@type":"EntryPoint","urlTemplate":"https:\/\/slaskaprohibicja.pl\/?s={search_term_string}"},"query-input":{"@type":"PropertyValueSpecification","valueRequired":true,"valueName":"search_term_string"}}],"inLanguage":"it-IT"}]}},"_links":{"self":[{"href":"https:\/\/slaskaprohibicja.pl\/it\/wp-json\/wp\/v2\/pages\/28603","targetHints":{"allow":["GET"]}}],"collection":[{"href":"https:\/\/slaskaprohibicja.pl\/it\/wp-json\/wp\/v2\/pages"}],"about":[{"href":"https:\/\/slaskaprohibicja.pl\/it\/wp-json\/wp\/v2\/types\/page"}],"author":[{"embeddable":true,"href":"https:\/\/slaskaprohibicja.pl\/it\/wp-json\/wp\/v2\/users\/1"}],"replies":[{"embeddable":true,"href":"https:\/\/slaskaprohibicja.pl\/it\/wp-json\/wp\/v2\/comments?post=28603"}],"version-history":[{"count":3,"href":"https:\/\/slaskaprohibicja.pl\/it\/wp-json\/wp\/v2\/pages\/28603\/revisions"}],"predecessor-version":[{"id":40196,"href":"https:\/\/slaskaprohibicja.pl\/it\/wp-json\/wp\/v2\/pages\/28603\/revisions\/40196"}],"up":[{"embeddable":true,"href":"https:\/\/slaskaprohibicja.pl\/it\/wp-json\/wp\/v2\/pages\/28599"}],"wp:attachment":[{"href":"https:\/\/slaskaprohibicja.pl\/it\/wp-json\/wp\/v2\/media?parent=28603"}],"curies":[{"name":"wp","href":"https:\/\/api.w.org\/{rel}","templated":true}]}}