{"id":28596,"date":"2025-02-17T01:09:51","date_gmt":"2025-02-17T00:09:51","guid":{"rendered":"https:\/\/slaskaprohibicja.pl\/regolamenti\/"},"modified":"2025-06-30T16:19:59","modified_gmt":"2025-06-30T14:19:59","slug":"regolamenti","status":"publish","type":"page","link":"https:\/\/slaskaprohibicja.pl\/it\/regolamenti\/","title":{"rendered":"Regolamenti"},"content":{"rendered":"\t\t<div data-elementor-type=\"wp-page\" data-elementor-id=\"28596\" class=\"elementor elementor-28596 elementor-12250\">\n\t\t\t\t\t\t<section class=\"elementor-section elementor-top-section elementor-element elementor-element-f981614 elementor-section-full_width qodef-elementor-content-grid elementor-section-height-default elementor-section-height-default elementor-invisible\" data-id=\"f981614\" data-element_type=\"section\" data-e-type=\"section\" data-settings=\"{&quot;animation&quot;:&quot;fadeInUp&quot;}\">\n\t\t\t\t\t\t<div class=\"elementor-container elementor-column-gap-default\">\n\t\t\t\t\t<div class=\"elementor-column elementor-col-50 elementor-top-column elementor-element elementor-element-517a3d1\" data-id=\"517a3d1\" data-element_type=\"column\" data-e-type=\"column\">\n\t\t\t<div class=\"elementor-widget-wrap elementor-element-populated\">\n\t\t\t\t\t\t<div class=\"elementor-element elementor-element-709561b elementor-widget__width-initial elementor-widget-mobile__width-inherit elementor-widget-tablet__width-inherit elementor-widget elementor-widget-chateau_core_section_title\" data-id=\"709561b\" data-element_type=\"widget\" data-e-type=\"widget\" data-widget_type=\"chateau_core_section_title.default\">\n\t\t\t\t<div class=\"elementor-widget-container\">\n\t\t\t\t\t<div class=\"qodef-shortcode qodef-m  qodef-section-title qodef-alignment--left \">\n\t\t<h2 class=\"qodef-m-title\" >\n\t\t\t\t\tScopri le ricette del cuore della Slesia\t\t\t<\/h2>\n\t<div class=\"qodef-m-subtitle-content qodef--has-appear\" style=\"margin-top: 0px\">\n\t<div class=\"qodef-m-subtitle-line-one\" style=\"background-color: #4C775F;display: none;\"><\/div>\n\t\t<div class=\"qodef-m-subtitle-line-two\" style=\"display: none;\"><\/div>\n<\/div>\n\t<\/div>\n\t\t\t\t<\/div>\n\t\t\t\t<\/div>\n\t\t\t\t\t<\/div>\n\t\t<\/div>\n\t\t\t\t<div class=\"elementor-column elementor-col-50 elementor-top-column elementor-element elementor-element-088e225\" data-id=\"088e225\" data-element_type=\"column\" data-e-type=\"column\">\n\t\t\t<div class=\"elementor-widget-wrap elementor-element-populated\">\n\t\t\t\t\t\t<div class=\"elementor-element elementor-element-d7a9075 elementor-widget__width-initial elementor-widget-tablet__width-inherit elementor-widget elementor-widget-text-editor\" data-id=\"d7a9075\" data-element_type=\"widget\" data-e-type=\"widget\" data-widget_type=\"text-editor.default\">\n\t\t\t\t<div class=\"elementor-widget-container\">\n\t\t\t\t\t\t\t\t\tScopri le nostre ricette preferite e i consigli di cucina che ti avvicineranno al gusto della Slesia. Qui non troverai solo piatti unici, ma anche le storie che si celano dietro di essi. Con le nostre ricette imparerai a ricreare l&#8217;atmosfera della cucina slesiana a casa tua.  \t\t\t\t\t\t\t\t<\/div>\n\t\t\t\t<\/div>\n\t\t\t\t\t<\/div>\n\t\t<\/div>\n\t\t\t\t\t<\/div>\n\t\t<\/section>\n\t\t\t\t<section class=\"elementor-section elementor-top-section elementor-element elementor-element-649a1d3 qodef-elementor-content-grid elementor-section-boxed elementor-section-height-default elementor-section-height-default\" data-id=\"649a1d3\" data-element_type=\"section\" data-e-type=\"section\" data-settings=\"{&quot;animation&quot;:&quot;none&quot;}\">\n\t\t\t\t\t\t<div class=\"elementor-container elementor-column-gap-default\">\n\t\t\t\t\t<div class=\"elementor-column elementor-col-100 elementor-top-column elementor-element elementor-element-251427e\" data-id=\"251427e\" data-element_type=\"column\" data-e-type=\"column\">\n\t\t\t<div class=\"elementor-widget-wrap elementor-element-populated\">\n\t\t\t\t\t\t<div class=\"elementor-element elementor-element-0c00abe title-bottom elementor-widget elementor-widget-chateau_core_blog_list\" data-id=\"0c00abe\" data-element_type=\"widget\" data-e-type=\"widget\" data-widget_type=\"chateau_core_blog_list.default\">\n\t\t\t\t<div class=\"elementor-widget-container\">\n\t\t\t\t\t<div class=\"qodef-shortcode qodef-m  qodef-blog qodef--list qodef-item-layout--standard  qodef-grid qodef-layout--columns    qodef-col-num--2 qodef-item-layout--standard   qodef-pagination--on qodef-pagination-type--load-more qodef-responsive--custom qodef-col-num--1440--2 qodef-col-num--1366--2 qodef-col-num--1024--2 qodef-col-num--768--1 qodef-col-num--680--1 qodef-col-num--480--1\" data-options=\"{&quot;plugin&quot;:&quot;chateau_core&quot;,&quot;module&quot;:&quot;blog\\\/shortcodes&quot;,&quot;shortcode&quot;:&quot;blog-list&quot;,&quot;post_type&quot;:&quot;post&quot;,&quot;next_page&quot;:&quot;2&quot;,&quot;max_pages_num&quot;:0,&quot;behavior&quot;:&quot;columns&quot;,&quot;images_proportion&quot;:&quot;chateau_core_image_size_landscape&quot;,&quot;columns&quot;:&quot;2&quot;,&quot;columns_responsive&quot;:&quot;custom&quot;,&quot;columns_1440&quot;:&quot;2&quot;,&quot;columns_1366&quot;:&quot;2&quot;,&quot;columns_1024&quot;:&quot;2&quot;,&quot;columns_768&quot;:&quot;1&quot;,&quot;columns_680&quot;:&quot;1&quot;,&quot;columns_480&quot;:&quot;1&quot;,&quot;posts_per_page&quot;:&quot;10&quot;,&quot;orderby&quot;:&quot;date&quot;,&quot;order&quot;:&quot;DESC&quot;,&quot;additional_params&quot;:&quot;tax&quot;,&quot;tax&quot;:&quot;category&quot;,&quot;tax_slug&quot;:&quot;przepisy&quot;,&quot;layout&quot;:&quot;standard&quot;,&quot;title_tag&quot;:&quot;h4&quot;,&quot;excerpt_length&quot;:&quot;0&quot;,&quot;qodef_blog_list_center_content&quot;:&quot;yes&quot;,&quot;item_margin_bottom&quot;:&quot;5%&quot;,&quot;pagination_type&quot;:&quot;load-more&quot;,&quot;object_class_name&quot;:&quot;ChateauCore_Blog_List_Shortcode&quot;,&quot;taxonomy_filter&quot;:&quot;category&quot;,&quot;additional_query_args&quot;:{&quot;tax_query&quot;:[{&quot;taxonomy&quot;:&quot;category&quot;,&quot;field&quot;:&quot;slug&quot;,&quot;terms&quot;:&quot;przepisy&quot;}]}}\">\n\t\t<div class=\"qodef-grid-inner\">\n\t\t<p class=\"qodef-m-posts-not-found qodef-grid-item\">No posts were found for provided query parameters.<\/p>\n\t<\/div>\n\t<\/div>\n\t\t\t\t<\/div>\n\t\t\t\t<\/div>\n\t\t\t\t\t<\/div>\n\t\t<\/div>\n\t\t\t\t\t<\/div>\n\t\t<\/section>\n\t\t\t\t<\/div>\n\t\t","protected":false},"excerpt":{"rendered":"<p>Scopri le ricette del cuore della Slesia Scopri le nostre ricette preferite e i consigli di cucina che ti avvicineranno al gusto della Slesia. Qui non troverai solo piatti unici, ma anche le storie che si celano dietro di essi. Con le nostre ricette imparerai a ricreare l&#8217;atmosfera della cucina slesiana a casa tua. Domowa [&hellip;]<\/p>\n","protected":false},"author":1,"featured_media":0,"parent":0,"menu_order":0,"comment_status":"closed","ping_status":"closed","template":"page-full-width.php","meta":{"inline_featured_image":false,"footnotes":""},"class_list":["post-28596","page","type-page","status-publish","hentry"],"yoast_head":"<!-- This site is optimized with the Yoast SEO plugin v27.3 - https:\/\/yoast.com\/product\/yoast-seo-wordpress\/ -->\n<title>Regolamenti - \u015al\u0105ska Prohibicja<\/title>\n<meta name=\"description\" content=\"Tieniti aggiornato sulle novit\u00e0, i lanci di piatti e gli eventi di Silesian Prohibition.\" \/>\n<meta name=\"robots\" content=\"index, follow, max-snippet:-1, max-image-preview:large, max-video-preview:-1\" \/>\n<link rel=\"canonical\" href=\"https:\/\/slaskaprohibicja.pl\/it\/regolamenti\/\" \/>\n<meta property=\"og:locale\" content=\"it_IT\" \/>\n<meta property=\"og:type\" content=\"article\" \/>\n<meta property=\"og:title\" content=\"Regolamenti - \u015al\u0105ska Prohibicja\" \/>\n<meta property=\"og:description\" content=\"Tieniti aggiornato sulle novit\u00e0, i lanci di piatti e gli eventi di Silesian Prohibition.\" \/>\n<meta property=\"og:url\" content=\"https:\/\/slaskaprohibicja.pl\/it\/regolamenti\/\" \/>\n<meta property=\"og:site_name\" content=\"\u015al\u0105ska Prohibicja\" \/>\n<meta property=\"article:modified_time\" content=\"2025-06-30T14:19:59+00:00\" \/>\n<meta property=\"og:image\" content=\"https:\/\/slaskaprohibicja.pl\/wp-content\/uploads\/2025\/04\/Projekt-bez-nazwy-27-1300x800.png\" \/>\n<meta name=\"twitter:card\" content=\"summary_large_image\" \/>\n<meta name=\"twitter:label1\" content=\"Tempo di lettura stimato\" \/>\n\t<meta name=\"twitter:data1\" content=\"1 minuto\" \/>\n<script type=\"application\/ld+json\" class=\"yoast-schema-graph\">{\"@context\":\"https:\\\/\\\/schema.org\",\"@graph\":[{\"@type\":\"WebPage\",\"@id\":\"https:\\\/\\\/slaskaprohibicja.pl\\\/it\\\/regolamenti\\\/\",\"url\":\"https:\\\/\\\/slaskaprohibicja.pl\\\/it\\\/regolamenti\\\/\",\"name\":\"Regolamenti - \u015al\u0105ska Prohibicja\",\"isPartOf\":{\"@id\":\"https:\\\/\\\/slaskaprohibicja.pl\\\/#website\"},\"primaryImageOfPage\":{\"@id\":\"https:\\\/\\\/slaskaprohibicja.pl\\\/it\\\/regolamenti\\\/#primaryimage\"},\"image\":{\"@id\":\"https:\\\/\\\/slaskaprohibicja.pl\\\/it\\\/regolamenti\\\/#primaryimage\"},\"thumbnailUrl\":\"https:\\\/\\\/slaskaprohibicja.pl\\\/wp-content\\\/uploads\\\/2025\\\/04\\\/Projekt-bez-nazwy-27-1300x800.png\",\"datePublished\":\"2025-02-17T00:09:51+00:00\",\"dateModified\":\"2025-06-30T14:19:59+00:00\",\"description\":\"Tieniti aggiornato sulle novit\u00e0, i lanci di piatti e gli eventi di Silesian Prohibition.\",\"breadcrumb\":{\"@id\":\"https:\\\/\\\/slaskaprohibicja.pl\\\/it\\\/regolamenti\\\/#breadcrumb\"},\"inLanguage\":\"it-IT\",\"potentialAction\":[{\"@type\":\"ReadAction\",\"target\":[\"https:\\\/\\\/slaskaprohibicja.pl\\\/it\\\/regolamenti\\\/\"]}]},{\"@type\":\"ImageObject\",\"inLanguage\":\"it-IT\",\"@id\":\"https:\\\/\\\/slaskaprohibicja.pl\\\/it\\\/regolamenti\\\/#primaryimage\",\"url\":\"https:\\\/\\\/slaskaprohibicja.pl\\\/wp-content\\\/uploads\\\/2025\\\/04\\\/Projekt-bez-nazwy-27-1300x800.png\",\"contentUrl\":\"https:\\\/\\\/slaskaprohibicja.pl\\\/wp-content\\\/uploads\\\/2025\\\/04\\\/Projekt-bez-nazwy-27-1300x800.png\"},{\"@type\":\"BreadcrumbList\",\"@id\":\"https:\\\/\\\/slaskaprohibicja.pl\\\/it\\\/regolamenti\\\/#breadcrumb\",\"itemListElement\":[{\"@type\":\"ListItem\",\"position\":1,\"name\":\"Strona g\u0142\u00f3wna\",\"item\":\"https:\\\/\\\/slaskaprohibicja.pl\\\/it\\\/casa\\\/\"},{\"@type\":\"ListItem\",\"position\":2,\"name\":\"Regolamenti\"}]},{\"@type\":\"WebSite\",\"@id\":\"https:\\\/\\\/slaskaprohibicja.pl\\\/#website\",\"url\":\"https:\\\/\\\/slaskaprohibicja.pl\\\/\",\"name\":\"\u015al\u0105ska Prohibicja\",\"description\":\"Klub Restauracja Scena | Katowice Nikiszowiec\",\"potentialAction\":[{\"@type\":\"SearchAction\",\"target\":{\"@type\":\"EntryPoint\",\"urlTemplate\":\"https:\\\/\\\/slaskaprohibicja.pl\\\/?s={search_term_string}\"},\"query-input\":{\"@type\":\"PropertyValueSpecification\",\"valueRequired\":true,\"valueName\":\"search_term_string\"}}],\"inLanguage\":\"it-IT\"}]}<\/script>\n<!-- \/ Yoast SEO plugin. -->","yoast_head_json":{"title":"Regolamenti - \u015al\u0105ska Prohibicja","description":"Tieniti aggiornato sulle novit\u00e0, i lanci di piatti e gli eventi di Silesian Prohibition.","robots":{"index":"index","follow":"follow","max-snippet":"max-snippet:-1","max-image-preview":"max-image-preview:large","max-video-preview":"max-video-preview:-1"},"canonical":"https:\/\/slaskaprohibicja.pl\/it\/regolamenti\/","og_locale":"it_IT","og_type":"article","og_title":"Regolamenti - \u015al\u0105ska Prohibicja","og_description":"Tieniti aggiornato sulle novit\u00e0, i lanci di piatti e gli eventi di Silesian Prohibition.","og_url":"https:\/\/slaskaprohibicja.pl\/it\/regolamenti\/","og_site_name":"\u015al\u0105ska Prohibicja","article_modified_time":"2025-06-30T14:19:59+00:00","og_image":[{"url":"https:\/\/slaskaprohibicja.pl\/wp-content\/uploads\/2025\/04\/Projekt-bez-nazwy-27-1300x800.png","type":"","width":"","height":""}],"twitter_card":"summary_large_image","twitter_misc":{"Tempo di lettura stimato":"1 minuto"},"schema":{"@context":"https:\/\/schema.org","@graph":[{"@type":"WebPage","@id":"https:\/\/slaskaprohibicja.pl\/it\/regolamenti\/","url":"https:\/\/slaskaprohibicja.pl\/it\/regolamenti\/","name":"Regolamenti - \u015al\u0105ska Prohibicja","isPartOf":{"@id":"https:\/\/slaskaprohibicja.pl\/#website"},"primaryImageOfPage":{"@id":"https:\/\/slaskaprohibicja.pl\/it\/regolamenti\/#primaryimage"},"image":{"@id":"https:\/\/slaskaprohibicja.pl\/it\/regolamenti\/#primaryimage"},"thumbnailUrl":"https:\/\/slaskaprohibicja.pl\/wp-content\/uploads\/2025\/04\/Projekt-bez-nazwy-27-1300x800.png","datePublished":"2025-02-17T00:09:51+00:00","dateModified":"2025-06-30T14:19:59+00:00","description":"Tieniti aggiornato sulle novit\u00e0, i lanci di piatti e gli eventi di Silesian Prohibition.","breadcrumb":{"@id":"https:\/\/slaskaprohibicja.pl\/it\/regolamenti\/#breadcrumb"},"inLanguage":"it-IT","potentialAction":[{"@type":"ReadAction","target":["https:\/\/slaskaprohibicja.pl\/it\/regolamenti\/"]}]},{"@type":"ImageObject","inLanguage":"it-IT","@id":"https:\/\/slaskaprohibicja.pl\/it\/regolamenti\/#primaryimage","url":"https:\/\/slaskaprohibicja.pl\/wp-content\/uploads\/2025\/04\/Projekt-bez-nazwy-27-1300x800.png","contentUrl":"https:\/\/slaskaprohibicja.pl\/wp-content\/uploads\/2025\/04\/Projekt-bez-nazwy-27-1300x800.png"},{"@type":"BreadcrumbList","@id":"https:\/\/slaskaprohibicja.pl\/it\/regolamenti\/#breadcrumb","itemListElement":[{"@type":"ListItem","position":1,"name":"Strona g\u0142\u00f3wna","item":"https:\/\/slaskaprohibicja.pl\/it\/casa\/"},{"@type":"ListItem","position":2,"name":"Regolamenti"}]},{"@type":"WebSite","@id":"https:\/\/slaskaprohibicja.pl\/#website","url":"https:\/\/slaskaprohibicja.pl\/","name":"\u015al\u0105ska Prohibicja","description":"Klub Restauracja Scena | Katowice Nikiszowiec","potentialAction":[{"@type":"SearchAction","target":{"@type":"EntryPoint","urlTemplate":"https:\/\/slaskaprohibicja.pl\/?s={search_term_string}"},"query-input":{"@type":"PropertyValueSpecification","valueRequired":true,"valueName":"search_term_string"}}],"inLanguage":"it-IT"}]}},"_links":{"self":[{"href":"https:\/\/slaskaprohibicja.pl\/it\/wp-json\/wp\/v2\/pages\/28596","targetHints":{"allow":["GET"]}}],"collection":[{"href":"https:\/\/slaskaprohibicja.pl\/it\/wp-json\/wp\/v2\/pages"}],"about":[{"href":"https:\/\/slaskaprohibicja.pl\/it\/wp-json\/wp\/v2\/types\/page"}],"author":[{"embeddable":true,"href":"https:\/\/slaskaprohibicja.pl\/it\/wp-json\/wp\/v2\/users\/1"}],"replies":[{"embeddable":true,"href":"https:\/\/slaskaprohibicja.pl\/it\/wp-json\/wp\/v2\/comments?post=28596"}],"version-history":[{"count":1,"href":"https:\/\/slaskaprohibicja.pl\/it\/wp-json\/wp\/v2\/pages\/28596\/revisions"}],"predecessor-version":[{"id":28597,"href":"https:\/\/slaskaprohibicja.pl\/it\/wp-json\/wp\/v2\/pages\/28596\/revisions\/28597"}],"wp:attachment":[{"href":"https:\/\/slaskaprohibicja.pl\/it\/wp-json\/wp\/v2\/media?parent=28596"}],"curies":[{"name":"wp","href":"https:\/\/api.w.org\/{rel}","templated":true}]}}