{"id":28594,"date":"2025-02-15T20:20:59","date_gmt":"2025-02-15T19:20:59","guid":{"rendered":"https:\/\/slaskaprohibicja.pl\/informativa-sulla-privacy\/"},"modified":"2025-06-30T16:19:35","modified_gmt":"2025-06-30T14:19:35","slug":"informativa-sulla-privacy","status":"publish","type":"page","link":"https:\/\/slaskaprohibicja.pl\/it\/informativa-sulla-privacy\/","title":{"rendered":"Informativa sulla privacy"},"content":{"rendered":"\t\t<div data-elementor-type=\"wp-page\" data-elementor-id=\"28594\" class=\"elementor elementor-28594 elementor-12140\">\n\t\t\t\t\t\t<section class=\"elementor-section elementor-top-section elementor-element elementor-element-0a81154 qodef-elementor-content-grid elementor-section-boxed elementor-section-height-default elementor-section-height-default\" data-id=\"0a81154\" data-element_type=\"section\" data-e-type=\"section\">\n\t\t\t\t\t\t<div class=\"elementor-container elementor-column-gap-default\">\n\t\t\t\t\t<div class=\"elementor-column elementor-col-100 elementor-top-column elementor-element elementor-element-2e0a0f9\" data-id=\"2e0a0f9\" data-element_type=\"column\" data-e-type=\"column\">\n\t\t\t<div class=\"elementor-widget-wrap elementor-element-populated\">\n\t\t\t\t\t\t<div class=\"elementor-element elementor-element-d9bff71 elementor-widget elementor-widget-heading\" data-id=\"d9bff71\" data-element_type=\"widget\" data-e-type=\"widget\" data-widget_type=\"heading.default\">\n\t\t\t\t<div class=\"elementor-widget-container\">\n\t\t\t\t\t<h4 class=\"elementor-heading-title elementor-size-default\">Dati personali<\/h4>\t\t\t\t<\/div>\n\t\t\t\t<\/div>\n\t\t\t\t<div class=\"elementor-element elementor-element-653dd0b elementor-widget elementor-widget-text-editor\" data-id=\"653dd0b\" data-element_type=\"widget\" data-e-type=\"widget\" data-widget_type=\"text-editor.default\">\n\t\t\t\t<div class=\"elementor-widget-container\">\n\t\t\t\t\t\t\t\t\t<ol><li>L&#8217;amministratore dei dati personali trattati sul sito web \u00e8 \u015al\u0105ska Prohibicja S.A., ul. Krawczyka 1, 40-423 Katowice, KRS: 0000804978, NIP: 954 280 82 75, REGON: 384487250. <\/li><li>I dati personali sono trattati dall&#8217;Amministratore sulla base del Regolamento (UE) 2016\/679 del Parlamento Europeo e del Consiglio del 27 aprile 2016 relativo alla protezione delle persone fisiche con riguardo al trattamento dei dati personali, nonch\u00e9 alla libera circolazione di tali dati e che abroga la direttiva 95\/46\/CE di seguito denominato RODO. <\/li><li>I dati personali forniti sono trattati per:<br><ol type=\"a\"><li>per intraprendere azioni preliminari alla conclusione di un Contratto su richiesta dell&#8217;interessato o per eseguire un contratto, compresa la fornitura di servizi elettronici connessi all&#8217;uso del sito web, sulla base dell&#8217;articolo 6(1)(b) del DPA;  <\/li><li>per adempiere agli obblighi legali che incombono sull&#8217;Amministratore, sulla base dell&#8217;Articolo 6(1)(c) del DPA;  <\/li><li>di perseguire rivendicazioni contrattuali, sulla base dell&#8217;articolo 6, paragrafo 1, lettera f), del DPA;  <\/li><li>l&#8217;esecuzione della corrispondenza in corso, sulla base dell&#8217;articolo 6, paragrafo 1, lettera f), del RODO;  <\/li><li>l&#8217;eventuale accertamento o rivendicazione di pretese o la difesa da pretese, sulla base dell&#8217;articolo 6, paragrafo 1, lettera f), del DPA;  <\/li><li>Marketing diretto dei propri prodotti e servizi, sulla base dell&#8217;articolo 6(1)(f) del DPA;  <\/li><li>statistiche relative all&#8217;analisi del funzionamento, della popolarit\u00e0 e dell&#8217;utilizzo da parte degli utenti del sito web dell&#8217;Amministratore, sulla base dell&#8217;Articolo 6(1)(f) del DPA.  <\/li><\/ol><\/li><li>I dati personali forniti, a seconda della finalit\u00e0 del trattamento, saranno trattati dall&#8217;Amministratore:<br><ol type=\"a\"><li>per la durata dell&#8217;esecuzione di obblighi legali e per il tempo in cui il trattamento \u00e8 richiesto dalla legge;<\/li><li>in caso di dati personali delle parti contrattuali e dei loro rappresentanti, per un periodo di 5 anni completi a partire dall&#8217;anno successivo a quello di scadenza del contratto civile-giuridico; il periodo di trattamento dei dati personali pu\u00f2 essere di volta in volta prolungato nel caso in cui i dati trattati costituiscano una prova in un procedimento condotto sulla base di norme giuridiche o l&#8217;Amministratore sia venuto a conoscenza del fatto che potrebbero costituire una prova nel procedimento, tale periodo sar\u00e0 prolungato fino alla chiusura definitiva del procedimento;<\/li><li>in caso di dati personali trattati in relazione alla realizzazione della corrispondenza &#8211; fino alla prescrizione di eventuali reclami derivanti dall&#8217;accettazione e dalla diffusione della corrispondenza; il periodo di trattamento dei dati personali pu\u00f2 essere di volta in volta prolungato nel caso in cui i dati trattati costituiscano una prova nei procedimenti svolti sulla base di norme giuridiche o l&#8217;Amministratore sia venuto a conoscenza del fatto che potrebbero costituire una prova nei procedimenti, tale periodo sar\u00e0 prolungato fino alla conclusione legale del procedimento;<\/li><li>nel caso di dati personali trattati a fini statistici, fino a quando l&#8217;interessato non solleva un&#8217;obiezione.<\/li><\/ol><\/li><li>Il conferimento dei dati personali \u00e8 volontario ma necessario per l&#8217;adempimento di una o pi\u00f9 delle finalit\u00e0 di trattamento definite al punto. 3, che l&#8217;Amministratore non sar\u00e0 in grado di soddisfare se non vengono forniti i dati personali. <\/li><li>I dati personali forniti potranno essere resi disponibili ad altri soggetti esclusivamente per l&#8217;esecuzione del contratto (ad esempio, operatori postali, processori di pagamento) o per l&#8217;adempimento di obblighi di legge.<\/li><li>I destinatari dei dati personali forniti possono essere soggetti autorizzati dalla legge e altri soggetti con cui il titolare del trattamento ha stipulato accordi per l&#8217;affidamento del trattamento dei dati personali.<\/li><li>I dati personali possono essere trasferiti dall&#8217;Amministratore al di fuori dello Spazio Economico Europeo a condizione che siano soddisfatte le condizioni di cui al Capitolo V della LPD.<\/li><li>L&#8217;interessato ha il diritto di accesso, rettifica, aggiornamento e limitazione del trattamento dei propri dati e, nella misura in cui non sia diversamente previsto dalla legge, il diritto alla cancellazione, all&#8217;opposizione al trattamento e il diritto alla portabilit\u00e0 dei dati.<\/li><li>L&#8217;interessato ha il diritto di presentare un reclamo all&#8217;autorit\u00e0 di controllo se ritiene che il trattamento dei suoi dati personali violi le disposizioni del RODO.<\/li><li>I dati personali possono essere trattati con mezzi automatizzati, compresa la profilazione, al fine di personalizzare le offerte e le informazioni di marketing.<\/li><\/ol>\t\t\t\t\t\t\t\t<\/div>\n\t\t\t\t<\/div>\n\t\t\t\t<div class=\"elementor-element elementor-element-85f0bc6 elementor-widget elementor-widget-heading\" data-id=\"85f0bc6\" data-element_type=\"widget\" data-e-type=\"widget\" data-widget_type=\"heading.default\">\n\t\t\t\t<div class=\"elementor-widget-container\">\n\t\t\t\t\t<h4 class=\"elementor-heading-title elementor-size-default\">Biscotti<\/h4>\t\t\t\t<\/div>\n\t\t\t\t<\/div>\n\t\t\t\t<div class=\"elementor-element elementor-element-65523d0 elementor-widget elementor-widget-text-editor\" data-id=\"65523d0\" data-element_type=\"widget\" data-e-type=\"widget\" data-widget_type=\"text-editor.default\">\n\t\t\t\t<div class=\"elementor-widget-container\">\n\t\t\t\t\t\t\t\t\t<ol><li>I cookies (i cosiddetti &#8220;cookies&#8221;) sono piccoli file di testo memorizzati sul terminale dell&#8217;Utente del Servizio (computer, tablet, smartphone) quando visita il Servizio. Essi aiutano il Sito Web a riconoscere il dispositivo dell&#8217;Utente nelle visite successive, fornendo un&#8217;esperienza pi\u00f9 personalizzata e migliorando il funzionamento del Sito Web. <\/li><li>Utilizzando il Sito web, l&#8217;utente acconsente all&#8217;utilizzo dei cookie in conformit\u00e0 con la presente informativa.<\/li><li>Il soggetto che inserisce i cookie sul dispositivo finale dell&#8217;Utente del Servizio e che ne ottiene l&#8217;accesso \u00e8 \u015al\u0105ska Prohibicja S.A., ul. Krawczyka 1, 40-423 Katowice, KRS: 0000804978, NIP: 954 280 82 75, REGON: 384487250. <\/li><li>Il sito web utilizza i seguenti tipi di cookie:<ol><li>Essenziali &#8211; cookie necessari per il corretto funzionamento del sito web. Senza di essi, il sito web non funzioner\u00e0 come previsto. Questi cookie non memorizzano alcuna informazione di identificazione personale.  <\/li><li>Funzionali &#8211; permettono al Servizio di ricordare le scelte che hai fatto (come la lingua, la valuta o la regione) e di fornire funzioni pi\u00f9 personalizzate, come ad esempio ricordare il contenuto del tuo carrello tra una sessione e l&#8217;altra.<\/li><li>Analitici &#8211; utilizzati per capire come gli Utenti interagiscono con il Sito. Questi cookie aiutano a fornire informazioni sulle metriche relative al numero di visitatori, alle percentuali di rifiuto, alla fonte di traffico, ecc. <\/li><li>Prestazioni &#8211; utilizzate per comprendere e analizzare gli indicatori chiave di prestazione del sito, aiutando a fornire una migliore esperienza d&#8217;uso ai visitatori.<\/li><li>Cookie pubblicitari &#8211; questi cookie sono utilizzati per fornire annunci pubblicitari pi\u00f9 adatti agli interessi dell&#8217;Utente. Possono essere utilizzati anche per limitare il numero di volte in cui viene visualizzata una determinata pubblicit\u00e0 e per misurare l&#8217;efficacia delle campagne pubblicitarie. <\/li><\/ol><\/li><li>L&#8217;amministratore pu\u00f2 trattare i dati contenuti nei cookie quando i visitatori utilizzano il sito web per i seguenti scopi:<ol><li>Per garantire il corretto funzionamento del Servizio.<\/li><li>Per facilitare la navigazione e garantire un uso fluido del Sito.<\/li><li>Analisi del traffico sul Sito Web al fine di migliorare il Sito Web.<\/li><li>Ricordare le preferenze di acquisto degli utenti e il contenuto del loro carrello.<\/li><li>Per fornire contenuti pubblicitari personalizzati in base alle preferenze degli Utenti.<\/li><\/ol><\/li><li>Quando utilizza il Sito, l&#8217;Utente ha la possibilit\u00e0 di gestire le proprie impostazioni relative ai cookie. Questo pu\u00f2 essere fatto da: <ol><li>Uno strumento di gestione dei cookie disponibile sul Sito web che ti permette di accettare o rifiutare determinati tipi di cookie.<\/li><li>Tramite le impostazioni del tuo browser. Ci\u00f2 significa che puoi, ad esempio, limitare parzialmente (ad esempio temporaneamente) o disabilitare completamente la memorizzazione dei cookie. In quest&#8217;ultimo caso, tuttavia, ci\u00f2 potrebbe influire su alcune funzionalit\u00e0 del sito web (ad esempio, potrebbe non essere possibile procedere lungo il percorso dell&#8217;ordine tramite il modulo d&#8217;ordine a causa del fatto che i Prodotti presenti nel carrello non vengono ricordati durante le fasi successive dell&#8217;ordine). Informazioni dettagliate su come modificare le impostazioni relative ai cookie e su come eliminarli autonomamente nei browser web pi\u00f9 diffusi sono disponibili nella sezione di aiuto del tuo browser web e nelle pagine seguenti (basta cliccare sul link indicato):   <ul><li><a href=\"http:\/\/support.google.com\/chrome\/bin\/answer.py?hl=pl&amp;answer=95647\">nel browser Chrome<\/a><\/li><li><a href=\"http:\/\/support.mozilla.org\/pl\/kb\/W%C5%82%C4%85czanie%20i%20wy%C5%82%C4%85czanie%20obs%C5%82ugi%20ciasteczek\">in Firefox<\/a><\/li><li><a href=\"https:\/\/support.microsoft.com\/pl-pl\/help\/17442\/windows-internet-explorer-delete-manage-cookies\">in Internet Explorer<\/a><\/li><li><a href=\"http:\/\/help.opera.com\/Windows\/12.10\/pl\/cookies.html\">nel browser Opera<\/a><\/li><li><a href=\"http:\/\/support.apple.com\/kb\/PH5042\">nel browser Safari<\/a><\/li><li><a href=\"http:\/\/windows.microsoft.com\/pl-pl\/windows-10\/edge-privacy-faq\">nel browser Microsoft Edge<\/a><\/li><\/ul><\/li><\/ol><\/li><li>L&#8217;Amministratore pu\u00f2 utilizzare servizi di analisi (come Google Analytics, Meta Pixel) sul sito web. Questi servizi aiutano l&#8217;Amministratore ad analizzare il traffico sul sito web. I dati raccolti vengono elaborati nell&#8217;ambito dei suddetti servizi in modo anonimo (si tratta dei cosiddetti dati di sfruttamento, che impediscono l&#8217;identificazione della persona) per generare statistiche utili alla gestione del sito web. Questi dati sono aggregati e anonimi, cio\u00e8 non contengono caratteristiche identificative (dati personali) dei visitatori del sito web. Quando utilizza i suddetti servizi sul sito web, l&#8217;amministratore raccoglie dati quali la fonte e il mezzo di acquisizione dei visitatori del sito web e il loro comportamento sul sito web, informazioni sui dispositivi e sui browser da cui visitano il sito web, IP e dominio, dati geografici e dati demografici (et\u00e0, sesso) e interessi.     <\/li><\/ol>\t\t\t\t\t\t\t\t<\/div>\n\t\t\t\t<\/div>\n\t\t\t\t\t<\/div>\n\t\t<\/div>\n\t\t\t\t\t<\/div>\n\t\t<\/section>\n\t\t\t\t<\/div>\n\t\t","protected":false},"excerpt":{"rendered":"<p>Dati personali L&#8217;amministratore dei dati personali trattati sul sito web \u00e8 \u015al\u0105ska Prohibicja S.A., ul. Krawczyka 1, 40-423 Katowice, KRS: 0000804978, NIP: 954 280 82 75, REGON: 384487250. I dati personali sono trattati dall&#8217;Amministratore sulla base del Regolamento (UE) 2016\/679 del Parlamento Europeo e del Consiglio del 27 aprile 2016 relativo alla protezione delle persone [&hellip;]<\/p>\n","protected":false},"author":1,"featured_media":0,"parent":0,"menu_order":0,"comment_status":"closed","ping_status":"closed","template":"","meta":{"inline_featured_image":false,"footnotes":""},"class_list":["post-28594","page","type-page","status-publish","hentry"],"yoast_head":"<!-- This site is optimized with the Yoast SEO plugin v27.4 - https:\/\/yoast.com\/product\/yoast-seo-wordpress\/ -->\n<title>Informativa sulla privacy - \u015al\u0105ska Prohibicja<\/title>\n<meta name=\"robots\" content=\"index, follow, max-snippet:-1, max-image-preview:large, max-video-preview:-1\" \/>\n<link rel=\"canonical\" href=\"https:\/\/slaskaprohibicja.pl\/it\/informativa-sulla-privacy\/\" \/>\n<meta property=\"og:locale\" content=\"it_IT\" \/>\n<meta property=\"og:type\" content=\"article\" \/>\n<meta property=\"og:title\" content=\"Informativa sulla privacy - \u015al\u0105ska Prohibicja\" \/>\n<meta property=\"og:description\" content=\"Dati personali L&#8217;amministratore dei dati personali trattati sul sito web \u00e8 \u015al\u0105ska Prohibicja S.A., ul. Krawczyka 1, 40-423 Katowice, KRS: 0000804978, NIP: 954 280 82 75, REGON: 384487250. I dati personali sono trattati dall&#8217;Amministratore sulla base del Regolamento (UE) 2016\/679 del Parlamento Europeo e del Consiglio del 27 aprile 2016 relativo alla protezione delle persone [&hellip;]\" \/>\n<meta property=\"og:url\" content=\"https:\/\/slaskaprohibicja.pl\/it\/informativa-sulla-privacy\/\" \/>\n<meta property=\"og:site_name\" content=\"\u015al\u0105ska Prohibicja\" \/>\n<meta property=\"article:modified_time\" content=\"2025-06-30T14:19:35+00:00\" \/>\n<meta name=\"twitter:card\" content=\"summary_large_image\" \/>\n<meta name=\"twitter:label1\" content=\"Tempo di lettura stimato\" \/>\n\t<meta name=\"twitter:data1\" content=\"6 minuti\" \/>\n<script type=\"application\/ld+json\" class=\"yoast-schema-graph\">{\"@context\":\"https:\\\/\\\/schema.org\",\"@graph\":[{\"@type\":\"WebPage\",\"@id\":\"https:\\\/\\\/slaskaprohibicja.pl\\\/it\\\/informativa-sulla-privacy\\\/\",\"url\":\"https:\\\/\\\/slaskaprohibicja.pl\\\/it\\\/informativa-sulla-privacy\\\/\",\"name\":\"Informativa sulla privacy - \u015al\u0105ska Prohibicja\",\"isPartOf\":{\"@id\":\"https:\\\/\\\/slaskaprohibicja.pl\\\/#website\"},\"datePublished\":\"2025-02-15T19:20:59+00:00\",\"dateModified\":\"2025-06-30T14:19:35+00:00\",\"breadcrumb\":{\"@id\":\"https:\\\/\\\/slaskaprohibicja.pl\\\/it\\\/informativa-sulla-privacy\\\/#breadcrumb\"},\"inLanguage\":\"it-IT\",\"potentialAction\":[{\"@type\":\"ReadAction\",\"target\":[\"https:\\\/\\\/slaskaprohibicja.pl\\\/it\\\/informativa-sulla-privacy\\\/\"]}]},{\"@type\":\"BreadcrumbList\",\"@id\":\"https:\\\/\\\/slaskaprohibicja.pl\\\/it\\\/informativa-sulla-privacy\\\/#breadcrumb\",\"itemListElement\":[{\"@type\":\"ListItem\",\"position\":1,\"name\":\"Strona g\u0142\u00f3wna\",\"item\":\"https:\\\/\\\/slaskaprohibicja.pl\\\/it\\\/casa\\\/\"},{\"@type\":\"ListItem\",\"position\":2,\"name\":\"Informativa sulla privacy\"}]},{\"@type\":\"WebSite\",\"@id\":\"https:\\\/\\\/slaskaprohibicja.pl\\\/#website\",\"url\":\"https:\\\/\\\/slaskaprohibicja.pl\\\/\",\"name\":\"\u015al\u0105ska Prohibicja\",\"description\":\"Klub Restauracja Scena | Katowice Nikiszowiec\",\"potentialAction\":[{\"@type\":\"SearchAction\",\"target\":{\"@type\":\"EntryPoint\",\"urlTemplate\":\"https:\\\/\\\/slaskaprohibicja.pl\\\/?s={search_term_string}\"},\"query-input\":{\"@type\":\"PropertyValueSpecification\",\"valueRequired\":true,\"valueName\":\"search_term_string\"}}],\"inLanguage\":\"it-IT\"}]}<\/script>\n<!-- \/ Yoast SEO plugin. -->","yoast_head_json":{"title":"Informativa sulla privacy - \u015al\u0105ska Prohibicja","robots":{"index":"index","follow":"follow","max-snippet":"max-snippet:-1","max-image-preview":"max-image-preview:large","max-video-preview":"max-video-preview:-1"},"canonical":"https:\/\/slaskaprohibicja.pl\/it\/informativa-sulla-privacy\/","og_locale":"it_IT","og_type":"article","og_title":"Informativa sulla privacy - \u015al\u0105ska Prohibicja","og_description":"Dati personali L&#8217;amministratore dei dati personali trattati sul sito web \u00e8 \u015al\u0105ska Prohibicja S.A., ul. Krawczyka 1, 40-423 Katowice, KRS: 0000804978, NIP: 954 280 82 75, REGON: 384487250. I dati personali sono trattati dall&#8217;Amministratore sulla base del Regolamento (UE) 2016\/679 del Parlamento Europeo e del Consiglio del 27 aprile 2016 relativo alla protezione delle persone [&hellip;]","og_url":"https:\/\/slaskaprohibicja.pl\/it\/informativa-sulla-privacy\/","og_site_name":"\u015al\u0105ska Prohibicja","article_modified_time":"2025-06-30T14:19:35+00:00","twitter_card":"summary_large_image","twitter_misc":{"Tempo di lettura stimato":"6 minuti"},"schema":{"@context":"https:\/\/schema.org","@graph":[{"@type":"WebPage","@id":"https:\/\/slaskaprohibicja.pl\/it\/informativa-sulla-privacy\/","url":"https:\/\/slaskaprohibicja.pl\/it\/informativa-sulla-privacy\/","name":"Informativa sulla privacy - \u015al\u0105ska Prohibicja","isPartOf":{"@id":"https:\/\/slaskaprohibicja.pl\/#website"},"datePublished":"2025-02-15T19:20:59+00:00","dateModified":"2025-06-30T14:19:35+00:00","breadcrumb":{"@id":"https:\/\/slaskaprohibicja.pl\/it\/informativa-sulla-privacy\/#breadcrumb"},"inLanguage":"it-IT","potentialAction":[{"@type":"ReadAction","target":["https:\/\/slaskaprohibicja.pl\/it\/informativa-sulla-privacy\/"]}]},{"@type":"BreadcrumbList","@id":"https:\/\/slaskaprohibicja.pl\/it\/informativa-sulla-privacy\/#breadcrumb","itemListElement":[{"@type":"ListItem","position":1,"name":"Strona g\u0142\u00f3wna","item":"https:\/\/slaskaprohibicja.pl\/it\/casa\/"},{"@type":"ListItem","position":2,"name":"Informativa sulla privacy"}]},{"@type":"WebSite","@id":"https:\/\/slaskaprohibicja.pl\/#website","url":"https:\/\/slaskaprohibicja.pl\/","name":"\u015al\u0105ska Prohibicja","description":"Klub Restauracja Scena | Katowice Nikiszowiec","potentialAction":[{"@type":"SearchAction","target":{"@type":"EntryPoint","urlTemplate":"https:\/\/slaskaprohibicja.pl\/?s={search_term_string}"},"query-input":{"@type":"PropertyValueSpecification","valueRequired":true,"valueName":"search_term_string"}}],"inLanguage":"it-IT"}]}},"_links":{"self":[{"href":"https:\/\/slaskaprohibicja.pl\/it\/wp-json\/wp\/v2\/pages\/28594","targetHints":{"allow":["GET"]}}],"collection":[{"href":"https:\/\/slaskaprohibicja.pl\/it\/wp-json\/wp\/v2\/pages"}],"about":[{"href":"https:\/\/slaskaprohibicja.pl\/it\/wp-json\/wp\/v2\/types\/page"}],"author":[{"embeddable":true,"href":"https:\/\/slaskaprohibicja.pl\/it\/wp-json\/wp\/v2\/users\/1"}],"replies":[{"embeddable":true,"href":"https:\/\/slaskaprohibicja.pl\/it\/wp-json\/wp\/v2\/comments?post=28594"}],"version-history":[{"count":1,"href":"https:\/\/slaskaprohibicja.pl\/it\/wp-json\/wp\/v2\/pages\/28594\/revisions"}],"predecessor-version":[{"id":28595,"href":"https:\/\/slaskaprohibicja.pl\/it\/wp-json\/wp\/v2\/pages\/28594\/revisions\/28595"}],"wp:attachment":[{"href":"https:\/\/slaskaprohibicja.pl\/it\/wp-json\/wp\/v2\/media?parent=28594"}],"curies":[{"name":"wp","href":"https:\/\/api.w.org\/{rel}","templated":true}]}}