{"id":26981,"date":"2025-02-27T11:32:59","date_gmt":"2025-02-27T10:32:59","guid":{"rendered":"https:\/\/slaskaprohibicja.pl\/regles-de-reservation\/"},"modified":"2025-02-27T11:32:59","modified_gmt":"2025-02-27T10:32:59","slug":"regles-de-reservation","status":"publish","type":"page","link":"https:\/\/slaskaprohibicja.pl\/fr\/regles-de-reservation\/","title":{"rendered":"R\u00e8gles de r\u00e9servation"},"content":{"rendered":"<p style=\"font-weight: 400;\">Politique de r\u00e9servation<\/p>\n<ol>\n<li style=\"font-weight: 400;\">Les r\u00e9servations jusqu&rsquo;\u00e0 15 personnes sont accept\u00e9es par notre service de r\u00e9servation pendant les heures d&rsquo;ouverture de notre service de r\u00e9servation de 10h00 \u00e0 20h00.<br \/>\n2.<a href=\"mailto:dzial.rezerwacji@slaskaprohibicja.pl\">Pour les r\u00e9servations de groupes de 8 \u00e0 15 personnes, veuillez contactermailowy:dzial.rezerwacji@slaskaprohibicja.pl<\/a>. Pour les r\u00e9servations de plus de 15 personnes, veuillez contacter<a href=\"mailto:dzial.przyjec@slaskaprohibicja.pl\">przyj\u0119\u0107:dzial.przyjec@slaskaprohibicja.pl<\/a><br \/>\n3. Un SMS confirmant votre r\u00e9servation vous garantit une place dans le restaurant.<br \/>\n4. Si vous avez des enfants parmi vos invit\u00e9s, veuillez pr\u00e9ciser le nombre d&rsquo;enfants dans la section des commentaires de r\u00e9servation.<br \/>\n5. Nous ne r\u00e9servons pas de tables sp\u00e9cifiques &#8211; si vous avez une pr\u00e9f\u00e9rence pour une table, veuillez inclure un commentaire dans la section des commentaires de r\u00e9servation. Nous ferons de notre mieux pour r\u00e9pondre \u00e0 votre demande.<br \/>\n6. Si vous avez des demandes sp\u00e9ciales ou individuelles pour les r\u00e9servations, veuillez les indiquer dans la section des commentaires de la r\u00e9servation &#8211; nous ferons de notre mieux pour r\u00e9pondre \u00e0 vos attentes.<br \/>\n7. Nous gardons les r\u00e9servations pour vous pendant 15 minutes &#8211; veuillez arriver \u00e0 l&rsquo;heure. Si vous \u00eates en retard, veuillez nous en informer via le chat dans le lien des d\u00e9tails de la r\u00e9servation.<br \/>\n8. Les r\u00e9servations pour 10 personnes ou plus n\u00e9cessitent un pr\u00e9paiement (d\u00e9p\u00f4t) de 200 PLN par r\u00e9servation. Ce montant sera automatiquement d\u00e9duit de votre facture.<br \/>\n9. Le remboursement de l&rsquo;acompte sera effectu\u00e9 si la r\u00e9servation est annul\u00e9e au moins 72 heures avant la date pr\u00e9vue.<br \/>\n10. Le nombre final de personnes pour une r\u00e9servation de groupe doit \u00eatre confirm\u00e9 au maximum 72 heures avant la r\u00e9servation. Pass\u00e9 ce d\u00e9lai, le nombre de menus de groupe confirm\u00e9s sera ajout\u00e9 \u00e0 la facture.<br \/>\n11. L&rsquo;annulation d&rsquo;une r\u00e9servation et tout changement concernant le jour, l&rsquo;heure et\/ou le nombre d&rsquo;invit\u00e9s ne sont possibles que via <a href=\"http:\/\/mojstolik.pl\/\" data-saferedirecturl=\"https:\/\/www.google.com\/url?q=http:\/\/mojstolik.pl&amp;source=gmail&amp;ust=1741067794227000&amp;usg=AOvVaw0H42EMOaezxsRo2xYvY9JI\">mojstolik.co.uk<\/a>, le salon de discussion dont le lien figure dans les d\u00e9tails de la r\u00e9servation.<br \/>\n12. Veuillez faire preuve d&rsquo;attention lorsque vous effectuez une r\u00e9servation.            Si vous souhaitez recevoir une facture TVA, veuillez l&rsquo;indiquer dans les notes, en pr\u00e9cisant les coordonn\u00e9es de votre entreprise et votre num\u00e9ro de TVA.<br \/>\n13. Pour les r\u00e9servations de 8 personnes ou plus, nous ajoutons des frais de service de 10 % \u00e0 la facture.<br \/>\n14. Vous \u00eates \u00e9galement le bienvenu sans r\u00e9servation, car certaines tables ne sont pas r\u00e9serv\u00e9es.<br \/>\n15. Dans l&rsquo;int\u00e9r\u00eat des normes d&rsquo;hygi\u00e8ne et de s\u00e9curit\u00e9 les plus \u00e9lev\u00e9es, nous vous informons que nous ne pouvons pas accueillir d&rsquo;animaux domestiques dans nos locaux.<br \/>\nCeci est d\u00fb aux r\u00e8gles sanitaires, qui visent \u00e0 assurer le confort et la s\u00e9curit\u00e9 de tous les clients. Cependant, vous \u00eates les bienvenus dans notre jardin pendant la saison estivale avec votre animal de compagnie. <\/li>\n<\/ol>\n","protected":false},"excerpt":{"rendered":"<p>Politique de r\u00e9servation Les r\u00e9servations jusqu&rsquo;\u00e0 15 personnes sont accept\u00e9es par notre service de r\u00e9servation pendant les heures d&rsquo;ouverture de notre service de r\u00e9servation de 10h00 \u00e0 20h00. 2.Pour les r\u00e9servations de groupes de 8 \u00e0 15 personnes, veuillez contactermailowy:dzial.rezerwacji@slaskaprohibicja.pl. Pour les r\u00e9servations de plus de 15 personnes, veuillez contacterprzyj\u0119\u0107:dzial.przyjec@slaskaprohibicja.pl 3. Un SMS confirmant votre [&hellip;]<\/p>\n","protected":false},"author":1,"featured_media":0,"parent":0,"menu_order":0,"comment_status":"closed","ping_status":"closed","template":"","meta":{"inline_featured_image":false,"footnotes":""},"class_list":["post-26981","page","type-page","status-publish","hentry"],"yoast_head":"<!-- This site is optimized with the Yoast SEO plugin v27.4 - https:\/\/yoast.com\/product\/yoast-seo-wordpress\/ -->\n<title>R\u00e8gles de r\u00e9servation - \u015al\u0105ska Prohibicja<\/title>\n<meta name=\"robots\" content=\"index, follow, max-snippet:-1, max-image-preview:large, max-video-preview:-1\" \/>\n<link rel=\"canonical\" href=\"https:\/\/slaskaprohibicja.pl\/regles-de-reservation\/\" \/>\n<meta property=\"og:locale\" content=\"fr_FR\" \/>\n<meta property=\"og:type\" content=\"article\" \/>\n<meta property=\"og:title\" content=\"R\u00e8gles de r\u00e9servation - \u015al\u0105ska Prohibicja\" \/>\n<meta property=\"og:description\" content=\"Politique de r\u00e9servation Les r\u00e9servations jusqu&rsquo;\u00e0 15 personnes sont accept\u00e9es par notre service de r\u00e9servation pendant les heures d&rsquo;ouverture de notre service de r\u00e9servation de 10h00 \u00e0 20h00. 2.Pour les r\u00e9servations de groupes de 8 \u00e0 15 personnes, veuillez contactermailowy:dzial.rezerwacji@slaskaprohibicja.pl. Pour les r\u00e9servations de plus de 15 personnes, veuillez contacterprzyj\u0119\u0107:dzial.przyjec@slaskaprohibicja.pl 3. Un SMS confirmant votre [&hellip;]\" \/>\n<meta property=\"og:url\" content=\"https:\/\/slaskaprohibicja.pl\/regles-de-reservation\/\" \/>\n<meta property=\"og:site_name\" content=\"\u015al\u0105ska Prohibicja\" \/>\n<meta name=\"twitter:card\" content=\"summary_large_image\" \/>\n<meta name=\"twitter:label1\" content=\"Dur\u00e9e de lecture estim\u00e9e\" \/>\n\t<meta name=\"twitter:data1\" content=\"2 minutes\" \/>\n<script type=\"application\/ld+json\" class=\"yoast-schema-graph\">{\"@context\":\"https:\\\/\\\/schema.org\",\"@graph\":[{\"@type\":\"WebPage\",\"@id\":\"https:\\\/\\\/slaskaprohibicja.pl\\\/regles-de-reservation\\\/\",\"url\":\"https:\\\/\\\/slaskaprohibicja.pl\\\/regles-de-reservation\\\/\",\"name\":\"R\u00e8gles de r\u00e9servation - \u015al\u0105ska Prohibicja\",\"isPartOf\":{\"@id\":\"https:\\\/\\\/slaskaprohibicja.pl\\\/#website\"},\"datePublished\":\"2025-02-27T10:32:59+00:00\",\"breadcrumb\":{\"@id\":\"https:\\\/\\\/slaskaprohibicja.pl\\\/regles-de-reservation\\\/#breadcrumb\"},\"inLanguage\":\"fr-FR\",\"potentialAction\":[{\"@type\":\"ReadAction\",\"target\":[\"https:\\\/\\\/slaskaprohibicja.pl\\\/regles-de-reservation\\\/\"]}]},{\"@type\":\"BreadcrumbList\",\"@id\":\"https:\\\/\\\/slaskaprohibicja.pl\\\/regles-de-reservation\\\/#breadcrumb\",\"itemListElement\":[{\"@type\":\"ListItem\",\"position\":1,\"name\":\"Strona g\u0142\u00f3wna\",\"item\":\"https:\\\/\\\/slaskaprohibicja.pl\\\/fr\\\/accueil\\\/\"},{\"@type\":\"ListItem\",\"position\":2,\"name\":\"R\u00e8gles de r\u00e9servation\"}]},{\"@type\":\"WebSite\",\"@id\":\"https:\\\/\\\/slaskaprohibicja.pl\\\/#website\",\"url\":\"https:\\\/\\\/slaskaprohibicja.pl\\\/\",\"name\":\"\u015al\u0105ska Prohibicja\",\"description\":\"Klub Restauracja Scena | Katowice Nikiszowiec\",\"potentialAction\":[{\"@type\":\"SearchAction\",\"target\":{\"@type\":\"EntryPoint\",\"urlTemplate\":\"https:\\\/\\\/slaskaprohibicja.pl\\\/?s={search_term_string}\"},\"query-input\":{\"@type\":\"PropertyValueSpecification\",\"valueRequired\":true,\"valueName\":\"search_term_string\"}}],\"inLanguage\":\"fr-FR\"}]}<\/script>\n<!-- \/ Yoast SEO plugin. -->","yoast_head_json":{"title":"R\u00e8gles de r\u00e9servation - \u015al\u0105ska Prohibicja","robots":{"index":"index","follow":"follow","max-snippet":"max-snippet:-1","max-image-preview":"max-image-preview:large","max-video-preview":"max-video-preview:-1"},"canonical":"https:\/\/slaskaprohibicja.pl\/regles-de-reservation\/","og_locale":"fr_FR","og_type":"article","og_title":"R\u00e8gles de r\u00e9servation - \u015al\u0105ska Prohibicja","og_description":"Politique de r\u00e9servation Les r\u00e9servations jusqu&rsquo;\u00e0 15 personnes sont accept\u00e9es par notre service de r\u00e9servation pendant les heures d&rsquo;ouverture de notre service de r\u00e9servation de 10h00 \u00e0 20h00. 2.Pour les r\u00e9servations de groupes de 8 \u00e0 15 personnes, veuillez contactermailowy:dzial.rezerwacji@slaskaprohibicja.pl. Pour les r\u00e9servations de plus de 15 personnes, veuillez contacterprzyj\u0119\u0107:dzial.przyjec@slaskaprohibicja.pl 3. Un SMS confirmant votre [&hellip;]","og_url":"https:\/\/slaskaprohibicja.pl\/regles-de-reservation\/","og_site_name":"\u015al\u0105ska Prohibicja","twitter_card":"summary_large_image","twitter_misc":{"Dur\u00e9e de lecture estim\u00e9e":"2 minutes"},"schema":{"@context":"https:\/\/schema.org","@graph":[{"@type":"WebPage","@id":"https:\/\/slaskaprohibicja.pl\/regles-de-reservation\/","url":"https:\/\/slaskaprohibicja.pl\/regles-de-reservation\/","name":"R\u00e8gles de r\u00e9servation - \u015al\u0105ska Prohibicja","isPartOf":{"@id":"https:\/\/slaskaprohibicja.pl\/#website"},"datePublished":"2025-02-27T10:32:59+00:00","breadcrumb":{"@id":"https:\/\/slaskaprohibicja.pl\/regles-de-reservation\/#breadcrumb"},"inLanguage":"fr-FR","potentialAction":[{"@type":"ReadAction","target":["https:\/\/slaskaprohibicja.pl\/regles-de-reservation\/"]}]},{"@type":"BreadcrumbList","@id":"https:\/\/slaskaprohibicja.pl\/regles-de-reservation\/#breadcrumb","itemListElement":[{"@type":"ListItem","position":1,"name":"Strona g\u0142\u00f3wna","item":"https:\/\/slaskaprohibicja.pl\/fr\/accueil\/"},{"@type":"ListItem","position":2,"name":"R\u00e8gles de r\u00e9servation"}]},{"@type":"WebSite","@id":"https:\/\/slaskaprohibicja.pl\/#website","url":"https:\/\/slaskaprohibicja.pl\/","name":"\u015al\u0105ska Prohibicja","description":"Klub Restauracja Scena | Katowice Nikiszowiec","potentialAction":[{"@type":"SearchAction","target":{"@type":"EntryPoint","urlTemplate":"https:\/\/slaskaprohibicja.pl\/?s={search_term_string}"},"query-input":{"@type":"PropertyValueSpecification","valueRequired":true,"valueName":"search_term_string"}}],"inLanguage":"fr-FR"}]}},"_links":{"self":[{"href":"https:\/\/slaskaprohibicja.pl\/fr\/wp-json\/wp\/v2\/pages\/26981","targetHints":{"allow":["GET"]}}],"collection":[{"href":"https:\/\/slaskaprohibicja.pl\/fr\/wp-json\/wp\/v2\/pages"}],"about":[{"href":"https:\/\/slaskaprohibicja.pl\/fr\/wp-json\/wp\/v2\/types\/page"}],"author":[{"embeddable":true,"href":"https:\/\/slaskaprohibicja.pl\/fr\/wp-json\/wp\/v2\/users\/1"}],"replies":[{"embeddable":true,"href":"https:\/\/slaskaprohibicja.pl\/fr\/wp-json\/wp\/v2\/comments?post=26981"}],"version-history":[{"count":0,"href":"https:\/\/slaskaprohibicja.pl\/fr\/wp-json\/wp\/v2\/pages\/26981\/revisions"}],"wp:attachment":[{"href":"https:\/\/slaskaprohibicja.pl\/fr\/wp-json\/wp\/v2\/media?parent=26981"}],"curies":[{"name":"wp","href":"https:\/\/api.w.org\/{rel}","templated":true}]}}