{"id":26968,"date":"2025-02-15T20:20:59","date_gmt":"2025-02-15T19:20:59","guid":{"rendered":"https:\/\/slaskaprohibicja.pl\/politique-de-confidentialite\/"},"modified":"2025-05-15T13:12:15","modified_gmt":"2025-05-15T11:12:15","slug":"politique-de-confidentialite","status":"publish","type":"page","link":"https:\/\/slaskaprohibicja.pl\/fr\/politique-de-confidentialite\/","title":{"rendered":"Politique de confidentialit\u00e9"},"content":{"rendered":"\t\t<div data-elementor-type=\"wp-page\" data-elementor-id=\"26968\" class=\"elementor elementor-26968 elementor-12140\">\n\t\t\t\t\t\t<section class=\"elementor-section elementor-top-section elementor-element elementor-element-0a81154 qodef-elementor-content-grid elementor-section-boxed elementor-section-height-default elementor-section-height-default\" data-id=\"0a81154\" data-element_type=\"section\" data-e-type=\"section\">\n\t\t\t\t\t\t<div class=\"elementor-container elementor-column-gap-default\">\n\t\t\t\t\t<div class=\"elementor-column elementor-col-100 elementor-top-column elementor-element elementor-element-2e0a0f9\" data-id=\"2e0a0f9\" data-element_type=\"column\" data-e-type=\"column\">\n\t\t\t<div class=\"elementor-widget-wrap elementor-element-populated\">\n\t\t\t\t\t\t<div class=\"elementor-element elementor-element-d9bff71 elementor-widget elementor-widget-heading\" data-id=\"d9bff71\" data-element_type=\"widget\" data-e-type=\"widget\" data-widget_type=\"heading.default\">\n\t\t\t\t<div class=\"elementor-widget-container\">\n\t\t\t\t\t<h4 class=\"elementor-heading-title elementor-size-default\">Donn\u00e9es personnelles<\/h4>\t\t\t\t<\/div>\n\t\t\t\t<\/div>\n\t\t\t\t<div class=\"elementor-element elementor-element-653dd0b elementor-widget elementor-widget-text-editor\" data-id=\"653dd0b\" data-element_type=\"widget\" data-e-type=\"widget\" data-widget_type=\"text-editor.default\">\n\t\t\t\t<div class=\"elementor-widget-container\">\n\t\t\t\t\t\t\t\t\t<ol><li>L&rsquo;administrateur des donn\u00e9es personnelles trait\u00e9es sur le site web est \u015al\u0105ska Prohibicja S.A., ul. Krawczyka 1, 40-423 Katowice, KRS : 0000804978, NIP : 954 280 82 75, REGON : 384487250. <\/li><li>Les donn\u00e9es personnelles sont trait\u00e9es par l&rsquo;Administrateur sur la base du R\u00e8glement (UE) 2016\/679 du Parlement europ\u00e9en et du Conseil du 27 avril 2016 relatif \u00e0 la protection des personnes physiques \u00e0 l&rsquo;\u00e9gard du traitement des donn\u00e9es \u00e0 caract\u00e8re personnel et \u00e0 la libre circulation de ces donn\u00e9es, et abrogeant la directive 95\/46\/CE ci-apr\u00e8s d\u00e9nomm\u00e9 RODO. <\/li><li>Les donn\u00e9es personnelles fournies sont trait\u00e9es pour :<br><ol type=\"a\"><li>pour prendre des mesures pr\u00e9alables \u00e0 la conclusion d&rsquo;un contrat \u00e0 la demande de la personne concern\u00e9e ou pour ex\u00e9cuter un contrat, y compris la fourniture de services \u00e9lectroniques li\u00e9s \u00e0 l&rsquo;utilisation du site web, sur la base de l&rsquo;article 6, paragraphe 1, point b), du RGPD ;  <\/li><li>pour remplir les obligations l\u00e9gales qui incombent \u00e0 l&rsquo;administrateur, sur la base de l&rsquo;article 6, paragraphe 1, point c), du RGPD ;  <\/li><li>pour faire valoir des droits contractuels, sur la base de l&rsquo;article 6, paragraphe 1, point f), du RGPD ;  <\/li><li>l&rsquo;ex\u00e9cution de la correspondance en cours, sur la base de l&rsquo;article 6, paragraphe 1, point f), du RODO ;  <\/li><li>l&rsquo;\u00e9tablissement ou l&rsquo;exercice \u00e9ventuel de r\u00e9clamations ou la d\u00e9fense contre des r\u00e9clamations, sur la base de l&rsquo;article 6, paragraphe 1, point f), du RODO ;  <\/li><li>Marketing direct de ses propres produits et services, sur la base de l&rsquo;article 6, paragraphe 1, point f), du RGPD ;  <\/li><li>des statistiques concernant l&rsquo;analyse du fonctionnement, de la popularit\u00e9 et de l&rsquo;utilisation par les utilisateurs du site web de l&rsquo;administrateur, sur la base de l&rsquo;article 6, paragraphe 1, point f), du RGPD.  <\/li><\/ol><\/li><li>Les donn\u00e9es personnelles fournies, en fonction de la finalit\u00e9 du traitement, seront trait\u00e9es par l&rsquo;administrateur :<br><ol type=\"a\"><li>pour la dur\u00e9e de l&rsquo;ex\u00e9cution des obligations l\u00e9gales et la dur\u00e9e pendant laquelle le traitement est requis par la loi ;<\/li><li>en ce qui concerne les donn\u00e9es personnelles des parties contractantes et de leurs repr\u00e9sentants, pendant une p\u00e9riode de cinq ann\u00e9es compl\u00e8tes \u00e0 compter de l&rsquo;ann\u00e9e suivant l&rsquo;ann\u00e9e d&rsquo;expiration du contrat civil et juridique ; la p\u00e9riode de traitement des donn\u00e9es personnelles peut \u00eatre prolong\u00e9e \u00e0 chaque fois si les donn\u00e9es trait\u00e9es constituent une preuve dans une proc\u00e9dure men\u00e9e sur la base de r\u00e9glementations l\u00e9gales ou si l&rsquo;administrateur a appris qu&rsquo;elles pouvaient constituer une preuve dans la proc\u00e9dure, cette p\u00e9riode est prolong\u00e9e jusqu&rsquo;\u00e0 la cl\u00f4ture d\u00e9finitive de la proc\u00e9dure ;<\/li><li>dans le cas de donn\u00e9es \u00e0 caract\u00e8re personnel trait\u00e9es dans le cadre de la r\u00e9alisation de la correspondance &#8211; jusqu&rsquo;au d\u00e9lai de prescription pour les r\u00e9clamations \u00e9ventuelles r\u00e9sultant de l&rsquo;acceptation et de la diffusion de la correspondance ; la p\u00e9riode de traitement des donn\u00e9es \u00e0 caract\u00e8re personnel peut \u00eatre prolong\u00e9e \u00e0 chaque fois dans le cas o\u00f9 les donn\u00e9es trait\u00e9es constituent une preuve dans la proc\u00e9dure men\u00e9e sur la base de r\u00e9glementations l\u00e9gales ou si l&rsquo;administrateur a pris conscience qu&rsquo;elles pourraient constituer une preuve dans la proc\u00e9dure, cette p\u00e9riode sera prolong\u00e9e jusqu&rsquo;\u00e0 la conclusion l\u00e9gale de la proc\u00e9dure ;<\/li><li>dans le cas de donn\u00e9es \u00e0 caract\u00e8re personnel trait\u00e9es \u00e0 des fins statistiques, jusqu&rsquo;\u00e0 ce que la personne concern\u00e9e s&rsquo;y oppose.<\/li><\/ol><\/li><li>La fourniture de donn\u00e9es \u00e0 caract\u00e8re personnel est volontaire mais n\u00e9cessaire \u00e0 la r\u00e9alisation d&rsquo;une ou plusieurs des finalit\u00e9s de traitement d\u00e9finies au point. 3, que l&rsquo;administrateur ne sera pas en mesure d&rsquo;atteindre si les donn\u00e9es \u00e0 caract\u00e8re personnel ne sont pas fournies. <\/li><li>Les donn\u00e9es personnelles fournies peuvent \u00eatre mises \u00e0 la disposition d&rsquo;autres entit\u00e9s exclusivement dans le but d&rsquo;ex\u00e9cuter le contrat (par exemple, op\u00e9rateurs postaux, processeurs de paiement) ou de remplir des obligations l\u00e9gales.<\/li><li>Les destinataires des donn\u00e9es \u00e0 caract\u00e8re personnel fournies peuvent \u00eatre des entit\u00e9s autoris\u00e9es par la loi et d&rsquo;autres entit\u00e9s avec lesquelles le responsable du traitement a conclu des accords pour confier le traitement de donn\u00e9es \u00e0 caract\u00e8re personnel.<\/li><li>Les donn\u00e9es \u00e0 caract\u00e8re personnel peuvent \u00eatre transf\u00e9r\u00e9es par l&rsquo;administrateur en dehors de l&rsquo;Espace \u00e9conomique europ\u00e9en, sous r\u00e9serve que les conditions \u00e9nonc\u00e9es au chapitre V du RGPD soient remplies.<\/li><li>La personne concern\u00e9e dispose d&rsquo;un droit d&rsquo;acc\u00e8s, de rectification, de mise \u00e0 jour et de limitation du traitement de ses donn\u00e9es et, dans la mesure o\u00f9 la loi n&rsquo;en dispose pas autrement, d&rsquo;un droit \u00e0 l&rsquo;effacement, d&rsquo;un droit d&rsquo;opposition au traitement et d&rsquo;un droit \u00e0 la portabilit\u00e9 des donn\u00e9es.<\/li><li>La personne concern\u00e9e a le droit d&rsquo;introduire une r\u00e9clamation aupr\u00e8s de l&rsquo;autorit\u00e9 de contr\u00f4le si elle consid\u00e8re que le traitement de ses donn\u00e9es personnelles viole les dispositions du RODO.<\/li><li>Les donn\u00e9es \u00e0 caract\u00e8re personnel peuvent \u00eatre trait\u00e9es par des moyens automatis\u00e9s, y compris le profilage, afin d&rsquo;adapter individuellement les offres et les informations marketing.<\/li><\/ol>\t\t\t\t\t\t\t\t<\/div>\n\t\t\t\t<\/div>\n\t\t\t\t<div class=\"elementor-element elementor-element-85f0bc6 elementor-widget elementor-widget-heading\" data-id=\"85f0bc6\" data-element_type=\"widget\" data-e-type=\"widget\" data-widget_type=\"heading.default\">\n\t\t\t\t<div class=\"elementor-widget-container\">\n\t\t\t\t\t<h4 class=\"elementor-heading-title elementor-size-default\">Cookies<\/h4>\t\t\t\t<\/div>\n\t\t\t\t<\/div>\n\t\t\t\t<div class=\"elementor-element elementor-element-65523d0 elementor-widget elementor-widget-text-editor\" data-id=\"65523d0\" data-element_type=\"widget\" data-e-type=\"widget\" data-widget_type=\"text-editor.default\">\n\t\t\t\t<div class=\"elementor-widget-container\">\n\t\t\t\t\t\t\t\t\t<ol><li>Les cookies (appel\u00e9s \u00a0\u00bb t\u00e9moins de connexion \u00ab\u00a0) sont de petits fichiers texte stock\u00e9s sur le terminal de l&rsquo;Utilisateur du Service (ordinateur, tablette, smartphone) lorsqu&rsquo;il visite le Service. Ils aident le Site Internet \u00e0 reconna\u00eetre l&rsquo;appareil de l&rsquo;Utilisateur lors de ses visites ult\u00e9rieures, offrant ainsi une exp\u00e9rience plus personnalis\u00e9e et am\u00e9liorant le fonctionnement du Site Internet. <\/li><li>En utilisant le site web, vous consentez \u00e0 l&rsquo;utilisation de cookies conform\u00e9ment \u00e0 la pr\u00e9sente politique.<\/li><li>L&rsquo;entit\u00e9 qui place des cookies sur l&rsquo;appareil final de l&rsquo;utilisateur du service et qui y a acc\u00e8s est \u015al\u0105ska Prohibicja S.A., ul. Krawczyka 1, 40-423 Katowice, KRS : 0000804978, NIP : 954 280 82 75, REGON : 384487250. <\/li><li>Le site Web utilise des cookies des types suivants :<ol><li>Essentiels &#8211; cookies n\u00e9cessaires au bon fonctionnement du site web. Sans eux, le site web ne fonctionnera pas comme pr\u00e9vu. Ces cookies ne stockent aucune information personnelle identifiable.  <\/li><li>Fonctionnelles &#8211; permettent au service de se souvenir des choix que vous avez faits (tels que la langue, la devise ou la r\u00e9gion) et de fournir des fonctions plus personnalis\u00e9es, telles que la m\u00e9morisation du contenu de votre panier entre les sessions.<\/li><li>Analytiques &#8211; utilis\u00e9s pour comprendre comment les utilisateurs interagissent avec le site web. Ces cookies permettent de fournir des informations sur le nombre de visiteurs, les taux de rejet, la source du trafic, etc. <\/li><li>Performance &#8211; utilis\u00e9e pour comprendre et analyser les principaux indicateurs de performance du site, afin d&rsquo;am\u00e9liorer l&rsquo;exp\u00e9rience des visiteurs.<\/li><li>Cookies publicitaires &#8211; ces cookies sont utilis\u00e9s pour diffuser des publicit\u00e9s mieux adapt\u00e9es aux int\u00e9r\u00eats de l&rsquo;utilisateur. Ils peuvent \u00e9galement \u00eatre utilis\u00e9s pour limiter le nombre d&rsquo;affichages d&rsquo;une publicit\u00e9 particuli\u00e8re et pour mesurer l&rsquo;efficacit\u00e9 des campagnes publicitaires. <\/li><\/ol><\/li><li>L&rsquo;administrateur peut traiter les donn\u00e9es contenues dans les cookies lorsque les visiteurs utilisent le site web aux fins suivantes :<ol><li>Assurer le bon fonctionnement du service.<\/li><li>Faciliter la navigation et assurer une utilisation transparente du site web.<\/li><li>Analyse du trafic sur le site Web afin d&rsquo;am\u00e9liorer le site Web.<\/li><li>M\u00e9moriser les pr\u00e9f\u00e9rences d&rsquo;achat des utilisateurs et le contenu de leur panier.<\/li><li>Fournir un contenu publicitaire adapt\u00e9 aux pr\u00e9f\u00e9rences des utilisateurs.<\/li><\/ol><\/li><li>Lorsqu&rsquo;il utilise le site web, l&rsquo;utilisateur a la possibilit\u00e9 de g\u00e9rer ses param\u00e8tres de cookies. Il peut le faire par l&rsquo;interm\u00e9diaire de : <ol><li>Un outil de gestion des cookies disponible sur le site Web qui vous permet d&rsquo;accepter ou de refuser certains types de cookies.<\/li><li>Au moyen des param\u00e8tres de votre propre navigateur. Cela signifie que vous pouvez, par exemple, limiter partiellement (p. ex. temporairement) ou d\u00e9sactiver compl\u00e8tement le stockage des cookies. Dans ce dernier cas, cependant, cela peut affecter certaines fonctionnalit\u00e9s du site web (par exemple, il peut ne pas \u00eatre possible de poursuivre le parcours de commande via le formulaire de commande parce que les produits dans le panier d&rsquo;achat ne sont pas m\u00e9moris\u00e9s au cours des \u00e9tapes suivantes de la commande). Des informations d\u00e9taill\u00e9es sur la mani\u00e8re de modifier les param\u00e8tres concernant les cookies et de les supprimer vous-m\u00eame dans les navigateurs web les plus courants sont disponibles dans la section d&rsquo;aide de votre navigateur web et dans les pages suivantes (il suffit de cliquer sur le lien correspondant) :   <ul><li><a href=\"http:\/\/support.google.com\/chrome\/bin\/answer.py?hl=pl&amp;answer=95647\">dans le navigateur Chrome<\/a><\/li><li><a href=\"http:\/\/support.mozilla.org\/pl\/kb\/W%C5%82%C4%85czanie%20i%20wy%C5%82%C4%85czanie%20obs%C5%82ugi%20ciasteczek\">dans Firefox<\/a><\/li><li><a href=\"https:\/\/support.microsoft.com\/pl-pl\/help\/17442\/windows-internet-explorer-delete-manage-cookies\">dans Internet Explorer<\/a><\/li><li><a href=\"http:\/\/help.opera.com\/Windows\/12.10\/pl\/cookies.html\">dans le navigateur Opera<\/a><\/li><li><a href=\"http:\/\/support.apple.com\/kb\/PH5042\">dans le navigateur Safari<\/a><\/li><li><a href=\"http:\/\/windows.microsoft.com\/pl-pl\/windows-10\/edge-privacy-faq\">dans le navigateur Microsoft Edge<\/a><\/li><\/ul><\/li><\/ol><\/li><li>L&rsquo;administrateur peut utiliser des services d&rsquo;analyse (tels que Google Analytics, Meta Pixel) sur le site web. Ces services aident l&rsquo;administrateur \u00e0 analyser le trafic sur le site web. Les donn\u00e9es collect\u00e9es sont trait\u00e9es dans le cadre des services susmentionn\u00e9s de mani\u00e8re anonyme (il s&rsquo;agit de donn\u00e9es dites d&rsquo;exploitation, qui emp\u00eachent l&rsquo;identification de la personne) afin de g\u00e9n\u00e9rer des statistiques permettant d&rsquo;administrer le site web. Ces donn\u00e9es sont agr\u00e9g\u00e9es et anonymes, c&rsquo;est-\u00e0-dire qu&rsquo;elles ne contiennent pas de caract\u00e9ristiques d&rsquo;identification (donn\u00e9es personnelles) des visiteurs du site web. Lors de l&rsquo;utilisation des services susmentionn\u00e9s sur le site web, l&rsquo;administrateur recueille des donn\u00e9es telles que la source et le moyen d&rsquo;acquisition des visiteurs du site web et leur comportement sur le site web, des informations sur les appareils et les navigateurs \u00e0 partir desquels ils visitent le site web, l&rsquo;IP et le domaine, des donn\u00e9es g\u00e9ographiques et des donn\u00e9es d\u00e9mographiques (\u00e2ge, sexe) et les centres d&rsquo;int\u00e9r\u00eat.     <\/li><\/ol>\t\t\t\t\t\t\t\t<\/div>\n\t\t\t\t<\/div>\n\t\t\t\t\t<\/div>\n\t\t<\/div>\n\t\t\t\t\t<\/div>\n\t\t<\/section>\n\t\t\t\t<\/div>\n\t\t","protected":false},"excerpt":{"rendered":"<p>Donn\u00e9es personnelles L&rsquo;administrateur des donn\u00e9es personnelles trait\u00e9es sur le site web est \u015al\u0105ska Prohibicja S.A., ul. Krawczyka 1, 40-423 Katowice, KRS : 0000804978, NIP : 954 280 82 75, REGON : 384487250. Les donn\u00e9es personnelles sont trait\u00e9es par l&rsquo;Administrateur sur la base du R\u00e8glement (UE) 2016\/679 du Parlement europ\u00e9en et du Conseil du 27 avril [&hellip;]<\/p>\n","protected":false},"author":1,"featured_media":0,"parent":0,"menu_order":0,"comment_status":"closed","ping_status":"closed","template":"","meta":{"inline_featured_image":false,"footnotes":""},"class_list":["post-26968","page","type-page","status-publish","hentry"],"yoast_head":"<!-- This site is optimized with the Yoast SEO plugin v27.4 - https:\/\/yoast.com\/product\/yoast-seo-wordpress\/ -->\n<title>Politique de confidentialit\u00e9 - \u015al\u0105ska Prohibicja<\/title>\n<meta name=\"robots\" content=\"index, follow, max-snippet:-1, max-image-preview:large, max-video-preview:-1\" \/>\n<link rel=\"canonical\" href=\"https:\/\/slaskaprohibicja.pl\/fr\/politique-de-confidentialite\/\" \/>\n<meta property=\"og:locale\" content=\"fr_FR\" \/>\n<meta property=\"og:type\" content=\"article\" \/>\n<meta property=\"og:title\" content=\"Politique de confidentialit\u00e9 - \u015al\u0105ska Prohibicja\" \/>\n<meta property=\"og:description\" content=\"Donn\u00e9es personnelles L&rsquo;administrateur des donn\u00e9es personnelles trait\u00e9es sur le site web est \u015al\u0105ska Prohibicja S.A., ul. Krawczyka 1, 40-423 Katowice, KRS : 0000804978, NIP : 954 280 82 75, REGON : 384487250. Les donn\u00e9es personnelles sont trait\u00e9es par l&rsquo;Administrateur sur la base du R\u00e8glement (UE) 2016\/679 du Parlement europ\u00e9en et du Conseil du 27 avril [&hellip;]\" \/>\n<meta property=\"og:url\" content=\"https:\/\/slaskaprohibicja.pl\/fr\/politique-de-confidentialite\/\" \/>\n<meta property=\"og:site_name\" content=\"\u015al\u0105ska Prohibicja\" \/>\n<meta property=\"article:modified_time\" content=\"2025-05-15T11:12:15+00:00\" \/>\n<meta name=\"twitter:card\" content=\"summary_large_image\" \/>\n<meta name=\"twitter:label1\" content=\"Dur\u00e9e de lecture estim\u00e9e\" \/>\n\t<meta name=\"twitter:data1\" content=\"8 minutes\" \/>\n<script type=\"application\/ld+json\" class=\"yoast-schema-graph\">{\"@context\":\"https:\\\/\\\/schema.org\",\"@graph\":[{\"@type\":\"WebPage\",\"@id\":\"https:\\\/\\\/slaskaprohibicja.pl\\\/fr\\\/politique-de-confidentialite\\\/\",\"url\":\"https:\\\/\\\/slaskaprohibicja.pl\\\/fr\\\/politique-de-confidentialite\\\/\",\"name\":\"Politique de confidentialit\u00e9 - \u015al\u0105ska Prohibicja\",\"isPartOf\":{\"@id\":\"https:\\\/\\\/slaskaprohibicja.pl\\\/#website\"},\"datePublished\":\"2025-02-15T19:20:59+00:00\",\"dateModified\":\"2025-05-15T11:12:15+00:00\",\"breadcrumb\":{\"@id\":\"https:\\\/\\\/slaskaprohibicja.pl\\\/fr\\\/politique-de-confidentialite\\\/#breadcrumb\"},\"inLanguage\":\"fr-FR\",\"potentialAction\":[{\"@type\":\"ReadAction\",\"target\":[\"https:\\\/\\\/slaskaprohibicja.pl\\\/fr\\\/politique-de-confidentialite\\\/\"]}]},{\"@type\":\"BreadcrumbList\",\"@id\":\"https:\\\/\\\/slaskaprohibicja.pl\\\/fr\\\/politique-de-confidentialite\\\/#breadcrumb\",\"itemListElement\":[{\"@type\":\"ListItem\",\"position\":1,\"name\":\"Strona g\u0142\u00f3wna\",\"item\":\"https:\\\/\\\/slaskaprohibicja.pl\\\/fr\\\/accueil\\\/\"},{\"@type\":\"ListItem\",\"position\":2,\"name\":\"Politique de confidentialit\u00e9\"}]},{\"@type\":\"WebSite\",\"@id\":\"https:\\\/\\\/slaskaprohibicja.pl\\\/#website\",\"url\":\"https:\\\/\\\/slaskaprohibicja.pl\\\/\",\"name\":\"\u015al\u0105ska Prohibicja\",\"description\":\"Klub Restauracja Scena | Katowice Nikiszowiec\",\"potentialAction\":[{\"@type\":\"SearchAction\",\"target\":{\"@type\":\"EntryPoint\",\"urlTemplate\":\"https:\\\/\\\/slaskaprohibicja.pl\\\/?s={search_term_string}\"},\"query-input\":{\"@type\":\"PropertyValueSpecification\",\"valueRequired\":true,\"valueName\":\"search_term_string\"}}],\"inLanguage\":\"fr-FR\"}]}<\/script>\n<!-- \/ Yoast SEO plugin. -->","yoast_head_json":{"title":"Politique de confidentialit\u00e9 - \u015al\u0105ska Prohibicja","robots":{"index":"index","follow":"follow","max-snippet":"max-snippet:-1","max-image-preview":"max-image-preview:large","max-video-preview":"max-video-preview:-1"},"canonical":"https:\/\/slaskaprohibicja.pl\/fr\/politique-de-confidentialite\/","og_locale":"fr_FR","og_type":"article","og_title":"Politique de confidentialit\u00e9 - \u015al\u0105ska Prohibicja","og_description":"Donn\u00e9es personnelles L&rsquo;administrateur des donn\u00e9es personnelles trait\u00e9es sur le site web est \u015al\u0105ska Prohibicja S.A., ul. Krawczyka 1, 40-423 Katowice, KRS : 0000804978, NIP : 954 280 82 75, REGON : 384487250. Les donn\u00e9es personnelles sont trait\u00e9es par l&rsquo;Administrateur sur la base du R\u00e8glement (UE) 2016\/679 du Parlement europ\u00e9en et du Conseil du 27 avril [&hellip;]","og_url":"https:\/\/slaskaprohibicja.pl\/fr\/politique-de-confidentialite\/","og_site_name":"\u015al\u0105ska Prohibicja","article_modified_time":"2025-05-15T11:12:15+00:00","twitter_card":"summary_large_image","twitter_misc":{"Dur\u00e9e de lecture estim\u00e9e":"8 minutes"},"schema":{"@context":"https:\/\/schema.org","@graph":[{"@type":"WebPage","@id":"https:\/\/slaskaprohibicja.pl\/fr\/politique-de-confidentialite\/","url":"https:\/\/slaskaprohibicja.pl\/fr\/politique-de-confidentialite\/","name":"Politique de confidentialit\u00e9 - \u015al\u0105ska Prohibicja","isPartOf":{"@id":"https:\/\/slaskaprohibicja.pl\/#website"},"datePublished":"2025-02-15T19:20:59+00:00","dateModified":"2025-05-15T11:12:15+00:00","breadcrumb":{"@id":"https:\/\/slaskaprohibicja.pl\/fr\/politique-de-confidentialite\/#breadcrumb"},"inLanguage":"fr-FR","potentialAction":[{"@type":"ReadAction","target":["https:\/\/slaskaprohibicja.pl\/fr\/politique-de-confidentialite\/"]}]},{"@type":"BreadcrumbList","@id":"https:\/\/slaskaprohibicja.pl\/fr\/politique-de-confidentialite\/#breadcrumb","itemListElement":[{"@type":"ListItem","position":1,"name":"Strona g\u0142\u00f3wna","item":"https:\/\/slaskaprohibicja.pl\/fr\/accueil\/"},{"@type":"ListItem","position":2,"name":"Politique de confidentialit\u00e9"}]},{"@type":"WebSite","@id":"https:\/\/slaskaprohibicja.pl\/#website","url":"https:\/\/slaskaprohibicja.pl\/","name":"\u015al\u0105ska Prohibicja","description":"Klub Restauracja Scena | Katowice Nikiszowiec","potentialAction":[{"@type":"SearchAction","target":{"@type":"EntryPoint","urlTemplate":"https:\/\/slaskaprohibicja.pl\/?s={search_term_string}"},"query-input":{"@type":"PropertyValueSpecification","valueRequired":true,"valueName":"search_term_string"}}],"inLanguage":"fr-FR"}]}},"_links":{"self":[{"href":"https:\/\/slaskaprohibicja.pl\/fr\/wp-json\/wp\/v2\/pages\/26968","targetHints":{"allow":["GET"]}}],"collection":[{"href":"https:\/\/slaskaprohibicja.pl\/fr\/wp-json\/wp\/v2\/pages"}],"about":[{"href":"https:\/\/slaskaprohibicja.pl\/fr\/wp-json\/wp\/v2\/types\/page"}],"author":[{"embeddable":true,"href":"https:\/\/slaskaprohibicja.pl\/fr\/wp-json\/wp\/v2\/users\/1"}],"replies":[{"embeddable":true,"href":"https:\/\/slaskaprohibicja.pl\/fr\/wp-json\/wp\/v2\/comments?post=26968"}],"version-history":[{"count":1,"href":"https:\/\/slaskaprohibicja.pl\/fr\/wp-json\/wp\/v2\/pages\/26968\/revisions"}],"predecessor-version":[{"id":26969,"href":"https:\/\/slaskaprohibicja.pl\/fr\/wp-json\/wp\/v2\/pages\/26968\/revisions\/26969"}],"wp:attachment":[{"href":"https:\/\/slaskaprohibicja.pl\/fr\/wp-json\/wp\/v2\/media?parent=26968"}],"curies":[{"name":"wp","href":"https:\/\/api.w.org\/{rel}","templated":true}]}}