{"id":26494,"date":"2025-02-06T23:26:57","date_gmt":"2025-02-06T22:26:57","guid":{"rendered":"https:\/\/slaskaprohibicja.pl\/club-des-retraites\/"},"modified":"2025-05-15T11:10:08","modified_gmt":"2025-05-15T09:10:08","slug":"club-des-retraites","status":"publish","type":"page","link":"https:\/\/slaskaprohibicja.pl\/fr\/club-des-retraites\/","title":{"rendered":"Club des retrait\u00e9s"},"content":{"rendered":"\t\t<div data-elementor-type=\"wp-page\" data-elementor-id=\"26494\" class=\"elementor elementor-26494 elementor-11207\">\n\t\t\t\t\t\t<section class=\"elementor-section elementor-top-section elementor-element elementor-element-dea00b1 elementor-section-full_width qodef-elementor-content-grid elementor-reverse-tablet elementor-reverse-mobile elementor-section-height-default elementor-section-height-default elementor-invisible\" data-id=\"dea00b1\" data-element_type=\"section\" data-e-type=\"section\" data-settings=\"{&quot;animation&quot;:&quot;fadeInUp&quot;}\">\n\t\t\t\t\t\t<div class=\"elementor-container elementor-column-gap-default\">\n\t\t\t\t\t<div class=\"elementor-column elementor-col-50 elementor-top-column elementor-element elementor-element-191e6f3\" data-id=\"191e6f3\" data-element_type=\"column\" data-e-type=\"column\">\n\t\t\t<div class=\"elementor-widget-wrap elementor-element-populated\">\n\t\t\t\t\t\t<div class=\"elementor-element elementor-element-a83c74e elementor-widget__width-initial e-transform elementor-widget elementor-widget-image\" data-id=\"a83c74e\" data-element_type=\"widget\" data-e-type=\"widget\" data-settings=\"{&quot;_transform_translateY_effect&quot;:{&quot;unit&quot;:&quot;px&quot;,&quot;size&quot;:60,&quot;sizes&quot;:[]},&quot;_transform_translateY_effect_tablet&quot;:{&quot;unit&quot;:&quot;px&quot;,&quot;size&quot;:0,&quot;sizes&quot;:[]},&quot;_transform_translateX_effect&quot;:{&quot;unit&quot;:&quot;px&quot;,&quot;size&quot;:&quot;&quot;,&quot;sizes&quot;:[]},&quot;_transform_translateX_effect_tablet&quot;:{&quot;unit&quot;:&quot;px&quot;,&quot;size&quot;:&quot;&quot;,&quot;sizes&quot;:[]},&quot;_transform_translateX_effect_mobile&quot;:{&quot;unit&quot;:&quot;px&quot;,&quot;size&quot;:&quot;&quot;,&quot;sizes&quot;:[]},&quot;_transform_translateY_effect_mobile&quot;:{&quot;unit&quot;:&quot;px&quot;,&quot;size&quot;:&quot;&quot;,&quot;sizes&quot;:[]}}\" data-widget_type=\"image.default\">\n\t\t\t\t<div class=\"elementor-widget-container\">\n\t\t\t\t\t\t\t\t\t\t\t\t\t\t\t<img fetchpriority=\"high\" decoding=\"async\" width=\"664\" height=\"1000\" src=\"https:\/\/slaskaprohibicja.pl\/wp-content\/uploads\/2025\/02\/wilk.png\" class=\"attachment-full size-full wp-image-26495\" alt=\"\" srcset=\"https:\/\/slaskaprohibicja.pl\/wp-content\/uploads\/2025\/02\/wilk.png 664w, https:\/\/slaskaprohibicja.pl\/wp-content\/uploads\/2025\/02\/wilk-199x300.png 199w, https:\/\/slaskaprohibicja.pl\/wp-content\/uploads\/2025\/02\/wilk-600x904.png 600w\" sizes=\"(max-width: 664px) 100vw, 664px\" \/>\t\t\t\t\t\t\t\t\t\t\t\t\t\t\t<\/div>\n\t\t\t\t<\/div>\n\t\t\t\t\t<\/div>\n\t\t<\/div>\n\t\t\t\t<div class=\"elementor-column elementor-col-50 elementor-top-column elementor-element elementor-element-7405d6a\" data-id=\"7405d6a\" data-element_type=\"column\" data-e-type=\"column\">\n\t\t\t<div class=\"elementor-widget-wrap elementor-element-populated\">\n\t\t\t\t\t\t<div class=\"elementor-element elementor-element-02e7998 elementor-widget-mobile__width-inherit elementor-widget-tablet__width-inherit elementor-widget__width-initial elementor-widget elementor-widget-chateau_core_section_title\" data-id=\"02e7998\" data-element_type=\"widget\" data-e-type=\"widget\" data-widget_type=\"chateau_core_section_title.default\">\n\t\t\t\t<div class=\"elementor-widget-container\">\n\t\t\t\t\t<div class=\"qodef-shortcode qodef-m  qodef-section-title qodef-alignment--left \">\n\t\t<h2 class=\"qodef-m-title\" >\n\t\t\t\t\tEntrez dans le \"Pensioners' Club\" <br>- un lieu myst\u00e9rieux et plein d'atmosph\u00e8re.\t\t\t<\/h2>\n\t<div class=\"qodef-m-subtitle-content qodef--has-appear\" style=\"margin-top: 0px\">\n\t<div class=\"qodef-m-subtitle-line-one\" style=\"background-color: #4C775F;display: none;\"><\/div>\n\t\t<div class=\"qodef-m-subtitle-line-two\" style=\"display: none;\"><\/div>\n<\/div>\n\t<\/div>\n\t\t\t\t<\/div>\n\t\t\t\t<\/div>\n\t\t\t\t<div class=\"elementor-element elementor-element-cc26a3a elementor-widget__width-initial elementor-widget-tablet__width-inherit elementor-widget elementor-widget-text-editor\" data-id=\"cc26a3a\" data-element_type=\"widget\" data-e-type=\"widget\" data-widget_type=\"text-editor.default\">\n\t\t\t\t<div class=\"elementor-widget-container\">\n\t\t\t\t\t\t\t\t\t<p>Cach\u00e9 dans la prohibition sil\u00e9sienne se trouve un endroit secret, entour\u00e9 d&rsquo;un soup\u00e7on de myst\u00e8re : le \u00ab\u00a0Pensioner&rsquo;s Club\u00a0\u00bb. Il s&rsquo;agit d&rsquo;un espace unique dans le style des anciens clubs clandestins, qui vous ram\u00e8ne \u00e0 l&rsquo;\u00e9poque des rencontres intimes. L&rsquo;entr\u00e9e discr\u00e8te, la lumi\u00e8re et la musique d&rsquo;ambiance cr\u00e9ent une atmosph\u00e8re unique propice aux moments privil\u00e9gi\u00e9s entre amis.  <\/p><p>Ici, le temps ralentit, les conversations deviennent plus profondes et chaque rencontre prend une saveur unique.<\/p><p>C&rsquo;est le lieu id\u00e9al pour des f\u00eates priv\u00e9es, des d\u00e9gustations ou des \u00e9v\u00e9nements originaux. Notre \u00e9quipe s&rsquo;occupera de chaque d\u00e9tail pour que votre r\u00e9union soit pleine de go\u00fbt, de style et d&rsquo;\u00e9motions inoubliables. <\/p><h6>Oserez-vous d\u00e9couvrir ce qui se cache derri\u00e8re le voile du myst\u00e8re ?<\/h6>\t\t\t\t\t\t\t\t<\/div>\n\t\t\t\t<\/div>\n\t\t\t\t\t<\/div>\n\t\t<\/div>\n\t\t\t\t\t<\/div>\n\t\t<\/section>\n\t\t\t\t<\/div>\n\t\t","protected":false},"excerpt":{"rendered":"<p>Entrez dans le \u00ab\u00a0Pensioners&rsquo; Club\u00a0\u00bb &#8211; un lieu myst\u00e9rieux et plein d&rsquo;atmosph\u00e8re. Cach\u00e9 dans la prohibition sil\u00e9sienne se trouve un endroit secret, entour\u00e9 d&rsquo;un soup\u00e7on de myst\u00e8re : le \u00ab\u00a0Pensioner&rsquo;s Club\u00a0\u00bb. Il s&rsquo;agit d&rsquo;un espace unique dans le style des anciens clubs clandestins, qui vous ram\u00e8ne \u00e0 l&rsquo;\u00e9poque des rencontres intimes. L&rsquo;entr\u00e9e discr\u00e8te, la lumi\u00e8re [&hellip;]<\/p>\n","protected":false},"author":1,"featured_media":0,"parent":0,"menu_order":0,"comment_status":"closed","ping_status":"closed","template":"page-full-width.php","meta":{"inline_featured_image":false,"footnotes":""},"class_list":["post-26494","page","type-page","status-publish","hentry"],"yoast_head":"<!-- This site is optimized with the Yoast SEO plugin v27.5 - https:\/\/yoast.com\/product\/yoast-seo-wordpress\/ -->\n<title>Club des retrait\u00e9s - \u015al\u0105ska Prohibicja<\/title>\n<meta name=\"robots\" content=\"index, follow, max-snippet:-1, max-image-preview:large, max-video-preview:-1\" \/>\n<link rel=\"canonical\" href=\"https:\/\/slaskaprohibicja.pl\/fr\/club-des-retraites\/\" \/>\n<meta property=\"og:locale\" content=\"fr_FR\" \/>\n<meta property=\"og:type\" content=\"article\" \/>\n<meta property=\"og:title\" content=\"Club des retrait\u00e9s - \u015al\u0105ska Prohibicja\" \/>\n<meta property=\"og:description\" content=\"Entrez dans le \u00ab\u00a0Pensioners&rsquo; Club\u00a0\u00bb &#8211; un lieu myst\u00e9rieux et plein d&rsquo;atmosph\u00e8re. Cach\u00e9 dans la prohibition sil\u00e9sienne se trouve un endroit secret, entour\u00e9 d&rsquo;un soup\u00e7on de myst\u00e8re : le \u00ab\u00a0Pensioner&rsquo;s Club\u00a0\u00bb. Il s&rsquo;agit d&rsquo;un espace unique dans le style des anciens clubs clandestins, qui vous ram\u00e8ne \u00e0 l&rsquo;\u00e9poque des rencontres intimes. L&rsquo;entr\u00e9e discr\u00e8te, la lumi\u00e8re [&hellip;]\" \/>\n<meta property=\"og:url\" content=\"https:\/\/slaskaprohibicja.pl\/fr\/club-des-retraites\/\" \/>\n<meta property=\"og:site_name\" content=\"\u015al\u0105ska Prohibicja\" \/>\n<meta property=\"article:modified_time\" content=\"2025-05-15T09:10:08+00:00\" \/>\n<meta property=\"og:image\" content=\"https:\/\/slaskaprohibicja.pl\/wp-content\/uploads\/2025\/02\/wilk.png\" \/>\n\t<meta property=\"og:image:width\" content=\"664\" \/>\n\t<meta property=\"og:image:height\" content=\"1000\" \/>\n\t<meta property=\"og:image:type\" content=\"image\/png\" \/>\n<meta name=\"twitter:card\" content=\"summary_large_image\" \/>\n<meta name=\"twitter:label1\" content=\"Dur\u00e9e de lecture estim\u00e9e\" \/>\n\t<meta name=\"twitter:data1\" content=\"1 minute\" \/>\n<script type=\"application\/ld+json\" class=\"yoast-schema-graph\">{\"@context\":\"https:\\\/\\\/schema.org\",\"@graph\":[{\"@type\":\"WebPage\",\"@id\":\"https:\\\/\\\/slaskaprohibicja.pl\\\/fr\\\/club-des-retraites\\\/\",\"url\":\"https:\\\/\\\/slaskaprohibicja.pl\\\/fr\\\/club-des-retraites\\\/\",\"name\":\"Club des retrait\u00e9s - \u015al\u0105ska Prohibicja\",\"isPartOf\":{\"@id\":\"https:\\\/\\\/slaskaprohibicja.pl\\\/#website\"},\"primaryImageOfPage\":{\"@id\":\"https:\\\/\\\/slaskaprohibicja.pl\\\/fr\\\/club-des-retraites\\\/#primaryimage\"},\"image\":{\"@id\":\"https:\\\/\\\/slaskaprohibicja.pl\\\/fr\\\/club-des-retraites\\\/#primaryimage\"},\"thumbnailUrl\":\"https:\\\/\\\/slaskaprohibicja.pl\\\/wp-content\\\/uploads\\\/2025\\\/02\\\/wilk.png\",\"datePublished\":\"2025-02-06T22:26:57+00:00\",\"dateModified\":\"2025-05-15T09:10:08+00:00\",\"breadcrumb\":{\"@id\":\"https:\\\/\\\/slaskaprohibicja.pl\\\/fr\\\/club-des-retraites\\\/#breadcrumb\"},\"inLanguage\":\"fr-FR\",\"potentialAction\":[{\"@type\":\"ReadAction\",\"target\":[\"https:\\\/\\\/slaskaprohibicja.pl\\\/fr\\\/club-des-retraites\\\/\"]}]},{\"@type\":\"ImageObject\",\"inLanguage\":\"fr-FR\",\"@id\":\"https:\\\/\\\/slaskaprohibicja.pl\\\/fr\\\/club-des-retraites\\\/#primaryimage\",\"url\":\"https:\\\/\\\/slaskaprohibicja.pl\\\/wp-content\\\/uploads\\\/2025\\\/02\\\/wilk.png\",\"contentUrl\":\"https:\\\/\\\/slaskaprohibicja.pl\\\/wp-content\\\/uploads\\\/2025\\\/02\\\/wilk.png\"},{\"@type\":\"BreadcrumbList\",\"@id\":\"https:\\\/\\\/slaskaprohibicja.pl\\\/fr\\\/club-des-retraites\\\/#breadcrumb\",\"itemListElement\":[{\"@type\":\"ListItem\",\"position\":1,\"name\":\"Strona g\u0142\u00f3wna\",\"item\":\"https:\\\/\\\/slaskaprohibicja.pl\\\/fr\\\/accueil\\\/\"},{\"@type\":\"ListItem\",\"position\":2,\"name\":\"Club des retrait\u00e9s\"}]},{\"@type\":\"WebSite\",\"@id\":\"https:\\\/\\\/slaskaprohibicja.pl\\\/#website\",\"url\":\"https:\\\/\\\/slaskaprohibicja.pl\\\/\",\"name\":\"\u015al\u0105ska Prohibicja\",\"description\":\"Klub Restauracja Scena | Katowice Nikiszowiec\",\"potentialAction\":[{\"@type\":\"SearchAction\",\"target\":{\"@type\":\"EntryPoint\",\"urlTemplate\":\"https:\\\/\\\/slaskaprohibicja.pl\\\/?s={search_term_string}\"},\"query-input\":{\"@type\":\"PropertyValueSpecification\",\"valueRequired\":true,\"valueName\":\"search_term_string\"}}],\"inLanguage\":\"fr-FR\"}]}<\/script>\n<!-- \/ Yoast SEO plugin. -->","yoast_head_json":{"title":"Club des retrait\u00e9s - \u015al\u0105ska Prohibicja","robots":{"index":"index","follow":"follow","max-snippet":"max-snippet:-1","max-image-preview":"max-image-preview:large","max-video-preview":"max-video-preview:-1"},"canonical":"https:\/\/slaskaprohibicja.pl\/fr\/club-des-retraites\/","og_locale":"fr_FR","og_type":"article","og_title":"Club des retrait\u00e9s - \u015al\u0105ska Prohibicja","og_description":"Entrez dans le \u00ab\u00a0Pensioners&rsquo; Club\u00a0\u00bb &#8211; un lieu myst\u00e9rieux et plein d&rsquo;atmosph\u00e8re. Cach\u00e9 dans la prohibition sil\u00e9sienne se trouve un endroit secret, entour\u00e9 d&rsquo;un soup\u00e7on de myst\u00e8re : le \u00ab\u00a0Pensioner&rsquo;s Club\u00a0\u00bb. Il s&rsquo;agit d&rsquo;un espace unique dans le style des anciens clubs clandestins, qui vous ram\u00e8ne \u00e0 l&rsquo;\u00e9poque des rencontres intimes. L&rsquo;entr\u00e9e discr\u00e8te, la lumi\u00e8re [&hellip;]","og_url":"https:\/\/slaskaprohibicja.pl\/fr\/club-des-retraites\/","og_site_name":"\u015al\u0105ska Prohibicja","article_modified_time":"2025-05-15T09:10:08+00:00","og_image":[{"width":664,"height":1000,"url":"https:\/\/slaskaprohibicja.pl\/wp-content\/uploads\/2025\/02\/wilk.png","type":"image\/png"}],"twitter_card":"summary_large_image","twitter_misc":{"Dur\u00e9e de lecture estim\u00e9e":"1 minute"},"schema":{"@context":"https:\/\/schema.org","@graph":[{"@type":"WebPage","@id":"https:\/\/slaskaprohibicja.pl\/fr\/club-des-retraites\/","url":"https:\/\/slaskaprohibicja.pl\/fr\/club-des-retraites\/","name":"Club des retrait\u00e9s - \u015al\u0105ska Prohibicja","isPartOf":{"@id":"https:\/\/slaskaprohibicja.pl\/#website"},"primaryImageOfPage":{"@id":"https:\/\/slaskaprohibicja.pl\/fr\/club-des-retraites\/#primaryimage"},"image":{"@id":"https:\/\/slaskaprohibicja.pl\/fr\/club-des-retraites\/#primaryimage"},"thumbnailUrl":"https:\/\/slaskaprohibicja.pl\/wp-content\/uploads\/2025\/02\/wilk.png","datePublished":"2025-02-06T22:26:57+00:00","dateModified":"2025-05-15T09:10:08+00:00","breadcrumb":{"@id":"https:\/\/slaskaprohibicja.pl\/fr\/club-des-retraites\/#breadcrumb"},"inLanguage":"fr-FR","potentialAction":[{"@type":"ReadAction","target":["https:\/\/slaskaprohibicja.pl\/fr\/club-des-retraites\/"]}]},{"@type":"ImageObject","inLanguage":"fr-FR","@id":"https:\/\/slaskaprohibicja.pl\/fr\/club-des-retraites\/#primaryimage","url":"https:\/\/slaskaprohibicja.pl\/wp-content\/uploads\/2025\/02\/wilk.png","contentUrl":"https:\/\/slaskaprohibicja.pl\/wp-content\/uploads\/2025\/02\/wilk.png"},{"@type":"BreadcrumbList","@id":"https:\/\/slaskaprohibicja.pl\/fr\/club-des-retraites\/#breadcrumb","itemListElement":[{"@type":"ListItem","position":1,"name":"Strona g\u0142\u00f3wna","item":"https:\/\/slaskaprohibicja.pl\/fr\/accueil\/"},{"@type":"ListItem","position":2,"name":"Club des retrait\u00e9s"}]},{"@type":"WebSite","@id":"https:\/\/slaskaprohibicja.pl\/#website","url":"https:\/\/slaskaprohibicja.pl\/","name":"\u015al\u0105ska Prohibicja","description":"Klub Restauracja Scena | Katowice Nikiszowiec","potentialAction":[{"@type":"SearchAction","target":{"@type":"EntryPoint","urlTemplate":"https:\/\/slaskaprohibicja.pl\/?s={search_term_string}"},"query-input":{"@type":"PropertyValueSpecification","valueRequired":true,"valueName":"search_term_string"}}],"inLanguage":"fr-FR"}]}},"_links":{"self":[{"href":"https:\/\/slaskaprohibicja.pl\/fr\/wp-json\/wp\/v2\/pages\/26494","targetHints":{"allow":["GET"]}}],"collection":[{"href":"https:\/\/slaskaprohibicja.pl\/fr\/wp-json\/wp\/v2\/pages"}],"about":[{"href":"https:\/\/slaskaprohibicja.pl\/fr\/wp-json\/wp\/v2\/types\/page"}],"author":[{"embeddable":true,"href":"https:\/\/slaskaprohibicja.pl\/fr\/wp-json\/wp\/v2\/users\/1"}],"replies":[{"embeddable":true,"href":"https:\/\/slaskaprohibicja.pl\/fr\/wp-json\/wp\/v2\/comments?post=26494"}],"version-history":[{"count":1,"href":"https:\/\/slaskaprohibicja.pl\/fr\/wp-json\/wp\/v2\/pages\/26494\/revisions"}],"predecessor-version":[{"id":26496,"href":"https:\/\/slaskaprohibicja.pl\/fr\/wp-json\/wp\/v2\/pages\/26494\/revisions\/26496"}],"wp:attachment":[{"href":"https:\/\/slaskaprohibicja.pl\/fr\/wp-json\/wp\/v2\/media?parent=26494"}],"curies":[{"name":"wp","href":"https:\/\/api.w.org\/{rel}","templated":true}]}}