{"id":26474,"date":"2025-02-17T13:30:44","date_gmt":"2025-02-17T12:30:44","guid":{"rendered":"https:\/\/slaskaprohibicja.pl\/lhistoire\/"},"modified":"2025-05-15T11:06:37","modified_gmt":"2025-05-15T09:06:37","slug":"lhistoire","status":"publish","type":"page","link":"https:\/\/slaskaprohibicja.pl\/fr\/lhistoire\/","title":{"rendered":"L&rsquo;histoire"},"content":{"rendered":"\t\t<div data-elementor-type=\"wp-page\" data-elementor-id=\"26474\" class=\"elementor elementor-26474 elementor-12283\">\n\t\t\t\t\t\t<section class=\"elementor-section elementor-top-section elementor-element elementor-element-9998c85 elementor-section-full_width elementor-section-height-min-height elementor-section-items-bottom vh-sm-100 elementor-section-height-default\" data-id=\"9998c85\" data-element_type=\"section\" data-e-type=\"section\" data-settings=\"{&quot;background_background&quot;:&quot;classic&quot;}\">\n\t\t\t\t\t\t\t<div class=\"elementor-background-overlay\"><\/div>\n\t\t\t\t\t\t\t<div class=\"elementor-container elementor-column-gap-default\">\n\t\t\t\t\t<div class=\"elementor-column elementor-col-100 elementor-top-column elementor-element elementor-element-b21b74f\" data-id=\"b21b74f\" data-element_type=\"column\" data-e-type=\"column\">\n\t\t\t<div class=\"elementor-widget-wrap elementor-element-populated\">\n\t\t\t\t\t\t<section class=\"elementor-section elementor-inner-section elementor-element elementor-element-0e5be44 qodef-elementor-content-grid elementor-section-boxed elementor-section-height-default elementor-section-height-default\" data-id=\"0e5be44\" data-element_type=\"section\" data-e-type=\"section\">\n\t\t\t\t\t\t<div class=\"elementor-container elementor-column-gap-default\">\n\t\t\t\t\t<div class=\"elementor-column elementor-col-100 elementor-inner-column elementor-element elementor-element-4c7ea5e\" data-id=\"4c7ea5e\" data-element_type=\"column\" data-e-type=\"column\">\n\t\t\t<div class=\"elementor-widget-wrap elementor-element-populated\">\n\t\t\t\t\t\t<div class=\"elementor-element elementor-element-3bf4f8f elementor-widget__width-initial elementor-widget-mobile__width-inherit elementor-widget-tablet__width-inherit elementor-invisible elementor-widget elementor-widget-chateau_core_section_title\" data-id=\"3bf4f8f\" data-element_type=\"widget\" data-e-type=\"widget\" data-settings=\"{&quot;_animation&quot;:&quot;fadeInUp&quot;,&quot;_animation_delay&quot;:200}\" data-widget_type=\"chateau_core_section_title.default\">\n\t\t\t\t<div class=\"elementor-widget-container\">\n\t\t\t\t\t<div class=\"qodef-shortcode qodef-m title-reverse qodef-section-title qodef-alignment--left \">\n\t\t<h1 class=\"qodef-m-title\" style=\"color: #FFFFFF\">\n\t\t\t\t\tL'histoire d'un b\u00e2timent\t\t\t<\/h1>\n\t<div class=\"qodef-m-subtitle-content qodef--has-appear\" style=\"margin-top: 0px\">\n\t<div class=\"qodef-m-subtitle-line-one\" style=\"width: 50px;background-color: #FFFFFF\"><\/div>\n\t\t\t<p class=\"qodef-m-subtitle\" style=\"margin-left: 7px;color: #FFFFFF\">L&#039;histoire<\/p>\n\t\t<div class=\"qodef-m-subtitle-line-two\" style=\"display: none;\"><\/div>\n<\/div>\n\t<\/div>\n\t\t\t\t<\/div>\n\t\t\t\t<\/div>\n\t\t\t\t\t<\/div>\n\t\t<\/div>\n\t\t\t\t\t<\/div>\n\t\t<\/section>\n\t\t\t\t\t<\/div>\n\t\t<\/div>\n\t\t\t\t\t<\/div>\n\t\t<\/section>\n\t\t\t\t<section class=\"elementor-section elementor-top-section elementor-element elementor-element-4e0c695 elementor-section-full_width qodef-elementor-content-grid elementor-reverse-tablet elementor-reverse-mobile elementor-section-height-default elementor-section-height-default elementor-invisible\" data-id=\"4e0c695\" data-element_type=\"section\" data-e-type=\"section\" data-settings=\"{&quot;animation&quot;:&quot;fadeInUp&quot;}\">\n\t\t\t\t\t\t<div class=\"elementor-container elementor-column-gap-default\">\n\t\t\t\t\t<div class=\"elementor-column elementor-col-50 elementor-top-column elementor-element elementor-element-9cac62e\" data-id=\"9cac62e\" data-element_type=\"column\" data-e-type=\"column\">\n\t\t\t<div class=\"elementor-widget-wrap elementor-element-populated\">\n\t\t\t\t\t\t<div class=\"elementor-element elementor-element-d0791db e-transform elementor-widget elementor-widget-chateau_core_image_gallery\" data-id=\"d0791db\" data-element_type=\"widget\" data-e-type=\"widget\" data-settings=\"{&quot;_transform_translateX_effect&quot;:{&quot;unit&quot;:&quot;px&quot;,&quot;size&quot;:-20,&quot;sizes&quot;:[]},&quot;_transform_translateY_effect&quot;:{&quot;unit&quot;:&quot;px&quot;,&quot;size&quot;:-20,&quot;sizes&quot;:[]},&quot;_transform_translateX_effect_mobile&quot;:{&quot;unit&quot;:&quot;px&quot;,&quot;size&quot;:-10,&quot;sizes&quot;:[]},&quot;_transform_translateY_effect_mobile&quot;:{&quot;unit&quot;:&quot;px&quot;,&quot;size&quot;:-10,&quot;sizes&quot;:[]},&quot;_transform_translateX_effect_tablet&quot;:{&quot;unit&quot;:&quot;px&quot;,&quot;size&quot;:&quot;&quot;,&quot;sizes&quot;:[]},&quot;_transform_translateY_effect_tablet&quot;:{&quot;unit&quot;:&quot;px&quot;,&quot;size&quot;:&quot;&quot;,&quot;sizes&quot;:[]}}\" data-widget_type=\"chateau_core_image_gallery.default\">\n\t\t\t\t<div class=\"elementor-widget-container\">\n\t\t\t\t\t<div class=\"qodef-shortcode qodef-m  qodef-image-gallery    qodef-grid qodef-layout--columns  qodef-gutter--tiny qodef-vertical-gutter--tiny qodef-col-num--1    qodef-responsive--custom qodef-col-num--1440--1 qodef-col-num--1366--1 qodef-col-num--1024--1 qodef-col-num--768--1 qodef-col-num--680--1 qodef-col-num--480--1\" >\n\t<div class=\"qodef-grid-inner\">\n\t\t<div class=\"qodef-e qodef-image-wrapper qodef-grid-item \">\n\t\t\t<img fetchpriority=\"high\" decoding=\"async\" src=\"https:\/\/slaskaprohibicja.pl\/wp-content\/uploads\/2025\/02\/Zdjecia-powstania-restauracji1-1000x450.jpg\" alt=\"\" width=\"1000\" height=\"450\" data-ratio=\"2.2222222222222\" \/>\t<\/div>\n<div class=\"qodef-e qodef-image-wrapper qodef-grid-item \">\n\t\t\t<img decoding=\"async\" src=\"https:\/\/slaskaprohibicja.pl\/wp-content\/uploads\/2025\/02\/Zdjecia-powstania-restauracji2-1000x450.jpg\" alt=\"\" width=\"1000\" height=\"450\" data-ratio=\"2.2222222222222\" \/>\t<\/div>\n\t<\/div>\n<\/div>\n\t\t\t\t<\/div>\n\t\t\t\t<\/div>\n\t\t\t\t\t<\/div>\n\t\t<\/div>\n\t\t\t\t<div class=\"elementor-column elementor-col-50 elementor-top-column elementor-element elementor-element-8e18ced\" data-id=\"8e18ced\" data-element_type=\"column\" data-e-type=\"column\">\n\t\t\t<div class=\"elementor-widget-wrap elementor-element-populated\">\n\t\t\t\t\t\t<div class=\"elementor-element elementor-element-f0d0b46 elementor-widget__width-initial elementor-widget-mobile__width-inherit elementor-widget-tablet__width-inherit elementor-widget elementor-widget-chateau_core_section_title\" data-id=\"f0d0b46\" data-element_type=\"widget\" data-e-type=\"widget\" data-widget_type=\"chateau_core_section_title.default\">\n\t\t\t\t<div class=\"elementor-widget-container\">\n\t\t\t\t\t<div class=\"qodef-shortcode qodef-m no-subtitle qodef-section-title qodef-alignment--left qodef-title-break--disabled\">\n\t\t<h2 class=\"qodef-m-title\" >\n\t\t\t\t\tDe Gieschewald \u00e0 Nikiszowiec<br>- l'histoire d'un village unique en son genre\t\t\t<\/h2>\n\t<div class=\"qodef-m-subtitle-content qodef--has-appear\" style=\"margin-top: 0px\">\n\t<div class=\"qodef-m-subtitle-line-one\" style=\"width: 50px;background-color: #4C775F\"><\/div>\n\t\t<div class=\"qodef-m-subtitle-line-two\" style=\"display: none;\"><\/div>\n<\/div>\n\t<\/div>\n\t\t\t\t<\/div>\n\t\t\t\t<\/div>\n\t\t\t\t<div class=\"elementor-element elementor-element-07c82ef elementor-widget__width-initial elementor-widget-tablet__width-inherit elementor-widget elementor-widget-text-editor\" data-id=\"07c82ef\" data-element_type=\"widget\" data-e-type=\"widget\" data-widget_type=\"text-editor.default\">\n\t\t\t\t<div class=\"elementor-widget-container\">\n\t\t\t\t\t\t\t\t\t<p>L&rsquo;histoire de Nikiszowiec remonte au d\u00e9but du XXe si\u00e8cle, lorsqu&rsquo;un domaine minier a \u00e9t\u00e9 cr\u00e9\u00e9 dans le cadre de l&rsquo;expansion de la mine \u00ab\u00a0Giesche\u00a0\u00bb. En 1907, le propri\u00e9taire de la mine, l&rsquo;entreprise Erben de Georg von Giesche, a commenc\u00e9 la construction d&rsquo;un village nomm\u00e9 Gieschewald. Apr\u00e8s les soul\u00e8vements de Sil\u00e9sie, le nom polonais de Nikiszowiec a \u00e9t\u00e9 adopt\u00e9. Le directeur Anton Uthemann a voulu cr\u00e9er des colonies ouvri\u00e8res mod\u00e8les, en engageant des architectes de Berlin, ce qui a donn\u00e9 lieu \u00e0 des b\u00e2timents esth\u00e9tiques et fonctionnels.   <\/p><p>Nikiszowiec ressemblait \u00e0 une ville fortifi\u00e9e avec neuf grands immeubles d&rsquo;habitation dot\u00e9s de cours int\u00e9rieures et d&rsquo;une vari\u00e9t\u00e9 de d\u00e9tails architecturaux. Le domaine \u00e9tait autonome, avec des \u00e9quipements publics et des locaux commerciaux. <\/p>\t\t\t\t\t\t\t\t<\/div>\n\t\t\t\t<\/div>\n\t\t\t\t\t<\/div>\n\t\t<\/div>\n\t\t\t\t\t<\/div>\n\t\t<\/section>\n\t\t\t\t<section class=\"elementor-section elementor-top-section elementor-element elementor-element-e5668df elementor-section-full_width elementor-section-height-default elementor-section-height-default\" data-id=\"e5668df\" data-element_type=\"section\" data-e-type=\"section\">\n\t\t\t\t\t\t<div class=\"elementor-container elementor-column-gap-default\">\n\t\t\t\t\t<div class=\"elementor-column elementor-col-100 elementor-top-column elementor-element elementor-element-33bbb10\" data-id=\"33bbb10\" data-element_type=\"column\" data-e-type=\"column\">\n\t\t\t<div class=\"elementor-widget-wrap elementor-element-populated\">\n\t\t\t\t\t\t<section class=\"elementor-section elementor-inner-section elementor-element elementor-element-2e252ff qodef-elementor-content-grid cta-baner elementor-section-boxed elementor-section-height-default elementor-section-height-default\" data-id=\"2e252ff\" data-element_type=\"section\" data-e-type=\"section\">\n\t\t\t\t\t\t<div class=\"elementor-container elementor-column-gap-default\">\n\t\t\t\t\t<div class=\"elementor-column elementor-col-100 elementor-inner-column elementor-element elementor-element-d79c4f9\" data-id=\"d79c4f9\" data-element_type=\"column\" data-e-type=\"column\">\n\t\t\t<div class=\"elementor-widget-wrap\">\n\t\t\t\t\t\t\t<\/div>\n\t\t<\/div>\n\t\t\t\t\t<\/div>\n\t\t<\/section>\n\t\t\t\t\t<\/div>\n\t\t<\/div>\n\t\t\t\t\t<\/div>\n\t\t<\/section>\n\t\t\t\t<section class=\"elementor-section elementor-top-section elementor-element elementor-element-a673184 elementor-section-full_width qodef-elementor-content-grid elementor-section-height-default elementor-section-height-default elementor-invisible\" data-id=\"a673184\" data-element_type=\"section\" data-e-type=\"section\" data-settings=\"{&quot;animation&quot;:&quot;fadeInUp&quot;}\">\n\t\t\t\t\t\t<div class=\"elementor-container elementor-column-gap-default\">\n\t\t\t\t\t<div class=\"elementor-column elementor-col-50 elementor-top-column elementor-element elementor-element-54a20b8\" data-id=\"54a20b8\" data-element_type=\"column\" data-e-type=\"column\">\n\t\t\t<div class=\"elementor-widget-wrap elementor-element-populated\">\n\t\t\t\t\t\t<div class=\"elementor-element elementor-element-a4c938a elementor-widget__width-initial elementor-widget-mobile__width-inherit elementor-widget-tablet__width-inherit elementor-widget elementor-widget-chateau_core_section_title\" data-id=\"a4c938a\" data-element_type=\"widget\" data-e-type=\"widget\" data-widget_type=\"chateau_core_section_title.default\">\n\t\t\t\t<div class=\"elementor-widget-container\">\n\t\t\t\t\t<div class=\"qodef-shortcode qodef-m  qodef-section-title qodef-alignment--left \">\n\t\t<h2 class=\"qodef-m-title\" >\n\t\t\t\t\tCantine des mineurs <br>- autrefois un h\u00f4tel pour les ouvriers, aujourd'hui un restaurant\t\t\t<\/h2>\n\t<div class=\"qodef-m-subtitle-content qodef--has-appear\" style=\"margin-top: 0px\">\n\t<div class=\"qodef-m-subtitle-line-one\" style=\"width: 50px;background-color: #4C775F;display: none;\"><\/div>\n\t\t<div class=\"qodef-m-subtitle-line-two\" style=\"display: none;\"><\/div>\n<\/div>\n\t<\/div>\n\t\t\t\t<\/div>\n\t\t\t\t<\/div>\n\t\t\t\t<div class=\"elementor-element elementor-element-fa1943b elementor-widget__width-initial elementor-widget-tablet__width-inherit elementor-widget elementor-widget-text-editor\" data-id=\"fa1943b\" data-element_type=\"widget\" data-e-type=\"widget\" data-widget_type=\"text-editor.default\">\n\t\t\t\t<div class=\"elementor-widget-container\">\n\t\t\t\t\t\t\t\t\t<p>Le seul b\u00e2timent de trois \u00e9tages \u00e0 Nikiszowiec est l&rsquo;ancienne cantine, qui \u00e9tait un dortoir pour les mineurs. L&rsquo;objectif \u00e9tait de limiter les contacts entre les r\u00e9sidents permanents et les nouveaux arrivants. Nikiszowiec s&rsquo;est install\u00e9 progressivement et le premier r\u00e9sident a \u00e9t\u00e9 Karol Knosalla, le g\u00e9rant de la cantine. Dans l&rsquo;entre-deux-guerres, la salle de la cantine devint un lieu de rencontre pour diverses organisations et, en 1919, elle fut le t\u00e9moin des \u00e9v\u00e9nements li\u00e9s au premier soul\u00e8vement sil\u00e9sien.   <\/p><p>Bien que l&rsquo;h\u00f4tel des travailleurs n&rsquo;existe plus, la salle de restaurant est rest\u00e9e ouverte aux habitants et aux h\u00f4tes de Nikiszowiec.<\/p>\t\t\t\t\t\t\t\t<\/div>\n\t\t\t\t<\/div>\n\t\t\t\t\t<\/div>\n\t\t<\/div>\n\t\t\t\t<div class=\"elementor-column elementor-col-50 elementor-top-column elementor-element elementor-element-421a606\" data-id=\"421a606\" data-element_type=\"column\" data-e-type=\"column\">\n\t\t\t<div class=\"elementor-widget-wrap elementor-element-populated\">\n\t\t\t\t\t\t<div class=\"elementor-element elementor-element-e02ccd9 e-transform elementor-widget elementor-widget-chateau_core_image_gallery\" data-id=\"e02ccd9\" data-element_type=\"widget\" data-e-type=\"widget\" data-settings=\"{&quot;_transform_translateX_effect&quot;:{&quot;unit&quot;:&quot;px&quot;,&quot;size&quot;:20,&quot;sizes&quot;:[]},&quot;_transform_translateY_effect&quot;:{&quot;unit&quot;:&quot;px&quot;,&quot;size&quot;:-20,&quot;sizes&quot;:[]},&quot;_transform_translateX_effect_mobile&quot;:{&quot;unit&quot;:&quot;px&quot;,&quot;size&quot;:10,&quot;sizes&quot;:[]},&quot;_transform_translateY_effect_mobile&quot;:{&quot;unit&quot;:&quot;px&quot;,&quot;size&quot;:-10,&quot;sizes&quot;:[]},&quot;_transform_translateX_effect_tablet&quot;:{&quot;unit&quot;:&quot;px&quot;,&quot;size&quot;:&quot;&quot;,&quot;sizes&quot;:[]},&quot;_transform_translateY_effect_tablet&quot;:{&quot;unit&quot;:&quot;px&quot;,&quot;size&quot;:&quot;&quot;,&quot;sizes&quot;:[]}}\" data-widget_type=\"chateau_core_image_gallery.default\">\n\t\t\t\t<div class=\"elementor-widget-container\">\n\t\t\t\t\t<div class=\"qodef-shortcode qodef-m  qodef-image-gallery    qodef-grid qodef-layout--columns  qodef-gutter--tiny qodef-vertical-gutter--tiny qodef-col-num--2    qodef-responsive--custom qodef-col-num--1440--2 qodef-col-num--1366--2 qodef-col-num--1024--2 qodef-col-num--768--2 qodef-col-num--680--2 qodef-col-num--480--2\" >\n\t<div class=\"qodef-grid-inner\">\n\t\t<div class=\"qodef-e qodef-image-wrapper qodef-grid-item \">\n\t\t\t<img decoding=\"async\" src=\"https:\/\/slaskaprohibicja.pl\/wp-content\/uploads\/2025\/02\/Zdjecia-powstania-restauracji3-450x800.jpg\" alt=\"\" width=\"450\" height=\"800\" data-ratio=\"0.5625\" \/>\t<\/div>\n<div class=\"qodef-e qodef-image-wrapper qodef-grid-item \">\n\t\t\t<img loading=\"lazy\" decoding=\"async\" src=\"https:\/\/slaskaprohibicja.pl\/wp-content\/uploads\/2025\/02\/Zdjecia-powstania-restauracji2-450x800.jpg\" alt=\"\" width=\"450\" height=\"800\" data-ratio=\"0.5625\" \/>\t<\/div>\n\t<\/div>\n<\/div>\n\t\t\t\t<\/div>\n\t\t\t\t<\/div>\n\t\t\t\t\t<\/div>\n\t\t<\/div>\n\t\t\t\t\t<\/div>\n\t\t<\/section>\n\t\t\t\t<\/div>\n\t\t","protected":false},"excerpt":{"rendered":"<p>L&rsquo;histoire d&rsquo;un b\u00e2timent L&#039;histoire De Gieschewald \u00e0 Nikiszowiec&#8211; l&rsquo;histoire d&rsquo;un village unique en son genre L&rsquo;histoire de Nikiszowiec remonte au d\u00e9but du XXe si\u00e8cle, lorsqu&rsquo;un domaine minier a \u00e9t\u00e9 cr\u00e9\u00e9 dans le cadre de l&rsquo;expansion de la mine \u00ab\u00a0Giesche\u00a0\u00bb. En 1907, le propri\u00e9taire de la mine, l&rsquo;entreprise Erben de Georg von Giesche, a commenc\u00e9 la [&hellip;]<\/p>\n","protected":false},"author":1,"featured_media":0,"parent":0,"menu_order":0,"comment_status":"closed","ping_status":"closed","template":"page-full-width.php","meta":{"inline_featured_image":false,"footnotes":""},"class_list":["post-26474","page","type-page","status-publish","hentry"],"yoast_head":"<!-- This site is optimized with the Yoast SEO plugin v27.3 - https:\/\/yoast.com\/product\/yoast-seo-wordpress\/ -->\n<title>L&#039;histoire - \u015al\u0105ska Prohibicja<\/title>\n<meta name=\"description\" content=\"Retracez l&#039;histoire de Nikiszowiec et le d\u00e9but de la prohibition en Sil\u00e9sie - de ses racines mini\u00e8res \u00e0 un restaurant unique.\" \/>\n<meta name=\"robots\" content=\"index, follow, max-snippet:-1, max-image-preview:large, max-video-preview:-1\" \/>\n<link rel=\"canonical\" href=\"https:\/\/slaskaprohibicja.pl\/fr\/lhistoire\/\" \/>\n<meta property=\"og:locale\" content=\"fr_FR\" \/>\n<meta property=\"og:type\" content=\"article\" \/>\n<meta property=\"og:title\" content=\"L&#039;histoire - \u015al\u0105ska Prohibicja\" \/>\n<meta property=\"og:description\" content=\"Retracez l&#039;histoire de Nikiszowiec et le d\u00e9but de la prohibition en Sil\u00e9sie - de ses racines mini\u00e8res \u00e0 un restaurant unique.\" \/>\n<meta property=\"og:url\" content=\"https:\/\/slaskaprohibicja.pl\/fr\/lhistoire\/\" \/>\n<meta property=\"og:site_name\" content=\"\u015al\u0105ska Prohibicja\" \/>\n<meta property=\"article:modified_time\" content=\"2025-05-15T09:06:37+00:00\" \/>\n<meta property=\"og:image\" content=\"https:\/\/slaskaprohibicja.pl\/wp-content\/uploads\/2025\/02\/Zdjecia-powstania-restauracji1-1000x450.jpg\" \/>\n<meta name=\"twitter:card\" content=\"summary_large_image\" \/>\n<meta name=\"twitter:label1\" content=\"Dur\u00e9e de lecture estim\u00e9e\" \/>\n\t<meta name=\"twitter:data1\" content=\"1 minute\" \/>\n<script type=\"application\/ld+json\" class=\"yoast-schema-graph\">{\"@context\":\"https:\\\/\\\/schema.org\",\"@graph\":[{\"@type\":\"WebPage\",\"@id\":\"https:\\\/\\\/slaskaprohibicja.pl\\\/fr\\\/lhistoire\\\/\",\"url\":\"https:\\\/\\\/slaskaprohibicja.pl\\\/fr\\\/lhistoire\\\/\",\"name\":\"L'histoire - \u015al\u0105ska Prohibicja\",\"isPartOf\":{\"@id\":\"https:\\\/\\\/slaskaprohibicja.pl\\\/#website\"},\"primaryImageOfPage\":{\"@id\":\"https:\\\/\\\/slaskaprohibicja.pl\\\/fr\\\/lhistoire\\\/#primaryimage\"},\"image\":{\"@id\":\"https:\\\/\\\/slaskaprohibicja.pl\\\/fr\\\/lhistoire\\\/#primaryimage\"},\"thumbnailUrl\":\"https:\\\/\\\/slaskaprohibicja.pl\\\/wp-content\\\/uploads\\\/2025\\\/02\\\/Zdjecia-powstania-restauracji1-1000x450.jpg\",\"datePublished\":\"2025-02-17T12:30:44+00:00\",\"dateModified\":\"2025-05-15T09:06:37+00:00\",\"description\":\"Retracez l'histoire de Nikiszowiec et le d\u00e9but de la prohibition en Sil\u00e9sie - de ses racines mini\u00e8res \u00e0 un restaurant unique.\",\"breadcrumb\":{\"@id\":\"https:\\\/\\\/slaskaprohibicja.pl\\\/fr\\\/lhistoire\\\/#breadcrumb\"},\"inLanguage\":\"fr-FR\",\"potentialAction\":[{\"@type\":\"ReadAction\",\"target\":[\"https:\\\/\\\/slaskaprohibicja.pl\\\/fr\\\/lhistoire\\\/\"]}]},{\"@type\":\"ImageObject\",\"inLanguage\":\"fr-FR\",\"@id\":\"https:\\\/\\\/slaskaprohibicja.pl\\\/fr\\\/lhistoire\\\/#primaryimage\",\"url\":\"https:\\\/\\\/slaskaprohibicja.pl\\\/wp-content\\\/uploads\\\/2025\\\/02\\\/Zdjecia-powstania-restauracji1-1000x450.jpg\",\"contentUrl\":\"https:\\\/\\\/slaskaprohibicja.pl\\\/wp-content\\\/uploads\\\/2025\\\/02\\\/Zdjecia-powstania-restauracji1-1000x450.jpg\"},{\"@type\":\"BreadcrumbList\",\"@id\":\"https:\\\/\\\/slaskaprohibicja.pl\\\/fr\\\/lhistoire\\\/#breadcrumb\",\"itemListElement\":[{\"@type\":\"ListItem\",\"position\":1,\"name\":\"Strona g\u0142\u00f3wna\",\"item\":\"https:\\\/\\\/slaskaprohibicja.pl\\\/fr\\\/accueil\\\/\"},{\"@type\":\"ListItem\",\"position\":2,\"name\":\"L&#8217;histoire\"}]},{\"@type\":\"WebSite\",\"@id\":\"https:\\\/\\\/slaskaprohibicja.pl\\\/#website\",\"url\":\"https:\\\/\\\/slaskaprohibicja.pl\\\/\",\"name\":\"\u015al\u0105ska Prohibicja\",\"description\":\"Klub Restauracja Scena | Katowice Nikiszowiec\",\"potentialAction\":[{\"@type\":\"SearchAction\",\"target\":{\"@type\":\"EntryPoint\",\"urlTemplate\":\"https:\\\/\\\/slaskaprohibicja.pl\\\/?s={search_term_string}\"},\"query-input\":{\"@type\":\"PropertyValueSpecification\",\"valueRequired\":true,\"valueName\":\"search_term_string\"}}],\"inLanguage\":\"fr-FR\"}]}<\/script>\n<!-- \/ Yoast SEO plugin. -->","yoast_head_json":{"title":"L'histoire - \u015al\u0105ska Prohibicja","description":"Retracez l'histoire de Nikiszowiec et le d\u00e9but de la prohibition en Sil\u00e9sie - de ses racines mini\u00e8res \u00e0 un restaurant unique.","robots":{"index":"index","follow":"follow","max-snippet":"max-snippet:-1","max-image-preview":"max-image-preview:large","max-video-preview":"max-video-preview:-1"},"canonical":"https:\/\/slaskaprohibicja.pl\/fr\/lhistoire\/","og_locale":"fr_FR","og_type":"article","og_title":"L'histoire - \u015al\u0105ska Prohibicja","og_description":"Retracez l'histoire de Nikiszowiec et le d\u00e9but de la prohibition en Sil\u00e9sie - de ses racines mini\u00e8res \u00e0 un restaurant unique.","og_url":"https:\/\/slaskaprohibicja.pl\/fr\/lhistoire\/","og_site_name":"\u015al\u0105ska Prohibicja","article_modified_time":"2025-05-15T09:06:37+00:00","og_image":[{"url":"https:\/\/slaskaprohibicja.pl\/wp-content\/uploads\/2025\/02\/Zdjecia-powstania-restauracji1-1000x450.jpg","type":"","width":"","height":""}],"twitter_card":"summary_large_image","twitter_misc":{"Dur\u00e9e de lecture estim\u00e9e":"1 minute"},"schema":{"@context":"https:\/\/schema.org","@graph":[{"@type":"WebPage","@id":"https:\/\/slaskaprohibicja.pl\/fr\/lhistoire\/","url":"https:\/\/slaskaprohibicja.pl\/fr\/lhistoire\/","name":"L'histoire - \u015al\u0105ska Prohibicja","isPartOf":{"@id":"https:\/\/slaskaprohibicja.pl\/#website"},"primaryImageOfPage":{"@id":"https:\/\/slaskaprohibicja.pl\/fr\/lhistoire\/#primaryimage"},"image":{"@id":"https:\/\/slaskaprohibicja.pl\/fr\/lhistoire\/#primaryimage"},"thumbnailUrl":"https:\/\/slaskaprohibicja.pl\/wp-content\/uploads\/2025\/02\/Zdjecia-powstania-restauracji1-1000x450.jpg","datePublished":"2025-02-17T12:30:44+00:00","dateModified":"2025-05-15T09:06:37+00:00","description":"Retracez l'histoire de Nikiszowiec et le d\u00e9but de la prohibition en Sil\u00e9sie - de ses racines mini\u00e8res \u00e0 un restaurant unique.","breadcrumb":{"@id":"https:\/\/slaskaprohibicja.pl\/fr\/lhistoire\/#breadcrumb"},"inLanguage":"fr-FR","potentialAction":[{"@type":"ReadAction","target":["https:\/\/slaskaprohibicja.pl\/fr\/lhistoire\/"]}]},{"@type":"ImageObject","inLanguage":"fr-FR","@id":"https:\/\/slaskaprohibicja.pl\/fr\/lhistoire\/#primaryimage","url":"https:\/\/slaskaprohibicja.pl\/wp-content\/uploads\/2025\/02\/Zdjecia-powstania-restauracji1-1000x450.jpg","contentUrl":"https:\/\/slaskaprohibicja.pl\/wp-content\/uploads\/2025\/02\/Zdjecia-powstania-restauracji1-1000x450.jpg"},{"@type":"BreadcrumbList","@id":"https:\/\/slaskaprohibicja.pl\/fr\/lhistoire\/#breadcrumb","itemListElement":[{"@type":"ListItem","position":1,"name":"Strona g\u0142\u00f3wna","item":"https:\/\/slaskaprohibicja.pl\/fr\/accueil\/"},{"@type":"ListItem","position":2,"name":"L&#8217;histoire"}]},{"@type":"WebSite","@id":"https:\/\/slaskaprohibicja.pl\/#website","url":"https:\/\/slaskaprohibicja.pl\/","name":"\u015al\u0105ska Prohibicja","description":"Klub Restauracja Scena | Katowice Nikiszowiec","potentialAction":[{"@type":"SearchAction","target":{"@type":"EntryPoint","urlTemplate":"https:\/\/slaskaprohibicja.pl\/?s={search_term_string}"},"query-input":{"@type":"PropertyValueSpecification","valueRequired":true,"valueName":"search_term_string"}}],"inLanguage":"fr-FR"}]}},"_links":{"self":[{"href":"https:\/\/slaskaprohibicja.pl\/fr\/wp-json\/wp\/v2\/pages\/26474","targetHints":{"allow":["GET"]}}],"collection":[{"href":"https:\/\/slaskaprohibicja.pl\/fr\/wp-json\/wp\/v2\/pages"}],"about":[{"href":"https:\/\/slaskaprohibicja.pl\/fr\/wp-json\/wp\/v2\/types\/page"}],"author":[{"embeddable":true,"href":"https:\/\/slaskaprohibicja.pl\/fr\/wp-json\/wp\/v2\/users\/1"}],"replies":[{"embeddable":true,"href":"https:\/\/slaskaprohibicja.pl\/fr\/wp-json\/wp\/v2\/comments?post=26474"}],"version-history":[{"count":1,"href":"https:\/\/slaskaprohibicja.pl\/fr\/wp-json\/wp\/v2\/pages\/26474\/revisions"}],"predecessor-version":[{"id":26480,"href":"https:\/\/slaskaprohibicja.pl\/fr\/wp-json\/wp\/v2\/pages\/26474\/revisions\/26480"}],"wp:attachment":[{"href":"https:\/\/slaskaprohibicja.pl\/fr\/wp-json\/wp\/v2\/media?parent=26474"}],"curies":[{"name":"wp","href":"https:\/\/api.w.org\/{rel}","templated":true}]}}