{"id":24933,"date":"2025-02-06T00:17:46","date_gmt":"2025-02-05T23:17:46","guid":{"rendered":"https:\/\/slaskaprohibicja.pl\/garden\/"},"modified":"2025-04-18T09:54:57","modified_gmt":"2025-04-18T07:54:57","slug":"garden","status":"publish","type":"page","link":"https:\/\/slaskaprohibicja.pl\/en\/garden\/","title":{"rendered":"Garden"},"content":{"rendered":"\t\t<div data-elementor-type=\"wp-page\" data-elementor-id=\"24933\" class=\"elementor elementor-24933 elementor-11100\">\n\t\t\t\t\t\t<section class=\"elementor-section elementor-top-section elementor-element elementor-element-8c6c24d elementor-section-full_width elementor-section-height-min-height elementor-section-items-bottom vh-sm-100 elementor-section-height-default elementor-invisible\" data-id=\"8c6c24d\" data-element_type=\"section\" data-e-type=\"section\" data-settings=\"{&quot;background_background&quot;:&quot;classic&quot;,&quot;animation&quot;:&quot;fadeIn&quot;}\">\n\t\t\t\t\t\t\t<div class=\"elementor-background-overlay\"><\/div>\n\t\t\t\t\t\t\t<div class=\"elementor-container elementor-column-gap-default\">\n\t\t\t\t\t<div class=\"elementor-column elementor-col-100 elementor-top-column elementor-element elementor-element-b6e37ec\" data-id=\"b6e37ec\" data-element_type=\"column\" data-e-type=\"column\">\n\t\t\t<div class=\"elementor-widget-wrap elementor-element-populated\">\n\t\t\t\t\t\t<section class=\"elementor-section elementor-inner-section elementor-element elementor-element-34530e9 qodef-elementor-content-grid elementor-section-boxed elementor-section-height-default elementor-section-height-default\" data-id=\"34530e9\" data-element_type=\"section\" data-e-type=\"section\">\n\t\t\t\t\t\t<div class=\"elementor-container elementor-column-gap-default\">\n\t\t\t\t\t<div class=\"elementor-column elementor-col-100 elementor-inner-column elementor-element elementor-element-90b32fa\" data-id=\"90b32fa\" data-element_type=\"column\" data-e-type=\"column\">\n\t\t\t<div class=\"elementor-widget-wrap elementor-element-populated\">\n\t\t\t\t\t\t<div class=\"elementor-element elementor-element-0bbefd4 elementor-widget__width-initial elementor-widget-mobile__width-inherit elementor-widget-tablet__width-inherit elementor-invisible elementor-widget elementor-widget-chateau_core_section_title\" data-id=\"0bbefd4\" data-element_type=\"widget\" data-e-type=\"widget\" data-settings=\"{&quot;_animation&quot;:&quot;fadeInUp&quot;,&quot;_animation_delay&quot;:200}\" data-widget_type=\"chateau_core_section_title.default\">\n\t\t\t\t<div class=\"elementor-widget-container\">\n\t\t\t\t\t<div class=\"qodef-shortcode qodef-m title-reverse qodef-section-title qodef-alignment--right \">\n\t\t<h1 class=\"qodef-m-title\" style=\"color: #FFFFFF\">\n\t\t\t\t\tStop by the garden<br>\u015al\u0105ska Prohibicja\t\t\t<\/h1>\n\t<div class=\"qodef-m-subtitle-content qodef--has-appear\" style=\"margin-top: 0px\">\n\t<div class=\"qodef-m-subtitle-line-one\" style=\"width: 50px;background-color: #FFFFFF\"><\/div>\n\t\t\t<p class=\"qodef-m-subtitle\" style=\"margin-left: 7px;color: #FFFFFF\">Garden<\/p>\n\t\t<div class=\"qodef-m-subtitle-line-two\" style=\"display: none;\"><\/div>\n<\/div>\n\t<\/div>\n\t\t\t\t<\/div>\n\t\t\t\t<\/div>\n\t\t\t\t\t<\/div>\n\t\t<\/div>\n\t\t\t\t\t<\/div>\n\t\t<\/section>\n\t\t\t\t\t<\/div>\n\t\t<\/div>\n\t\t\t\t\t<\/div>\n\t\t<\/section>\n\t\t\t\t<section class=\"elementor-section elementor-top-section elementor-element elementor-element-c8dafad elementor-section-full_width qodef-elementor-content-grid elementor-section-height-default elementor-section-height-default elementor-invisible\" data-id=\"c8dafad\" data-element_type=\"section\" data-e-type=\"section\" data-settings=\"{&quot;animation&quot;:&quot;fadeInUp&quot;}\">\n\t\t\t\t\t\t<div class=\"elementor-container elementor-column-gap-default\">\n\t\t\t\t\t<div class=\"elementor-column elementor-col-50 elementor-top-column elementor-element elementor-element-1342b72\" data-id=\"1342b72\" data-element_type=\"column\" data-e-type=\"column\">\n\t\t\t<div class=\"elementor-widget-wrap elementor-element-populated\">\n\t\t\t\t\t\t<div class=\"elementor-element elementor-element-6a690b6 elementor-widget__width-initial elementor-widget-mobile__width-inherit elementor-widget-tablet__width-inherit elementor-widget elementor-widget-chateau_core_section_title\" data-id=\"6a690b6\" data-element_type=\"widget\" data-e-type=\"widget\" data-widget_type=\"chateau_core_section_title.default\">\n\t\t\t\t<div class=\"elementor-widget-container\">\n\t\t\t\t\t<div class=\"qodef-shortcode qodef-m  qodef-section-title qodef-alignment--left \">\n\t\t<h2 class=\"qodef-m-title\" >\n\t\t\t\t\tSummer without lemonade and relaxation among greenery? We can't imagine it!   \t\t\t<\/h2>\n\t<div class=\"qodef-m-subtitle-content qodef--has-appear\" style=\"margin-top: 0px\">\n\t<div class=\"qodef-m-subtitle-line-one\" style=\"background-color: #4C775F;display: none;\"><\/div>\n\t\t<div class=\"qodef-m-subtitle-line-two\" style=\"display: none;\"><\/div>\n<\/div>\n\t<\/div>\n\t\t\t\t<\/div>\n\t\t\t\t<\/div>\n\t\t\t\t\t<\/div>\n\t\t<\/div>\n\t\t\t\t<div class=\"elementor-column elementor-col-50 elementor-top-column elementor-element elementor-element-fa5f7b0\" data-id=\"fa5f7b0\" data-element_type=\"column\" data-e-type=\"column\">\n\t\t\t<div class=\"elementor-widget-wrap elementor-element-populated\">\n\t\t\t\t\t\t<div class=\"elementor-element elementor-element-59ec979 elementor-widget__width-initial elementor-widget-tablet__width-inherit elementor-widget elementor-widget-text-editor\" data-id=\"59ec979\" data-element_type=\"widget\" data-e-type=\"widget\" data-widget_type=\"text-editor.default\">\n\t\t\t\t<div class=\"elementor-widget-container\">\n\t\t\t\t\t\t\t\t\t<p><span style=\"font-weight: 400;\">That&#8217;s why every year we meet with you in the Garden of \u015al\u0105ska Prohibicja to indulge in blissful laziness together, hunting for rays of the Katowice sun and surrounding ourselves with the flavors and aromas of Silesian cuisine. Our green space is a place tucked away among historic familoks, surrounded by trees, lush shrubs and fragrant flowers. Here you will find comfortable loungers, benches, but also classic tables where you can enjoy a delicious lunch.<\/span><\/p>\t\t\t\t\t\t\t\t<\/div>\n\t\t\t\t<\/div>\n\t\t\t\t\t<\/div>\n\t\t<\/div>\n\t\t\t\t\t<\/div>\n\t\t<\/section>\n\t\t\t\t<section class=\"elementor-section elementor-top-section elementor-element elementor-element-60d94a7 elementor-section-full_width elementor-section-height-default elementor-section-height-default\" data-id=\"60d94a7\" data-element_type=\"section\" data-e-type=\"section\">\n\t\t\t\t\t\t<div class=\"elementor-container elementor-column-gap-default\">\n\t\t\t\t\t<div class=\"elementor-column elementor-col-100 elementor-top-column elementor-element elementor-element-fec1d63\" data-id=\"fec1d63\" data-element_type=\"column\" data-e-type=\"column\">\n\t\t\t<div class=\"elementor-widget-wrap elementor-element-populated\">\n\t\t\t\t\t\t<div class=\"elementor-element elementor-element-c444e8b elementor-invisible elementor-widget elementor-widget-chateau_core_image_gallery\" data-id=\"c444e8b\" data-element_type=\"widget\" data-e-type=\"widget\" data-settings=\"{&quot;_animation&quot;:&quot;fadeIn&quot;}\" data-widget_type=\"chateau_core_image_gallery.default\">\n\t\t\t\t<div class=\"elementor-widget-container\">\n\t\t\t\t\t<div class=\"qodef-shortcode qodef-m  qodef-image-gallery qodef-magnific-popup qodef-popup-gallery   qodef-grid qodef-swiper-container  qodef-gutter--small  qodef-col-num--3    qodef-responsive--custom qodef-col-num--1440--3 qodef-col-num--1366--3 qodef-col-num--1024--3 qodef-col-num--768--2 qodef-col-num--680--1 qodef-col-num--480--1\"  data-options=\"{&quot;spaceBetween&quot;:10,&quot;slidesPerView&quot;:&quot;3&quot;,&quot;loop&quot;:true,&quot;autoplay&quot;:true,&quot;speed&quot;:&quot;&quot;,&quot;speedAnimation&quot;:&quot;&quot;,&quot;slideAnimation&quot;:&quot;&quot;,&quot;direction&quot;:&quot;&quot;,&quot;centeredSlides&quot;:&quot;&quot;,&quot;sliderScroll&quot;:&quot;&quot;,&quot;loopAdditionalSlides&quot;:&quot;&quot;,&quot;paginationType&quot;:&quot;&quot;,&quot;customStages&quot;:true,&quot;slidesPerView1440&quot;:&quot;3&quot;,&quot;slidesPerView1366&quot;:&quot;3&quot;,&quot;slidesPerView1024&quot;:&quot;3&quot;,&quot;slidesPerView768&quot;:&quot;2&quot;,&quot;slidesPerView680&quot;:&quot;1&quot;,&quot;slidesPerView480&quot;:&quot;1&quot;}\">\n\t<div class=\"swiper-wrapper\">\n\t\t<div class=\"qodef-e qodef-image-wrapper swiper-slide \">\n\t\t\t<a class=\"qodef-popup-item\" itemprop=\"image\" href=\"https:\/\/slaskaprohibicja.pl\/wp-content\/uploads\/2025\/02\/ogrod4.jpg\" data-type=\"image\" title=\"\">\n\t\t<span class=\"qodef-hover-plus\"><\/span>\n\t\t\t<img fetchpriority=\"high\" decoding=\"async\" src=\"https:\/\/slaskaprohibicja.pl\/wp-content\/uploads\/2025\/02\/ogrod4-1000x1400.jpg\" alt=\"\" width=\"1000\" height=\"1400\" data-ratio=\"0.71428571428571\" \/>\t\t\t<\/a>\n\t<\/div>\n<div class=\"qodef-e qodef-image-wrapper swiper-slide \">\n\t\t\t<a class=\"qodef-popup-item\" itemprop=\"image\" href=\"https:\/\/slaskaprohibicja.pl\/wp-content\/uploads\/2025\/02\/ogrod3.jpg\" data-type=\"image\" title=\"\">\n\t\t<span class=\"qodef-hover-plus\"><\/span>\n\t\t\t<img decoding=\"async\" src=\"https:\/\/slaskaprohibicja.pl\/wp-content\/uploads\/2025\/02\/ogrod3-1000x1400.jpg\" alt=\"\" width=\"1000\" height=\"1400\" data-ratio=\"0.71428571428571\" \/>\t\t\t<\/a>\n\t<\/div>\n<div class=\"qodef-e qodef-image-wrapper swiper-slide \">\n\t\t\t<a class=\"qodef-popup-item\" itemprop=\"image\" href=\"https:\/\/slaskaprohibicja.pl\/wp-content\/uploads\/2025\/02\/ogrod2.jpg\" data-type=\"image\" title=\"\">\n\t\t<span class=\"qodef-hover-plus\"><\/span>\n\t\t\t<img decoding=\"async\" src=\"https:\/\/slaskaprohibicja.pl\/wp-content\/uploads\/2025\/02\/ogrod2-1000x1400.jpg\" alt=\"\" width=\"1000\" height=\"1400\" data-ratio=\"0.71428571428571\" \/>\t\t\t<\/a>\n\t<\/div>\n\t<\/div>\n\t\t<\/div>\n\t\t\t\t<\/div>\n\t\t\t\t<\/div>\n\t\t\t\t\t<\/div>\n\t\t<\/div>\n\t\t\t\t\t<\/div>\n\t\t<\/section>\n\t\t\t\t<section class=\"elementor-section elementor-top-section elementor-element elementor-element-87e65f1 elementor-section-full_width elementor-section-height-default elementor-section-height-default\" data-id=\"87e65f1\" data-element_type=\"section\" data-e-type=\"section\">\n\t\t\t\t\t\t<div class=\"elementor-container elementor-column-gap-default\">\n\t\t\t\t\t<div class=\"elementor-column elementor-col-100 elementor-top-column elementor-element elementor-element-559d9cb\" data-id=\"559d9cb\" data-element_type=\"column\" data-e-type=\"column\" data-settings=\"{&quot;background_background&quot;:&quot;classic&quot;}\">\n\t\t\t<div class=\"elementor-widget-wrap elementor-element-populated\">\n\t\t\t\t\t\t<section class=\"elementor-section elementor-inner-section elementor-element elementor-element-7ad8ad5 elementor-section-full_width qodef-elementor-content-grid elementor-section-height-default elementor-section-height-default elementor-invisible\" data-id=\"7ad8ad5\" data-element_type=\"section\" data-e-type=\"section\" data-settings=\"{&quot;background_background&quot;:&quot;classic&quot;,&quot;animation&quot;:&quot;fadeInUp&quot;}\">\n\t\t\t\t\t\t<div class=\"elementor-container elementor-column-gap-default\">\n\t\t\t\t\t<div class=\"elementor-column elementor-col-50 elementor-inner-column elementor-element elementor-element-2bab7c0 elementor-invisible\" data-id=\"2bab7c0\" data-element_type=\"column\" data-e-type=\"column\" data-settings=\"{&quot;animation&quot;:&quot;fadeInUp&quot;}\">\n\t\t\t<div class=\"elementor-widget-wrap elementor-element-populated\">\n\t\t\t\t\t\t<div class=\"elementor-element elementor-element-d305b10 elementor-widget-mobile__width-inherit elementor-widget-tablet__width-inherit elementor-widget__width-initial elementor-widget elementor-widget-chateau_core_section_title\" data-id=\"d305b10\" data-element_type=\"widget\" data-e-type=\"widget\" data-widget_type=\"chateau_core_section_title.default\">\n\t\t\t\t<div class=\"elementor-widget-container\">\n\t\t\t\t\t<div class=\"qodef-shortcode qodef-m  qodef-section-title qodef-alignment--left \">\n\t\t<h2 class=\"qodef-m-title\" >\n\t\t\t\t\tDuring the hot months, an umbrella will protect you from the heat, and music will pass the time.  \t\t\t<\/h2>\n\t<div class=\"qodef-m-subtitle-content qodef--has-appear\" style=\"margin-top: 0px\">\n\t<div class=\"qodef-m-subtitle-line-one\" style=\"width: 50px;background-color: #4C775F;display: none;\"><\/div>\n\t\t<div class=\"qodef-m-subtitle-line-two\" style=\"display: none;\"><\/div>\n<\/div>\n\t<\/div>\n\t\t\t\t<\/div>\n\t\t\t\t<\/div>\n\t\t\t\t<div class=\"elementor-element elementor-element-d5c71ff elementor-widget-tablet__width-inherit elementor-widget elementor-widget-text-editor\" data-id=\"d5c71ff\" data-element_type=\"widget\" data-e-type=\"widget\" data-widget_type=\"text-editor.default\">\n\t\t\t\t<div class=\"elementor-widget-container\">\n\t\t\t\t\t\t\t\t\t<p><span style=\"font-weight: 400;\">On cooler evenings, you can wrap yourself in a cozy blanket and immerse yourself in reading. Our garden hosts outdoor concerts, tastings, fairs and indulgences. You can join the fun at any time. Enjoy your favorite cocktail, beer or freshly squeezed juice. Stop by with your family, friends and acquaintances. Your four-legged pet is also welcome. You don&#8217;t need a reservation to spend time outdoors. Just remember &#8211; first come, first served!<\/span><\/p>\t\t\t\t\t\t\t\t<\/div>\n\t\t\t\t<\/div>\n\t\t\t\t\t<\/div>\n\t\t<\/div>\n\t\t\t\t<div class=\"elementor-column elementor-col-50 elementor-inner-column elementor-element elementor-element-d7be8e5\" data-id=\"d7be8e5\" data-element_type=\"column\" data-e-type=\"column\">\n\t\t\t<div class=\"elementor-widget-wrap elementor-element-populated\">\n\t\t\t\t\t\t<div class=\"elementor-element elementor-element-d3b7c9e elementor-widget__width-initial elementor-invisible elementor-widget elementor-widget-image\" data-id=\"d3b7c9e\" data-element_type=\"widget\" data-e-type=\"widget\" data-settings=\"{&quot;_animation&quot;:&quot;fadeInDown&quot;}\" data-widget_type=\"image.default\">\n\t\t\t\t<div class=\"elementor-widget-container\">\n\t\t\t\t\t\t\t\t\t\t\t\t\t\t\t<img loading=\"lazy\" decoding=\"async\" width=\"825\" height=\"1024\" src=\"https:\/\/slaskaprohibicja.pl\/wp-content\/uploads\/2025\/02\/rys-825x1024.png\" class=\"attachment-large size-large wp-image-24938\" alt=\"\" srcset=\"https:\/\/slaskaprohibicja.pl\/wp-content\/uploads\/2025\/02\/rys-825x1024.png 825w, https:\/\/slaskaprohibicja.pl\/wp-content\/uploads\/2025\/02\/rys-800x993.png 800w, https:\/\/slaskaprohibicja.pl\/wp-content\/uploads\/2025\/02\/rys-242x300.png 242w, https:\/\/slaskaprohibicja.pl\/wp-content\/uploads\/2025\/02\/rys-768x953.png 768w, https:\/\/slaskaprohibicja.pl\/wp-content\/uploads\/2025\/02\/rys.png 1000w\" sizes=\"(max-width: 825px) 100vw, 825px\" \/>\t\t\t\t\t\t\t\t\t\t\t\t\t\t\t<\/div>\n\t\t\t\t<\/div>\n\t\t\t\t\t<\/div>\n\t\t<\/div>\n\t\t\t\t\t<\/div>\n\t\t<\/section>\n\t\t\t\t\t<\/div>\n\t\t<\/div>\n\t\t\t\t\t<\/div>\n\t\t<\/section>\n\t\t\t\t<\/div>\n\t\t","protected":false},"excerpt":{"rendered":"<p>Stop by the garden\u015al\u0105ska Prohibicja Garden Summer without lemonade and relaxation among greenery? We can&#8217;t imagine it! That&#8217;s why every year we meet with you in the Garden of \u015al\u0105ska Prohibicja to indulge in blissful laziness together, hunting for rays of the Katowice sun and surrounding ourselves with the flavors and aromas of Silesian cuisine. [&hellip;]<\/p>\n","protected":false},"author":1,"featured_media":0,"parent":0,"menu_order":0,"comment_status":"closed","ping_status":"closed","template":"page-full-width.php","meta":{"inline_featured_image":false,"footnotes":""},"class_list":["post-24933","page","type-page","status-publish","hentry"],"yoast_head":"<!-- This site is optimized with the Yoast SEO plugin v27.3 - https:\/\/yoast.com\/product\/yoast-seo-wordpress\/ -->\n<title>Garden - \u015al\u0105ska Prohibicja<\/title>\n<meta name=\"robots\" content=\"index, follow, max-snippet:-1, max-image-preview:large, max-video-preview:-1\" \/>\n<link rel=\"canonical\" href=\"https:\/\/slaskaprohibicja.pl\/en\/garden\/\" \/>\n<meta property=\"og:locale\" content=\"en_US\" \/>\n<meta property=\"og:type\" content=\"article\" \/>\n<meta property=\"og:title\" content=\"Garden - \u015al\u0105ska Prohibicja\" \/>\n<meta property=\"og:description\" content=\"Stop by the garden\u015al\u0105ska Prohibicja Garden Summer without lemonade and relaxation among greenery? We can&#8217;t imagine it! That&#8217;s why every year we meet with you in the Garden of \u015al\u0105ska Prohibicja to indulge in blissful laziness together, hunting for rays of the Katowice sun and surrounding ourselves with the flavors and aromas of Silesian cuisine. [&hellip;]\" \/>\n<meta property=\"og:url\" content=\"https:\/\/slaskaprohibicja.pl\/en\/garden\/\" \/>\n<meta property=\"og:site_name\" content=\"\u015al\u0105ska Prohibicja\" \/>\n<meta property=\"article:modified_time\" content=\"2025-04-18T07:54:57+00:00\" \/>\n<meta property=\"og:image\" content=\"https:\/\/slaskaprohibicja.pl\/wp-content\/uploads\/2025\/02\/ogrod4-1000x1400.jpg\" \/>\n<meta name=\"twitter:card\" content=\"summary_large_image\" \/>\n<meta name=\"twitter:label1\" content=\"Est. reading time\" \/>\n\t<meta name=\"twitter:data1\" content=\"1 minute\" \/>\n<script type=\"application\/ld+json\" class=\"yoast-schema-graph\">{\"@context\":\"https:\\\/\\\/schema.org\",\"@graph\":[{\"@type\":\"WebPage\",\"@id\":\"https:\\\/\\\/slaskaprohibicja.pl\\\/en\\\/garden\\\/\",\"url\":\"https:\\\/\\\/slaskaprohibicja.pl\\\/en\\\/garden\\\/\",\"name\":\"Garden - \u015al\u0105ska Prohibicja\",\"isPartOf\":{\"@id\":\"https:\\\/\\\/slaskaprohibicja.pl\\\/#website\"},\"primaryImageOfPage\":{\"@id\":\"https:\\\/\\\/slaskaprohibicja.pl\\\/en\\\/garden\\\/#primaryimage\"},\"image\":{\"@id\":\"https:\\\/\\\/slaskaprohibicja.pl\\\/en\\\/garden\\\/#primaryimage\"},\"thumbnailUrl\":\"https:\\\/\\\/slaskaprohibicja.pl\\\/wp-content\\\/uploads\\\/2025\\\/02\\\/ogrod4-1000x1400.jpg\",\"datePublished\":\"2025-02-05T23:17:46+00:00\",\"dateModified\":\"2025-04-18T07:54:57+00:00\",\"breadcrumb\":{\"@id\":\"https:\\\/\\\/slaskaprohibicja.pl\\\/en\\\/garden\\\/#breadcrumb\"},\"inLanguage\":\"en-US\",\"potentialAction\":[{\"@type\":\"ReadAction\",\"target\":[\"https:\\\/\\\/slaskaprohibicja.pl\\\/en\\\/garden\\\/\"]}]},{\"@type\":\"ImageObject\",\"inLanguage\":\"en-US\",\"@id\":\"https:\\\/\\\/slaskaprohibicja.pl\\\/en\\\/garden\\\/#primaryimage\",\"url\":\"https:\\\/\\\/slaskaprohibicja.pl\\\/wp-content\\\/uploads\\\/2025\\\/02\\\/ogrod4-1000x1400.jpg\",\"contentUrl\":\"https:\\\/\\\/slaskaprohibicja.pl\\\/wp-content\\\/uploads\\\/2025\\\/02\\\/ogrod4-1000x1400.jpg\"},{\"@type\":\"BreadcrumbList\",\"@id\":\"https:\\\/\\\/slaskaprohibicja.pl\\\/en\\\/garden\\\/#breadcrumb\",\"itemListElement\":[{\"@type\":\"ListItem\",\"position\":1,\"name\":\"Strona g\u0142\u00f3wna\",\"item\":\"https:\\\/\\\/slaskaprohibicja.pl\\\/en\\\/home\\\/\"},{\"@type\":\"ListItem\",\"position\":2,\"name\":\"Garden\"}]},{\"@type\":\"WebSite\",\"@id\":\"https:\\\/\\\/slaskaprohibicja.pl\\\/#website\",\"url\":\"https:\\\/\\\/slaskaprohibicja.pl\\\/\",\"name\":\"\u015al\u0105ska Prohibicja\",\"description\":\"Klub Restauracja Scena | Katowice Nikiszowiec\",\"potentialAction\":[{\"@type\":\"SearchAction\",\"target\":{\"@type\":\"EntryPoint\",\"urlTemplate\":\"https:\\\/\\\/slaskaprohibicja.pl\\\/?s={search_term_string}\"},\"query-input\":{\"@type\":\"PropertyValueSpecification\",\"valueRequired\":true,\"valueName\":\"search_term_string\"}}],\"inLanguage\":\"en-US\"}]}<\/script>\n<!-- \/ Yoast SEO plugin. -->","yoast_head_json":{"title":"Garden - \u015al\u0105ska Prohibicja","robots":{"index":"index","follow":"follow","max-snippet":"max-snippet:-1","max-image-preview":"max-image-preview:large","max-video-preview":"max-video-preview:-1"},"canonical":"https:\/\/slaskaprohibicja.pl\/en\/garden\/","og_locale":"en_US","og_type":"article","og_title":"Garden - \u015al\u0105ska Prohibicja","og_description":"Stop by the garden\u015al\u0105ska Prohibicja Garden Summer without lemonade and relaxation among greenery? We can&#8217;t imagine it! That&#8217;s why every year we meet with you in the Garden of \u015al\u0105ska Prohibicja to indulge in blissful laziness together, hunting for rays of the Katowice sun and surrounding ourselves with the flavors and aromas of Silesian cuisine. [&hellip;]","og_url":"https:\/\/slaskaprohibicja.pl\/en\/garden\/","og_site_name":"\u015al\u0105ska Prohibicja","article_modified_time":"2025-04-18T07:54:57+00:00","og_image":[{"url":"https:\/\/slaskaprohibicja.pl\/wp-content\/uploads\/2025\/02\/ogrod4-1000x1400.jpg","type":"","width":"","height":""}],"twitter_card":"summary_large_image","twitter_misc":{"Est. reading time":"1 minute"},"schema":{"@context":"https:\/\/schema.org","@graph":[{"@type":"WebPage","@id":"https:\/\/slaskaprohibicja.pl\/en\/garden\/","url":"https:\/\/slaskaprohibicja.pl\/en\/garden\/","name":"Garden - \u015al\u0105ska Prohibicja","isPartOf":{"@id":"https:\/\/slaskaprohibicja.pl\/#website"},"primaryImageOfPage":{"@id":"https:\/\/slaskaprohibicja.pl\/en\/garden\/#primaryimage"},"image":{"@id":"https:\/\/slaskaprohibicja.pl\/en\/garden\/#primaryimage"},"thumbnailUrl":"https:\/\/slaskaprohibicja.pl\/wp-content\/uploads\/2025\/02\/ogrod4-1000x1400.jpg","datePublished":"2025-02-05T23:17:46+00:00","dateModified":"2025-04-18T07:54:57+00:00","breadcrumb":{"@id":"https:\/\/slaskaprohibicja.pl\/en\/garden\/#breadcrumb"},"inLanguage":"en-US","potentialAction":[{"@type":"ReadAction","target":["https:\/\/slaskaprohibicja.pl\/en\/garden\/"]}]},{"@type":"ImageObject","inLanguage":"en-US","@id":"https:\/\/slaskaprohibicja.pl\/en\/garden\/#primaryimage","url":"https:\/\/slaskaprohibicja.pl\/wp-content\/uploads\/2025\/02\/ogrod4-1000x1400.jpg","contentUrl":"https:\/\/slaskaprohibicja.pl\/wp-content\/uploads\/2025\/02\/ogrod4-1000x1400.jpg"},{"@type":"BreadcrumbList","@id":"https:\/\/slaskaprohibicja.pl\/en\/garden\/#breadcrumb","itemListElement":[{"@type":"ListItem","position":1,"name":"Strona g\u0142\u00f3wna","item":"https:\/\/slaskaprohibicja.pl\/en\/home\/"},{"@type":"ListItem","position":2,"name":"Garden"}]},{"@type":"WebSite","@id":"https:\/\/slaskaprohibicja.pl\/#website","url":"https:\/\/slaskaprohibicja.pl\/","name":"\u015al\u0105ska Prohibicja","description":"Klub Restauracja Scena | Katowice Nikiszowiec","potentialAction":[{"@type":"SearchAction","target":{"@type":"EntryPoint","urlTemplate":"https:\/\/slaskaprohibicja.pl\/?s={search_term_string}"},"query-input":{"@type":"PropertyValueSpecification","valueRequired":true,"valueName":"search_term_string"}}],"inLanguage":"en-US"}]}},"_links":{"self":[{"href":"https:\/\/slaskaprohibicja.pl\/en\/wp-json\/wp\/v2\/pages\/24933","targetHints":{"allow":["GET"]}}],"collection":[{"href":"https:\/\/slaskaprohibicja.pl\/en\/wp-json\/wp\/v2\/pages"}],"about":[{"href":"https:\/\/slaskaprohibicja.pl\/en\/wp-json\/wp\/v2\/types\/page"}],"author":[{"embeddable":true,"href":"https:\/\/slaskaprohibicja.pl\/en\/wp-json\/wp\/v2\/users\/1"}],"replies":[{"embeddable":true,"href":"https:\/\/slaskaprohibicja.pl\/en\/wp-json\/wp\/v2\/comments?post=24933"}],"version-history":[{"count":2,"href":"https:\/\/slaskaprohibicja.pl\/en\/wp-json\/wp\/v2\/pages\/24933\/revisions"}],"predecessor-version":[{"id":24940,"href":"https:\/\/slaskaprohibicja.pl\/en\/wp-json\/wp\/v2\/pages\/24933\/revisions\/24940"}],"wp:attachment":[{"href":"https:\/\/slaskaprohibicja.pl\/en\/wp-json\/wp\/v2\/media?parent=24933"}],"curies":[{"name":"wp","href":"https:\/\/api.w.org\/{rel}","templated":true}]}}