{"id":24902,"date":"2025-02-06T21:22:25","date_gmt":"2025-02-06T20:22:25","guid":{"rendered":"https:\/\/slaskaprohibicja.pl\/people\/"},"modified":"2025-04-25T22:59:55","modified_gmt":"2025-04-25T20:59:55","slug":"people","status":"publish","type":"page","link":"https:\/\/slaskaprohibicja.pl\/en\/people\/","title":{"rendered":"People"},"content":{"rendered":"\t\t<div data-elementor-type=\"wp-page\" data-elementor-id=\"24902\" class=\"elementor elementor-24902 elementor-11118\">\n\t\t\t\t\t\t<section class=\"elementor-section elementor-top-section elementor-element elementor-element-8c6c24d elementor-section-full_width elementor-section-height-min-height elementor-section-items-bottom vh-sm-100 elementor-section-height-default elementor-invisible\" data-id=\"8c6c24d\" data-element_type=\"section\" data-e-type=\"section\" data-settings=\"{&quot;background_background&quot;:&quot;classic&quot;,&quot;animation&quot;:&quot;fadeIn&quot;}\">\n\t\t\t\t\t\t\t<div class=\"elementor-background-overlay\"><\/div>\n\t\t\t\t\t\t\t<div class=\"elementor-container elementor-column-gap-default\">\n\t\t\t\t\t<div class=\"elementor-column elementor-col-100 elementor-top-column elementor-element elementor-element-b6e37ec\" data-id=\"b6e37ec\" data-element_type=\"column\" data-e-type=\"column\">\n\t\t\t<div class=\"elementor-widget-wrap elementor-element-populated\">\n\t\t\t\t\t\t<section class=\"elementor-section elementor-inner-section elementor-element elementor-element-34530e9 qodef-elementor-content-grid elementor-section-boxed elementor-section-height-default elementor-section-height-default\" data-id=\"34530e9\" data-element_type=\"section\" data-e-type=\"section\">\n\t\t\t\t\t\t<div class=\"elementor-container elementor-column-gap-default\">\n\t\t\t\t\t<div class=\"elementor-column elementor-col-100 elementor-inner-column elementor-element elementor-element-90b32fa\" data-id=\"90b32fa\" data-element_type=\"column\" data-e-type=\"column\">\n\t\t\t<div class=\"elementor-widget-wrap elementor-element-populated\">\n\t\t\t\t\t\t<div class=\"elementor-element elementor-element-0bbefd4 elementor-widget__width-initial elementor-widget-mobile__width-inherit elementor-widget-tablet__width-inherit elementor-invisible elementor-widget elementor-widget-chateau_core_section_title\" data-id=\"0bbefd4\" data-element_type=\"widget\" data-e-type=\"widget\" data-settings=\"{&quot;_animation&quot;:&quot;fadeInUp&quot;,&quot;_animation_delay&quot;:200}\" data-widget_type=\"chateau_core_section_title.default\">\n\t\t\t\t<div class=\"elementor-widget-container\">\n\t\t\t\t\t<div class=\"qodef-shortcode qodef-m title-reverse qodef-section-title qodef-alignment--right \">\n\t\t<h1 class=\"qodef-m-title\" style=\"color: #FFFFFF\">\n\t\t\t\t\tThey are the ones who make up<br>\u015al\u0105ska Prohibicja!\t\t\t<\/h1>\n\t<div class=\"qodef-m-subtitle-content qodef--has-appear\" style=\"margin-top: 0px\">\n\t<div class=\"qodef-m-subtitle-line-one\" style=\"width: 50px;background-color: #FFFFFF\"><\/div>\n\t\t\t<p class=\"qodef-m-subtitle\" style=\"margin-left: 7px;color: #FFFFFF\">People<\/p>\n\t\t<div class=\"qodef-m-subtitle-line-two\" style=\"display: none;\"><\/div>\n<\/div>\n\t<\/div>\n\t\t\t\t<\/div>\n\t\t\t\t<\/div>\n\t\t\t\t\t<\/div>\n\t\t<\/div>\n\t\t\t\t\t<\/div>\n\t\t<\/section>\n\t\t\t\t\t<\/div>\n\t\t<\/div>\n\t\t\t\t\t<\/div>\n\t\t<\/section>\n\t\t\t\t<section class=\"elementor-section elementor-top-section elementor-element elementor-element-dea00b1 elementor-section-full_width qodef-elementor-content-grid elementor-section-height-default elementor-section-height-default elementor-invisible\" data-id=\"dea00b1\" data-element_type=\"section\" data-e-type=\"section\" data-settings=\"{&quot;animation&quot;:&quot;fadeInUp&quot;}\">\n\t\t\t\t\t\t<div class=\"elementor-container elementor-column-gap-default\">\n\t\t\t\t\t<div class=\"elementor-column elementor-col-50 elementor-top-column elementor-element elementor-element-191e6f3\" data-id=\"191e6f3\" data-element_type=\"column\" data-e-type=\"column\">\n\t\t\t<div class=\"elementor-widget-wrap elementor-element-populated\">\n\t\t\t\t\t\t<div class=\"elementor-element elementor-element-02e7998 elementor-widget__width-initial elementor-widget-mobile__width-inherit elementor-widget-tablet__width-inherit elementor-widget elementor-widget-chateau_core_section_title\" data-id=\"02e7998\" data-element_type=\"widget\" data-e-type=\"widget\" data-widget_type=\"chateau_core_section_title.default\">\n\t\t\t\t<div class=\"elementor-widget-container\">\n\t\t\t\t\t<div class=\"qodef-shortcode qodef-m  qodef-section-title qodef-alignment--left \">\n\t\t<h2 class=\"qodef-m-title\" >\n\t\t\t\t\t\u015al\u0105ska Prohibicja is not only a place, it is above all the passionate people who create it.\t\t\t<\/h2>\n\t<div class=\"qodef-m-subtitle-content qodef--has-appear\" style=\"margin-top: 0px\">\n\t<div class=\"qodef-m-subtitle-line-one\" style=\"background-color: #4C775F;display: none;\"><\/div>\n\t\t<div class=\"qodef-m-subtitle-line-two\" style=\"display: none;\"><\/div>\n<\/div>\n\t<\/div>\n\t\t\t\t<\/div>\n\t\t\t\t<\/div>\n\t\t\t\t\t<\/div>\n\t\t<\/div>\n\t\t\t\t<div class=\"elementor-column elementor-col-50 elementor-top-column elementor-element elementor-element-7e96560\" data-id=\"7e96560\" data-element_type=\"column\" data-e-type=\"column\">\n\t\t\t<div class=\"elementor-widget-wrap elementor-element-populated\">\n\t\t\t\t\t\t<div class=\"elementor-element elementor-element-cc26a3a elementor-widget__width-initial elementor-widget-tablet__width-inherit elementor-widget elementor-widget-text-editor\" data-id=\"cc26a3a\" data-element_type=\"widget\" data-e-type=\"widget\" data-widget_type=\"text-editor.default\">\n\t\t\t\t<div class=\"elementor-widget-container\">\n\t\t\t\t\t\t\t\t\t<p><span style=\"font-weight: 400;\">Waiters, bartenders and sommeliers greet guests with a smile every day, but that&#8217;s just the beginning. In the kitchen, true culinary artists create dishes that ignite your senses. Office teams organize receptions and bookings, and in the pastry shop, creative confectioners conjure sweet wonders. Together, with full commitment, we create exceptional experiences for every guest.   <\/span><\/p>\t\t\t\t\t\t\t\t<\/div>\n\t\t\t\t<\/div>\n\t\t\t\t\t<\/div>\n\t\t<\/div>\n\t\t\t\t\t<\/div>\n\t\t<\/section>\n\t\t\t\t<section class=\"elementor-section elementor-top-section elementor-element elementor-element-60d94a7 elementor-section-full_width elementor-section-height-default elementor-section-height-default\" data-id=\"60d94a7\" data-element_type=\"section\" data-e-type=\"section\">\n\t\t\t\t\t\t<div class=\"elementor-container elementor-column-gap-default\">\n\t\t\t\t\t<div class=\"elementor-column elementor-col-100 elementor-top-column elementor-element elementor-element-fec1d63\" data-id=\"fec1d63\" data-element_type=\"column\" data-e-type=\"column\">\n\t\t\t<div class=\"elementor-widget-wrap elementor-element-populated\">\n\t\t\t\t\t\t<div class=\"elementor-element elementor-element-c444e8b elementor-invisible elementor-widget elementor-widget-chateau_core_image_gallery\" data-id=\"c444e8b\" data-element_type=\"widget\" data-e-type=\"widget\" data-settings=\"{&quot;_animation&quot;:&quot;fadeIn&quot;}\" data-widget_type=\"chateau_core_image_gallery.default\">\n\t\t\t\t<div class=\"elementor-widget-container\">\n\t\t\t\t\t<div class=\"qodef-shortcode qodef-m  qodef-image-gallery qodef-magnific-popup qodef-popup-gallery   qodef-grid qodef-swiper-container  qodef-gutter--small  qodef-col-num--5    qodef-responsive--custom qodef-col-num--1440--5 qodef-col-num--1366--5 qodef-col-num--1024--3 qodef-col-num--768--3 qodef-col-num--680--1 qodef-col-num--480--1\"  data-options=\"{&quot;spaceBetween&quot;:10,&quot;slidesPerView&quot;:&quot;5&quot;,&quot;loop&quot;:true,&quot;autoplay&quot;:true,&quot;speed&quot;:&quot;1000&quot;,&quot;speedAnimation&quot;:&quot;&quot;,&quot;slideAnimation&quot;:&quot;&quot;,&quot;direction&quot;:&quot;&quot;,&quot;centeredSlides&quot;:&quot;&quot;,&quot;sliderScroll&quot;:&quot;&quot;,&quot;loopAdditionalSlides&quot;:&quot;&quot;,&quot;paginationType&quot;:&quot;&quot;,&quot;customStages&quot;:true,&quot;slidesPerView1440&quot;:&quot;5&quot;,&quot;slidesPerView1366&quot;:&quot;5&quot;,&quot;slidesPerView1024&quot;:&quot;3&quot;,&quot;slidesPerView768&quot;:&quot;3&quot;,&quot;slidesPerView680&quot;:&quot;1&quot;,&quot;slidesPerView480&quot;:&quot;1&quot;}\">\n\t<div class=\"swiper-wrapper\">\n\t\t<div class=\"qodef-e qodef-image-wrapper swiper-slide \">\n\t\t\t<a class=\"qodef-popup-item\" itemprop=\"image\" href=\"https:\/\/slaskaprohibicja.pl\/wp-content\/uploads\/2025\/02\/0c259b69-c76f-4607-a87d-53d5516fc6f7-scaled.jpg\" data-type=\"image\" title=\"\">\n\t\t<span class=\"qodef-hover-plus\"><\/span>\n\t\t\t<img fetchpriority=\"high\" decoding=\"async\" src=\"https:\/\/slaskaprohibicja.pl\/wp-content\/uploads\/2025\/02\/0c259b69-c76f-4607-a87d-53d5516fc6f7-scaled-500x700.jpg\" alt=\"\" width=\"500\" height=\"700\" data-ratio=\"0.71428571428571\" \/>\t\t\t<\/a>\n\t<\/div>\n<div class=\"qodef-e qodef-image-wrapper swiper-slide \">\n\t\t\t<a class=\"qodef-popup-item\" itemprop=\"image\" href=\"https:\/\/slaskaprohibicja.pl\/wp-content\/uploads\/2025\/02\/ludzie5.jpg\" data-type=\"image\" title=\"\">\n\t\t<span class=\"qodef-hover-plus\"><\/span>\n\t\t\t<img decoding=\"async\" src=\"https:\/\/slaskaprohibicja.pl\/wp-content\/uploads\/2025\/02\/ludzie5-500x700.jpg\" alt=\"\" width=\"500\" height=\"700\" data-ratio=\"0.71428571428571\" \/>\t\t\t<\/a>\n\t<\/div>\n<div class=\"qodef-e qodef-image-wrapper swiper-slide \">\n\t\t\t<a class=\"qodef-popup-item\" itemprop=\"image\" href=\"https:\/\/slaskaprohibicja.pl\/wp-content\/uploads\/2025\/02\/Marek-w-kuchni.png\" data-type=\"image\" title=\"\">\n\t\t<span class=\"qodef-hover-plus\"><\/span>\n\t\t\t<img decoding=\"async\" src=\"https:\/\/slaskaprohibicja.pl\/wp-content\/uploads\/2025\/02\/Marek-w-kuchni-500x700.png\" alt=\"\" width=\"500\" height=\"700\" data-ratio=\"0.71428571428571\" \/>\t\t\t<\/a>\n\t<\/div>\n<div class=\"qodef-e qodef-image-wrapper swiper-slide \">\n\t\t\t<a class=\"qodef-popup-item\" itemprop=\"image\" href=\"https:\/\/slaskaprohibicja.pl\/wp-content\/uploads\/2025\/02\/ludzie6.jpg\" data-type=\"image\" title=\"\">\n\t\t<span class=\"qodef-hover-plus\"><\/span>\n\t\t\t<img loading=\"lazy\" decoding=\"async\" src=\"https:\/\/slaskaprohibicja.pl\/wp-content\/uploads\/2025\/02\/ludzie6-500x700.jpg\" alt=\"\" width=\"500\" height=\"700\" data-ratio=\"0.71428571428571\" \/>\t\t\t<\/a>\n\t<\/div>\n<div class=\"qodef-e qodef-image-wrapper swiper-slide \">\n\t\t\t<a class=\"qodef-popup-item\" itemprop=\"image\" href=\"https:\/\/slaskaprohibicja.pl\/wp-content\/uploads\/2025\/02\/DSC4235-scaled.jpg\" data-type=\"image\" title=\"\">\n\t\t<span class=\"qodef-hover-plus\"><\/span>\n\t\t\t<img loading=\"lazy\" decoding=\"async\" src=\"https:\/\/slaskaprohibicja.pl\/wp-content\/uploads\/2025\/02\/DSC4235-scaled-500x700.jpg\" alt=\"\" width=\"500\" height=\"700\" data-ratio=\"0.71428571428571\" \/>\t\t\t<\/a>\n\t<\/div>\n<div class=\"qodef-e qodef-image-wrapper swiper-slide \">\n\t\t\t<a class=\"qodef-popup-item\" itemprop=\"image\" href=\"https:\/\/slaskaprohibicja.pl\/wp-content\/uploads\/2025\/02\/Ola.png\" data-type=\"image\" title=\"\">\n\t\t<span class=\"qodef-hover-plus\"><\/span>\n\t\t\t<img loading=\"lazy\" decoding=\"async\" src=\"https:\/\/slaskaprohibicja.pl\/wp-content\/uploads\/2025\/02\/Ola-500x700.png\" alt=\"\" width=\"500\" height=\"700\" data-ratio=\"0.71428571428571\" \/>\t\t\t<\/a>\n\t<\/div>\n<div class=\"qodef-e qodef-image-wrapper swiper-slide \">\n\t\t\t<a class=\"qodef-popup-item\" itemprop=\"image\" href=\"https:\/\/slaskaprohibicja.pl\/wp-content\/uploads\/2025\/02\/DSC4327-scaled.jpg\" data-type=\"image\" title=\"\">\n\t\t<span class=\"qodef-hover-plus\"><\/span>\n\t\t\t<img loading=\"lazy\" decoding=\"async\" src=\"https:\/\/slaskaprohibicja.pl\/wp-content\/uploads\/2025\/02\/DSC4327-scaled-500x700.jpg\" alt=\"\" width=\"500\" height=\"700\" data-ratio=\"0.71428571428571\" \/>\t\t\t<\/a>\n\t<\/div>\n<div class=\"qodef-e qodef-image-wrapper swiper-slide \">\n\t\t\t<a class=\"qodef-popup-item\" itemprop=\"image\" href=\"https:\/\/slaskaprohibicja.pl\/wp-content\/uploads\/2025\/02\/Marek.png\" data-type=\"image\" title=\"\">\n\t\t<span class=\"qodef-hover-plus\"><\/span>\n\t\t\t<img loading=\"lazy\" decoding=\"async\" src=\"https:\/\/slaskaprohibicja.pl\/wp-content\/uploads\/2025\/02\/Marek-500x700.png\" alt=\"\" width=\"500\" height=\"700\" data-ratio=\"0.71428571428571\" \/>\t\t\t<\/a>\n\t<\/div>\n<div class=\"qodef-e qodef-image-wrapper swiper-slide \">\n\t\t\t<a class=\"qodef-popup-item\" itemprop=\"image\" href=\"https:\/\/slaskaprohibicja.pl\/wp-content\/uploads\/2025\/02\/Msteusz.jpg\" data-type=\"image\" title=\"\">\n\t\t<span class=\"qodef-hover-plus\"><\/span>\n\t\t\t<img loading=\"lazy\" decoding=\"async\" src=\"https:\/\/slaskaprohibicja.pl\/wp-content\/uploads\/2025\/02\/Msteusz-500x700.jpg\" alt=\"\" width=\"500\" height=\"700\" data-ratio=\"0.71428571428571\" \/>\t\t\t<\/a>\n\t<\/div>\n\t<\/div>\n\t\t<\/div>\n\t\t\t\t<\/div>\n\t\t\t\t<\/div>\n\t\t\t\t\t<\/div>\n\t\t<\/div>\n\t\t\t\t\t<\/div>\n\t\t<\/section>\n\t\t\t\t<\/div>\n\t\t","protected":false},"excerpt":{"rendered":"<p>They are the ones who make up\u015al\u0105ska Prohibicja! People \u015al\u0105ska Prohibicja is not only a place, it is above all the passionate people who create it. Waiters, bartenders and sommeliers greet guests with a smile every day, but that&#8217;s just the beginning. In the kitchen, true culinary artists create dishes that ignite your senses. Office [&hellip;]<\/p>\n","protected":false},"author":1,"featured_media":0,"parent":0,"menu_order":0,"comment_status":"closed","ping_status":"closed","template":"page-full-width.php","meta":{"inline_featured_image":false,"footnotes":""},"class_list":["post-24902","page","type-page","status-publish","hentry"],"yoast_head":"<!-- This site is optimized with the Yoast SEO plugin v27.3 - https:\/\/yoast.com\/product\/yoast-seo-wordpress\/ -->\n<title>People - \u015al\u0105ska Prohibicja<\/title>\n<meta name=\"robots\" content=\"index, follow, max-snippet:-1, max-image-preview:large, max-video-preview:-1\" \/>\n<link rel=\"canonical\" href=\"https:\/\/slaskaprohibicja.pl\/en\/people\/\" \/>\n<meta property=\"og:locale\" content=\"en_US\" \/>\n<meta property=\"og:type\" content=\"article\" \/>\n<meta property=\"og:title\" content=\"People - \u015al\u0105ska Prohibicja\" \/>\n<meta property=\"og:description\" content=\"They are the ones who make up\u015al\u0105ska Prohibicja! People \u015al\u0105ska Prohibicja is not only a place, it is above all the passionate people who create it. Waiters, bartenders and sommeliers greet guests with a smile every day, but that&#8217;s just the beginning. In the kitchen, true culinary artists create dishes that ignite your senses. Office [&hellip;]\" \/>\n<meta property=\"og:url\" content=\"https:\/\/slaskaprohibicja.pl\/en\/people\/\" \/>\n<meta property=\"og:site_name\" content=\"\u015al\u0105ska Prohibicja\" \/>\n<meta property=\"article:modified_time\" content=\"2025-04-25T20:59:55+00:00\" \/>\n<meta property=\"og:image\" content=\"https:\/\/slaskaprohibicja.pl\/wp-content\/uploads\/2025\/02\/0c259b69-c76f-4607-a87d-53d5516fc6f7-scaled-500x700.jpg\" \/>\n<meta name=\"twitter:card\" content=\"summary_large_image\" \/>\n<script type=\"application\/ld+json\" class=\"yoast-schema-graph\">{\"@context\":\"https:\\\/\\\/schema.org\",\"@graph\":[{\"@type\":\"WebPage\",\"@id\":\"https:\\\/\\\/slaskaprohibicja.pl\\\/en\\\/people\\\/\",\"url\":\"https:\\\/\\\/slaskaprohibicja.pl\\\/en\\\/people\\\/\",\"name\":\"People - \u015al\u0105ska Prohibicja\",\"isPartOf\":{\"@id\":\"https:\\\/\\\/slaskaprohibicja.pl\\\/#website\"},\"primaryImageOfPage\":{\"@id\":\"https:\\\/\\\/slaskaprohibicja.pl\\\/en\\\/people\\\/#primaryimage\"},\"image\":{\"@id\":\"https:\\\/\\\/slaskaprohibicja.pl\\\/en\\\/people\\\/#primaryimage\"},\"thumbnailUrl\":\"https:\\\/\\\/slaskaprohibicja.pl\\\/wp-content\\\/uploads\\\/2025\\\/02\\\/0c259b69-c76f-4607-a87d-53d5516fc6f7-scaled-500x700.jpg\",\"datePublished\":\"2025-02-06T20:22:25+00:00\",\"dateModified\":\"2025-04-25T20:59:55+00:00\",\"breadcrumb\":{\"@id\":\"https:\\\/\\\/slaskaprohibicja.pl\\\/en\\\/people\\\/#breadcrumb\"},\"inLanguage\":\"en-US\",\"potentialAction\":[{\"@type\":\"ReadAction\",\"target\":[\"https:\\\/\\\/slaskaprohibicja.pl\\\/en\\\/people\\\/\"]}]},{\"@type\":\"ImageObject\",\"inLanguage\":\"en-US\",\"@id\":\"https:\\\/\\\/slaskaprohibicja.pl\\\/en\\\/people\\\/#primaryimage\",\"url\":\"https:\\\/\\\/slaskaprohibicja.pl\\\/wp-content\\\/uploads\\\/2025\\\/02\\\/0c259b69-c76f-4607-a87d-53d5516fc6f7-scaled-500x700.jpg\",\"contentUrl\":\"https:\\\/\\\/slaskaprohibicja.pl\\\/wp-content\\\/uploads\\\/2025\\\/02\\\/0c259b69-c76f-4607-a87d-53d5516fc6f7-scaled-500x700.jpg\"},{\"@type\":\"BreadcrumbList\",\"@id\":\"https:\\\/\\\/slaskaprohibicja.pl\\\/en\\\/people\\\/#breadcrumb\",\"itemListElement\":[{\"@type\":\"ListItem\",\"position\":1,\"name\":\"Strona g\u0142\u00f3wna\",\"item\":\"https:\\\/\\\/slaskaprohibicja.pl\\\/en\\\/home\\\/\"},{\"@type\":\"ListItem\",\"position\":2,\"name\":\"People\"}]},{\"@type\":\"WebSite\",\"@id\":\"https:\\\/\\\/slaskaprohibicja.pl\\\/#website\",\"url\":\"https:\\\/\\\/slaskaprohibicja.pl\\\/\",\"name\":\"\u015al\u0105ska Prohibicja\",\"description\":\"Klub Restauracja Scena | Katowice Nikiszowiec\",\"potentialAction\":[{\"@type\":\"SearchAction\",\"target\":{\"@type\":\"EntryPoint\",\"urlTemplate\":\"https:\\\/\\\/slaskaprohibicja.pl\\\/?s={search_term_string}\"},\"query-input\":{\"@type\":\"PropertyValueSpecification\",\"valueRequired\":true,\"valueName\":\"search_term_string\"}}],\"inLanguage\":\"en-US\"}]}<\/script>\n<!-- \/ Yoast SEO plugin. -->","yoast_head_json":{"title":"People - \u015al\u0105ska Prohibicja","robots":{"index":"index","follow":"follow","max-snippet":"max-snippet:-1","max-image-preview":"max-image-preview:large","max-video-preview":"max-video-preview:-1"},"canonical":"https:\/\/slaskaprohibicja.pl\/en\/people\/","og_locale":"en_US","og_type":"article","og_title":"People - \u015al\u0105ska Prohibicja","og_description":"They are the ones who make up\u015al\u0105ska Prohibicja! People \u015al\u0105ska Prohibicja is not only a place, it is above all the passionate people who create it. Waiters, bartenders and sommeliers greet guests with a smile every day, but that&#8217;s just the beginning. In the kitchen, true culinary artists create dishes that ignite your senses. Office [&hellip;]","og_url":"https:\/\/slaskaprohibicja.pl\/en\/people\/","og_site_name":"\u015al\u0105ska Prohibicja","article_modified_time":"2025-04-25T20:59:55+00:00","og_image":[{"url":"https:\/\/slaskaprohibicja.pl\/wp-content\/uploads\/2025\/02\/0c259b69-c76f-4607-a87d-53d5516fc6f7-scaled-500x700.jpg","type":"","width":"","height":""}],"twitter_card":"summary_large_image","schema":{"@context":"https:\/\/schema.org","@graph":[{"@type":"WebPage","@id":"https:\/\/slaskaprohibicja.pl\/en\/people\/","url":"https:\/\/slaskaprohibicja.pl\/en\/people\/","name":"People - \u015al\u0105ska Prohibicja","isPartOf":{"@id":"https:\/\/slaskaprohibicja.pl\/#website"},"primaryImageOfPage":{"@id":"https:\/\/slaskaprohibicja.pl\/en\/people\/#primaryimage"},"image":{"@id":"https:\/\/slaskaprohibicja.pl\/en\/people\/#primaryimage"},"thumbnailUrl":"https:\/\/slaskaprohibicja.pl\/wp-content\/uploads\/2025\/02\/0c259b69-c76f-4607-a87d-53d5516fc6f7-scaled-500x700.jpg","datePublished":"2025-02-06T20:22:25+00:00","dateModified":"2025-04-25T20:59:55+00:00","breadcrumb":{"@id":"https:\/\/slaskaprohibicja.pl\/en\/people\/#breadcrumb"},"inLanguage":"en-US","potentialAction":[{"@type":"ReadAction","target":["https:\/\/slaskaprohibicja.pl\/en\/people\/"]}]},{"@type":"ImageObject","inLanguage":"en-US","@id":"https:\/\/slaskaprohibicja.pl\/en\/people\/#primaryimage","url":"https:\/\/slaskaprohibicja.pl\/wp-content\/uploads\/2025\/02\/0c259b69-c76f-4607-a87d-53d5516fc6f7-scaled-500x700.jpg","contentUrl":"https:\/\/slaskaprohibicja.pl\/wp-content\/uploads\/2025\/02\/0c259b69-c76f-4607-a87d-53d5516fc6f7-scaled-500x700.jpg"},{"@type":"BreadcrumbList","@id":"https:\/\/slaskaprohibicja.pl\/en\/people\/#breadcrumb","itemListElement":[{"@type":"ListItem","position":1,"name":"Strona g\u0142\u00f3wna","item":"https:\/\/slaskaprohibicja.pl\/en\/home\/"},{"@type":"ListItem","position":2,"name":"People"}]},{"@type":"WebSite","@id":"https:\/\/slaskaprohibicja.pl\/#website","url":"https:\/\/slaskaprohibicja.pl\/","name":"\u015al\u0105ska Prohibicja","description":"Klub Restauracja Scena | Katowice Nikiszowiec","potentialAction":[{"@type":"SearchAction","target":{"@type":"EntryPoint","urlTemplate":"https:\/\/slaskaprohibicja.pl\/?s={search_term_string}"},"query-input":{"@type":"PropertyValueSpecification","valueRequired":true,"valueName":"search_term_string"}}],"inLanguage":"en-US"}]}},"_links":{"self":[{"href":"https:\/\/slaskaprohibicja.pl\/en\/wp-json\/wp\/v2\/pages\/24902","targetHints":{"allow":["GET"]}}],"collection":[{"href":"https:\/\/slaskaprohibicja.pl\/en\/wp-json\/wp\/v2\/pages"}],"about":[{"href":"https:\/\/slaskaprohibicja.pl\/en\/wp-json\/wp\/v2\/types\/page"}],"author":[{"embeddable":true,"href":"https:\/\/slaskaprohibicja.pl\/en\/wp-json\/wp\/v2\/users\/1"}],"replies":[{"embeddable":true,"href":"https:\/\/slaskaprohibicja.pl\/en\/wp-json\/wp\/v2\/comments?post=24902"}],"version-history":[{"count":1,"href":"https:\/\/slaskaprohibicja.pl\/en\/wp-json\/wp\/v2\/pages\/24902\/revisions"}],"predecessor-version":[{"id":24914,"href":"https:\/\/slaskaprohibicja.pl\/en\/wp-json\/wp\/v2\/pages\/24902\/revisions\/24914"}],"wp:attachment":[{"href":"https:\/\/slaskaprohibicja.pl\/en\/wp-json\/wp\/v2\/media?parent=24902"}],"curies":[{"name":"wp","href":"https:\/\/api.w.org\/{rel}","templated":true}]}}