{"id":24757,"date":"2025-02-17T00:42:04","date_gmt":"2025-02-16T23:42:04","guid":{"rendered":"https:\/\/slaskaprohibicja.pl\/news\/"},"modified":"2025-04-25T22:58:19","modified_gmt":"2025-04-25T20:58:19","slug":"news","status":"publish","type":"page","link":"https:\/\/slaskaprohibicja.pl\/en\/news\/","title":{"rendered":"News"},"content":{"rendered":"\t\t<div data-elementor-type=\"wp-page\" data-elementor-id=\"24757\" class=\"elementor elementor-24757 elementor-12199\">\n\t\t\t\t\t\t<section class=\"elementor-section elementor-top-section elementor-element elementor-element-f981614 elementor-section-full_width qodef-elementor-content-grid elementor-section-height-default elementor-section-height-default elementor-invisible\" data-id=\"f981614\" data-element_type=\"section\" data-e-type=\"section\" data-settings=\"{&quot;animation&quot;:&quot;fadeInUp&quot;}\">\n\t\t\t\t\t\t<div class=\"elementor-container elementor-column-gap-default\">\n\t\t\t\t\t<div class=\"elementor-column elementor-col-50 elementor-top-column elementor-element elementor-element-517a3d1\" data-id=\"517a3d1\" data-element_type=\"column\" data-e-type=\"column\">\n\t\t\t<div class=\"elementor-widget-wrap elementor-element-populated\">\n\t\t\t\t\t\t<div class=\"elementor-element elementor-element-709561b elementor-widget__width-initial elementor-widget-mobile__width-inherit elementor-widget-tablet__width-inherit elementor-widget elementor-widget-chateau_core_section_title\" data-id=\"709561b\" data-element_type=\"widget\" data-e-type=\"widget\" data-widget_type=\"chateau_core_section_title.default\">\n\t\t\t\t<div class=\"elementor-widget-container\">\n\t\t\t\t\t<div class=\"qodef-shortcode qodef-m  qodef-section-title qodef-alignment--left \">\n\t\t<h2 class=\"qodef-m-title\" >\n\t\t\t\t\tStay tuned for more!\t\t\t<\/h2>\n\t<div class=\"qodef-m-subtitle-content qodef--has-appear\" style=\"margin-top: 0px\">\n\t<div class=\"qodef-m-subtitle-line-one\" style=\"background-color: #4C775F;display: none;\"><\/div>\n\t\t<div class=\"qodef-m-subtitle-line-two\" style=\"display: none;\"><\/div>\n<\/div>\n\t<\/div>\n\t\t\t\t<\/div>\n\t\t\t\t<\/div>\n\t\t\t\t\t<\/div>\n\t\t<\/div>\n\t\t\t\t<div class=\"elementor-column elementor-col-50 elementor-top-column elementor-element elementor-element-088e225\" data-id=\"088e225\" data-element_type=\"column\" data-e-type=\"column\">\n\t\t\t<div class=\"elementor-widget-wrap elementor-element-populated\">\n\t\t\t\t\t\t<div class=\"elementor-element elementor-element-d7a9075 elementor-widget__width-initial elementor-widget-tablet__width-inherit elementor-widget elementor-widget-text-editor\" data-id=\"d7a9075\" data-element_type=\"widget\" data-e-type=\"widget\" data-widget_type=\"text-editor.default\">\n\t\t\t\t<div class=\"elementor-widget-container\">\n\t\t\t\t\t\t\t\t\tStay up to date with the latest events and tidbits from the world of Silesian Prohibition! Discover seasonal menus, special promotions, announcements of concerts, culinary workshops and inspiring stories about Nikiszowiec. Follow our posts so you don&#8217;t miss any news.\t\t\t\t\t\t\t\t<\/div>\n\t\t\t\t<\/div>\n\t\t\t\t\t<\/div>\n\t\t<\/div>\n\t\t\t\t\t<\/div>\n\t\t<\/section>\n\t\t\t\t<section class=\"elementor-section elementor-top-section elementor-element elementor-element-649a1d3 qodef-elementor-content-grid elementor-section-boxed elementor-section-height-default elementor-section-height-default\" data-id=\"649a1d3\" data-element_type=\"section\" data-e-type=\"section\" data-settings=\"{&quot;animation&quot;:&quot;none&quot;}\">\n\t\t\t\t\t\t<div class=\"elementor-container elementor-column-gap-default\">\n\t\t\t\t\t<div class=\"elementor-column elementor-col-100 elementor-top-column elementor-element elementor-element-251427e\" data-id=\"251427e\" data-element_type=\"column\" data-e-type=\"column\">\n\t\t\t<div class=\"elementor-widget-wrap elementor-element-populated\">\n\t\t\t\t\t\t<div class=\"elementor-element elementor-element-0c00abe title-bottom elementor-widget elementor-widget-chateau_core_blog_list\" data-id=\"0c00abe\" data-element_type=\"widget\" data-e-type=\"widget\" data-widget_type=\"chateau_core_blog_list.default\">\n\t\t\t\t<div class=\"elementor-widget-container\">\n\t\t\t\t\t<div class=\"qodef-shortcode qodef-m  qodef-blog qodef--list qodef-item-layout--standard  qodef-grid qodef-layout--columns    qodef-col-num--2 qodef-item-layout--standard   qodef-pagination--on qodef-pagination-type--load-more qodef-responsive--custom qodef-col-num--1440--2 qodef-col-num--1366--2 qodef-col-num--1024--2 qodef-col-num--768--1 qodef-col-num--680--1 qodef-col-num--480--1\" data-options=\"{&quot;plugin&quot;:&quot;chateau_core&quot;,&quot;module&quot;:&quot;blog\\\/shortcodes&quot;,&quot;shortcode&quot;:&quot;blog-list&quot;,&quot;post_type&quot;:&quot;post&quot;,&quot;next_page&quot;:&quot;2&quot;,&quot;max_pages_num&quot;:1,&quot;behavior&quot;:&quot;columns&quot;,&quot;images_proportion&quot;:&quot;chateau_core_image_size_landscape&quot;,&quot;columns&quot;:&quot;2&quot;,&quot;columns_responsive&quot;:&quot;custom&quot;,&quot;columns_1440&quot;:&quot;2&quot;,&quot;columns_1366&quot;:&quot;2&quot;,&quot;columns_1024&quot;:&quot;2&quot;,&quot;columns_768&quot;:&quot;1&quot;,&quot;columns_680&quot;:&quot;1&quot;,&quot;columns_480&quot;:&quot;1&quot;,&quot;posts_per_page&quot;:&quot;10&quot;,&quot;orderby&quot;:&quot;date&quot;,&quot;order&quot;:&quot;DESC&quot;,&quot;additional_params&quot;:&quot;tax&quot;,&quot;tax&quot;:&quot;category&quot;,&quot;tax_slug&quot;:&quot;aktualnosci&quot;,&quot;layout&quot;:&quot;standard&quot;,&quot;title_tag&quot;:&quot;h4&quot;,&quot;excerpt_length&quot;:&quot;0&quot;,&quot;qodef_blog_list_center_content&quot;:&quot;yes&quot;,&quot;item_margin_bottom&quot;:&quot;5%&quot;,&quot;pagination_type&quot;:&quot;load-more&quot;,&quot;object_class_name&quot;:&quot;ChateauCore_Blog_List_Shortcode&quot;,&quot;taxonomy_filter&quot;:&quot;category&quot;,&quot;additional_query_args&quot;:{&quot;tax_query&quot;:[{&quot;taxonomy&quot;:&quot;category&quot;,&quot;field&quot;:&quot;slug&quot;,&quot;terms&quot;:&quot;aktualnosci&quot;}]}}\">\n\t\t<div class=\"qodef-grid-inner\">\n\t\t\n<article class=\"qodef-e qodef-blog-item qodef-blog-list-centered qodef-grid-item qodef-item--landscape post-36738 post type-post status-publish format-standard has-post-thumbnail hentry category-news\" style=\"margin-bottom:5%\">\n\t<div class=\"qodef-e-inner\">\n\t\t<div class=\"qodef-e-content\">\n            <div class=\"qodef-e-title-holder\">\n                <h4 itemprop=\"name\" class=\"qodef-e-title entry-title\" >\n\t<a itemprop=\"url\" class=\"qodef-e-title-link\" href=\"https:\/\/slaskaprohibicja.pl\/en\/silesian-prohibition-with-red-star-star-wine-list-2\/\">\n\t\tSilesian Prohibition with Red Star Star Wine List\t<\/a>\n<\/h4>\n            <\/div>\n\t\t\t<div class=\"qodef-e-top-holder\">\n\t\t\t\t<div class=\"qodef-e-info\">\n\t\t\t\t\t<a itemprop=\"dateCreated\" href=\"https:\/\/slaskaprohibicja.pl\/en\/2025\/12\/\" class=\"entry-date \">\n\t19.12.2025<\/a><div class=\"qodef-info-separator-end\"><\/div>\n<a href=\"https:\/\/slaskaprohibicja.pl\/en\/category\/news\/\" rel=\"tag\">News<\/a><div class=\"qodef-info-separator-end\"><\/div>\t\t\t\t<\/div>\n\t\t\t<\/div>\n            \t<div class=\"qodef-e-media\">\n\t\t<div class=\"qodef-e-media-image\">\n\t\t\t<a itemprop=\"url\" href=\"https:\/\/slaskaprohibicja.pl\/en\/silesian-prohibition-with-red-star-star-wine-list-2\/\">\n\t\t\t\t<img fetchpriority=\"high\" decoding=\"async\" width=\"1300\" height=\"800\" src=\"https:\/\/slaskaprohibicja.pl\/wp-content\/uploads\/2025\/12\/Projekt-bez-nazwy-13-1300x800.png\" class=\"attachment-chateau_core_image_size_landscape size-chateau_core_image_size_landscape\" alt=\"urodziny\" \/>\t\t\t<\/a>\n\t\t<\/div>\n\t<\/div>\n\t\t\t<div class=\"qodef-e-text\">\n\t\t\t\t\t\t\t<\/div>\n\t\t\t<div class=\"qodef-e-bottom-holder\">\n                \t<div class=\"qodef-e-read-more\">\n\t\t<a class=\"qodef-shortcode qodef-m  qodef-button qodef-layout--discontinuous  qodef-html--link\" href=\"https:\/\/slaskaprohibicja.pl\/en\/silesian-prohibition-with-red-star-star-wine-list-2\/\" target=\"_self\"  >\t<span class=\"qodef-m-text\">Read More<\/span>\t<span class=\"qodef-disc-btn qodef-disc-btn-top-left\"><\/span>\t<span class=\"qodef-disc-btn qodef-disc-btn-top-right\"><\/span>\t<span class=\"qodef-disc-btn qodef-disc-btn-right\"><\/span>\t<span class=\"qodef-disc-btn qodef-disc-btn-bottom-right\"><\/span>\t<span class=\"qodef-disc-btn qodef-disc-btn-bottom-left\"><\/span>\t<span class=\"qodef-disc-btn qodef-blob-btn-left\"><\/span><\/a>\t<\/div>\n\t\t\t<\/div>\n\t\t<\/div>\n\t<\/div>\n<\/article>\n\n<article class=\"qodef-e qodef-blog-item qodef-blog-list-centered qodef-grid-item qodef-item--landscape post-25047 post type-post status-publish format-standard has-post-thumbnail hentry category-news\" style=\"margin-bottom:5%\">\n\t<div class=\"qodef-e-inner\">\n\t\t<div class=\"qodef-e-content\">\n            <div class=\"qodef-e-title-holder\">\n                <h4 itemprop=\"name\" class=\"qodef-e-title entry-title\" >\n\t<a itemprop=\"url\" class=\"qodef-e-title-link\" href=\"https:\/\/slaskaprohibicja.pl\/en\/silesian-prohibition-with-red-star-star-wine-list\/\">\n\t\tSilesian Prohibition with Red Star Star Wine List\t<\/a>\n<\/h4>\n            <\/div>\n\t\t\t<div class=\"qodef-e-top-holder\">\n\t\t\t\t<div class=\"qodef-e-info\">\n\t\t\t\t\t<a itemprop=\"dateCreated\" href=\"https:\/\/slaskaprohibicja.pl\/en\/2025\/03\/\" class=\"entry-date \">\n\t03.03.2025<\/a><div class=\"qodef-info-separator-end\"><\/div>\n<a href=\"https:\/\/slaskaprohibicja.pl\/en\/category\/news\/\" rel=\"tag\">News<\/a><div class=\"qodef-info-separator-end\"><\/div>\t\t\t\t<\/div>\n\t\t\t<\/div>\n            \t<div class=\"qodef-e-media\">\n\t\t<div class=\"qodef-e-media-image\">\n\t\t\t<a itemprop=\"url\" href=\"https:\/\/slaskaprohibicja.pl\/en\/silesian-prohibition-with-red-star-star-wine-list\/\">\n\t\t\t\t<img decoding=\"async\" width=\"1300\" height=\"800\" src=\"https:\/\/slaskaprohibicja.pl\/wp-content\/uploads\/2025\/03\/Projekt-bez-nazwy-17-1300x800.png\" class=\"attachment-chateau_core_image_size_landscape size-chateau_core_image_size_landscape wp-post-image\" alt=\"\" \/>\t\t\t<\/a>\n\t\t<\/div>\n\t<\/div>\n\t\t\t<div class=\"qodef-e-text\">\n\t\t\t\t\t\t\t<\/div>\n\t\t\t<div class=\"qodef-e-bottom-holder\">\n                \t<div class=\"qodef-e-read-more\">\n\t\t<a class=\"qodef-shortcode qodef-m  qodef-button qodef-layout--discontinuous  qodef-html--link\" href=\"https:\/\/slaskaprohibicja.pl\/en\/silesian-prohibition-with-red-star-star-wine-list\/\" target=\"_self\"  >\t<span class=\"qodef-m-text\">Read More<\/span>\t<span class=\"qodef-disc-btn qodef-disc-btn-top-left\"><\/span>\t<span class=\"qodef-disc-btn qodef-disc-btn-top-right\"><\/span>\t<span class=\"qodef-disc-btn qodef-disc-btn-right\"><\/span>\t<span class=\"qodef-disc-btn qodef-disc-btn-bottom-right\"><\/span>\t<span class=\"qodef-disc-btn qodef-disc-btn-bottom-left\"><\/span>\t<span class=\"qodef-disc-btn qodef-blob-btn-left\"><\/span><\/a>\t<\/div>\n\t\t\t<\/div>\n\t\t<\/div>\n\t<\/div>\n<\/article>\n\n<article class=\"qodef-e qodef-blog-item qodef-blog-list-centered qodef-grid-item qodef-item--landscape post-25050 post type-post status-publish format-standard has-post-thumbnail hentry category-news\" style=\"margin-bottom:5%\">\n\t<div class=\"qodef-e-inner\">\n\t\t<div class=\"qodef-e-content\">\n            <div class=\"qodef-e-title-holder\">\n                <h4 itemprop=\"name\" class=\"qodef-e-title entry-title\" >\n\t<a itemprop=\"url\" class=\"qodef-e-title-link\" href=\"https:\/\/slaskaprohibicja.pl\/en\/flavors-of-silesia-a-journey-through-tradition-and-modernity\/\">\n\t\tFlavors of Silesia: A Journey through Tradition and Modernity\t<\/a>\n<\/h4>\n            <\/div>\n\t\t\t<div class=\"qodef-e-top-holder\">\n\t\t\t\t<div class=\"qodef-e-info\">\n\t\t\t\t\t<a itemprop=\"dateCreated\" href=\"https:\/\/slaskaprohibicja.pl\/en\/2025\/02\/\" class=\"entry-date \">\n\t23.02.2025<\/a><div class=\"qodef-info-separator-end\"><\/div>\n<a href=\"https:\/\/slaskaprohibicja.pl\/en\/category\/news\/\" rel=\"tag\">News<\/a><div class=\"qodef-info-separator-end\"><\/div>\t\t\t\t<\/div>\n\t\t\t<\/div>\n            \t<div class=\"qodef-e-media\">\n\t\t<div class=\"qodef-e-media-image\">\n\t\t\t<a itemprop=\"url\" href=\"https:\/\/slaskaprohibicja.pl\/en\/flavors-of-silesia-a-journey-through-tradition-and-modernity\/\">\n\t\t\t\t<img decoding=\"async\" width=\"1300\" height=\"800\" src=\"https:\/\/slaskaprohibicja.pl\/wp-content\/uploads\/2025\/02\/3-2-1300x800.png\" class=\"attachment-chateau_core_image_size_landscape size-chateau_core_image_size_landscape wp-post-image\" alt=\"\" \/>\t\t\t<\/a>\n\t\t<\/div>\n\t<\/div>\n\t\t\t<div class=\"qodef-e-text\">\n\t\t\t\t\t\t\t<\/div>\n\t\t\t<div class=\"qodef-e-bottom-holder\">\n                \t<div class=\"qodef-e-read-more\">\n\t\t<a class=\"qodef-shortcode qodef-m  qodef-button qodef-layout--discontinuous  qodef-html--link\" href=\"https:\/\/slaskaprohibicja.pl\/en\/flavors-of-silesia-a-journey-through-tradition-and-modernity\/\" target=\"_self\"  >\t<span class=\"qodef-m-text\">Read More<\/span>\t<span class=\"qodef-disc-btn qodef-disc-btn-top-left\"><\/span>\t<span class=\"qodef-disc-btn qodef-disc-btn-top-right\"><\/span>\t<span class=\"qodef-disc-btn qodef-disc-btn-right\"><\/span>\t<span class=\"qodef-disc-btn qodef-disc-btn-bottom-right\"><\/span>\t<span class=\"qodef-disc-btn qodef-disc-btn-bottom-left\"><\/span>\t<span class=\"qodef-disc-btn qodef-blob-btn-left\"><\/span><\/a>\t<\/div>\n\t\t\t<\/div>\n\t\t<\/div>\n\t<\/div>\n<\/article>\n\n<article class=\"qodef-e qodef-blog-item qodef-blog-list-centered qodef-grid-item qodef-item--landscape post-25057 post type-post status-publish format-standard has-post-thumbnail hentry category-news\" style=\"margin-bottom:5%\">\n\t<div class=\"qodef-e-inner\">\n\t\t<div class=\"qodef-e-content\">\n            <div class=\"qodef-e-title-holder\">\n                <h4 itemprop=\"name\" class=\"qodef-e-title entry-title\" >\n\t<a itemprop=\"url\" class=\"qodef-e-title-link\" href=\"https:\/\/slaskaprohibicja.pl\/en\/5-forks\/\">\n\t\t5 forks\t<\/a>\n<\/h4>\n            <\/div>\n\t\t\t<div class=\"qodef-e-top-holder\">\n\t\t\t\t<div class=\"qodef-e-info\">\n\t\t\t\t\t<a itemprop=\"dateCreated\" href=\"https:\/\/slaskaprohibicja.pl\/en\/2025\/02\/\" class=\"entry-date \">\n\t23.02.2025<\/a><div class=\"qodef-info-separator-end\"><\/div>\n<a href=\"https:\/\/slaskaprohibicja.pl\/en\/category\/news\/\" rel=\"tag\">News<\/a><div class=\"qodef-info-separator-end\"><\/div>\t\t\t\t<\/div>\n\t\t\t<\/div>\n            \t<div class=\"qodef-e-media\">\n\t\t<div class=\"qodef-e-media-image\">\n\t\t\t<a itemprop=\"url\" href=\"https:\/\/slaskaprohibicja.pl\/en\/5-forks\/\">\n\t\t\t\t<img loading=\"lazy\" decoding=\"async\" width=\"1300\" height=\"800\" src=\"https:\/\/slaskaprohibicja.pl\/wp-content\/uploads\/2025\/02\/5-1300x800.png\" class=\"attachment-chateau_core_image_size_landscape size-chateau_core_image_size_landscape wp-post-image\" alt=\"\" \/>\t\t\t<\/a>\n\t\t<\/div>\n\t<\/div>\n\t\t\t<div class=\"qodef-e-text\">\n\t\t\t\t\t\t\t<\/div>\n\t\t\t<div class=\"qodef-e-bottom-holder\">\n                \t<div class=\"qodef-e-read-more\">\n\t\t<a class=\"qodef-shortcode qodef-m  qodef-button qodef-layout--discontinuous  qodef-html--link\" href=\"https:\/\/slaskaprohibicja.pl\/en\/5-forks\/\" target=\"_self\"  >\t<span class=\"qodef-m-text\">Read More<\/span>\t<span class=\"qodef-disc-btn qodef-disc-btn-top-left\"><\/span>\t<span class=\"qodef-disc-btn qodef-disc-btn-top-right\"><\/span>\t<span class=\"qodef-disc-btn qodef-disc-btn-right\"><\/span>\t<span class=\"qodef-disc-btn qodef-disc-btn-bottom-right\"><\/span>\t<span class=\"qodef-disc-btn qodef-disc-btn-bottom-left\"><\/span>\t<span class=\"qodef-disc-btn qodef-blob-btn-left\"><\/span><\/a>\t<\/div>\n\t\t\t<\/div>\n\t\t<\/div>\n\t<\/div>\n<\/article>\n\n<article class=\"qodef-e qodef-blog-item qodef-blog-list-centered qodef-grid-item qodef-item--landscape post-25060 post type-post status-publish format-standard has-post-thumbnail hentry category-news\" style=\"margin-bottom:5%\">\n\t<div class=\"qodef-e-inner\">\n\t\t<div class=\"qodef-e-content\">\n            <div class=\"qodef-e-title-holder\">\n                <h4 itemprop=\"name\" class=\"qodef-e-title entry-title\" >\n\t<a itemprop=\"url\" class=\"qodef-e-title-link\" href=\"https:\/\/slaskaprohibicja.pl\/en\/attention-is-flying-spodek-in-silesian-prohibition\/\">\n\t\tAttention is flying! Spodek in Silesian Prohibition\t<\/a>\n<\/h4>\n            <\/div>\n\t\t\t<div class=\"qodef-e-top-holder\">\n\t\t\t\t<div class=\"qodef-e-info\">\n\t\t\t\t\t<a itemprop=\"dateCreated\" href=\"https:\/\/slaskaprohibicja.pl\/en\/2025\/02\/\" class=\"entry-date \">\n\t23.02.2025<\/a><div class=\"qodef-info-separator-end\"><\/div>\n<a href=\"https:\/\/slaskaprohibicja.pl\/en\/category\/news\/\" rel=\"tag\">News<\/a><div class=\"qodef-info-separator-end\"><\/div>\t\t\t\t<\/div>\n\t\t\t<\/div>\n            \t<div class=\"qodef-e-media\">\n\t\t<div class=\"qodef-e-media-image\">\n\t\t\t<a itemprop=\"url\" href=\"https:\/\/slaskaprohibicja.pl\/en\/attention-is-flying-spodek-in-silesian-prohibition\/\">\n\t\t\t\t<img loading=\"lazy\" decoding=\"async\" width=\"1300\" height=\"800\" src=\"https:\/\/slaskaprohibicja.pl\/wp-content\/uploads\/2025\/02\/7-1300x800.png\" class=\"attachment-chateau_core_image_size_landscape size-chateau_core_image_size_landscape wp-post-image\" alt=\"\" \/>\t\t\t<\/a>\n\t\t<\/div>\n\t<\/div>\n\t\t\t<div class=\"qodef-e-text\">\n\t\t\t\t\t\t\t<\/div>\n\t\t\t<div class=\"qodef-e-bottom-holder\">\n                \t<div class=\"qodef-e-read-more\">\n\t\t<a class=\"qodef-shortcode qodef-m  qodef-button qodef-layout--discontinuous  qodef-html--link\" href=\"https:\/\/slaskaprohibicja.pl\/en\/attention-is-flying-spodek-in-silesian-prohibition\/\" target=\"_self\"  >\t<span class=\"qodef-m-text\">Read More<\/span>\t<span class=\"qodef-disc-btn qodef-disc-btn-top-left\"><\/span>\t<span class=\"qodef-disc-btn qodef-disc-btn-top-right\"><\/span>\t<span class=\"qodef-disc-btn qodef-disc-btn-right\"><\/span>\t<span class=\"qodef-disc-btn qodef-disc-btn-bottom-right\"><\/span>\t<span class=\"qodef-disc-btn qodef-disc-btn-bottom-left\"><\/span>\t<span class=\"qodef-disc-btn qodef-blob-btn-left\"><\/span><\/a>\t<\/div>\n\t\t\t<\/div>\n\t\t<\/div>\n\t<\/div>\n<\/article>\n\t<\/div>\n\t<\/div>\n\t\t\t\t<\/div>\n\t\t\t\t<\/div>\n\t\t\t\t\t<\/div>\n\t\t<\/div>\n\t\t\t\t\t<\/div>\n\t\t<\/section>\n\t\t\t\t<\/div>\n\t\t","protected":false},"excerpt":{"rendered":"<p>Stay tuned for more! Stay up to date with the latest events and tidbits from the world of Silesian Prohibition! Discover seasonal menus, special promotions, announcements of concerts, culinary workshops and inspiring stories about Nikiszowiec. Follow our posts so you don&#8217;t miss any news. \u015al\u0105ska Prohibicja z Czerwon\u0105 Gwiazdk\u0105 Star Wine List 03.03.2025 Aktualno\u015bci Czytaj [&hellip;]<\/p>\n","protected":false},"author":1,"featured_media":0,"parent":0,"menu_order":0,"comment_status":"closed","ping_status":"closed","template":"page-full-width.php","meta":{"inline_featured_image":false,"footnotes":""},"class_list":["post-24757","page","type-page","status-publish","hentry"],"yoast_head":"<!-- This site is optimized with the Yoast SEO plugin v27.4 - https:\/\/yoast.com\/product\/yoast-seo-wordpress\/ -->\n<title>News - \u015al\u0105ska Prohibicja<\/title>\n<meta name=\"robots\" content=\"index, follow, max-snippet:-1, max-image-preview:large, max-video-preview:-1\" \/>\n<link rel=\"canonical\" href=\"https:\/\/slaskaprohibicja.pl\/en\/news\/\" \/>\n<meta property=\"og:locale\" content=\"en_US\" \/>\n<meta property=\"og:type\" content=\"article\" \/>\n<meta property=\"og:title\" content=\"News - \u015al\u0105ska Prohibicja\" \/>\n<meta property=\"og:description\" content=\"Stay tuned for more! Stay up to date with the latest events and tidbits from the world of Silesian Prohibition! Discover seasonal menus, special promotions, announcements of concerts, culinary workshops and inspiring stories about Nikiszowiec. Follow our posts so you don&#8217;t miss any news. \u015al\u0105ska Prohibicja z Czerwon\u0105 Gwiazdk\u0105 Star Wine List 03.03.2025 Aktualno\u015bci Czytaj [&hellip;]\" \/>\n<meta property=\"og:url\" content=\"https:\/\/slaskaprohibicja.pl\/en\/news\/\" \/>\n<meta property=\"og:site_name\" content=\"\u015al\u0105ska Prohibicja\" \/>\n<meta property=\"article:modified_time\" content=\"2025-04-25T20:58:19+00:00\" \/>\n<meta property=\"og:image\" content=\"https:\/\/slaskaprohibicja.pl\/wp-content\/uploads\/2025\/03\/Projekt-bez-nazwy-17-1300x800.png\" \/>\n<meta name=\"twitter:card\" content=\"summary_large_image\" \/>\n<script type=\"application\/ld+json\" class=\"yoast-schema-graph\">{\"@context\":\"https:\\\/\\\/schema.org\",\"@graph\":[{\"@type\":\"WebPage\",\"@id\":\"https:\\\/\\\/slaskaprohibicja.pl\\\/en\\\/news\\\/\",\"url\":\"https:\\\/\\\/slaskaprohibicja.pl\\\/en\\\/news\\\/\",\"name\":\"News - \u015al\u0105ska Prohibicja\",\"isPartOf\":{\"@id\":\"https:\\\/\\\/slaskaprohibicja.pl\\\/#website\"},\"primaryImageOfPage\":{\"@id\":\"https:\\\/\\\/slaskaprohibicja.pl\\\/en\\\/news\\\/#primaryimage\"},\"image\":{\"@id\":\"https:\\\/\\\/slaskaprohibicja.pl\\\/en\\\/news\\\/#primaryimage\"},\"thumbnailUrl\":\"https:\\\/\\\/slaskaprohibicja.pl\\\/wp-content\\\/uploads\\\/2025\\\/03\\\/Projekt-bez-nazwy-17-1300x800.png\",\"datePublished\":\"2025-02-16T23:42:04+00:00\",\"dateModified\":\"2025-04-25T20:58:19+00:00\",\"breadcrumb\":{\"@id\":\"https:\\\/\\\/slaskaprohibicja.pl\\\/en\\\/news\\\/#breadcrumb\"},\"inLanguage\":\"en-US\",\"potentialAction\":[{\"@type\":\"ReadAction\",\"target\":[\"https:\\\/\\\/slaskaprohibicja.pl\\\/en\\\/news\\\/\"]}]},{\"@type\":\"ImageObject\",\"inLanguage\":\"en-US\",\"@id\":\"https:\\\/\\\/slaskaprohibicja.pl\\\/en\\\/news\\\/#primaryimage\",\"url\":\"https:\\\/\\\/slaskaprohibicja.pl\\\/wp-content\\\/uploads\\\/2025\\\/03\\\/Projekt-bez-nazwy-17-1300x800.png\",\"contentUrl\":\"https:\\\/\\\/slaskaprohibicja.pl\\\/wp-content\\\/uploads\\\/2025\\\/03\\\/Projekt-bez-nazwy-17-1300x800.png\"},{\"@type\":\"BreadcrumbList\",\"@id\":\"https:\\\/\\\/slaskaprohibicja.pl\\\/en\\\/news\\\/#breadcrumb\",\"itemListElement\":[{\"@type\":\"ListItem\",\"position\":1,\"name\":\"Strona g\u0142\u00f3wna\",\"item\":\"https:\\\/\\\/slaskaprohibicja.pl\\\/en\\\/home\\\/\"},{\"@type\":\"ListItem\",\"position\":2,\"name\":\"News\"}]},{\"@type\":\"WebSite\",\"@id\":\"https:\\\/\\\/slaskaprohibicja.pl\\\/#website\",\"url\":\"https:\\\/\\\/slaskaprohibicja.pl\\\/\",\"name\":\"\u015al\u0105ska Prohibicja\",\"description\":\"Klub Restauracja Scena | Katowice Nikiszowiec\",\"potentialAction\":[{\"@type\":\"SearchAction\",\"target\":{\"@type\":\"EntryPoint\",\"urlTemplate\":\"https:\\\/\\\/slaskaprohibicja.pl\\\/?s={search_term_string}\"},\"query-input\":{\"@type\":\"PropertyValueSpecification\",\"valueRequired\":true,\"valueName\":\"search_term_string\"}}],\"inLanguage\":\"en-US\"}]}<\/script>\n<!-- \/ Yoast SEO plugin. -->","yoast_head_json":{"title":"News - \u015al\u0105ska Prohibicja","robots":{"index":"index","follow":"follow","max-snippet":"max-snippet:-1","max-image-preview":"max-image-preview:large","max-video-preview":"max-video-preview:-1"},"canonical":"https:\/\/slaskaprohibicja.pl\/en\/news\/","og_locale":"en_US","og_type":"article","og_title":"News - \u015al\u0105ska Prohibicja","og_description":"Stay tuned for more! Stay up to date with the latest events and tidbits from the world of Silesian Prohibition! Discover seasonal menus, special promotions, announcements of concerts, culinary workshops and inspiring stories about Nikiszowiec. Follow our posts so you don&#8217;t miss any news. \u015al\u0105ska Prohibicja z Czerwon\u0105 Gwiazdk\u0105 Star Wine List 03.03.2025 Aktualno\u015bci Czytaj [&hellip;]","og_url":"https:\/\/slaskaprohibicja.pl\/en\/news\/","og_site_name":"\u015al\u0105ska Prohibicja","article_modified_time":"2025-04-25T20:58:19+00:00","og_image":[{"url":"https:\/\/slaskaprohibicja.pl\/wp-content\/uploads\/2025\/03\/Projekt-bez-nazwy-17-1300x800.png","type":"","width":"","height":""}],"twitter_card":"summary_large_image","schema":{"@context":"https:\/\/schema.org","@graph":[{"@type":"WebPage","@id":"https:\/\/slaskaprohibicja.pl\/en\/news\/","url":"https:\/\/slaskaprohibicja.pl\/en\/news\/","name":"News - \u015al\u0105ska Prohibicja","isPartOf":{"@id":"https:\/\/slaskaprohibicja.pl\/#website"},"primaryImageOfPage":{"@id":"https:\/\/slaskaprohibicja.pl\/en\/news\/#primaryimage"},"image":{"@id":"https:\/\/slaskaprohibicja.pl\/en\/news\/#primaryimage"},"thumbnailUrl":"https:\/\/slaskaprohibicja.pl\/wp-content\/uploads\/2025\/03\/Projekt-bez-nazwy-17-1300x800.png","datePublished":"2025-02-16T23:42:04+00:00","dateModified":"2025-04-25T20:58:19+00:00","breadcrumb":{"@id":"https:\/\/slaskaprohibicja.pl\/en\/news\/#breadcrumb"},"inLanguage":"en-US","potentialAction":[{"@type":"ReadAction","target":["https:\/\/slaskaprohibicja.pl\/en\/news\/"]}]},{"@type":"ImageObject","inLanguage":"en-US","@id":"https:\/\/slaskaprohibicja.pl\/en\/news\/#primaryimage","url":"https:\/\/slaskaprohibicja.pl\/wp-content\/uploads\/2025\/03\/Projekt-bez-nazwy-17-1300x800.png","contentUrl":"https:\/\/slaskaprohibicja.pl\/wp-content\/uploads\/2025\/03\/Projekt-bez-nazwy-17-1300x800.png"},{"@type":"BreadcrumbList","@id":"https:\/\/slaskaprohibicja.pl\/en\/news\/#breadcrumb","itemListElement":[{"@type":"ListItem","position":1,"name":"Strona g\u0142\u00f3wna","item":"https:\/\/slaskaprohibicja.pl\/en\/home\/"},{"@type":"ListItem","position":2,"name":"News"}]},{"@type":"WebSite","@id":"https:\/\/slaskaprohibicja.pl\/#website","url":"https:\/\/slaskaprohibicja.pl\/","name":"\u015al\u0105ska Prohibicja","description":"Klub Restauracja Scena | Katowice Nikiszowiec","potentialAction":[{"@type":"SearchAction","target":{"@type":"EntryPoint","urlTemplate":"https:\/\/slaskaprohibicja.pl\/?s={search_term_string}"},"query-input":{"@type":"PropertyValueSpecification","valueRequired":true,"valueName":"search_term_string"}}],"inLanguage":"en-US"}]}},"_links":{"self":[{"href":"https:\/\/slaskaprohibicja.pl\/en\/wp-json\/wp\/v2\/pages\/24757","targetHints":{"allow":["GET"]}}],"collection":[{"href":"https:\/\/slaskaprohibicja.pl\/en\/wp-json\/wp\/v2\/pages"}],"about":[{"href":"https:\/\/slaskaprohibicja.pl\/en\/wp-json\/wp\/v2\/types\/page"}],"author":[{"embeddable":true,"href":"https:\/\/slaskaprohibicja.pl\/en\/wp-json\/wp\/v2\/users\/1"}],"replies":[{"embeddable":true,"href":"https:\/\/slaskaprohibicja.pl\/en\/wp-json\/wp\/v2\/comments?post=24757"}],"version-history":[{"count":5,"href":"https:\/\/slaskaprohibicja.pl\/en\/wp-json\/wp\/v2\/pages\/24757\/revisions"}],"predecessor-version":[{"id":25343,"href":"https:\/\/slaskaprohibicja.pl\/en\/wp-json\/wp\/v2\/pages\/24757\/revisions\/25343"}],"wp:attachment":[{"href":"https:\/\/slaskaprohibicja.pl\/en\/wp-json\/wp\/v2\/media?parent=24757"}],"curies":[{"name":"wp","href":"https:\/\/api.w.org\/{rel}","templated":true}]}}