{"id":26955,"date":"2025-02-10T19:31:45","date_gmt":"2025-02-10T18:31:45","guid":{"rendered":"https:\/\/slaskaprohibicja.pl\/product\/geschenkkarte-500pln\/"},"modified":"2025-12-01T00:00:04","modified_gmt":"2025-11-30T23:00:04","slug":"geschenkkarte-500pln","status":"publish","type":"product","link":"https:\/\/slaskaprohibicja.pl\/de\/product\/geschenkkarte-500pln\/","title":{"rendered":"Geschenkkarte 500pln"},"content":{"rendered":"","protected":false},"excerpt":{"rendered":"<p>Eine Geschenkkarte im Wert von 500 Pfund &#8211; eine originelle Geschenkidee f\u00fcr Ihre Lieben. Sie ist auch ein perfektes Geschenk f\u00fcr Unternehmen. Die Geschenkkarte kann f\u00fcr alle Gerichte oder Getr\u00e4nke verwendet werden, die auf den Men\u00fckarten des Restaurants angeboten werden. Um die Geschenkkarte einzul\u00f6sen, m\u00fcssen Sie im Voraus telefonisch reservieren und die Geschenkkarte dem Kellner vor der Bestellung aush\u00e4ndigen. Die Geschenkkarte kann auch zum Kauf von Produkten verwendet werden, die in unserem Shop erh\u00e4ltlich sind &#8211; der Kauf von Produkten ist nur direkt in unserem Restaurant m\u00f6glich. Die Geschenkkarte kann nicht in Bargeld umgetauscht werden und es wird auch kein Wechselgeld ausgezahlt, wenn die Geschenkkarte nicht vollst\u00e4ndig verwendet wird. Wenn der Rechnungsbetrag den Wert der Geschenkkarte \u00fcbersteigt, muss der Restbetrag vor Ort mit der Karte oder in bar bezahlt werden. Die Geschenkkarte ist ab dem Kaufdatum ein Jahr lang g\u00fcltig.       <\/p>\n","protected":false},"featured_media":26877,"template":"","meta":{"inline_featured_image":false},"product_brand":[],"product_cat":[194],"product_tag":[],"class_list":{"0":"post-26955","1":"product","2":"type-product","3":"status-publish","4":"has-post-thumbnail","6":"product_cat-gutscheine","8":"first","9":"instock","10":"taxable","11":"shipping-taxable","12":"purchasable","13":"product-type-simple"},"yoast_head":"<!-- This site is optimized with the Yoast SEO plugin v27.3 - https:\/\/yoast.com\/product\/yoast-seo-wordpress\/ -->\n<title>Geschenkkarte 500pln - \u015al\u0105ska Prohibicja<\/title>\n<meta name=\"robots\" content=\"index, follow, max-snippet:-1, max-image-preview:large, max-video-preview:-1\" \/>\n<link rel=\"canonical\" href=\"https:\/\/slaskaprohibicja.pl\/de\/product\/geschenkkarte-500pln\/\" \/>\n<meta property=\"og:locale\" content=\"de_DE\" \/>\n<meta property=\"og:type\" content=\"article\" \/>\n<meta property=\"og:title\" content=\"Geschenkkarte 500pln - \u015al\u0105ska Prohibicja\" \/>\n<meta property=\"og:description\" content=\"Eine Geschenkkarte im Wert von 500 Pfund - eine originelle Geschenkidee f\u00fcr Ihre Lieben. Sie ist auch ein perfektes Geschenk f\u00fcr Unternehmen. Die Geschenkkarte kann f\u00fcr alle Gerichte oder Getr\u00e4nke verwendet werden, die auf den Men\u00fckarten des Restaurants angeboten werden. Um die Geschenkkarte einzul\u00f6sen, m\u00fcssen Sie im Voraus telefonisch reservieren und die Geschenkkarte dem Kellner vor der Bestellung aush\u00e4ndigen. Die Geschenkkarte kann auch zum Kauf von Produkten verwendet werden, die in unserem Shop erh\u00e4ltlich sind - der Kauf von Produkten ist nur direkt in unserem Restaurant m\u00f6glich. Die Geschenkkarte kann nicht in Bargeld umgetauscht werden und es wird auch kein Wechselgeld ausgezahlt, wenn die Geschenkkarte nicht vollst\u00e4ndig verwendet wird. Wenn der Rechnungsbetrag den Wert der Geschenkkarte \u00fcbersteigt, muss der Restbetrag vor Ort mit der Karte oder in bar bezahlt werden. Die Geschenkkarte ist ab dem Kaufdatum ein Jahr lang g\u00fcltig.\" \/>\n<meta property=\"og:url\" content=\"https:\/\/slaskaprohibicja.pl\/de\/product\/geschenkkarte-500pln\/\" \/>\n<meta property=\"og:site_name\" content=\"\u015al\u0105ska Prohibicja\" \/>\n<meta property=\"article:modified_time\" content=\"2025-11-30T23:00:04+00:00\" \/>\n<meta property=\"og:image\" content=\"https:\/\/slaskaprohibicja.pl\/wp-content\/uploads\/2025\/02\/vouchery-1.jpg\" \/>\n\t<meta property=\"og:image:width\" content=\"1440\" \/>\n\t<meta property=\"og:image:height\" content=\"2164\" \/>\n\t<meta property=\"og:image:type\" content=\"image\/jpeg\" \/>\n<meta name=\"twitter:card\" content=\"summary_large_image\" \/>\n<script type=\"application\/ld+json\" class=\"yoast-schema-graph\">{\"@context\":\"https:\\\/\\\/schema.org\",\"@graph\":[{\"@type\":\"WebPage\",\"@id\":\"https:\\\/\\\/slaskaprohibicja.pl\\\/de\\\/product\\\/geschenkkarte-500pln\\\/\",\"url\":\"https:\\\/\\\/slaskaprohibicja.pl\\\/de\\\/product\\\/geschenkkarte-500pln\\\/\",\"name\":\"Geschenkkarte 500pln - \u015al\u0105ska Prohibicja\",\"isPartOf\":{\"@id\":\"https:\\\/\\\/slaskaprohibicja.pl\\\/#website\"},\"primaryImageOfPage\":{\"@id\":\"https:\\\/\\\/slaskaprohibicja.pl\\\/de\\\/product\\\/geschenkkarte-500pln\\\/#primaryimage\"},\"image\":{\"@id\":\"https:\\\/\\\/slaskaprohibicja.pl\\\/de\\\/product\\\/geschenkkarte-500pln\\\/#primaryimage\"},\"thumbnailUrl\":\"https:\\\/\\\/slaskaprohibicja.pl\\\/wp-content\\\/uploads\\\/2025\\\/02\\\/vouchery-1.jpg\",\"datePublished\":\"2025-02-10T18:31:45+00:00\",\"dateModified\":\"2025-11-30T23:00:04+00:00\",\"breadcrumb\":{\"@id\":\"https:\\\/\\\/slaskaprohibicja.pl\\\/de\\\/product\\\/geschenkkarte-500pln\\\/#breadcrumb\"},\"inLanguage\":\"de\",\"potentialAction\":[{\"@type\":\"ReadAction\",\"target\":[\"https:\\\/\\\/slaskaprohibicja.pl\\\/de\\\/product\\\/geschenkkarte-500pln\\\/\"]}]},{\"@type\":\"ImageObject\",\"inLanguage\":\"de\",\"@id\":\"https:\\\/\\\/slaskaprohibicja.pl\\\/de\\\/product\\\/geschenkkarte-500pln\\\/#primaryimage\",\"url\":\"https:\\\/\\\/slaskaprohibicja.pl\\\/wp-content\\\/uploads\\\/2025\\\/02\\\/vouchery-1.jpg\",\"contentUrl\":\"https:\\\/\\\/slaskaprohibicja.pl\\\/wp-content\\\/uploads\\\/2025\\\/02\\\/vouchery-1.jpg\",\"width\":1440,\"height\":2164},{\"@type\":\"BreadcrumbList\",\"@id\":\"https:\\\/\\\/slaskaprohibicja.pl\\\/de\\\/product\\\/geschenkkarte-500pln\\\/#breadcrumb\",\"itemListElement\":[{\"@type\":\"ListItem\",\"position\":1,\"name\":\"Strona g\u0142\u00f3wna\",\"item\":\"https:\\\/\\\/slaskaprohibicja.pl\\\/de\\\/\"},{\"@type\":\"ListItem\",\"position\":2,\"name\":\"Shop\",\"item\":\"https:\\\/\\\/slaskaprohibicja.pl\\\/shop-2\\\/\"},{\"@type\":\"ListItem\",\"position\":3,\"name\":\"Geschenkkarte 500pln\"}]},{\"@type\":\"WebSite\",\"@id\":\"https:\\\/\\\/slaskaprohibicja.pl\\\/#website\",\"url\":\"https:\\\/\\\/slaskaprohibicja.pl\\\/\",\"name\":\"\u015al\u0105ska Prohibicja\",\"description\":\"Klub Restauracja Scena | Katowice Nikiszowiec\",\"potentialAction\":[{\"@type\":\"SearchAction\",\"target\":{\"@type\":\"EntryPoint\",\"urlTemplate\":\"https:\\\/\\\/slaskaprohibicja.pl\\\/?s={search_term_string}\"},\"query-input\":{\"@type\":\"PropertyValueSpecification\",\"valueRequired\":true,\"valueName\":\"search_term_string\"}}],\"inLanguage\":\"de\"}]}<\/script>\n<!-- \/ Yoast SEO plugin. -->","yoast_head_json":{"title":"Geschenkkarte 500pln - \u015al\u0105ska Prohibicja","robots":{"index":"index","follow":"follow","max-snippet":"max-snippet:-1","max-image-preview":"max-image-preview:large","max-video-preview":"max-video-preview:-1"},"canonical":"https:\/\/slaskaprohibicja.pl\/de\/product\/geschenkkarte-500pln\/","og_locale":"de_DE","og_type":"article","og_title":"Geschenkkarte 500pln - \u015al\u0105ska Prohibicja","og_description":"Eine Geschenkkarte im Wert von 500 Pfund - eine originelle Geschenkidee f\u00fcr Ihre Lieben. Sie ist auch ein perfektes Geschenk f\u00fcr Unternehmen. Die Geschenkkarte kann f\u00fcr alle Gerichte oder Getr\u00e4nke verwendet werden, die auf den Men\u00fckarten des Restaurants angeboten werden. Um die Geschenkkarte einzul\u00f6sen, m\u00fcssen Sie im Voraus telefonisch reservieren und die Geschenkkarte dem Kellner vor der Bestellung aush\u00e4ndigen. Die Geschenkkarte kann auch zum Kauf von Produkten verwendet werden, die in unserem Shop erh\u00e4ltlich sind - der Kauf von Produkten ist nur direkt in unserem Restaurant m\u00f6glich. Die Geschenkkarte kann nicht in Bargeld umgetauscht werden und es wird auch kein Wechselgeld ausgezahlt, wenn die Geschenkkarte nicht vollst\u00e4ndig verwendet wird. Wenn der Rechnungsbetrag den Wert der Geschenkkarte \u00fcbersteigt, muss der Restbetrag vor Ort mit der Karte oder in bar bezahlt werden. Die Geschenkkarte ist ab dem Kaufdatum ein Jahr lang g\u00fcltig.","og_url":"https:\/\/slaskaprohibicja.pl\/de\/product\/geschenkkarte-500pln\/","og_site_name":"\u015al\u0105ska Prohibicja","article_modified_time":"2025-11-30T23:00:04+00:00","og_image":[{"width":1440,"height":2164,"url":"https:\/\/slaskaprohibicja.pl\/wp-content\/uploads\/2025\/02\/vouchery-1.jpg","type":"image\/jpeg"}],"twitter_card":"summary_large_image","schema":{"@context":"https:\/\/schema.org","@graph":[{"@type":"WebPage","@id":"https:\/\/slaskaprohibicja.pl\/de\/product\/geschenkkarte-500pln\/","url":"https:\/\/slaskaprohibicja.pl\/de\/product\/geschenkkarte-500pln\/","name":"Geschenkkarte 500pln - \u015al\u0105ska Prohibicja","isPartOf":{"@id":"https:\/\/slaskaprohibicja.pl\/#website"},"primaryImageOfPage":{"@id":"https:\/\/slaskaprohibicja.pl\/de\/product\/geschenkkarte-500pln\/#primaryimage"},"image":{"@id":"https:\/\/slaskaprohibicja.pl\/de\/product\/geschenkkarte-500pln\/#primaryimage"},"thumbnailUrl":"https:\/\/slaskaprohibicja.pl\/wp-content\/uploads\/2025\/02\/vouchery-1.jpg","datePublished":"2025-02-10T18:31:45+00:00","dateModified":"2025-11-30T23:00:04+00:00","breadcrumb":{"@id":"https:\/\/slaskaprohibicja.pl\/de\/product\/geschenkkarte-500pln\/#breadcrumb"},"inLanguage":"de","potentialAction":[{"@type":"ReadAction","target":["https:\/\/slaskaprohibicja.pl\/de\/product\/geschenkkarte-500pln\/"]}]},{"@type":"ImageObject","inLanguage":"de","@id":"https:\/\/slaskaprohibicja.pl\/de\/product\/geschenkkarte-500pln\/#primaryimage","url":"https:\/\/slaskaprohibicja.pl\/wp-content\/uploads\/2025\/02\/vouchery-1.jpg","contentUrl":"https:\/\/slaskaprohibicja.pl\/wp-content\/uploads\/2025\/02\/vouchery-1.jpg","width":1440,"height":2164},{"@type":"BreadcrumbList","@id":"https:\/\/slaskaprohibicja.pl\/de\/product\/geschenkkarte-500pln\/#breadcrumb","itemListElement":[{"@type":"ListItem","position":1,"name":"Strona g\u0142\u00f3wna","item":"https:\/\/slaskaprohibicja.pl\/de\/"},{"@type":"ListItem","position":2,"name":"Shop","item":"https:\/\/slaskaprohibicja.pl\/shop-2\/"},{"@type":"ListItem","position":3,"name":"Geschenkkarte 500pln"}]},{"@type":"WebSite","@id":"https:\/\/slaskaprohibicja.pl\/#website","url":"https:\/\/slaskaprohibicja.pl\/","name":"\u015al\u0105ska Prohibicja","description":"Klub Restauracja Scena | Katowice Nikiszowiec","potentialAction":[{"@type":"SearchAction","target":{"@type":"EntryPoint","urlTemplate":"https:\/\/slaskaprohibicja.pl\/?s={search_term_string}"},"query-input":{"@type":"PropertyValueSpecification","valueRequired":true,"valueName":"search_term_string"}}],"inLanguage":"de"}]}},"_links":{"self":[{"href":"https:\/\/slaskaprohibicja.pl\/de\/wp-json\/wp\/v2\/product\/26955","targetHints":{"allow":["GET"]}}],"collection":[{"href":"https:\/\/slaskaprohibicja.pl\/de\/wp-json\/wp\/v2\/product"}],"about":[{"href":"https:\/\/slaskaprohibicja.pl\/de\/wp-json\/wp\/v2\/types\/product"}],"version-history":[{"count":0,"href":"https:\/\/slaskaprohibicja.pl\/de\/wp-json\/wp\/v2\/product\/26955\/revisions"}],"wp:featuredmedia":[{"embeddable":true,"href":"https:\/\/slaskaprohibicja.pl\/de\/wp-json\/wp\/v2\/media\/26877"}],"wp:attachment":[{"href":"https:\/\/slaskaprohibicja.pl\/de\/wp-json\/wp\/v2\/media?parent=26955"}],"wp:term":[{"taxonomy":"product_brand","embeddable":true,"href":"https:\/\/slaskaprohibicja.pl\/de\/wp-json\/wp\/v2\/product_brand?post=26955"},{"taxonomy":"product_cat","embeddable":true,"href":"https:\/\/slaskaprohibicja.pl\/de\/wp-json\/wp\/v2\/product_cat?post=26955"},{"taxonomy":"product_tag","embeddable":true,"href":"https:\/\/slaskaprohibicja.pl\/de\/wp-json\/wp\/v2\/product_tag?post=26955"}],"curies":[{"name":"wp","href":"https:\/\/api.w.org\/{rel}","templated":true}]}}