{"id":26917,"date":"2025-02-10T19:32:23","date_gmt":"2025-02-10T18:32:23","guid":{"rendered":"https:\/\/slaskaprohibicja.pl\/product\/rose\/"},"modified":"2025-02-10T19:32:23","modified_gmt":"2025-02-10T18:32:23","slug":"rose","status":"publish","type":"product","link":"https:\/\/slaskaprohibicja.pl\/de\/product\/rose\/","title":{"rendered":"Rose"},"content":{"rendered":"<p>Wir nehmen Bestellungen mindestens f\u00fcnf Tage im Voraus an.<\/p>\n<p>&nbsp;<\/p>\n<p><em>*F\u00fcr den Kauf einer Torte f\u00fcr mehr als 24 Personen wird eine Anzahlungsgeb\u00fchr von \u00a3150 pro Rahmen erhoben.<\/em><\/p>\n","protected":false},"excerpt":{"rendered":"<p>Rosenkuchen<br \/>\nrubinrote Schokoladenpraline mit Rubinkristallen | Mandelbiskuit | Zitrone | Aprikose | Joghurtmousse mit Rose<\/p>\n","protected":false},"featured_media":26918,"template":"","meta":{"inline_featured_image":false},"product_brand":[],"product_cat":[196],"product_tag":[],"class_list":{"0":"post-26917","1":"product","2":"type-product","3":"status-publish","4":"has-post-thumbnail","6":"product_cat-masgeschneiderte-torten","8":"first","9":"instock","10":"taxable","11":"shipping-taxable","12":"purchasable","13":"product-type-variable"},"yoast_head":"<!-- This site is optimized with the Yoast SEO plugin v27.3 - https:\/\/yoast.com\/product\/yoast-seo-wordpress\/ -->\n<title>Rose - \u015al\u0105ska Prohibicja<\/title>\n<meta name=\"robots\" content=\"index, follow, max-snippet:-1, max-image-preview:large, max-video-preview:-1\" \/>\n<link rel=\"canonical\" href=\"https:\/\/slaskaprohibicja.pl\/de\/product\/rose\/\" \/>\n<meta property=\"og:locale\" content=\"de_DE\" \/>\n<meta property=\"og:type\" content=\"article\" \/>\n<meta property=\"og:title\" content=\"Rose - \u015al\u0105ska Prohibicja\" \/>\n<meta property=\"og:description\" content=\"Rosenkuchen rubinrote Schokoladenpraline mit Rubinkristallen | Mandelbiskuit | Zitrone | Aprikose | Joghurtmousse mit Rose\" \/>\n<meta property=\"og:url\" content=\"https:\/\/slaskaprohibicja.pl\/de\/product\/rose\/\" \/>\n<meta property=\"og:site_name\" content=\"\u015al\u0105ska Prohibicja\" \/>\n<meta property=\"og:image\" content=\"https:\/\/slaskaprohibicja.pl\/wp-content\/uploads\/2025\/02\/sp_panowie-od-marketingu-02-2.jpg\" \/>\n\t<meta property=\"og:image:width\" content=\"2200\" \/>\n\t<meta property=\"og:image:height\" content=\"1467\" \/>\n\t<meta property=\"og:image:type\" content=\"image\/jpeg\" \/>\n<meta name=\"twitter:card\" content=\"summary_large_image\" \/>\n<script type=\"application\/ld+json\" class=\"yoast-schema-graph\">{\"@context\":\"https:\\\/\\\/schema.org\",\"@graph\":[{\"@type\":\"WebPage\",\"@id\":\"https:\\\/\\\/slaskaprohibicja.pl\\\/de\\\/product\\\/rose\\\/\",\"url\":\"https:\\\/\\\/slaskaprohibicja.pl\\\/de\\\/product\\\/rose\\\/\",\"name\":\"Rose - \u015al\u0105ska Prohibicja\",\"isPartOf\":{\"@id\":\"https:\\\/\\\/slaskaprohibicja.pl\\\/#website\"},\"primaryImageOfPage\":{\"@id\":\"https:\\\/\\\/slaskaprohibicja.pl\\\/de\\\/product\\\/rose\\\/#primaryimage\"},\"image\":{\"@id\":\"https:\\\/\\\/slaskaprohibicja.pl\\\/de\\\/product\\\/rose\\\/#primaryimage\"},\"thumbnailUrl\":\"https:\\\/\\\/slaskaprohibicja.pl\\\/wp-content\\\/uploads\\\/2025\\\/02\\\/sp_panowie-od-marketingu-02-2.jpg\",\"datePublished\":\"2025-02-10T18:32:23+00:00\",\"breadcrumb\":{\"@id\":\"https:\\\/\\\/slaskaprohibicja.pl\\\/de\\\/product\\\/rose\\\/#breadcrumb\"},\"inLanguage\":\"de\",\"potentialAction\":[{\"@type\":\"ReadAction\",\"target\":[\"https:\\\/\\\/slaskaprohibicja.pl\\\/de\\\/product\\\/rose\\\/\"]}]},{\"@type\":\"ImageObject\",\"inLanguage\":\"de\",\"@id\":\"https:\\\/\\\/slaskaprohibicja.pl\\\/de\\\/product\\\/rose\\\/#primaryimage\",\"url\":\"https:\\\/\\\/slaskaprohibicja.pl\\\/wp-content\\\/uploads\\\/2025\\\/02\\\/sp_panowie-od-marketingu-02-2.jpg\",\"contentUrl\":\"https:\\\/\\\/slaskaprohibicja.pl\\\/wp-content\\\/uploads\\\/2025\\\/02\\\/sp_panowie-od-marketingu-02-2.jpg\",\"width\":2200,\"height\":1467},{\"@type\":\"BreadcrumbList\",\"@id\":\"https:\\\/\\\/slaskaprohibicja.pl\\\/de\\\/product\\\/rose\\\/#breadcrumb\",\"itemListElement\":[{\"@type\":\"ListItem\",\"position\":1,\"name\":\"Strona g\u0142\u00f3wna\",\"item\":\"https:\\\/\\\/slaskaprohibicja.pl\\\/de\\\/\"},{\"@type\":\"ListItem\",\"position\":2,\"name\":\"Shop\",\"item\":\"https:\\\/\\\/slaskaprohibicja.pl\\\/shop-2\\\/\"},{\"@type\":\"ListItem\",\"position\":3,\"name\":\"Rose\"}]},{\"@type\":\"WebSite\",\"@id\":\"https:\\\/\\\/slaskaprohibicja.pl\\\/#website\",\"url\":\"https:\\\/\\\/slaskaprohibicja.pl\\\/\",\"name\":\"\u015al\u0105ska Prohibicja\",\"description\":\"Klub Restauracja Scena | Katowice Nikiszowiec\",\"potentialAction\":[{\"@type\":\"SearchAction\",\"target\":{\"@type\":\"EntryPoint\",\"urlTemplate\":\"https:\\\/\\\/slaskaprohibicja.pl\\\/?s={search_term_string}\"},\"query-input\":{\"@type\":\"PropertyValueSpecification\",\"valueRequired\":true,\"valueName\":\"search_term_string\"}}],\"inLanguage\":\"de\"}]}<\/script>\n<!-- \/ Yoast SEO plugin. -->","yoast_head_json":{"title":"Rose - \u015al\u0105ska Prohibicja","robots":{"index":"index","follow":"follow","max-snippet":"max-snippet:-1","max-image-preview":"max-image-preview:large","max-video-preview":"max-video-preview:-1"},"canonical":"https:\/\/slaskaprohibicja.pl\/de\/product\/rose\/","og_locale":"de_DE","og_type":"article","og_title":"Rose - \u015al\u0105ska Prohibicja","og_description":"Rosenkuchen rubinrote Schokoladenpraline mit Rubinkristallen | Mandelbiskuit | Zitrone | Aprikose | Joghurtmousse mit Rose","og_url":"https:\/\/slaskaprohibicja.pl\/de\/product\/rose\/","og_site_name":"\u015al\u0105ska Prohibicja","og_image":[{"width":2200,"height":1467,"url":"https:\/\/slaskaprohibicja.pl\/wp-content\/uploads\/2025\/02\/sp_panowie-od-marketingu-02-2.jpg","type":"image\/jpeg"}],"twitter_card":"summary_large_image","schema":{"@context":"https:\/\/schema.org","@graph":[{"@type":"WebPage","@id":"https:\/\/slaskaprohibicja.pl\/de\/product\/rose\/","url":"https:\/\/slaskaprohibicja.pl\/de\/product\/rose\/","name":"Rose - \u015al\u0105ska Prohibicja","isPartOf":{"@id":"https:\/\/slaskaprohibicja.pl\/#website"},"primaryImageOfPage":{"@id":"https:\/\/slaskaprohibicja.pl\/de\/product\/rose\/#primaryimage"},"image":{"@id":"https:\/\/slaskaprohibicja.pl\/de\/product\/rose\/#primaryimage"},"thumbnailUrl":"https:\/\/slaskaprohibicja.pl\/wp-content\/uploads\/2025\/02\/sp_panowie-od-marketingu-02-2.jpg","datePublished":"2025-02-10T18:32:23+00:00","breadcrumb":{"@id":"https:\/\/slaskaprohibicja.pl\/de\/product\/rose\/#breadcrumb"},"inLanguage":"de","potentialAction":[{"@type":"ReadAction","target":["https:\/\/slaskaprohibicja.pl\/de\/product\/rose\/"]}]},{"@type":"ImageObject","inLanguage":"de","@id":"https:\/\/slaskaprohibicja.pl\/de\/product\/rose\/#primaryimage","url":"https:\/\/slaskaprohibicja.pl\/wp-content\/uploads\/2025\/02\/sp_panowie-od-marketingu-02-2.jpg","contentUrl":"https:\/\/slaskaprohibicja.pl\/wp-content\/uploads\/2025\/02\/sp_panowie-od-marketingu-02-2.jpg","width":2200,"height":1467},{"@type":"BreadcrumbList","@id":"https:\/\/slaskaprohibicja.pl\/de\/product\/rose\/#breadcrumb","itemListElement":[{"@type":"ListItem","position":1,"name":"Strona g\u0142\u00f3wna","item":"https:\/\/slaskaprohibicja.pl\/de\/"},{"@type":"ListItem","position":2,"name":"Shop","item":"https:\/\/slaskaprohibicja.pl\/shop-2\/"},{"@type":"ListItem","position":3,"name":"Rose"}]},{"@type":"WebSite","@id":"https:\/\/slaskaprohibicja.pl\/#website","url":"https:\/\/slaskaprohibicja.pl\/","name":"\u015al\u0105ska Prohibicja","description":"Klub Restauracja Scena | Katowice Nikiszowiec","potentialAction":[{"@type":"SearchAction","target":{"@type":"EntryPoint","urlTemplate":"https:\/\/slaskaprohibicja.pl\/?s={search_term_string}"},"query-input":{"@type":"PropertyValueSpecification","valueRequired":true,"valueName":"search_term_string"}}],"inLanguage":"de"}]}},"_links":{"self":[{"href":"https:\/\/slaskaprohibicja.pl\/de\/wp-json\/wp\/v2\/product\/26917","targetHints":{"allow":["GET"]}}],"collection":[{"href":"https:\/\/slaskaprohibicja.pl\/de\/wp-json\/wp\/v2\/product"}],"about":[{"href":"https:\/\/slaskaprohibicja.pl\/de\/wp-json\/wp\/v2\/types\/product"}],"version-history":[{"count":0,"href":"https:\/\/slaskaprohibicja.pl\/de\/wp-json\/wp\/v2\/product\/26917\/revisions"}],"wp:featuredmedia":[{"embeddable":true,"href":"https:\/\/slaskaprohibicja.pl\/de\/wp-json\/wp\/v2\/media\/26918"}],"wp:attachment":[{"href":"https:\/\/slaskaprohibicja.pl\/de\/wp-json\/wp\/v2\/media?parent=26917"}],"wp:term":[{"taxonomy":"product_brand","embeddable":true,"href":"https:\/\/slaskaprohibicja.pl\/de\/wp-json\/wp\/v2\/product_brand?post=26917"},{"taxonomy":"product_cat","embeddable":true,"href":"https:\/\/slaskaprohibicja.pl\/de\/wp-json\/wp\/v2\/product_cat?post=26917"},{"taxonomy":"product_tag","embeddable":true,"href":"https:\/\/slaskaprohibicja.pl\/de\/wp-json\/wp\/v2\/product_tag?post=26917"}],"curies":[{"name":"wp","href":"https:\/\/api.w.org\/{rel}","templated":true}]}}