{"id":26914,"date":"2025-02-10T19:32:01","date_gmt":"2025-02-10T18:32:01","guid":{"rendered":"https:\/\/slaskaprohibicja.pl\/product\/postkarte-in-der-liebe-in-nikisz-2\/"},"modified":"2025-02-10T19:32:01","modified_gmt":"2025-02-10T18:32:01","slug":"postkarte-in-der-liebe-in-nikisz-2","status":"publish","type":"product","link":"https:\/\/slaskaprohibicja.pl\/de\/product\/postkarte-in-der-liebe-in-nikisz-2\/","title":{"rendered":"Postkarte in der Liebe in Nikisz 2"},"content":{"rendered":"","protected":false},"excerpt":{"rendered":"<div class=\"innerbox\">\n<div class=\"resetcss\">\n<div class=\"innerbox\">\n<div class=\"resetcss\">\n<p>Schicken Sie Ihren Liebsten eine originelle Postkarte aus dem m\u00e4rchenhaften Nikiszowiec. Zeigen Sie ihnen, wie sch\u00f6n Schlesien ist! <\/p>\n<\/div>\n<\/div>\n<p><strong> <\/strong><\/p>\n<\/div>\n<\/div>\n","protected":false},"featured_media":26916,"template":"","meta":{"inline_featured_image":false},"product_brand":[],"product_cat":[195],"product_tag":[],"class_list":{"0":"post-26914","1":"product","2":"type-product","3":"status-publish","4":"has-post-thumbnail","6":"product_cat-gyszynki-de","8":"first","9":"instock","10":"taxable","11":"shipping-taxable","12":"purchasable","13":"product-type-simple"},"yoast_head":"<!-- This site is optimized with the Yoast SEO plugin v27.3 - https:\/\/yoast.com\/product\/yoast-seo-wordpress\/ -->\n<title>Postkarte in der Liebe in Nikisz 2 - \u015al\u0105ska Prohibicja<\/title>\n<meta name=\"robots\" content=\"index, follow, max-snippet:-1, max-image-preview:large, max-video-preview:-1\" \/>\n<link rel=\"canonical\" href=\"https:\/\/slaskaprohibicja.pl\/product\/postkarte-in-der-liebe-in-nikisz-2\/\" \/>\n<meta property=\"og:locale\" content=\"de_DE\" \/>\n<meta property=\"og:type\" content=\"article\" \/>\n<meta property=\"og:title\" content=\"Postkarte in der Liebe in Nikisz 2 - \u015al\u0105ska Prohibicja\" \/>\n<meta property=\"og:description\" content=\"Schicken Sie Ihren Liebsten eine originelle Postkarte aus dem m\u00e4rchenhaften Nikiszowiec. Zeigen Sie ihnen, wie sch\u00f6n Schlesien ist!\" \/>\n<meta property=\"og:url\" content=\"https:\/\/slaskaprohibicja.pl\/product\/postkarte-in-der-liebe-in-nikisz-2\/\" \/>\n<meta property=\"og:site_name\" content=\"\u015al\u0105ska Prohibicja\" \/>\n<meta name=\"twitter:card\" content=\"summary_large_image\" \/>\n<script type=\"application\/ld+json\" class=\"yoast-schema-graph\">{\"@context\":\"https:\\\/\\\/schema.org\",\"@graph\":[{\"@type\":\"WebPage\",\"@id\":\"https:\\\/\\\/slaskaprohibicja.pl\\\/product\\\/postkarte-in-der-liebe-in-nikisz-2\\\/\",\"url\":\"https:\\\/\\\/slaskaprohibicja.pl\\\/product\\\/postkarte-in-der-liebe-in-nikisz-2\\\/\",\"name\":\"Postkarte in der Liebe in Nikisz 2 - \u015al\u0105ska Prohibicja\",\"isPartOf\":{\"@id\":\"https:\\\/\\\/slaskaprohibicja.pl\\\/#website\"},\"primaryImageOfPage\":{\"@id\":\"https:\\\/\\\/slaskaprohibicja.pl\\\/product\\\/postkarte-in-der-liebe-in-nikisz-2\\\/#primaryimage\"},\"image\":{\"@id\":\"https:\\\/\\\/slaskaprohibicja.pl\\\/product\\\/postkarte-in-der-liebe-in-nikisz-2\\\/#primaryimage\"},\"thumbnailUrl\":\"https:\\\/\\\/slaskaprohibicja.pl\\\/wp-content\\\/uploads\\\/2025\\\/02\\\/pocztowka2_slaska_prohibicja.jpg\",\"datePublished\":\"2025-02-10T18:32:01+00:00\",\"breadcrumb\":{\"@id\":\"https:\\\/\\\/slaskaprohibicja.pl\\\/product\\\/postkarte-in-der-liebe-in-nikisz-2\\\/#breadcrumb\"},\"inLanguage\":\"de\",\"potentialAction\":[{\"@type\":\"ReadAction\",\"target\":[\"https:\\\/\\\/slaskaprohibicja.pl\\\/product\\\/postkarte-in-der-liebe-in-nikisz-2\\\/\"]}]},{\"@type\":\"ImageObject\",\"inLanguage\":\"de\",\"@id\":\"https:\\\/\\\/slaskaprohibicja.pl\\\/product\\\/postkarte-in-der-liebe-in-nikisz-2\\\/#primaryimage\",\"url\":\"https:\\\/\\\/slaskaprohibicja.pl\\\/wp-content\\\/uploads\\\/2025\\\/02\\\/pocztowka2_slaska_prohibicja.jpg\",\"contentUrl\":\"https:\\\/\\\/slaskaprohibicja.pl\\\/wp-content\\\/uploads\\\/2025\\\/02\\\/pocztowka2_slaska_prohibicja.jpg\",\"width\":1600,\"height\":1066},{\"@type\":\"BreadcrumbList\",\"@id\":\"https:\\\/\\\/slaskaprohibicja.pl\\\/product\\\/postkarte-in-der-liebe-in-nikisz-2\\\/#breadcrumb\",\"itemListElement\":[{\"@type\":\"ListItem\",\"position\":1,\"name\":\"Strona g\u0142\u00f3wna\",\"item\":\"https:\\\/\\\/slaskaprohibicja.pl\\\/de\\\/\"},{\"@type\":\"ListItem\",\"position\":2,\"name\":\"Shop\",\"item\":\"https:\\\/\\\/slaskaprohibicja.pl\\\/shop-2\\\/\"},{\"@type\":\"ListItem\",\"position\":3,\"name\":\"Postkarte in der Liebe in Nikisz 2\"}]},{\"@type\":\"WebSite\",\"@id\":\"https:\\\/\\\/slaskaprohibicja.pl\\\/#website\",\"url\":\"https:\\\/\\\/slaskaprohibicja.pl\\\/\",\"name\":\"\u015al\u0105ska Prohibicja\",\"description\":\"Klub Restauracja Scena | Katowice Nikiszowiec\",\"potentialAction\":[{\"@type\":\"SearchAction\",\"target\":{\"@type\":\"EntryPoint\",\"urlTemplate\":\"https:\\\/\\\/slaskaprohibicja.pl\\\/?s={search_term_string}\"},\"query-input\":{\"@type\":\"PropertyValueSpecification\",\"valueRequired\":true,\"valueName\":\"search_term_string\"}}],\"inLanguage\":\"de\"}]}<\/script>\n<!-- \/ Yoast SEO plugin. -->","yoast_head_json":{"title":"Postkarte in der Liebe in Nikisz 2 - \u015al\u0105ska Prohibicja","robots":{"index":"index","follow":"follow","max-snippet":"max-snippet:-1","max-image-preview":"max-image-preview:large","max-video-preview":"max-video-preview:-1"},"canonical":"https:\/\/slaskaprohibicja.pl\/product\/postkarte-in-der-liebe-in-nikisz-2\/","og_locale":"de_DE","og_type":"article","og_title":"Postkarte in der Liebe in Nikisz 2 - \u015al\u0105ska Prohibicja","og_description":"Schicken Sie Ihren Liebsten eine originelle Postkarte aus dem m\u00e4rchenhaften Nikiszowiec. Zeigen Sie ihnen, wie sch\u00f6n Schlesien ist!","og_url":"https:\/\/slaskaprohibicja.pl\/product\/postkarte-in-der-liebe-in-nikisz-2\/","og_site_name":"\u015al\u0105ska Prohibicja","twitter_card":"summary_large_image","schema":{"@context":"https:\/\/schema.org","@graph":[{"@type":"WebPage","@id":"https:\/\/slaskaprohibicja.pl\/product\/postkarte-in-der-liebe-in-nikisz-2\/","url":"https:\/\/slaskaprohibicja.pl\/product\/postkarte-in-der-liebe-in-nikisz-2\/","name":"Postkarte in der Liebe in Nikisz 2 - \u015al\u0105ska Prohibicja","isPartOf":{"@id":"https:\/\/slaskaprohibicja.pl\/#website"},"primaryImageOfPage":{"@id":"https:\/\/slaskaprohibicja.pl\/product\/postkarte-in-der-liebe-in-nikisz-2\/#primaryimage"},"image":{"@id":"https:\/\/slaskaprohibicja.pl\/product\/postkarte-in-der-liebe-in-nikisz-2\/#primaryimage"},"thumbnailUrl":"https:\/\/slaskaprohibicja.pl\/wp-content\/uploads\/2025\/02\/pocztowka2_slaska_prohibicja.jpg","datePublished":"2025-02-10T18:32:01+00:00","breadcrumb":{"@id":"https:\/\/slaskaprohibicja.pl\/product\/postkarte-in-der-liebe-in-nikisz-2\/#breadcrumb"},"inLanguage":"de","potentialAction":[{"@type":"ReadAction","target":["https:\/\/slaskaprohibicja.pl\/product\/postkarte-in-der-liebe-in-nikisz-2\/"]}]},{"@type":"ImageObject","inLanguage":"de","@id":"https:\/\/slaskaprohibicja.pl\/product\/postkarte-in-der-liebe-in-nikisz-2\/#primaryimage","url":"https:\/\/slaskaprohibicja.pl\/wp-content\/uploads\/2025\/02\/pocztowka2_slaska_prohibicja.jpg","contentUrl":"https:\/\/slaskaprohibicja.pl\/wp-content\/uploads\/2025\/02\/pocztowka2_slaska_prohibicja.jpg","width":1600,"height":1066},{"@type":"BreadcrumbList","@id":"https:\/\/slaskaprohibicja.pl\/product\/postkarte-in-der-liebe-in-nikisz-2\/#breadcrumb","itemListElement":[{"@type":"ListItem","position":1,"name":"Strona g\u0142\u00f3wna","item":"https:\/\/slaskaprohibicja.pl\/de\/"},{"@type":"ListItem","position":2,"name":"Shop","item":"https:\/\/slaskaprohibicja.pl\/shop-2\/"},{"@type":"ListItem","position":3,"name":"Postkarte in der Liebe in Nikisz 2"}]},{"@type":"WebSite","@id":"https:\/\/slaskaprohibicja.pl\/#website","url":"https:\/\/slaskaprohibicja.pl\/","name":"\u015al\u0105ska Prohibicja","description":"Klub Restauracja Scena | Katowice Nikiszowiec","potentialAction":[{"@type":"SearchAction","target":{"@type":"EntryPoint","urlTemplate":"https:\/\/slaskaprohibicja.pl\/?s={search_term_string}"},"query-input":{"@type":"PropertyValueSpecification","valueRequired":true,"valueName":"search_term_string"}}],"inLanguage":"de"}]}},"_links":{"self":[{"href":"https:\/\/slaskaprohibicja.pl\/de\/wp-json\/wp\/v2\/product\/26914","targetHints":{"allow":["GET"]}}],"collection":[{"href":"https:\/\/slaskaprohibicja.pl\/de\/wp-json\/wp\/v2\/product"}],"about":[{"href":"https:\/\/slaskaprohibicja.pl\/de\/wp-json\/wp\/v2\/types\/product"}],"version-history":[{"count":0,"href":"https:\/\/slaskaprohibicja.pl\/de\/wp-json\/wp\/v2\/product\/26914\/revisions"}],"wp:featuredmedia":[{"embeddable":true,"href":"https:\/\/slaskaprohibicja.pl\/de\/wp-json\/wp\/v2\/media\/26916"}],"wp:attachment":[{"href":"https:\/\/slaskaprohibicja.pl\/de\/wp-json\/wp\/v2\/media?parent=26914"}],"wp:term":[{"taxonomy":"product_brand","embeddable":true,"href":"https:\/\/slaskaprohibicja.pl\/de\/wp-json\/wp\/v2\/product_brand?post=26914"},{"taxonomy":"product_cat","embeddable":true,"href":"https:\/\/slaskaprohibicja.pl\/de\/wp-json\/wp\/v2\/product_cat?post=26914"},{"taxonomy":"product_tag","embeddable":true,"href":"https:\/\/slaskaprohibicja.pl\/de\/wp-json\/wp\/v2\/product_tag?post=26914"}],"curies":[{"name":"wp","href":"https:\/\/api.w.org\/{rel}","templated":true}]}}