{"id":26882,"date":"2025-03-05T09:24:52","date_gmt":"2025-03-05T08:24:52","guid":{"rendered":"https:\/\/slaskaprohibicja.pl\/product\/asiatisch\/"},"modified":"2025-03-05T09:24:52","modified_gmt":"2025-03-05T08:24:52","slug":"asiatisch","status":"publish","type":"product","link":"https:\/\/slaskaprohibicja.pl\/de\/product\/asiatisch\/","title":{"rendered":"Asiatisch"},"content":{"rendered":"<p>Wir nehmen Bestellungen mindestens f\u00fcnf Tage im Voraus an.<\/p>\n<p>&nbsp;<\/p>\n<p><em>*F\u00fcr den Kauf einer Torte f\u00fcr mehr als 24 Personen wird eine Anzahlungsgeb\u00fchr von \u00a3150 pro Rahmen erhoben.<\/em><\/p>\n","protected":false},"excerpt":{"rendered":"<p>Asiatischer Kuchen<br \/>\nWei\u00dfe Schokoladenpraline mit ger\u00f6steter Kokosnuss | Limettenbiskuit mit Bergamotte | Kaktusfeige | Mango-Maracuja | Mousse mit Zitronengras, Kaffir und Minze<\/p>\n","protected":false},"featured_media":26883,"template":"","meta":{"inline_featured_image":false},"product_brand":[],"product_cat":[196],"product_tag":[],"class_list":{"0":"post-26882","1":"product","2":"type-product","3":"status-publish","4":"has-post-thumbnail","6":"product_cat-masgeschneiderte-torten","8":"first","9":"instock","10":"taxable","11":"shipping-taxable","12":"purchasable","13":"product-type-variable"},"yoast_head":"<!-- This site is optimized with the Yoast SEO plugin v27.3 - https:\/\/yoast.com\/product\/yoast-seo-wordpress\/ -->\n<title>Asiatisch - \u015al\u0105ska Prohibicja<\/title>\n<meta name=\"robots\" content=\"index, follow, max-snippet:-1, max-image-preview:large, max-video-preview:-1\" \/>\n<link rel=\"canonical\" href=\"https:\/\/slaskaprohibicja.pl\/product\/asiatisch\/\" \/>\n<meta property=\"og:locale\" content=\"de_DE\" \/>\n<meta property=\"og:type\" content=\"article\" \/>\n<meta property=\"og:title\" content=\"Asiatisch - \u015al\u0105ska Prohibicja\" \/>\n<meta property=\"og:description\" content=\"Asiatischer Kuchen Wei\u00dfe Schokoladenpraline mit ger\u00f6steter Kokosnuss | Limettenbiskuit mit Bergamotte | Kaktusfeige | Mango-Maracuja | Mousse mit Zitronengras, Kaffir und Minze\" \/>\n<meta property=\"og:url\" content=\"https:\/\/slaskaprohibicja.pl\/product\/asiatisch\/\" \/>\n<meta property=\"og:site_name\" content=\"\u015al\u0105ska Prohibicja\" \/>\n<meta name=\"twitter:card\" content=\"summary_large_image\" \/>\n<script type=\"application\/ld+json\" class=\"yoast-schema-graph\">{\"@context\":\"https:\\\/\\\/schema.org\",\"@graph\":[{\"@type\":\"WebPage\",\"@id\":\"https:\\\/\\\/slaskaprohibicja.pl\\\/product\\\/asiatisch\\\/\",\"url\":\"https:\\\/\\\/slaskaprohibicja.pl\\\/product\\\/asiatisch\\\/\",\"name\":\"Asiatisch - \u015al\u0105ska Prohibicja\",\"isPartOf\":{\"@id\":\"https:\\\/\\\/slaskaprohibicja.pl\\\/#website\"},\"primaryImageOfPage\":{\"@id\":\"https:\\\/\\\/slaskaprohibicja.pl\\\/product\\\/asiatisch\\\/#primaryimage\"},\"image\":{\"@id\":\"https:\\\/\\\/slaskaprohibicja.pl\\\/product\\\/asiatisch\\\/#primaryimage\"},\"thumbnailUrl\":\"https:\\\/\\\/slaskaprohibicja.pl\\\/wp-content\\\/uploads\\\/2025\\\/03\\\/sp_panowie-od-marketingu-34.jpg\",\"datePublished\":\"2025-03-05T08:24:52+00:00\",\"breadcrumb\":{\"@id\":\"https:\\\/\\\/slaskaprohibicja.pl\\\/product\\\/asiatisch\\\/#breadcrumb\"},\"inLanguage\":\"de\",\"potentialAction\":[{\"@type\":\"ReadAction\",\"target\":[\"https:\\\/\\\/slaskaprohibicja.pl\\\/product\\\/asiatisch\\\/\"]}]},{\"@type\":\"ImageObject\",\"inLanguage\":\"de\",\"@id\":\"https:\\\/\\\/slaskaprohibicja.pl\\\/product\\\/asiatisch\\\/#primaryimage\",\"url\":\"https:\\\/\\\/slaskaprohibicja.pl\\\/wp-content\\\/uploads\\\/2025\\\/03\\\/sp_panowie-od-marketingu-34.jpg\",\"contentUrl\":\"https:\\\/\\\/slaskaprohibicja.pl\\\/wp-content\\\/uploads\\\/2025\\\/03\\\/sp_panowie-od-marketingu-34.jpg\",\"width\":2500,\"height\":1667},{\"@type\":\"BreadcrumbList\",\"@id\":\"https:\\\/\\\/slaskaprohibicja.pl\\\/product\\\/asiatisch\\\/#breadcrumb\",\"itemListElement\":[{\"@type\":\"ListItem\",\"position\":1,\"name\":\"Strona g\u0142\u00f3wna\",\"item\":\"https:\\\/\\\/slaskaprohibicja.pl\\\/de\\\/\"},{\"@type\":\"ListItem\",\"position\":2,\"name\":\"Shop\",\"item\":\"https:\\\/\\\/slaskaprohibicja.pl\\\/shop-2\\\/\"},{\"@type\":\"ListItem\",\"position\":3,\"name\":\"Asiatisch\"}]},{\"@type\":\"WebSite\",\"@id\":\"https:\\\/\\\/slaskaprohibicja.pl\\\/#website\",\"url\":\"https:\\\/\\\/slaskaprohibicja.pl\\\/\",\"name\":\"\u015al\u0105ska Prohibicja\",\"description\":\"Klub Restauracja Scena | Katowice Nikiszowiec\",\"potentialAction\":[{\"@type\":\"SearchAction\",\"target\":{\"@type\":\"EntryPoint\",\"urlTemplate\":\"https:\\\/\\\/slaskaprohibicja.pl\\\/?s={search_term_string}\"},\"query-input\":{\"@type\":\"PropertyValueSpecification\",\"valueRequired\":true,\"valueName\":\"search_term_string\"}}],\"inLanguage\":\"de\"}]}<\/script>\n<!-- \/ Yoast SEO plugin. -->","yoast_head_json":{"title":"Asiatisch - \u015al\u0105ska Prohibicja","robots":{"index":"index","follow":"follow","max-snippet":"max-snippet:-1","max-image-preview":"max-image-preview:large","max-video-preview":"max-video-preview:-1"},"canonical":"https:\/\/slaskaprohibicja.pl\/product\/asiatisch\/","og_locale":"de_DE","og_type":"article","og_title":"Asiatisch - \u015al\u0105ska Prohibicja","og_description":"Asiatischer Kuchen Wei\u00dfe Schokoladenpraline mit ger\u00f6steter Kokosnuss | Limettenbiskuit mit Bergamotte | Kaktusfeige | Mango-Maracuja | Mousse mit Zitronengras, Kaffir und Minze","og_url":"https:\/\/slaskaprohibicja.pl\/product\/asiatisch\/","og_site_name":"\u015al\u0105ska Prohibicja","twitter_card":"summary_large_image","schema":{"@context":"https:\/\/schema.org","@graph":[{"@type":"WebPage","@id":"https:\/\/slaskaprohibicja.pl\/product\/asiatisch\/","url":"https:\/\/slaskaprohibicja.pl\/product\/asiatisch\/","name":"Asiatisch - \u015al\u0105ska Prohibicja","isPartOf":{"@id":"https:\/\/slaskaprohibicja.pl\/#website"},"primaryImageOfPage":{"@id":"https:\/\/slaskaprohibicja.pl\/product\/asiatisch\/#primaryimage"},"image":{"@id":"https:\/\/slaskaprohibicja.pl\/product\/asiatisch\/#primaryimage"},"thumbnailUrl":"https:\/\/slaskaprohibicja.pl\/wp-content\/uploads\/2025\/03\/sp_panowie-od-marketingu-34.jpg","datePublished":"2025-03-05T08:24:52+00:00","breadcrumb":{"@id":"https:\/\/slaskaprohibicja.pl\/product\/asiatisch\/#breadcrumb"},"inLanguage":"de","potentialAction":[{"@type":"ReadAction","target":["https:\/\/slaskaprohibicja.pl\/product\/asiatisch\/"]}]},{"@type":"ImageObject","inLanguage":"de","@id":"https:\/\/slaskaprohibicja.pl\/product\/asiatisch\/#primaryimage","url":"https:\/\/slaskaprohibicja.pl\/wp-content\/uploads\/2025\/03\/sp_panowie-od-marketingu-34.jpg","contentUrl":"https:\/\/slaskaprohibicja.pl\/wp-content\/uploads\/2025\/03\/sp_panowie-od-marketingu-34.jpg","width":2500,"height":1667},{"@type":"BreadcrumbList","@id":"https:\/\/slaskaprohibicja.pl\/product\/asiatisch\/#breadcrumb","itemListElement":[{"@type":"ListItem","position":1,"name":"Strona g\u0142\u00f3wna","item":"https:\/\/slaskaprohibicja.pl\/de\/"},{"@type":"ListItem","position":2,"name":"Shop","item":"https:\/\/slaskaprohibicja.pl\/shop-2\/"},{"@type":"ListItem","position":3,"name":"Asiatisch"}]},{"@type":"WebSite","@id":"https:\/\/slaskaprohibicja.pl\/#website","url":"https:\/\/slaskaprohibicja.pl\/","name":"\u015al\u0105ska Prohibicja","description":"Klub Restauracja Scena | Katowice Nikiszowiec","potentialAction":[{"@type":"SearchAction","target":{"@type":"EntryPoint","urlTemplate":"https:\/\/slaskaprohibicja.pl\/?s={search_term_string}"},"query-input":{"@type":"PropertyValueSpecification","valueRequired":true,"valueName":"search_term_string"}}],"inLanguage":"de"}]}},"_links":{"self":[{"href":"https:\/\/slaskaprohibicja.pl\/de\/wp-json\/wp\/v2\/product\/26882","targetHints":{"allow":["GET"]}}],"collection":[{"href":"https:\/\/slaskaprohibicja.pl\/de\/wp-json\/wp\/v2\/product"}],"about":[{"href":"https:\/\/slaskaprohibicja.pl\/de\/wp-json\/wp\/v2\/types\/product"}],"version-history":[{"count":0,"href":"https:\/\/slaskaprohibicja.pl\/de\/wp-json\/wp\/v2\/product\/26882\/revisions"}],"wp:featuredmedia":[{"embeddable":true,"href":"https:\/\/slaskaprohibicja.pl\/de\/wp-json\/wp\/v2\/media\/26883"}],"wp:attachment":[{"href":"https:\/\/slaskaprohibicja.pl\/de\/wp-json\/wp\/v2\/media?parent=26882"}],"wp:term":[{"taxonomy":"product_brand","embeddable":true,"href":"https:\/\/slaskaprohibicja.pl\/de\/wp-json\/wp\/v2\/product_brand?post=26882"},{"taxonomy":"product_cat","embeddable":true,"href":"https:\/\/slaskaprohibicja.pl\/de\/wp-json\/wp\/v2\/product_cat?post=26882"},{"taxonomy":"product_tag","embeddable":true,"href":"https:\/\/slaskaprohibicja.pl\/de\/wp-json\/wp\/v2\/product_tag?post=26882"}],"curies":[{"name":"wp","href":"https:\/\/api.w.org\/{rel}","templated":true}]}}