{"id":26880,"date":"2025-02-10T19:37:21","date_gmt":"2025-02-10T18:37:21","guid":{"rendered":"https:\/\/slaskaprohibicja.pl\/product\/becher-nikiszowiec\/"},"modified":"2025-02-10T19:37:21","modified_gmt":"2025-02-10T18:37:21","slug":"becher-nikiszowiec","status":"publish","type":"product","link":"https:\/\/slaskaprohibicja.pl\/de\/product\/becher-nikiszowiec\/","title":{"rendered":"Becher &#8222;Nikiszowiec&#8220;"},"content":{"rendered":"","protected":false},"excerpt":{"rendered":"<p>Unser einzigartiges Set, inspiriert von der Architektur des malerischen Nikiszowiec. Ein ideales Geschenk f\u00fcr Liebhaber von Schlesien und dar\u00fcber hinaus. <\/p>\n<p>Das Set enth\u00e4lt:<\/p>\n<ul>\n<li>Becher mit einem Fassungsverm\u00f6gen von 320 ml &#8211; ideal f\u00fcr Tee, Kaffee oder Aufg\u00fcsse,<\/li>\n<li>Deckel &#8211; um das Getr\u00e4nk l\u00e4nger hei\u00df zu halten,<\/li>\n<li>Brewer &#8211; erleichtert das Aufbr\u00fchen von Tees und Kr\u00e4utern.<\/li>\n<\/ul>\n","protected":false},"featured_media":41404,"template":"","meta":{"inline_featured_image":false},"product_brand":[],"product_cat":[195],"product_tag":[],"class_list":{"0":"post-26880","1":"product","2":"type-product","3":"status-publish","4":"has-post-thumbnail","6":"product_cat-gyszynki-de","8":"first","9":"instock","10":"taxable","11":"shipping-taxable","12":"purchasable","13":"product-type-simple"},"yoast_head":"<!-- This site is optimized with the Yoast SEO plugin v27.3 - https:\/\/yoast.com\/product\/yoast-seo-wordpress\/ -->\n<title>Becher &quot;Nikiszowiec&quot; - \u015al\u0105ska Prohibicja<\/title>\n<meta name=\"robots\" content=\"index, follow, max-snippet:-1, max-image-preview:large, max-video-preview:-1\" \/>\n<link rel=\"canonical\" href=\"https:\/\/slaskaprohibicja.pl\/de\/product\/becher-nikiszowiec\/\" \/>\n<meta property=\"og:locale\" content=\"de_DE\" \/>\n<meta property=\"og:type\" content=\"article\" \/>\n<meta property=\"og:title\" content=\"Becher &quot;Nikiszowiec&quot; - \u015al\u0105ska Prohibicja\" \/>\n<meta property=\"og:description\" content=\"Unser einzigartiges Set, inspiriert von der Architektur des malerischen Nikiszowiec. Ein ideales Geschenk f\u00fcr Liebhaber von Schlesien und dar\u00fcber hinaus.  Das Set enth\u00e4lt:  Becher mit einem Fassungsverm\u00f6gen von 320 ml - ideal f\u00fcr Tee, Kaffee oder Aufg\u00fcsse,  Deckel - um das Getr\u00e4nk l\u00e4nger hei\u00df zu halten,  Brewer - erleichtert das Aufbr\u00fchen von Tees und Kr\u00e4utern.\" \/>\n<meta property=\"og:url\" content=\"https:\/\/slaskaprohibicja.pl\/de\/product\/becher-nikiszowiec\/\" \/>\n<meta property=\"og:site_name\" content=\"\u015al\u0105ska Prohibicja\" \/>\n<meta property=\"og:image\" content=\"https:\/\/slaskaprohibicja.pl\/wp-content\/uploads\/2025\/02\/DSC5771-scaled.jpg\" \/>\n\t<meta property=\"og:image:width\" content=\"2560\" \/>\n\t<meta property=\"og:image:height\" content=\"1922\" \/>\n\t<meta property=\"og:image:type\" content=\"image\/jpeg\" \/>\n<meta name=\"twitter:card\" content=\"summary_large_image\" \/>\n<script type=\"application\/ld+json\" class=\"yoast-schema-graph\">{\"@context\":\"https:\\\/\\\/schema.org\",\"@graph\":[{\"@type\":\"WebPage\",\"@id\":\"https:\\\/\\\/slaskaprohibicja.pl\\\/de\\\/product\\\/becher-nikiszowiec\\\/\",\"url\":\"https:\\\/\\\/slaskaprohibicja.pl\\\/de\\\/product\\\/becher-nikiszowiec\\\/\",\"name\":\"Becher \\\"Nikiszowiec\\\" - \u015al\u0105ska Prohibicja\",\"isPartOf\":{\"@id\":\"https:\\\/\\\/slaskaprohibicja.pl\\\/#website\"},\"primaryImageOfPage\":{\"@id\":\"https:\\\/\\\/slaskaprohibicja.pl\\\/de\\\/product\\\/becher-nikiszowiec\\\/#primaryimage\"},\"image\":{\"@id\":\"https:\\\/\\\/slaskaprohibicja.pl\\\/de\\\/product\\\/becher-nikiszowiec\\\/#primaryimage\"},\"thumbnailUrl\":\"https:\\\/\\\/slaskaprohibicja.pl\\\/wp-content\\\/uploads\\\/2025\\\/02\\\/kubek-nikiszowiec-scaled.png\",\"datePublished\":\"2025-02-10T18:37:21+00:00\",\"breadcrumb\":{\"@id\":\"https:\\\/\\\/slaskaprohibicja.pl\\\/de\\\/product\\\/becher-nikiszowiec\\\/#breadcrumb\"},\"inLanguage\":\"de\",\"potentialAction\":[{\"@type\":\"ReadAction\",\"target\":[\"https:\\\/\\\/slaskaprohibicja.pl\\\/de\\\/product\\\/becher-nikiszowiec\\\/\"]}]},{\"@type\":\"ImageObject\",\"inLanguage\":\"de\",\"@id\":\"https:\\\/\\\/slaskaprohibicja.pl\\\/de\\\/product\\\/becher-nikiszowiec\\\/#primaryimage\",\"url\":\"https:\\\/\\\/slaskaprohibicja.pl\\\/wp-content\\\/uploads\\\/2025\\\/02\\\/kubek-nikiszowiec-scaled.png\",\"contentUrl\":\"https:\\\/\\\/slaskaprohibicja.pl\\\/wp-content\\\/uploads\\\/2025\\\/02\\\/kubek-nikiszowiec-scaled.png\",\"width\":2560,\"height\":1922},{\"@type\":\"BreadcrumbList\",\"@id\":\"https:\\\/\\\/slaskaprohibicja.pl\\\/de\\\/product\\\/becher-nikiszowiec\\\/#breadcrumb\",\"itemListElement\":[{\"@type\":\"ListItem\",\"position\":1,\"name\":\"Strona g\u0142\u00f3wna\",\"item\":\"https:\\\/\\\/slaskaprohibicja.pl\\\/de\\\/\"},{\"@type\":\"ListItem\",\"position\":2,\"name\":\"Shop\",\"item\":\"https:\\\/\\\/slaskaprohibicja.pl\\\/shop-2\\\/\"},{\"@type\":\"ListItem\",\"position\":3,\"name\":\"Becher &#8222;Nikiszowiec&#8221;\"}]},{\"@type\":\"WebSite\",\"@id\":\"https:\\\/\\\/slaskaprohibicja.pl\\\/#website\",\"url\":\"https:\\\/\\\/slaskaprohibicja.pl\\\/\",\"name\":\"\u015al\u0105ska Prohibicja\",\"description\":\"Klub Restauracja Scena | Katowice Nikiszowiec\",\"potentialAction\":[{\"@type\":\"SearchAction\",\"target\":{\"@type\":\"EntryPoint\",\"urlTemplate\":\"https:\\\/\\\/slaskaprohibicja.pl\\\/?s={search_term_string}\"},\"query-input\":{\"@type\":\"PropertyValueSpecification\",\"valueRequired\":true,\"valueName\":\"search_term_string\"}}],\"inLanguage\":\"de\"}]}<\/script>\n<!-- \/ Yoast SEO plugin. -->","yoast_head_json":{"title":"Becher \"Nikiszowiec\" - \u015al\u0105ska Prohibicja","robots":{"index":"index","follow":"follow","max-snippet":"max-snippet:-1","max-image-preview":"max-image-preview:large","max-video-preview":"max-video-preview:-1"},"canonical":"https:\/\/slaskaprohibicja.pl\/de\/product\/becher-nikiszowiec\/","og_locale":"de_DE","og_type":"article","og_title":"Becher \"Nikiszowiec\" - \u015al\u0105ska Prohibicja","og_description":"Unser einzigartiges Set, inspiriert von der Architektur des malerischen Nikiszowiec. Ein ideales Geschenk f\u00fcr Liebhaber von Schlesien und dar\u00fcber hinaus.  Das Set enth\u00e4lt:  Becher mit einem Fassungsverm\u00f6gen von 320 ml - ideal f\u00fcr Tee, Kaffee oder Aufg\u00fcsse,  Deckel - um das Getr\u00e4nk l\u00e4nger hei\u00df zu halten,  Brewer - erleichtert das Aufbr\u00fchen von Tees und Kr\u00e4utern.","og_url":"https:\/\/slaskaprohibicja.pl\/de\/product\/becher-nikiszowiec\/","og_site_name":"\u015al\u0105ska Prohibicja","og_image":[{"width":2560,"height":1922,"url":"https:\/\/slaskaprohibicja.pl\/wp-content\/uploads\/2025\/02\/DSC5771-scaled.jpg","type":"image\/jpeg"}],"twitter_card":"summary_large_image","schema":{"@context":"https:\/\/schema.org","@graph":[{"@type":"WebPage","@id":"https:\/\/slaskaprohibicja.pl\/de\/product\/becher-nikiszowiec\/","url":"https:\/\/slaskaprohibicja.pl\/de\/product\/becher-nikiszowiec\/","name":"Becher \"Nikiszowiec\" - \u015al\u0105ska Prohibicja","isPartOf":{"@id":"https:\/\/slaskaprohibicja.pl\/#website"},"primaryImageOfPage":{"@id":"https:\/\/slaskaprohibicja.pl\/de\/product\/becher-nikiszowiec\/#primaryimage"},"image":{"@id":"https:\/\/slaskaprohibicja.pl\/de\/product\/becher-nikiszowiec\/#primaryimage"},"thumbnailUrl":"https:\/\/slaskaprohibicja.pl\/wp-content\/uploads\/2025\/02\/kubek-nikiszowiec-scaled.png","datePublished":"2025-02-10T18:37:21+00:00","breadcrumb":{"@id":"https:\/\/slaskaprohibicja.pl\/de\/product\/becher-nikiszowiec\/#breadcrumb"},"inLanguage":"de","potentialAction":[{"@type":"ReadAction","target":["https:\/\/slaskaprohibicja.pl\/de\/product\/becher-nikiszowiec\/"]}]},{"@type":"ImageObject","inLanguage":"de","@id":"https:\/\/slaskaprohibicja.pl\/de\/product\/becher-nikiszowiec\/#primaryimage","url":"https:\/\/slaskaprohibicja.pl\/wp-content\/uploads\/2025\/02\/kubek-nikiszowiec-scaled.png","contentUrl":"https:\/\/slaskaprohibicja.pl\/wp-content\/uploads\/2025\/02\/kubek-nikiszowiec-scaled.png","width":2560,"height":1922},{"@type":"BreadcrumbList","@id":"https:\/\/slaskaprohibicja.pl\/de\/product\/becher-nikiszowiec\/#breadcrumb","itemListElement":[{"@type":"ListItem","position":1,"name":"Strona g\u0142\u00f3wna","item":"https:\/\/slaskaprohibicja.pl\/de\/"},{"@type":"ListItem","position":2,"name":"Shop","item":"https:\/\/slaskaprohibicja.pl\/shop-2\/"},{"@type":"ListItem","position":3,"name":"Becher &#8222;Nikiszowiec&#8221;"}]},{"@type":"WebSite","@id":"https:\/\/slaskaprohibicja.pl\/#website","url":"https:\/\/slaskaprohibicja.pl\/","name":"\u015al\u0105ska Prohibicja","description":"Klub Restauracja Scena | Katowice Nikiszowiec","potentialAction":[{"@type":"SearchAction","target":{"@type":"EntryPoint","urlTemplate":"https:\/\/slaskaprohibicja.pl\/?s={search_term_string}"},"query-input":{"@type":"PropertyValueSpecification","valueRequired":true,"valueName":"search_term_string"}}],"inLanguage":"de"}]}},"_links":{"self":[{"href":"https:\/\/slaskaprohibicja.pl\/de\/wp-json\/wp\/v2\/product\/26880","targetHints":{"allow":["GET"]}}],"collection":[{"href":"https:\/\/slaskaprohibicja.pl\/de\/wp-json\/wp\/v2\/product"}],"about":[{"href":"https:\/\/slaskaprohibicja.pl\/de\/wp-json\/wp\/v2\/types\/product"}],"version-history":[{"count":0,"href":"https:\/\/slaskaprohibicja.pl\/de\/wp-json\/wp\/v2\/product\/26880\/revisions"}],"wp:featuredmedia":[{"embeddable":true,"href":"https:\/\/slaskaprohibicja.pl\/de\/wp-json\/wp\/v2\/media\/41404"}],"wp:attachment":[{"href":"https:\/\/slaskaprohibicja.pl\/de\/wp-json\/wp\/v2\/media?parent=26880"}],"wp:term":[{"taxonomy":"product_brand","embeddable":true,"href":"https:\/\/slaskaprohibicja.pl\/de\/wp-json\/wp\/v2\/product_brand?post=26880"},{"taxonomy":"product_cat","embeddable":true,"href":"https:\/\/slaskaprohibicja.pl\/de\/wp-json\/wp\/v2\/product_cat?post=26880"},{"taxonomy":"product_tag","embeddable":true,"href":"https:\/\/slaskaprohibicja.pl\/de\/wp-json\/wp\/v2\/product_tag?post=26880"}],"curies":[{"name":"wp","href":"https:\/\/api.w.org\/{rel}","templated":true}]}}