{"id":26733,"date":"2025-02-10T21:44:24","date_gmt":"2025-02-10T20:44:24","guid":{"rendered":"https:\/\/slaskaprohibicja.pl\/shop\/geschenke\/"},"modified":"2025-05-15T12:22:14","modified_gmt":"2025-05-15T10:22:14","slug":"geschenke","status":"publish","type":"page","link":"https:\/\/slaskaprohibicja.pl\/de\/shop\/geschenke\/","title":{"rendered":"Geschenke"},"content":{"rendered":"\t\t<div data-elementor-type=\"wp-page\" data-elementor-id=\"26733\" class=\"elementor elementor-26733 elementor-11579\">\n\t\t\t\t\t\t<section class=\"elementor-section elementor-top-section elementor-element elementor-element-f981614 elementor-section-full_width qodef-elementor-content-grid elementor-section-height-default elementor-section-height-default elementor-invisible\" data-id=\"f981614\" data-element_type=\"section\" data-e-type=\"section\" data-settings=\"{&quot;animation&quot;:&quot;fadeInUp&quot;}\">\n\t\t\t\t\t\t<div class=\"elementor-container elementor-column-gap-default\">\n\t\t\t\t\t<div class=\"elementor-column elementor-col-50 elementor-top-column elementor-element elementor-element-517a3d1\" data-id=\"517a3d1\" data-element_type=\"column\" data-e-type=\"column\">\n\t\t\t<div class=\"elementor-widget-wrap elementor-element-populated\">\n\t\t\t\t\t\t<div class=\"elementor-element elementor-element-709561b elementor-widget__width-initial elementor-widget-mobile__width-inherit elementor-widget-tablet__width-inherit elementor-widget elementor-widget-chateau_core_section_title\" data-id=\"709561b\" data-element_type=\"widget\" data-e-type=\"widget\" data-widget_type=\"chateau_core_section_title.default\">\n\t\t\t\t<div class=\"elementor-widget-container\">\n\t\t\t\t\t<div class=\"qodef-shortcode qodef-m  qodef-section-title qodef-alignment--left \">\n\t\t<h2 class=\"qodef-m-title\" >\n\t\t\t\t\tEinzigartige Geschenke f\u00fcr jeden Anlass!\t\t\t<\/h2>\n\t<div class=\"qodef-m-subtitle-content qodef--has-appear\" style=\"margin-top: 0px\">\n\t<div class=\"qodef-m-subtitle-line-one\" style=\"background-color: #4C775F;display: none;\"><\/div>\n\t\t<div class=\"qodef-m-subtitle-line-two\" style=\"display: none;\"><\/div>\n<\/div>\n\t<\/div>\n\t\t\t\t<\/div>\n\t\t\t\t<\/div>\n\t\t\t\t\t<\/div>\n\t\t<\/div>\n\t\t\t\t<div class=\"elementor-column elementor-col-50 elementor-top-column elementor-element elementor-element-088e225\" data-id=\"088e225\" data-element_type=\"column\" data-e-type=\"column\">\n\t\t\t<div class=\"elementor-widget-wrap elementor-element-populated\">\n\t\t\t\t\t\t<div class=\"elementor-element elementor-element-d7a9075 elementor-widget__width-initial elementor-widget-tablet__width-inherit elementor-widget elementor-widget-text-editor\" data-id=\"d7a9075\" data-element_type=\"widget\" data-e-type=\"widget\" data-widget_type=\"text-editor.default\">\n\t\t\t\t<div class=\"elementor-widget-container\">\n\t\t\t\t\t\t\t\t\t<p><span style=\"font-weight: 400;\">Bei Silesian Prohibition finden Sie die perfekten Geschenke f\u00fcr jeden Anlass! Wir bieten eine gro\u00dfe Auswahl an einzigartigen Geschenken, darunter k\u00f6stliche S\u00fc\u00dfigkeiten, die Ihren Gaumen erfreuen, sowie stilvolle Anstecker, inspirierende B\u00fccher und einzigartige CDs. Unsere Geschenke sind die perfekte M\u00f6glichkeit, um Geburtstage, Jahrestage, Feiertage und andere Meilensteine im Leben zu feiern. Jedes Set kann leicht an die Vorlieben des Beschenkten angepasst werden. Beschenken Sie Ihre Lieben mit etwas ganz Besonderem &#8211; damit jeder Urlaub voller Freude und Geschmack ist!    <\/span><\/p>\t\t\t\t\t\t\t\t<\/div>\n\t\t\t\t<\/div>\n\t\t\t\t\t<\/div>\n\t\t<\/div>\n\t\t\t\t\t<\/div>\n\t\t<\/section>\n\t\t\t\t<section class=\"elementor-section elementor-top-section elementor-element elementor-element-649a1d3 qodef-elementor-content-grid elementor-section-boxed elementor-section-height-default elementor-section-height-default\" data-id=\"649a1d3\" data-element_type=\"section\" data-e-type=\"section\">\n\t\t\t\t\t\t<div class=\"elementor-container elementor-column-gap-default\">\n\t\t\t\t\t<div class=\"elementor-column elementor-col-100 elementor-top-column elementor-element elementor-element-251427e\" data-id=\"251427e\" data-element_type=\"column\" data-e-type=\"column\">\n\t\t\t<div class=\"elementor-widget-wrap elementor-element-populated\">\n\t\t\t\t\t\t<div class=\"elementor-element elementor-element-d9fc89d elementor-widget elementor-widget-chateau_core_product_list\" data-id=\"d9fc89d\" data-element_type=\"widget\" data-e-type=\"widget\" data-widget_type=\"chateau_core_product_list.default\">\n\t\t\t\t<div class=\"elementor-widget-container\">\n\t\t\t\t\t<div class=\"qodef-shortcode qodef-m  qodef-woo-shortcode qodef-woo-product-list qodef-item-layout--info-below    qodef-grid qodef-layout--columns  qodef-gutter--medium qodef-vertical-gutter--medium qodef-col-num--3 qodef-item-layout--info-below   qodef-pagination--on qodef-pagination-type--infinite-scroll qodef-responsive--custom qodef-col-num--1440--3 qodef-col-num--1366--3 qodef-col-num--1024--2 qodef-col-num--768--2 qodef-col-num--680--2 qodef-col-num--480--1\" data-options=\"{&quot;plugin&quot;:&quot;chateau_core&quot;,&quot;module&quot;:&quot;plugins\\\/woocommerce\\\/shortcodes&quot;,&quot;shortcode&quot;:&quot;product-list&quot;,&quot;post_type&quot;:&quot;product&quot;,&quot;next_page&quot;:&quot;2&quot;,&quot;max_pages_num&quot;:1,&quot;behavior&quot;:&quot;columns&quot;,&quot;images_proportion&quot;:&quot;chateau_core_image_size_square&quot;,&quot;columns&quot;:&quot;3&quot;,&quot;columns_responsive&quot;:&quot;custom&quot;,&quot;columns_1440&quot;:&quot;3&quot;,&quot;columns_1366&quot;:&quot;3&quot;,&quot;columns_1024&quot;:&quot;2&quot;,&quot;columns_768&quot;:&quot;2&quot;,&quot;columns_680&quot;:&quot;2&quot;,&quot;columns_480&quot;:&quot;1&quot;,&quot;space&quot;:&quot;medium&quot;,&quot;vertical_space&quot;:&quot;medium&quot;,&quot;posts_per_page&quot;:&quot;15&quot;,&quot;orderby&quot;:&quot;menu_order&quot;,&quot;order&quot;:&quot;DESC&quot;,&quot;additional_params&quot;:&quot;tax&quot;,&quot;tax&quot;:&quot;product_cat&quot;,&quot;tax_slug&quot;:&quot;gyszynki,ksi\\u0105\\u017cki&quot;,&quot;filterby&quot;:&quot;on_stock&quot;,&quot;layout&quot;:&quot;info-below&quot;,&quot;title_tag&quot;:&quot;h5&quot;,&quot;enable_filter&quot;:&quot;no&quot;,&quot;pagination_type&quot;:&quot;infinite-scroll&quot;,&quot;advanced_filter_type&quot;:&quot;sidebar&quot;,&quot;attribute_filters&quot;:&quot;null&quot;,&quot;object_class_name&quot;:&quot;ChateauCore_Product_List_Shortcode&quot;,&quot;taxonomy_filter&quot;:&quot;product_cat&quot;,&quot;additional_query_args&quot;:{&quot;tax_query&quot;:[{&quot;taxonomy&quot;:&quot;product_cat&quot;,&quot;field&quot;:&quot;slug&quot;,&quot;terms&quot;:[&quot;gyszynki&quot;,&quot;ksi\\u0105\\u017cki&quot;]}],&quot;meta_query&quot;:[{&quot;key&quot;:&quot;_stock_status&quot;,&quot;value&quot;:&quot;instock&quot;,&quot;compare&quot;:&quot;=&quot;}]},&quot;space_value&quot;:20}\">\n\t\t<div class=\"qodef-grid-inner\">\n\t\t<div class=\"qodef-e qodef-grid-item qodef-item--square qodef--has-appear product type-product post-26921 status-publish first instock product_cat-gyszynki-de has-post-thumbnail taxable shipping-taxable purchasable product-type-simple\">\n\t<div class=\"qodef-e-inner\">\n\t\t\t\t\t<div class=\"qodef-e-media\">\n\t\t\t\t\t<div class=\"qodef-e-media-image\">\n\t\t<a href=\"https:\/\/slaskaprohibicja.pl\/de\/product\/verliebte-postkarte-in-nikisz-1\/\" class=\"woocommerce-LoopProduct-link woocommerce-loop-product__link\">\t\t\t\t\t\t<img fetchpriority=\"high\" decoding=\"async\" width=\"650\" height=\"650\" src=\"https:\/\/slaskaprohibicja.pl\/wp-content\/uploads\/2025\/02\/pocztowka1_slaska_prohibicja-650x650.jpg\" class=\"attachment-chateau_core_image_size_square size-chateau_core_image_size_square wp-post-image\" alt=\"\" srcset=\"https:\/\/slaskaprohibicja.pl\/wp-content\/uploads\/2025\/02\/pocztowka1_slaska_prohibicja-650x650.jpg 650w, https:\/\/slaskaprohibicja.pl\/wp-content\/uploads\/2025\/02\/pocztowka1_slaska_prohibicja-150x150.jpg 150w, https:\/\/slaskaprohibicja.pl\/wp-content\/uploads\/2025\/02\/pocztowka1_slaska_prohibicja-600x600.jpg 600w, https:\/\/slaskaprohibicja.pl\/wp-content\/uploads\/2025\/02\/pocztowka1_slaska_prohibicja-100x100.jpg 100w\" sizes=\"(max-width: 650px) 100vw, 650px\" \/>\t\t\t\t\t<\/a>\t<\/div>\n\t\t\t<\/div>\n\t\t\t\t<div class=\"qodef-e-content\">\n\t\t\t<h5 itemprop=\"name\" class=\"qodef-woo-product-title entry-title\" >\n\t<a itemprop=\"url\" class=\"qodef-woo-product-title-link\" href=\"https:\/\/slaskaprohibicja.pl\/de\/product\/verliebte-postkarte-in-nikisz-1\/\">\n\t\tVerliebte Postkarte in Nikisz 1\t<\/a>\n<\/h5>\n\t\t\t\t\t\t\t\t<div class=\"qodef-woo-product-price price\"><span class=\"woocommerce-Price-amount amount\">3,00&nbsp;<span class=\"woocommerce-Price-currencySymbol\">&#122;&#322;<\/span><\/span><\/div>\n\t\t\t\t\t<a href=\"\/de\/wp-json\/wp\/v2\/pages\/26733?add-to-cart=26921\" aria-describedby=\"woocommerce_loop_add_to_cart_link_describedby_26921\" data-quantity=\"1\" class=\"button product_type_simple add_to_cart_button ajax_add_to_cart\" data-product_id=\"26921\" data-product_sku=\"G-2\" aria-label=\"In den Warenkorb legen: \u201eVerliebte Postkarte in Nikisz 1\u201c\" rel=\"nofollow\" data-success_message=\"\u201eVerliebte Postkarte in Nikisz 1\u201c wurde deinem Warenkorb hinzugef\u00fcgt\" role=\"button\">In den Warenkorb<\/a>\t<span id=\"woocommerce_loop_add_to_cart_link_describedby_26921\" class=\"screen-reader-text\">\n\t\t\t<\/span>\n\t\t\t\t\t<\/div>\n\t<\/div>\n<\/div>\n<div class=\"qodef-e qodef-grid-item qodef-item--square qodef--has-appear product type-product post-26914 status-publish instock product_cat-gyszynki-de has-post-thumbnail taxable shipping-taxable purchasable product-type-simple\">\n\t<div class=\"qodef-e-inner\">\n\t\t\t\t\t<div class=\"qodef-e-media\">\n\t\t\t\t\t<div class=\"qodef-e-media-image\">\n\t\t<a href=\"https:\/\/slaskaprohibicja.pl\/de\/product\/postkarte-in-der-liebe-in-nikisz-2\/\" class=\"woocommerce-LoopProduct-link woocommerce-loop-product__link\">\t\t\t\t\t\t<img decoding=\"async\" width=\"650\" height=\"650\" src=\"https:\/\/slaskaprohibicja.pl\/wp-content\/uploads\/2025\/02\/pocztowka2_slaska_prohibicja-650x650.jpg\" class=\"attachment-chateau_core_image_size_square size-chateau_core_image_size_square wp-post-image\" alt=\"\" srcset=\"https:\/\/slaskaprohibicja.pl\/wp-content\/uploads\/2025\/02\/pocztowka2_slaska_prohibicja-650x650.jpg 650w, https:\/\/slaskaprohibicja.pl\/wp-content\/uploads\/2025\/02\/pocztowka2_slaska_prohibicja-150x150.jpg 150w, https:\/\/slaskaprohibicja.pl\/wp-content\/uploads\/2025\/02\/pocztowka2_slaska_prohibicja-600x600.jpg 600w, https:\/\/slaskaprohibicja.pl\/wp-content\/uploads\/2025\/02\/pocztowka2_slaska_prohibicja-100x100.jpg 100w\" sizes=\"(max-width: 650px) 100vw, 650px\" \/>\t\t\t\t\t<\/a>\t<\/div>\n\t\t\t<\/div>\n\t\t\t\t<div class=\"qodef-e-content\">\n\t\t\t<h5 itemprop=\"name\" class=\"qodef-woo-product-title entry-title\" >\n\t<a itemprop=\"url\" class=\"qodef-woo-product-title-link\" href=\"https:\/\/slaskaprohibicja.pl\/de\/product\/postkarte-in-der-liebe-in-nikisz-2\/\">\n\t\tPostkarte in der Liebe in Nikisz 2\t<\/a>\n<\/h5>\n\t\t\t\t\t\t\t\t<div class=\"qodef-woo-product-price price\"><span class=\"woocommerce-Price-amount amount\">3,00&nbsp;<span class=\"woocommerce-Price-currencySymbol\">&#122;&#322;<\/span><\/span><\/div>\n\t\t\t\t\t<a href=\"\/de\/wp-json\/wp\/v2\/pages\/26733?add-to-cart=26914\" aria-describedby=\"woocommerce_loop_add_to_cart_link_describedby_26914\" data-quantity=\"1\" class=\"button product_type_simple add_to_cart_button ajax_add_to_cart\" data-product_id=\"26914\" data-product_sku=\"G-3\" aria-label=\"In den Warenkorb legen: \u201ePostkarte in der Liebe in Nikisz 2\u201c\" rel=\"nofollow\" data-success_message=\"\u201ePostkarte in der Liebe in Nikisz 2\u201c wurde deinem Warenkorb hinzugef\u00fcgt\" role=\"button\">In den Warenkorb<\/a>\t<span id=\"woocommerce_loop_add_to_cart_link_describedby_26914\" class=\"screen-reader-text\">\n\t\t\t<\/span>\n\t\t\t\t\t<\/div>\n\t<\/div>\n<\/div>\n<div class=\"qodef-e qodef-grid-item qodef-item--square qodef--has-appear product type-product post-26880 status-publish last instock product_cat-gyszynki-de has-post-thumbnail taxable shipping-taxable purchasable product-type-simple\">\n\t<div class=\"qodef-e-inner\">\n\t\t\t\t\t<div class=\"qodef-e-media\">\n\t\t\t\t\t<div class=\"qodef-e-media-image\">\n\t\t<a href=\"https:\/\/slaskaprohibicja.pl\/de\/product\/becher-nikiszowiec\/\" class=\"woocommerce-LoopProduct-link woocommerce-loop-product__link\">\t\t\t\t\t\t<img decoding=\"async\" width=\"650\" height=\"650\" src=\"https:\/\/slaskaprohibicja.pl\/wp-content\/uploads\/2025\/02\/kubek-nikiszowiec-650x650.png\" class=\"attachment-chateau_core_image_size_square size-chateau_core_image_size_square wp-post-image\" alt=\"\" srcset=\"https:\/\/slaskaprohibicja.pl\/wp-content\/uploads\/2025\/02\/kubek-nikiszowiec-650x650.png 650w, https:\/\/slaskaprohibicja.pl\/wp-content\/uploads\/2025\/02\/kubek-nikiszowiec-150x150.png 150w, https:\/\/slaskaprohibicja.pl\/wp-content\/uploads\/2025\/02\/kubek-nikiszowiec-1300x1300.png 1300w, https:\/\/slaskaprohibicja.pl\/wp-content\/uploads\/2025\/02\/kubek-nikiszowiec-600x600.png 600w, https:\/\/slaskaprohibicja.pl\/wp-content\/uploads\/2025\/02\/kubek-nikiszowiec-100x100.png 100w\" sizes=\"(max-width: 650px) 100vw, 650px\" \/>\t\t\t\t\t<\/a>\t<\/div>\n\t\t\t<\/div>\n\t\t\t\t<div class=\"qodef-e-content\">\n\t\t\t<h5 itemprop=\"name\" class=\"qodef-woo-product-title entry-title\" >\n\t<a itemprop=\"url\" class=\"qodef-woo-product-title-link\" href=\"https:\/\/slaskaprohibicja.pl\/de\/product\/becher-nikiszowiec\/\">\n\t\tBecher &#8222;Nikiszowiec&#8220;\t<\/a>\n<\/h5>\n\t\t\t\t\t\t\t\t<div class=\"qodef-woo-product-price price\"><span class=\"woocommerce-Price-amount amount\">59,00&nbsp;<span class=\"woocommerce-Price-currencySymbol\">&#122;&#322;<\/span><\/span><\/div>\n\t\t\t\t\t<a href=\"\/de\/wp-json\/wp\/v2\/pages\/26733?add-to-cart=26880\" aria-describedby=\"woocommerce_loop_add_to_cart_link_describedby_26880\" data-quantity=\"1\" class=\"button product_type_simple add_to_cart_button ajax_add_to_cart\" data-product_id=\"26880\" data-product_sku=\"BN24-kn\" aria-label=\"In den Warenkorb legen: \u201eBecher &quot;Nikiszowiec&quot;\u201c\" rel=\"nofollow\" data-success_message=\"\u201eBecher &quot;Nikiszowiec&quot;\u201c wurde deinem Warenkorb hinzugef\u00fcgt\" role=\"button\">In den Warenkorb<\/a>\t<span id=\"woocommerce_loop_add_to_cart_link_describedby_26880\" class=\"screen-reader-text\">\n\t\t\t<\/span>\n\t\t\t\t\t<\/div>\n\t<\/div>\n<\/div>\n\t<\/div>\n\t<\/div>\n\t\t\t\t<\/div>\n\t\t\t\t<\/div>\n\t\t\t\t\t<\/div>\n\t\t<\/div>\n\t\t\t\t\t<\/div>\n\t\t<\/section>\n\t\t\t\t<\/div>\n\t\t","protected":false},"excerpt":{"rendered":"<p>Einzigartige Geschenke f\u00fcr jeden Anlass! Bei Silesian Prohibition finden Sie die perfekten Geschenke f\u00fcr jeden Anlass! Wir bieten eine gro\u00dfe Auswahl an einzigartigen Geschenken, darunter k\u00f6stliche S\u00fc\u00dfigkeiten, die Ihren Gaumen erfreuen, sowie stilvolle Anstecker, inspirierende B\u00fccher und einzigartige CDs. Unsere Geschenke sind die perfekte M\u00f6glichkeit, um Geburtstage, Jahrestage, Feiertage und andere Meilensteine im Leben zu [&hellip;]<\/p>\n","protected":false},"author":1,"featured_media":0,"parent":26721,"menu_order":0,"comment_status":"closed","ping_status":"closed","template":"page-full-width.php","meta":{"inline_featured_image":false,"footnotes":""},"class_list":["post-26733","page","type-page","status-publish","hentry"],"yoast_head":"<!-- This site is optimized with the Yoast SEO plugin v27.3 - https:\/\/yoast.com\/product\/yoast-seo-wordpress\/ -->\n<title>Geschenke - \u015al\u0105ska Prohibicja<\/title>\n<meta name=\"description\" content=\"W\u00e4hlen Sie originelle Geschenke - von Gutscheinen und B\u00fcchern bis hin zu Gadgets und exklusiven Leckereien direkt aus Schlesien.\" \/>\n<meta name=\"robots\" content=\"index, follow, max-snippet:-1, max-image-preview:large, max-video-preview:-1\" \/>\n<link rel=\"canonical\" href=\"https:\/\/slaskaprohibicja.pl\/de\/shop\/geschenke\/\" \/>\n<meta property=\"og:locale\" content=\"de_DE\" \/>\n<meta property=\"og:type\" content=\"article\" \/>\n<meta property=\"og:title\" content=\"Geschenke - \u015al\u0105ska Prohibicja\" \/>\n<meta property=\"og:description\" content=\"W\u00e4hlen Sie originelle Geschenke - von Gutscheinen und B\u00fcchern bis hin zu Gadgets und exklusiven Leckereien direkt aus Schlesien.\" \/>\n<meta property=\"og:url\" content=\"https:\/\/slaskaprohibicja.pl\/de\/shop\/geschenke\/\" \/>\n<meta property=\"og:site_name\" content=\"\u015al\u0105ska Prohibicja\" \/>\n<meta property=\"article:modified_time\" content=\"2025-05-15T10:22:14+00:00\" \/>\n<meta property=\"og:image\" content=\"https:\/\/slaskaprohibicja.pl\/wp-content\/uploads\/2025\/02\/DSC5771-650x650.jpg\" \/>\n<meta name=\"twitter:card\" content=\"summary_large_image\" \/>\n<meta name=\"twitter:label1\" content=\"Gesch\u00e4tzte Lesezeit\" \/>\n\t<meta name=\"twitter:data1\" content=\"1\u00a0Minute\" \/>\n<script type=\"application\/ld+json\" class=\"yoast-schema-graph\">{\"@context\":\"https:\\\/\\\/schema.org\",\"@graph\":[{\"@type\":\"WebPage\",\"@id\":\"https:\\\/\\\/slaskaprohibicja.pl\\\/de\\\/shop\\\/geschenke\\\/\",\"url\":\"https:\\\/\\\/slaskaprohibicja.pl\\\/de\\\/shop\\\/geschenke\\\/\",\"name\":\"Geschenke - \u015al\u0105ska Prohibicja\",\"isPartOf\":{\"@id\":\"https:\\\/\\\/slaskaprohibicja.pl\\\/#website\"},\"primaryImageOfPage\":{\"@id\":\"https:\\\/\\\/slaskaprohibicja.pl\\\/de\\\/shop\\\/geschenke\\\/#primaryimage\"},\"image\":{\"@id\":\"https:\\\/\\\/slaskaprohibicja.pl\\\/de\\\/shop\\\/geschenke\\\/#primaryimage\"},\"thumbnailUrl\":\"https:\\\/\\\/slaskaprohibicja.pl\\\/wp-content\\\/uploads\\\/2025\\\/02\\\/DSC5771-650x650.jpg\",\"datePublished\":\"2025-02-10T20:44:24+00:00\",\"dateModified\":\"2025-05-15T10:22:14+00:00\",\"description\":\"W\u00e4hlen Sie originelle Geschenke - von Gutscheinen und B\u00fcchern bis hin zu Gadgets und exklusiven Leckereien direkt aus Schlesien.\",\"breadcrumb\":{\"@id\":\"https:\\\/\\\/slaskaprohibicja.pl\\\/de\\\/shop\\\/geschenke\\\/#breadcrumb\"},\"inLanguage\":\"de\",\"potentialAction\":[{\"@type\":\"ReadAction\",\"target\":[\"https:\\\/\\\/slaskaprohibicja.pl\\\/de\\\/shop\\\/geschenke\\\/\"]}]},{\"@type\":\"ImageObject\",\"inLanguage\":\"de\",\"@id\":\"https:\\\/\\\/slaskaprohibicja.pl\\\/de\\\/shop\\\/geschenke\\\/#primaryimage\",\"url\":\"https:\\\/\\\/slaskaprohibicja.pl\\\/wp-content\\\/uploads\\\/2025\\\/02\\\/DSC5771-650x650.jpg\",\"contentUrl\":\"https:\\\/\\\/slaskaprohibicja.pl\\\/wp-content\\\/uploads\\\/2025\\\/02\\\/DSC5771-650x650.jpg\"},{\"@type\":\"BreadcrumbList\",\"@id\":\"https:\\\/\\\/slaskaprohibicja.pl\\\/de\\\/shop\\\/geschenke\\\/#breadcrumb\",\"itemListElement\":[{\"@type\":\"ListItem\",\"position\":1,\"name\":\"Strona g\u0142\u00f3wna\",\"item\":\"https:\\\/\\\/slaskaprohibicja.pl\\\/de\\\/\"},{\"@type\":\"ListItem\",\"position\":2,\"name\":\"Shop\",\"item\":\"https:\\\/\\\/slaskaprohibicja.pl\\\/de\\\/shop\\\/\"},{\"@type\":\"ListItem\",\"position\":3,\"name\":\"Geschenke\"}]},{\"@type\":\"WebSite\",\"@id\":\"https:\\\/\\\/slaskaprohibicja.pl\\\/#website\",\"url\":\"https:\\\/\\\/slaskaprohibicja.pl\\\/\",\"name\":\"\u015al\u0105ska Prohibicja\",\"description\":\"Klub Restauracja Scena | Katowice Nikiszowiec\",\"potentialAction\":[{\"@type\":\"SearchAction\",\"target\":{\"@type\":\"EntryPoint\",\"urlTemplate\":\"https:\\\/\\\/slaskaprohibicja.pl\\\/?s={search_term_string}\"},\"query-input\":{\"@type\":\"PropertyValueSpecification\",\"valueRequired\":true,\"valueName\":\"search_term_string\"}}],\"inLanguage\":\"de\"}]}<\/script>\n<!-- \/ Yoast SEO plugin. -->","yoast_head_json":{"title":"Geschenke - \u015al\u0105ska Prohibicja","description":"W\u00e4hlen Sie originelle Geschenke - von Gutscheinen und B\u00fcchern bis hin zu Gadgets und exklusiven Leckereien direkt aus Schlesien.","robots":{"index":"index","follow":"follow","max-snippet":"max-snippet:-1","max-image-preview":"max-image-preview:large","max-video-preview":"max-video-preview:-1"},"canonical":"https:\/\/slaskaprohibicja.pl\/de\/shop\/geschenke\/","og_locale":"de_DE","og_type":"article","og_title":"Geschenke - \u015al\u0105ska Prohibicja","og_description":"W\u00e4hlen Sie originelle Geschenke - von Gutscheinen und B\u00fcchern bis hin zu Gadgets und exklusiven Leckereien direkt aus Schlesien.","og_url":"https:\/\/slaskaprohibicja.pl\/de\/shop\/geschenke\/","og_site_name":"\u015al\u0105ska Prohibicja","article_modified_time":"2025-05-15T10:22:14+00:00","og_image":[{"url":"https:\/\/slaskaprohibicja.pl\/wp-content\/uploads\/2025\/02\/DSC5771-650x650.jpg","type":"","width":"","height":""}],"twitter_card":"summary_large_image","twitter_misc":{"Gesch\u00e4tzte Lesezeit":"1\u00a0Minute"},"schema":{"@context":"https:\/\/schema.org","@graph":[{"@type":"WebPage","@id":"https:\/\/slaskaprohibicja.pl\/de\/shop\/geschenke\/","url":"https:\/\/slaskaprohibicja.pl\/de\/shop\/geschenke\/","name":"Geschenke - \u015al\u0105ska Prohibicja","isPartOf":{"@id":"https:\/\/slaskaprohibicja.pl\/#website"},"primaryImageOfPage":{"@id":"https:\/\/slaskaprohibicja.pl\/de\/shop\/geschenke\/#primaryimage"},"image":{"@id":"https:\/\/slaskaprohibicja.pl\/de\/shop\/geschenke\/#primaryimage"},"thumbnailUrl":"https:\/\/slaskaprohibicja.pl\/wp-content\/uploads\/2025\/02\/DSC5771-650x650.jpg","datePublished":"2025-02-10T20:44:24+00:00","dateModified":"2025-05-15T10:22:14+00:00","description":"W\u00e4hlen Sie originelle Geschenke - von Gutscheinen und B\u00fcchern bis hin zu Gadgets und exklusiven Leckereien direkt aus Schlesien.","breadcrumb":{"@id":"https:\/\/slaskaprohibicja.pl\/de\/shop\/geschenke\/#breadcrumb"},"inLanguage":"de","potentialAction":[{"@type":"ReadAction","target":["https:\/\/slaskaprohibicja.pl\/de\/shop\/geschenke\/"]}]},{"@type":"ImageObject","inLanguage":"de","@id":"https:\/\/slaskaprohibicja.pl\/de\/shop\/geschenke\/#primaryimage","url":"https:\/\/slaskaprohibicja.pl\/wp-content\/uploads\/2025\/02\/DSC5771-650x650.jpg","contentUrl":"https:\/\/slaskaprohibicja.pl\/wp-content\/uploads\/2025\/02\/DSC5771-650x650.jpg"},{"@type":"BreadcrumbList","@id":"https:\/\/slaskaprohibicja.pl\/de\/shop\/geschenke\/#breadcrumb","itemListElement":[{"@type":"ListItem","position":1,"name":"Strona g\u0142\u00f3wna","item":"https:\/\/slaskaprohibicja.pl\/de\/"},{"@type":"ListItem","position":2,"name":"Shop","item":"https:\/\/slaskaprohibicja.pl\/de\/shop\/"},{"@type":"ListItem","position":3,"name":"Geschenke"}]},{"@type":"WebSite","@id":"https:\/\/slaskaprohibicja.pl\/#website","url":"https:\/\/slaskaprohibicja.pl\/","name":"\u015al\u0105ska Prohibicja","description":"Klub Restauracja Scena | Katowice Nikiszowiec","potentialAction":[{"@type":"SearchAction","target":{"@type":"EntryPoint","urlTemplate":"https:\/\/slaskaprohibicja.pl\/?s={search_term_string}"},"query-input":{"@type":"PropertyValueSpecification","valueRequired":true,"valueName":"search_term_string"}}],"inLanguage":"de"}]}},"_links":{"self":[{"href":"https:\/\/slaskaprohibicja.pl\/de\/wp-json\/wp\/v2\/pages\/26733","targetHints":{"allow":["GET"]}}],"collection":[{"href":"https:\/\/slaskaprohibicja.pl\/de\/wp-json\/wp\/v2\/pages"}],"about":[{"href":"https:\/\/slaskaprohibicja.pl\/de\/wp-json\/wp\/v2\/types\/page"}],"author":[{"embeddable":true,"href":"https:\/\/slaskaprohibicja.pl\/de\/wp-json\/wp\/v2\/users\/1"}],"replies":[{"embeddable":true,"href":"https:\/\/slaskaprohibicja.pl\/de\/wp-json\/wp\/v2\/comments?post=26733"}],"version-history":[{"count":1,"href":"https:\/\/slaskaprohibicja.pl\/de\/wp-json\/wp\/v2\/pages\/26733\/revisions"}],"predecessor-version":[{"id":26735,"href":"https:\/\/slaskaprohibicja.pl\/de\/wp-json\/wp\/v2\/pages\/26733\/revisions\/26735"}],"up":[{"embeddable":true,"href":"https:\/\/slaskaprohibicja.pl\/de\/wp-json\/wp\/v2\/pages\/26721"}],"wp:attachment":[{"href":"https:\/\/slaskaprohibicja.pl\/de\/wp-json\/wp\/v2\/media?parent=26733"}],"curies":[{"name":"wp","href":"https:\/\/api.w.org\/{rel}","templated":true}]}}