{"id":26719,"date":"2025-03-04T09:40:21","date_gmt":"2025-03-04T08:40:21","guid":{"rendered":"https:\/\/slaskaprohibicja.pl\/eintrittskarten\/"},"modified":"2025-05-15T12:21:48","modified_gmt":"2025-05-15T10:21:48","slug":"eintrittskarten","status":"publish","type":"page","link":"https:\/\/slaskaprohibicja.pl\/de\/shop\/eintrittskarten\/","title":{"rendered":"Eintrittskarten"},"content":{"rendered":"\t\t<div data-elementor-type=\"wp-page\" data-elementor-id=\"26719\" class=\"elementor elementor-26719 elementor-23036\">\n\t\t\t\t\t\t<section class=\"elementor-section elementor-top-section elementor-element elementor-element-9de01bc elementor-section-full_width qodef-elementor-content-grid elementor-section-height-default elementor-section-height-default elementor-invisible\" data-id=\"9de01bc\" data-element_type=\"section\" data-e-type=\"section\" data-settings=\"{&quot;animation&quot;:&quot;fadeInUp&quot;}\">\n\t\t\t\t\t\t<div class=\"elementor-container elementor-column-gap-default\">\n\t\t\t\t\t<div class=\"elementor-column elementor-col-50 elementor-top-column elementor-element elementor-element-b8061e4\" data-id=\"b8061e4\" data-element_type=\"column\" data-e-type=\"column\">\n\t\t\t<div class=\"elementor-widget-wrap elementor-element-populated\">\n\t\t\t\t\t\t<div class=\"elementor-element elementor-element-c398c2b elementor-widget__width-initial elementor-widget-tablet__width-inherit elementor-widget elementor-widget-text-editor\" data-id=\"c398c2b\" data-element_type=\"widget\" data-e-type=\"widget\" data-widget_type=\"text-editor.default\">\n\t\t\t\t<div class=\"elementor-widget-container\">\n\t\t\t\t\t\t\t\t\t<p>Seien Sie bei den einzigartigen Veranstaltungen der Silesian Prohibition dabei! Kaufen Sie Tickets f\u00fcr Degustationsdinner, Konzerte und besondere Veranstaltungen, die exzellente Geschm\u00e4cker, Musik und eine unvergessliche Atmosph\u00e4re vereinen. Reservieren Sie Ihren Platz und erleben Sie einzigartige Momente im Herzen von Nikiszowiec.  <\/p>\t\t\t\t\t\t\t\t<\/div>\n\t\t\t\t<\/div>\n\t\t\t\t\t<\/div>\n\t\t<\/div>\n\t\t\t\t<div class=\"elementor-column elementor-col-50 elementor-top-column elementor-element elementor-element-b4f1da7\" data-id=\"b4f1da7\" data-element_type=\"column\" data-e-type=\"column\">\n\t\t\t<div class=\"elementor-widget-wrap\">\n\t\t\t\t\t\t\t<\/div>\n\t\t<\/div>\n\t\t\t\t\t<\/div>\n\t\t<\/section>\n\t\t\t\t<section class=\"elementor-section elementor-top-section elementor-element elementor-element-649a1d3 elementor-section-full_width qodef-elementor-content-grid elementor-section-height-default elementor-section-height-default\" data-id=\"649a1d3\" data-element_type=\"section\" data-e-type=\"section\" data-settings=\"{&quot;animation&quot;:&quot;none&quot;}\">\n\t\t\t\t\t\t<div class=\"elementor-container elementor-column-gap-default\">\n\t\t\t\t\t<div class=\"elementor-column elementor-col-100 elementor-top-column elementor-element elementor-element-251427e\" data-id=\"251427e\" data-element_type=\"column\" data-e-type=\"column\">\n\t\t\t<div class=\"elementor-widget-wrap elementor-element-populated\">\n\t\t\t\t\t\t<div class=\"elementor-element elementor-element-d9fc89d elementor-widget elementor-widget-chateau_core_product_list\" data-id=\"d9fc89d\" data-element_type=\"widget\" data-e-type=\"widget\" data-widget_type=\"chateau_core_product_list.default\">\n\t\t\t\t<div class=\"elementor-widget-container\">\n\t\t\t\t\t<div class=\"qodef-shortcode qodef-m  qodef-woo-shortcode qodef-woo-product-list qodef-item-layout--info-below    qodef-grid qodef-layout--columns  qodef-gutter--medium qodef-vertical-gutter--medium qodef-col-num--3 qodef-item-layout--info-below   qodef-pagination--on qodef-pagination-type--infinite-scroll qodef-responsive--custom qodef-col-num--1440--3 qodef-col-num--1366--3 qodef-col-num--1024--2 qodef-col-num--768--2 qodef-col-num--680--2 qodef-col-num--480--1\" data-options=\"{&quot;plugin&quot;:&quot;chateau_core&quot;,&quot;module&quot;:&quot;plugins\\\/woocommerce\\\/shortcodes&quot;,&quot;shortcode&quot;:&quot;product-list&quot;,&quot;post_type&quot;:&quot;product&quot;,&quot;next_page&quot;:&quot;2&quot;,&quot;max_pages_num&quot;:0,&quot;behavior&quot;:&quot;columns&quot;,&quot;images_proportion&quot;:&quot;chateau_core_image_size_square&quot;,&quot;columns&quot;:&quot;3&quot;,&quot;columns_responsive&quot;:&quot;custom&quot;,&quot;columns_1440&quot;:&quot;3&quot;,&quot;columns_1366&quot;:&quot;3&quot;,&quot;columns_1024&quot;:&quot;2&quot;,&quot;columns_768&quot;:&quot;2&quot;,&quot;columns_680&quot;:&quot;2&quot;,&quot;columns_480&quot;:&quot;1&quot;,&quot;space&quot;:&quot;medium&quot;,&quot;vertical_space&quot;:&quot;medium&quot;,&quot;posts_per_page&quot;:&quot;12&quot;,&quot;orderby&quot;:&quot;menu_order&quot;,&quot;order&quot;:&quot;DESC&quot;,&quot;additional_params&quot;:&quot;tax&quot;,&quot;tax&quot;:&quot;product_cat&quot;,&quot;tax_slug&quot;:&quot;wydarzenia&quot;,&quot;layout&quot;:&quot;info-below&quot;,&quot;title_tag&quot;:&quot;h5&quot;,&quot;show_hover_image&quot;:&quot;no&quot;,&quot;enable_filter&quot;:&quot;no&quot;,&quot;pagination_type&quot;:&quot;infinite-scroll&quot;,&quot;advanced_filter_type&quot;:&quot;sidebar&quot;,&quot;attribute_filters&quot;:&quot;null&quot;,&quot;object_class_name&quot;:&quot;ChateauCore_Product_List_Shortcode&quot;,&quot;taxonomy_filter&quot;:&quot;product_cat&quot;,&quot;additional_query_args&quot;:{&quot;tax_query&quot;:[{&quot;taxonomy&quot;:&quot;product_cat&quot;,&quot;field&quot;:&quot;slug&quot;,&quot;terms&quot;:&quot;wydarzenia&quot;}]},&quot;space_value&quot;:20}\">\n\t\t<div class=\"qodef-grid-inner\">\n\t\t<p class=\"qodef-m-posts-not-found qodef-grid-item\">No posts were found for provided query parameters.<\/p>\n\t<\/div>\n\t<\/div>\n\t\t\t\t<\/div>\n\t\t\t\t<\/div>\n\t\t\t\t\t<\/div>\n\t\t<\/div>\n\t\t\t\t\t<\/div>\n\t\t<\/section>\n\t\t\t\t<\/div>\n\t\t","protected":false},"excerpt":{"rendered":"<p>Seien Sie bei den einzigartigen Veranstaltungen der Silesian Prohibition dabei! Kaufen Sie Tickets f\u00fcr Degustationsdinner, Konzerte und besondere Veranstaltungen, die exzellente Geschm\u00e4cker, Musik und eine unvergessliche Atmosph\u00e4re vereinen. Reservieren Sie Ihren Platz und erleben Sie einzigartige Momente im Herzen von Nikiszowiec. No posts were found for provided query parameters.<\/p>\n","protected":false},"author":1,"featured_media":0,"parent":26721,"menu_order":0,"comment_status":"closed","ping_status":"closed","template":"page-full-width.php","meta":{"inline_featured_image":false,"footnotes":""},"class_list":["post-26719","page","type-page","status-publish","hentry"],"yoast_head":"<!-- This site is optimized with the Yoast SEO plugin v27.4 - https:\/\/yoast.com\/product\/yoast-seo-wordpress\/ -->\n<title>Eintrittskarten - \u015al\u0105ska Prohibicja<\/title>\n<meta name=\"description\" content=\"Kaufen Sie Tickets f\u00fcr Konzerte, Verkostungen und Veranstaltungen in der Silesian Prohibition - ein garantiert einzigartiges Erlebnis im Herzen von Nikiszowiec.\" \/>\n<meta name=\"robots\" content=\"index, follow, max-snippet:-1, max-image-preview:large, max-video-preview:-1\" \/>\n<link rel=\"canonical\" href=\"https:\/\/slaskaprohibicja.pl\/de\/shop\/eintrittskarten\/\" \/>\n<meta property=\"og:locale\" content=\"de_DE\" \/>\n<meta property=\"og:type\" content=\"article\" \/>\n<meta property=\"og:title\" content=\"Eintrittskarten - \u015al\u0105ska Prohibicja\" \/>\n<meta property=\"og:description\" content=\"Kaufen Sie Tickets f\u00fcr Konzerte, Verkostungen und Veranstaltungen in der Silesian Prohibition - ein garantiert einzigartiges Erlebnis im Herzen von Nikiszowiec.\" \/>\n<meta property=\"og:url\" content=\"https:\/\/slaskaprohibicja.pl\/de\/shop\/eintrittskarten\/\" \/>\n<meta property=\"og:site_name\" content=\"\u015al\u0105ska Prohibicja\" \/>\n<meta property=\"article:modified_time\" content=\"2025-05-15T10:21:48+00:00\" \/>\n<meta name=\"twitter:card\" content=\"summary_large_image\" \/>\n<script type=\"application\/ld+json\" class=\"yoast-schema-graph\">{\"@context\":\"https:\\\/\\\/schema.org\",\"@graph\":[{\"@type\":\"WebPage\",\"@id\":\"https:\\\/\\\/slaskaprohibicja.pl\\\/de\\\/shop\\\/eintrittskarten\\\/\",\"url\":\"https:\\\/\\\/slaskaprohibicja.pl\\\/de\\\/shop\\\/eintrittskarten\\\/\",\"name\":\"Eintrittskarten - \u015al\u0105ska Prohibicja\",\"isPartOf\":{\"@id\":\"https:\\\/\\\/slaskaprohibicja.pl\\\/#website\"},\"datePublished\":\"2025-03-04T08:40:21+00:00\",\"dateModified\":\"2025-05-15T10:21:48+00:00\",\"description\":\"Kaufen Sie Tickets f\u00fcr Konzerte, Verkostungen und Veranstaltungen in der Silesian Prohibition - ein garantiert einzigartiges Erlebnis im Herzen von Nikiszowiec.\",\"breadcrumb\":{\"@id\":\"https:\\\/\\\/slaskaprohibicja.pl\\\/de\\\/shop\\\/eintrittskarten\\\/#breadcrumb\"},\"inLanguage\":\"de\",\"potentialAction\":[{\"@type\":\"ReadAction\",\"target\":[\"https:\\\/\\\/slaskaprohibicja.pl\\\/de\\\/shop\\\/eintrittskarten\\\/\"]}]},{\"@type\":\"BreadcrumbList\",\"@id\":\"https:\\\/\\\/slaskaprohibicja.pl\\\/de\\\/shop\\\/eintrittskarten\\\/#breadcrumb\",\"itemListElement\":[{\"@type\":\"ListItem\",\"position\":1,\"name\":\"Strona g\u0142\u00f3wna\",\"item\":\"https:\\\/\\\/slaskaprohibicja.pl\\\/de\\\/\"},{\"@type\":\"ListItem\",\"position\":2,\"name\":\"Eintrittskarten\"}]},{\"@type\":\"WebSite\",\"@id\":\"https:\\\/\\\/slaskaprohibicja.pl\\\/#website\",\"url\":\"https:\\\/\\\/slaskaprohibicja.pl\\\/\",\"name\":\"\u015al\u0105ska Prohibicja\",\"description\":\"Klub Restauracja Scena | Katowice Nikiszowiec\",\"potentialAction\":[{\"@type\":\"SearchAction\",\"target\":{\"@type\":\"EntryPoint\",\"urlTemplate\":\"https:\\\/\\\/slaskaprohibicja.pl\\\/?s={search_term_string}\"},\"query-input\":{\"@type\":\"PropertyValueSpecification\",\"valueRequired\":true,\"valueName\":\"search_term_string\"}}],\"inLanguage\":\"de\"}]}<\/script>\n<!-- \/ Yoast SEO plugin. -->","yoast_head_json":{"title":"Eintrittskarten - \u015al\u0105ska Prohibicja","description":"Kaufen Sie Tickets f\u00fcr Konzerte, Verkostungen und Veranstaltungen in der Silesian Prohibition - ein garantiert einzigartiges Erlebnis im Herzen von Nikiszowiec.","robots":{"index":"index","follow":"follow","max-snippet":"max-snippet:-1","max-image-preview":"max-image-preview:large","max-video-preview":"max-video-preview:-1"},"canonical":"https:\/\/slaskaprohibicja.pl\/de\/shop\/eintrittskarten\/","og_locale":"de_DE","og_type":"article","og_title":"Eintrittskarten - \u015al\u0105ska Prohibicja","og_description":"Kaufen Sie Tickets f\u00fcr Konzerte, Verkostungen und Veranstaltungen in der Silesian Prohibition - ein garantiert einzigartiges Erlebnis im Herzen von Nikiszowiec.","og_url":"https:\/\/slaskaprohibicja.pl\/de\/shop\/eintrittskarten\/","og_site_name":"\u015al\u0105ska Prohibicja","article_modified_time":"2025-05-15T10:21:48+00:00","twitter_card":"summary_large_image","schema":{"@context":"https:\/\/schema.org","@graph":[{"@type":"WebPage","@id":"https:\/\/slaskaprohibicja.pl\/de\/shop\/eintrittskarten\/","url":"https:\/\/slaskaprohibicja.pl\/de\/shop\/eintrittskarten\/","name":"Eintrittskarten - \u015al\u0105ska Prohibicja","isPartOf":{"@id":"https:\/\/slaskaprohibicja.pl\/#website"},"datePublished":"2025-03-04T08:40:21+00:00","dateModified":"2025-05-15T10:21:48+00:00","description":"Kaufen Sie Tickets f\u00fcr Konzerte, Verkostungen und Veranstaltungen in der Silesian Prohibition - ein garantiert einzigartiges Erlebnis im Herzen von Nikiszowiec.","breadcrumb":{"@id":"https:\/\/slaskaprohibicja.pl\/de\/shop\/eintrittskarten\/#breadcrumb"},"inLanguage":"de","potentialAction":[{"@type":"ReadAction","target":["https:\/\/slaskaprohibicja.pl\/de\/shop\/eintrittskarten\/"]}]},{"@type":"BreadcrumbList","@id":"https:\/\/slaskaprohibicja.pl\/de\/shop\/eintrittskarten\/#breadcrumb","itemListElement":[{"@type":"ListItem","position":1,"name":"Strona g\u0142\u00f3wna","item":"https:\/\/slaskaprohibicja.pl\/de\/"},{"@type":"ListItem","position":2,"name":"Eintrittskarten"}]},{"@type":"WebSite","@id":"https:\/\/slaskaprohibicja.pl\/#website","url":"https:\/\/slaskaprohibicja.pl\/","name":"\u015al\u0105ska Prohibicja","description":"Klub Restauracja Scena | Katowice Nikiszowiec","potentialAction":[{"@type":"SearchAction","target":{"@type":"EntryPoint","urlTemplate":"https:\/\/slaskaprohibicja.pl\/?s={search_term_string}"},"query-input":{"@type":"PropertyValueSpecification","valueRequired":true,"valueName":"search_term_string"}}],"inLanguage":"de"}]}},"_links":{"self":[{"href":"https:\/\/slaskaprohibicja.pl\/de\/wp-json\/wp\/v2\/pages\/26719","targetHints":{"allow":["GET"]}}],"collection":[{"href":"https:\/\/slaskaprohibicja.pl\/de\/wp-json\/wp\/v2\/pages"}],"about":[{"href":"https:\/\/slaskaprohibicja.pl\/de\/wp-json\/wp\/v2\/types\/page"}],"author":[{"embeddable":true,"href":"https:\/\/slaskaprohibicja.pl\/de\/wp-json\/wp\/v2\/users\/1"}],"replies":[{"embeddable":true,"href":"https:\/\/slaskaprohibicja.pl\/de\/wp-json\/wp\/v2\/comments?post=26719"}],"version-history":[{"count":1,"href":"https:\/\/slaskaprohibicja.pl\/de\/wp-json\/wp\/v2\/pages\/26719\/revisions"}],"predecessor-version":[{"id":26720,"href":"https:\/\/slaskaprohibicja.pl\/de\/wp-json\/wp\/v2\/pages\/26719\/revisions\/26720"}],"up":[{"embeddable":true,"href":"https:\/\/slaskaprohibicja.pl\/de\/wp-json\/wp\/v2\/pages\/26721"}],"wp:attachment":[{"href":"https:\/\/slaskaprohibicja.pl\/de\/wp-json\/wp\/v2\/media?parent=26719"}],"curies":[{"name":"wp","href":"https:\/\/api.w.org\/{rel}","templated":true}]}}