{"id":26715,"date":"2025-02-27T11:32:59","date_gmt":"2025-02-27T10:32:59","guid":{"rendered":"https:\/\/slaskaprohibicja.pl\/buchungsvorschriften\/"},"modified":"2025-02-27T11:32:59","modified_gmt":"2025-02-27T10:32:59","slug":"buchungsvorschriften","status":"publish","type":"page","link":"https:\/\/slaskaprohibicja.pl\/de\/buchungsvorschriften\/","title":{"rendered":"Buchungsvorschriften"},"content":{"rendered":"<p style=\"font-weight: 400;\">Reservierungspolitik<\/p>\n<ol>\n<li style=\"font-weight: 400;\">Buchungen f\u00fcr bis zu 15 Personen werden von unserer Reservierungsabteilung w\u00e4hrend der \u00d6ffnungszeiten unserer Buchungsabteilung von 10:00 bis 20:00 Uhr entgegengenommen.<br \/>\n2.<a href=\"mailto:dzial.rezerwacji@slaskaprohibicja.pl\">F\u00fcr Gruppenbuchungen von 8 bis 15 Personen wenden Sie sich bitte anmailowy:dzial.rezerwacji@slaskaprohibicja.pl.<\/a> F\u00fcr Buchungen von mehr als 15 Personen wenden Sie sich bitte an<a href=\"mailto:dzial.przyjec@slaskaprohibicja.pl\">przyj\u0119\u0107:dzial.przyjec@slaskaprohibicja.pl<\/a><br \/>\n3. Eine Textnachricht zur Best\u00e4tigung Ihrer Reservierung garantiert Ihnen einen Sitzplatz im Restaurant.<br \/>\n4. Wenn Sie Kinder unter Ihren G\u00e4sten haben, geben Sie bitte die Anzahl der Kinder im Kommentarbereich der Reservierung an.<br \/>\n5. Wir reservieren keine bestimmten Tische &#8211; wenn Sie einen bestimmten Tisch bevorzugen, geben Sie dies bitte im Kommentarbereich der Reservierung an. Wir werden unser Bestes tun, um Ihre W\u00fcnsche zu erf\u00fcllen.<br \/>\n6. Wenn Sie besondere oder individuelle W\u00fcnsche f\u00fcr die Reservierung haben, geben Sie diese bitte im Kommentarbereich der Reservierung an &#8211; wir werden unser Bestes tun, um Ihre Erwartungen zu erf\u00fcllen.<br \/>\n7. Wir halten Reservierungen f\u00fcr 15 Minuten f\u00fcr Sie bereit &#8211; bitte kommen Sie p\u00fcnktlich. Wenn Sie sich versp\u00e4ten, informieren Sie uns bitte \u00fcber den Chat im Link in den Buchungsdetails.<br \/>\n8. Bei Buchungen f\u00fcr 10 oder mehr Personen ist eine Vorauszahlung (Anzahlung) von 200 PLN pro Buchung erforderlich. Dieser Betrag wird automatisch von Ihrer Rechnung abgezogen.<br \/>\n9. Die Anzahlung wird zur\u00fcckerstattet, wenn die Buchung mindestens 72 Stunden vor dem geplanten Termin storniert wird.<br \/>\n10. Die endg\u00fcltige Anzahl der Personen f\u00fcr eine Gruppenbuchung muss maximal 72 Stunden vor der Buchung best\u00e4tigt werden. Nach dieser Zeit wird die Anzahl der best\u00e4tigten Gruppenmen\u00fcs auf die Rechnung aufgeschlagen.<br \/>\n11. Die Stornierung einer Reservierung und jegliche \u00c4nderungen in Bezug auf den Tag, die Uhrzeit und\/oder die Anzahl der G\u00e4ste sind nur \u00fcber <a href=\"http:\/\/mojstolik.pl\/\" data-saferedirecturl=\"https:\/\/www.google.com\/url?q=http:\/\/mojstolik.pl&amp;source=gmail&amp;ust=1741067794227000&amp;usg=AOvVaw0H42EMOaezxsRo2xYvY9JI\">mojstolik.co.uk<\/a> m\u00f6glich, den Chatroom, den Sie \u00fcber den Link in den Buchungsdetails finden.<br \/>\n12. Bitte seien Sie r\u00fccksichtsvoll, wenn Sie eine Reservierung vornehmen.            Wenn Sie eine Rechnung mit ausgewiesener Mehrwertsteuer erhalten m\u00f6chten, geben Sie dies bitte in den Anmerkungen an und nennen Sie Ihre Firmenangaben und Ihre Mehrwertsteuernummer.<br \/>\n13. Bei Buchungen von 8 oder mehr Personen erheben wir eine Servicegeb\u00fchr von 10 % auf die Rechnung.<br \/>\n14. Sie sind auch ohne Reservierung willkommen, da einige Tische nicht belegt sind.<br \/>\n15. Im Interesse h\u00f6chster Hygiene- und Sicherheitsstandards m\u00f6chten wir Sie darauf hinweisen, dass wir in unseren R\u00e4umlichkeiten keine Haustiere beherbergen k\u00f6nnen.<br \/>\nDies ist auf Hygienevorschriften zur\u00fcckzuf\u00fchren, die den Komfort und die Sicherheit aller G\u00e4ste gew\u00e4hrleisten sollen. Sie sind jedoch in der Sommersaison mit Ihrem Haustier in unserem Garten herzlich willkommen. <\/li>\n<\/ol>\n","protected":false},"excerpt":{"rendered":"<p>Reservierungspolitik Buchungen f\u00fcr bis zu 15 Personen werden von unserer Reservierungsabteilung w\u00e4hrend der \u00d6ffnungszeiten unserer Buchungsabteilung von 10:00 bis 20:00 Uhr entgegengenommen. 2.F\u00fcr Gruppenbuchungen von 8 bis 15 Personen wenden Sie sich bitte anmailowy:dzial.rezerwacji@slaskaprohibicja.pl. F\u00fcr Buchungen von mehr als 15 Personen wenden Sie sich bitte anprzyj\u0119\u0107:dzial.przyjec@slaskaprohibicja.pl 3. Eine Textnachricht zur Best\u00e4tigung Ihrer Reservierung garantiert Ihnen [&hellip;]<\/p>\n","protected":false},"author":1,"featured_media":0,"parent":0,"menu_order":0,"comment_status":"closed","ping_status":"closed","template":"","meta":{"inline_featured_image":false,"footnotes":""},"class_list":["post-26715","page","type-page","status-publish","hentry"],"yoast_head":"<!-- This site is optimized with the Yoast SEO plugin v27.4 - https:\/\/yoast.com\/product\/yoast-seo-wordpress\/ -->\n<title>Buchungsvorschriften - \u015al\u0105ska Prohibicja<\/title>\n<meta name=\"robots\" content=\"index, follow, max-snippet:-1, max-image-preview:large, max-video-preview:-1\" \/>\n<link rel=\"canonical\" href=\"https:\/\/slaskaprohibicja.pl\/buchungsvorschriften\/\" \/>\n<meta property=\"og:locale\" content=\"de_DE\" \/>\n<meta property=\"og:type\" content=\"article\" \/>\n<meta property=\"og:title\" content=\"Buchungsvorschriften - \u015al\u0105ska Prohibicja\" \/>\n<meta property=\"og:description\" content=\"Reservierungspolitik Buchungen f\u00fcr bis zu 15 Personen werden von unserer Reservierungsabteilung w\u00e4hrend der \u00d6ffnungszeiten unserer Buchungsabteilung von 10:00 bis 20:00 Uhr entgegengenommen. 2.F\u00fcr Gruppenbuchungen von 8 bis 15 Personen wenden Sie sich bitte anmailowy:dzial.rezerwacji@slaskaprohibicja.pl. F\u00fcr Buchungen von mehr als 15 Personen wenden Sie sich bitte anprzyj\u0119\u0107:dzial.przyjec@slaskaprohibicja.pl 3. Eine Textnachricht zur Best\u00e4tigung Ihrer Reservierung garantiert Ihnen [&hellip;]\" \/>\n<meta property=\"og:url\" content=\"https:\/\/slaskaprohibicja.pl\/buchungsvorschriften\/\" \/>\n<meta property=\"og:site_name\" content=\"\u015al\u0105ska Prohibicja\" \/>\n<meta name=\"twitter:card\" content=\"summary_large_image\" \/>\n<meta name=\"twitter:label1\" content=\"Gesch\u00e4tzte Lesezeit\" \/>\n\t<meta name=\"twitter:data1\" content=\"2\u00a0Minuten\" \/>\n<script type=\"application\/ld+json\" class=\"yoast-schema-graph\">{\"@context\":\"https:\\\/\\\/schema.org\",\"@graph\":[{\"@type\":\"WebPage\",\"@id\":\"https:\\\/\\\/slaskaprohibicja.pl\\\/buchungsvorschriften\\\/\",\"url\":\"https:\\\/\\\/slaskaprohibicja.pl\\\/buchungsvorschriften\\\/\",\"name\":\"Buchungsvorschriften - \u015al\u0105ska Prohibicja\",\"isPartOf\":{\"@id\":\"https:\\\/\\\/slaskaprohibicja.pl\\\/#website\"},\"datePublished\":\"2025-02-27T10:32:59+00:00\",\"breadcrumb\":{\"@id\":\"https:\\\/\\\/slaskaprohibicja.pl\\\/buchungsvorschriften\\\/#breadcrumb\"},\"inLanguage\":\"de\",\"potentialAction\":[{\"@type\":\"ReadAction\",\"target\":[\"https:\\\/\\\/slaskaprohibicja.pl\\\/buchungsvorschriften\\\/\"]}]},{\"@type\":\"BreadcrumbList\",\"@id\":\"https:\\\/\\\/slaskaprohibicja.pl\\\/buchungsvorschriften\\\/#breadcrumb\",\"itemListElement\":[{\"@type\":\"ListItem\",\"position\":1,\"name\":\"Strona g\u0142\u00f3wna\",\"item\":\"https:\\\/\\\/slaskaprohibicja.pl\\\/de\\\/\"},{\"@type\":\"ListItem\",\"position\":2,\"name\":\"Buchungsvorschriften\"}]},{\"@type\":\"WebSite\",\"@id\":\"https:\\\/\\\/slaskaprohibicja.pl\\\/#website\",\"url\":\"https:\\\/\\\/slaskaprohibicja.pl\\\/\",\"name\":\"\u015al\u0105ska Prohibicja\",\"description\":\"Klub Restauracja Scena | Katowice Nikiszowiec\",\"potentialAction\":[{\"@type\":\"SearchAction\",\"target\":{\"@type\":\"EntryPoint\",\"urlTemplate\":\"https:\\\/\\\/slaskaprohibicja.pl\\\/?s={search_term_string}\"},\"query-input\":{\"@type\":\"PropertyValueSpecification\",\"valueRequired\":true,\"valueName\":\"search_term_string\"}}],\"inLanguage\":\"de\"}]}<\/script>\n<!-- \/ Yoast SEO plugin. -->","yoast_head_json":{"title":"Buchungsvorschriften - \u015al\u0105ska Prohibicja","robots":{"index":"index","follow":"follow","max-snippet":"max-snippet:-1","max-image-preview":"max-image-preview:large","max-video-preview":"max-video-preview:-1"},"canonical":"https:\/\/slaskaprohibicja.pl\/buchungsvorschriften\/","og_locale":"de_DE","og_type":"article","og_title":"Buchungsvorschriften - \u015al\u0105ska Prohibicja","og_description":"Reservierungspolitik Buchungen f\u00fcr bis zu 15 Personen werden von unserer Reservierungsabteilung w\u00e4hrend der \u00d6ffnungszeiten unserer Buchungsabteilung von 10:00 bis 20:00 Uhr entgegengenommen. 2.F\u00fcr Gruppenbuchungen von 8 bis 15 Personen wenden Sie sich bitte anmailowy:dzial.rezerwacji@slaskaprohibicja.pl. F\u00fcr Buchungen von mehr als 15 Personen wenden Sie sich bitte anprzyj\u0119\u0107:dzial.przyjec@slaskaprohibicja.pl 3. Eine Textnachricht zur Best\u00e4tigung Ihrer Reservierung garantiert Ihnen [&hellip;]","og_url":"https:\/\/slaskaprohibicja.pl\/buchungsvorschriften\/","og_site_name":"\u015al\u0105ska Prohibicja","twitter_card":"summary_large_image","twitter_misc":{"Gesch\u00e4tzte Lesezeit":"2\u00a0Minuten"},"schema":{"@context":"https:\/\/schema.org","@graph":[{"@type":"WebPage","@id":"https:\/\/slaskaprohibicja.pl\/buchungsvorschriften\/","url":"https:\/\/slaskaprohibicja.pl\/buchungsvorschriften\/","name":"Buchungsvorschriften - \u015al\u0105ska Prohibicja","isPartOf":{"@id":"https:\/\/slaskaprohibicja.pl\/#website"},"datePublished":"2025-02-27T10:32:59+00:00","breadcrumb":{"@id":"https:\/\/slaskaprohibicja.pl\/buchungsvorschriften\/#breadcrumb"},"inLanguage":"de","potentialAction":[{"@type":"ReadAction","target":["https:\/\/slaskaprohibicja.pl\/buchungsvorschriften\/"]}]},{"@type":"BreadcrumbList","@id":"https:\/\/slaskaprohibicja.pl\/buchungsvorschriften\/#breadcrumb","itemListElement":[{"@type":"ListItem","position":1,"name":"Strona g\u0142\u00f3wna","item":"https:\/\/slaskaprohibicja.pl\/de\/"},{"@type":"ListItem","position":2,"name":"Buchungsvorschriften"}]},{"@type":"WebSite","@id":"https:\/\/slaskaprohibicja.pl\/#website","url":"https:\/\/slaskaprohibicja.pl\/","name":"\u015al\u0105ska Prohibicja","description":"Klub Restauracja Scena | Katowice Nikiszowiec","potentialAction":[{"@type":"SearchAction","target":{"@type":"EntryPoint","urlTemplate":"https:\/\/slaskaprohibicja.pl\/?s={search_term_string}"},"query-input":{"@type":"PropertyValueSpecification","valueRequired":true,"valueName":"search_term_string"}}],"inLanguage":"de"}]}},"_links":{"self":[{"href":"https:\/\/slaskaprohibicja.pl\/de\/wp-json\/wp\/v2\/pages\/26715","targetHints":{"allow":["GET"]}}],"collection":[{"href":"https:\/\/slaskaprohibicja.pl\/de\/wp-json\/wp\/v2\/pages"}],"about":[{"href":"https:\/\/slaskaprohibicja.pl\/de\/wp-json\/wp\/v2\/types\/page"}],"author":[{"embeddable":true,"href":"https:\/\/slaskaprohibicja.pl\/de\/wp-json\/wp\/v2\/users\/1"}],"replies":[{"embeddable":true,"href":"https:\/\/slaskaprohibicja.pl\/de\/wp-json\/wp\/v2\/comments?post=26715"}],"version-history":[{"count":0,"href":"https:\/\/slaskaprohibicja.pl\/de\/wp-json\/wp\/v2\/pages\/26715\/revisions"}],"wp:attachment":[{"href":"https:\/\/slaskaprohibicja.pl\/de\/wp-json\/wp\/v2\/media?parent=26715"}],"curies":[{"name":"wp","href":"https:\/\/api.w.org\/{rel}","templated":true}]}}