{"id":26712,"date":"2025-02-15T20:20:59","date_gmt":"2025-02-15T19:20:59","guid":{"rendered":"https:\/\/slaskaprohibicja.pl\/datenschutzbestimmungen\/"},"modified":"2025-05-15T12:21:03","modified_gmt":"2025-05-15T10:21:03","slug":"datenschutzbestimmungen","status":"publish","type":"page","link":"https:\/\/slaskaprohibicja.pl\/de\/datenschutzbestimmungen\/","title":{"rendered":"Datenschutzbestimmungen"},"content":{"rendered":"\t\t<div data-elementor-type=\"wp-page\" data-elementor-id=\"26712\" class=\"elementor elementor-26712 elementor-12140\">\n\t\t\t\t\t\t<section class=\"elementor-section elementor-top-section elementor-element elementor-element-0a81154 qodef-elementor-content-grid elementor-section-boxed elementor-section-height-default elementor-section-height-default\" data-id=\"0a81154\" data-element_type=\"section\" data-e-type=\"section\">\n\t\t\t\t\t\t<div class=\"elementor-container elementor-column-gap-default\">\n\t\t\t\t\t<div class=\"elementor-column elementor-col-100 elementor-top-column elementor-element elementor-element-2e0a0f9\" data-id=\"2e0a0f9\" data-element_type=\"column\" data-e-type=\"column\">\n\t\t\t<div class=\"elementor-widget-wrap elementor-element-populated\">\n\t\t\t\t\t\t<div class=\"elementor-element elementor-element-d9bff71 elementor-widget elementor-widget-heading\" data-id=\"d9bff71\" data-element_type=\"widget\" data-e-type=\"widget\" data-widget_type=\"heading.default\">\n\t\t\t\t<div class=\"elementor-widget-container\">\n\t\t\t\t\t<h4 class=\"elementor-heading-title elementor-size-default\">Pers\u00f6nliche Daten<\/h4>\t\t\t\t<\/div>\n\t\t\t\t<\/div>\n\t\t\t\t<div class=\"elementor-element elementor-element-653dd0b elementor-widget elementor-widget-text-editor\" data-id=\"653dd0b\" data-element_type=\"widget\" data-e-type=\"widget\" data-widget_type=\"text-editor.default\">\n\t\t\t\t<div class=\"elementor-widget-container\">\n\t\t\t\t\t\t\t\t\t<ol><li>Der Verwalter der auf der Website verarbeiteten personenbezogenen Daten ist \u015al\u0105ska Prohibicja S.A., ul. Krawczyka 1, 40-423 Katowice, KRS: 0000804978, NIP: 954 280 82 75, REGON: 384487250. <\/li><li>Die Verarbeitung personenbezogener Daten durch den Administrator erfolgt auf der Grundlage der Verordnung (EU) 2016\/679 des Europ\u00e4ischen Parlaments und des Rates vom 27. April 2016 zum Schutz nat\u00fcrlicher Personen bei der Verarbeitung personenbezogener Daten, zum freien Datenverkehr und zur Aufhebung der Richtlinie 95\/46\/EG, im Folgenden als RODO bezeichnet. <\/li><li>Die zur Verf\u00fcgung gestellten personenbezogenen Daten werden verarbeitet f\u00fcr:<br><ol type=\"a\"><li>auf der Grundlage von Artikel 6(1)(b) der DSGVO vor dem Abschluss eines Vertrags auf Antrag der betroffenen Person t\u00e4tig zu werden oder einen Vertrag zu erf\u00fcllen, einschlie\u00dflich der Erbringung elektronischer Dienstleistungen im Zusammenhang mit der Nutzung der Website;  <\/li><li>zur Erf\u00fcllung der dem Verwalter obliegenden rechtlichen Verpflichtungen auf der Grundlage von Artikel 6 Absatz 1 Buchstabe c des Datenschutzgesetzes;  <\/li><li>vertragliche Anspr\u00fcche auf der Grundlage von Artikel 6(1)(f) der DPA zu verfolgen;  <\/li><li>die Ausf\u00fchrung der laufenden Korrespondenz auf der Grundlage von Artikel 6 Absatz 1 Buchstabe f der RODO;  <\/li><li>die m\u00f6gliche Feststellung oder Geltendmachung von Anspr\u00fcchen oder die Abwehr von Anspr\u00fcchen auf der Grundlage von Artikel 6 Absatz 1 Buchstabe f der RODO;  <\/li><li>Direktmarketing f\u00fcr eigene Produkte und Dienstleistungen, auf der Grundlage von Artikel 6(1)(f) des Datenschutzgesetzes;  <\/li><li>Statistiken \u00fcber Analysen der Funktionsweise, der Beliebtheit und der Nutzung der Website des Administrators durch die Nutzer auf der Grundlage von Artikel 6 Absatz 1 Buchstabe f der DSGVO.  <\/li><\/ol><\/li><li>Die zur Verf\u00fcgung gestellten pers\u00f6nlichen Daten werden, je nach Zweck der Verarbeitung, vom Administrator verarbeitet:<br><ol type=\"a\"><li>f\u00fcr die Dauer der Erf\u00fcllung gesetzlicher Verpflichtungen und den Zeitraum, in dem die Verarbeitung gesetzlich vorgeschrieben ist;<\/li><li>im Falle personenbezogener Daten von Vertragspartnern und ihren Vertretern f\u00fcr den Zeitraum von 5 vollen Jahren, beginnend mit dem Jahr, das auf das Jahr des Ablaufs des zivilrechtlichen Vertrages folgt; der Zeitraum der Verarbeitung personenbezogener Daten kann jedes Mal verl\u00e4ngert werden, wenn die verarbeiteten Daten Beweismittel in einem Verfahren darstellen, das auf der Grundlage gesetzlicher Vorschriften gef\u00fchrt wird, oder wenn der Verwalter Kenntnis davon erlangt hat, dass sie Beweismittel in dem Verfahren darstellen k\u00f6nnten; dieser Zeitraum wird bis zum endg\u00fcltigen Abschluss des Verfahrens verl\u00e4ngert;<\/li><li>im Falle von personenbezogenen Daten, die im Zusammenhang mit der Durchf\u00fchrung der Korrespondenz verarbeitet werden &#8211; bis zur Verj\u00e4hrung m\u00f6glicher Anspr\u00fcche, die sich aus der Annahme und Weiterleitung der Korrespondenz ergeben; die Frist f\u00fcr die Verarbeitung personenbezogener Daten kann jedes Mal verl\u00e4ngert werden, wenn die verarbeiteten Daten Beweismittel in dem auf der Grundlage gesetzlicher Vorschriften durchgef\u00fchrten Verfahren darstellen oder der Verwalter davon Kenntnis erlangt hat, dass sie Beweismittel in dem Verfahren darstellen k\u00f6nnten, wird diese Frist bis zum rechtskr\u00e4ftigen Abschluss des Verfahrens verl\u00e4ngert;<\/li><li>im Falle personenbezogener Daten, die zu statistischen Zwecken verarbeitet werden, bis die betroffene Person Einspruch erhebt.<\/li><\/ol><\/li><li>Die Bereitstellung personenbezogener Daten ist freiwillig, aber notwendig f\u00fcr die Erf\u00fcllung eines oder mehrerer der in Punkt. 3 definierten Zwecke, die der Administrator nicht erf\u00fcllen kann, wenn die personenbezogenen Daten nicht bereitgestellt werden. <\/li><li>Die zur Verf\u00fcgung gestellten personenbezogenen Daten k\u00f6nnen anderen Stellen ausschlie\u00dflich zum Zweck der Vertragserf\u00fcllung (z.B. Postdienstleister, Zahlungsabwickler) oder zur Erf\u00fcllung gesetzlicher Verpflichtungen zur Verf\u00fcgung gestellt werden.<\/li><li>Empf\u00e4nger der zur Verf\u00fcgung gestellten personenbezogenen Daten k\u00f6nnen gesetzlich befugte Stellen und andere Stellen sein, mit denen der f\u00fcr die Verarbeitung Verantwortliche Vereinbarungen \u00fcber die \u00dcbertragung der Verarbeitung personenbezogener Daten getroffen hat.<\/li><li>Personenbezogene Daten k\u00f6nnen vom Administrator au\u00dferhalb des Europ\u00e4ischen Wirtschaftsraums \u00fcbermittelt werden, sofern die in Kapitel V der DSGVO genannten Bedingungen erf\u00fcllt sind.<\/li><li>Die betroffene Person hat das Recht auf Zugang, Berichtigung, Aktualisierung und Einschr\u00e4nkung der Verarbeitung ihrer Daten und, soweit gesetzlich nicht anders vorgesehen, das Recht auf L\u00f6schung, auf Widerspruch gegen die Verarbeitung und das Recht auf Daten\u00fcbertragbarkeit.<\/li><li>Die betroffene Person hat das Recht, sich bei der Aufsichtsbeh\u00f6rde zu beschweren, wenn sie der Ansicht ist, dass die Verarbeitung der sie betreffenden personenbezogenen Daten gegen die Bestimmungen der RODO verst\u00f6\u00dft.<\/li><li>Personenbezogene Daten k\u00f6nnen auf automatisierte Weise verarbeitet werden, einschlie\u00dflich der Erstellung von Profilen, um Angebote und Marketinginformationen individuell anzupassen.<\/li><\/ol>\t\t\t\t\t\t\t\t<\/div>\n\t\t\t\t<\/div>\n\t\t\t\t<div class=\"elementor-element elementor-element-85f0bc6 elementor-widget elementor-widget-heading\" data-id=\"85f0bc6\" data-element_type=\"widget\" data-e-type=\"widget\" data-widget_type=\"heading.default\">\n\t\t\t\t<div class=\"elementor-widget-container\">\n\t\t\t\t\t<h4 class=\"elementor-heading-title elementor-size-default\">Cookies<\/h4>\t\t\t\t<\/div>\n\t\t\t\t<\/div>\n\t\t\t\t<div class=\"elementor-element elementor-element-65523d0 elementor-widget elementor-widget-text-editor\" data-id=\"65523d0\" data-element_type=\"widget\" data-e-type=\"widget\" data-widget_type=\"text-editor.default\">\n\t\t\t\t<div class=\"elementor-widget-container\">\n\t\t\t\t\t\t\t\t\t<ol><li>Cookies (sog. &#8222;Cookies&#8220;) sind kleine Textdateien, die auf dem Endger\u00e4t des Nutzers (Computer, Tablet, Smartphone) gespeichert werden, wenn dieser den Dienst besucht. Sie helfen der Website, das Ger\u00e4t des Nutzers bei sp\u00e4teren Besuchen wiederzuerkennen, um ein personalisiertes Erlebnis zu bieten und die Funktionsweise der Website zu verbessern. <\/li><li>Durch die Nutzung der Website erkl\u00e4ren Sie sich mit der Verwendung von Cookies in \u00dcbereinstimmung mit dieser Richtlinie einverstanden.<\/li><li>Die Stelle, die Cookies auf dem Endger\u00e4t des Nutzers des Dienstes platziert und Zugriff auf diese erh\u00e4lt, ist \u015al\u0105ska Prohibicja S.A., ul. Krawczyka 1, 40-423 Katowice, KRS: 0000804978, NIP: 954 280 82 75, REGON: 384487250. <\/li><li>Die Website verwendet Cookies der folgenden Typen:<ol><li>Wesentlich &#8211; Cookies, die f\u00fcr das ordnungsgem\u00e4\u00dfe Funktionieren der Website erforderlich sind. Ohne sie wird die Website nicht wie vorgesehen funktionieren. Diese Cookies speichern keine pers\u00f6nlich identifizierbaren Informationen.  <\/li><li>Funktional &#8211; erm\u00f6glicht es dem Service, sich an die von Ihnen getroffenen Entscheidungen zu erinnern (z. B. Sprache, W\u00e4hrung oder Region) und personalisierte Funktionen anzubieten, wie z. B. die Speicherung des Inhalts Ihres Warenkorbs zwischen den Sitzungen.<\/li><li>Analytische Cookies &#8211; werden verwendet, um zu verstehen, wie Benutzer mit der Website interagieren. Diese Cookies helfen dabei, Informationen \u00fcber die Anzahl der Besucher, Ablehnungsraten, die Quelle des Datenverkehrs usw. zu erhalten. <\/li><li>Leistung &#8211; wird verwendet, um die wichtigsten Leistungsindikatoren der Website zu verstehen und zu analysieren, um den Besuchern ein besseres Nutzererlebnis zu bieten.<\/li><li>Werbe-Cookies &#8211; diese Cookies werden verwendet, um Werbung zu liefern, die besser auf die Interessen des Nutzers zugeschnitten ist. Sie k\u00f6nnen auch verwendet werden, um die Anzahl der Anzeigen einer bestimmten Werbung zu begrenzen und um die Effektivit\u00e4t von Werbekampagnen zu messen. <\/li><\/ol><\/li><li>Der Administrator kann die in Cookies enthaltenen Daten verarbeiten, wenn Besucher die Website zu folgenden Zwecken nutzen:<ol><li>Um den korrekten Betrieb des Dienstes zu gew\u00e4hrleisten.<\/li><li>Um die Navigation zu erleichtern und eine reibungslose Nutzung der Website zu gew\u00e4hrleisten.<\/li><li>Analyse des Verkehrs auf der Website, um die Website zu verbessern.<\/li><li>Erinnern Sie sich an die Einkaufspr\u00e4ferenzen der Benutzer und den Inhalt ihres Warenkorbs.<\/li><li>Zur Bereitstellung von Werbeinhalten, die auf die Pr\u00e4ferenzen der Nutzer zugeschnitten sind.<\/li><\/ol><\/li><li>Bei der Nutzung der Website hat der Nutzer die M\u00f6glichkeit, seine Cookie-Einstellungen zu verwalten. Dies ist m\u00f6glich \u00fcber: <ol><li>Ein auf der Website verf\u00fcgbares Tool zur Verwaltung von Cookies, mit dem Sie bestimmte Arten von Cookies akzeptieren oder ablehnen k\u00f6nnen.<\/li><li>Mittels Ihrer eigenen Browsereinstellungen. Das bedeutet, dass Sie beispielsweise die Speicherung von Cookies teilweise (z.B. vor\u00fcbergehend) einschr\u00e4nken oder vollst\u00e4ndig deaktivieren k\u00f6nnen. Im letzteren Fall kann sich dies jedoch auf einige Funktionen der Website auswirken (z.B. kann es sein, dass Sie den Bestellvorgang \u00fcber das Bestellformular nicht fortsetzen k\u00f6nnen, da die Produkte im Warenkorb bei den nachfolgenden Schritten der Bestellung nicht gespeichert werden). Ausf\u00fchrliche Informationen dar\u00fcber, wie Sie die Einstellungen f\u00fcr Cookies \u00e4ndern und diese in den g\u00e4ngigsten Webbrowsern selbst l\u00f6schen k\u00f6nnen, finden Sie im Hilfebereich Ihres Webbrowsers und auf den folgenden Seiten (klicken Sie einfach auf den entsprechenden Link):   <ul><li><a href=\"http:\/\/support.google.com\/chrome\/bin\/answer.py?hl=pl&amp;answer=95647\">im Chrome-Browser<\/a><\/li><li><a href=\"http:\/\/support.mozilla.org\/pl\/kb\/W%C5%82%C4%85czanie%20i%20wy%C5%82%C4%85czanie%20obs%C5%82ugi%20ciasteczek\">in Firefox<\/a><\/li><li><a href=\"https:\/\/support.microsoft.com\/pl-pl\/help\/17442\/windows-internet-explorer-delete-manage-cookies\">im Internet Explorer<\/a><\/li><li><a href=\"http:\/\/help.opera.com\/Windows\/12.10\/pl\/cookies.html\">im Opera-Browser<\/a><\/li><li><a href=\"http:\/\/support.apple.com\/kb\/PH5042\">im Safari-Browser<\/a><\/li><li><a href=\"http:\/\/windows.microsoft.com\/pl-pl\/windows-10\/edge-privacy-faq\">im Microsoft Edge-Browser<\/a><\/li><\/ul><\/li><\/ol><\/li><li>Der Administrator kann auf der Website Analysedienste (wie Google Analytics, Meta Pixel) verwenden. Diese Dienste helfen dem Administrator, den Verkehr auf der Website zu analysieren. Die im Rahmen der oben genannten Dienste gesammelten Daten werden in anonymisierter Form verarbeitet (es handelt sich um so genannte Verwertungsdaten, die eine Identifizierung der Person verhindern), um Statistiken zur Verwaltung der Website zu erstellen. Diese Daten sind aggregiert und anonym, d.h. sie enthalten keine identifizierenden Merkmale (pers\u00f6nliche Daten) der Besucher der Website. Bei der Nutzung der oben genannten Dienste auf der Website sammelt der Administrator Daten wie die Quelle und das Medium der Akquisition von Besuchern der Website und ihr Verhalten auf der Website, Informationen \u00fcber die Ger\u00e4te und Browser, von denen aus sie die Website besuchen, IP und Domain, geografische Daten und demografische Daten (Alter, Geschlecht) und Interessen.     <\/li><\/ol>\t\t\t\t\t\t\t\t<\/div>\n\t\t\t\t<\/div>\n\t\t\t\t\t<\/div>\n\t\t<\/div>\n\t\t\t\t\t<\/div>\n\t\t<\/section>\n\t\t\t\t<\/div>\n\t\t","protected":false},"excerpt":{"rendered":"<p>Pers\u00f6nliche Daten Der Verwalter der auf der Website verarbeiteten personenbezogenen Daten ist \u015al\u0105ska Prohibicja S.A., ul. Krawczyka 1, 40-423 Katowice, KRS: 0000804978, NIP: 954 280 82 75, REGON: 384487250. Die Verarbeitung personenbezogener Daten durch den Administrator erfolgt auf der Grundlage der Verordnung (EU) 2016\/679 des Europ\u00e4ischen Parlaments und des Rates vom 27. April 2016 zum [&hellip;]<\/p>\n","protected":false},"author":1,"featured_media":0,"parent":0,"menu_order":0,"comment_status":"closed","ping_status":"closed","template":"","meta":{"inline_featured_image":false,"footnotes":""},"class_list":["post-26712","page","type-page","status-publish","hentry"],"yoast_head":"<!-- This site is optimized with the Yoast SEO plugin v27.4 - https:\/\/yoast.com\/product\/yoast-seo-wordpress\/ -->\n<title>Datenschutzbestimmungen - \u015al\u0105ska Prohibicja<\/title>\n<meta name=\"robots\" content=\"index, follow, max-snippet:-1, max-image-preview:large, max-video-preview:-1\" \/>\n<link rel=\"canonical\" href=\"https:\/\/slaskaprohibicja.pl\/de\/datenschutzbestimmungen\/\" \/>\n<meta property=\"og:locale\" content=\"de_DE\" \/>\n<meta property=\"og:type\" content=\"article\" \/>\n<meta property=\"og:title\" content=\"Datenschutzbestimmungen - \u015al\u0105ska Prohibicja\" \/>\n<meta property=\"og:description\" content=\"Pers\u00f6nliche Daten Der Verwalter der auf der Website verarbeiteten personenbezogenen Daten ist \u015al\u0105ska Prohibicja S.A., ul. Krawczyka 1, 40-423 Katowice, KRS: 0000804978, NIP: 954 280 82 75, REGON: 384487250. Die Verarbeitung personenbezogener Daten durch den Administrator erfolgt auf der Grundlage der Verordnung (EU) 2016\/679 des Europ\u00e4ischen Parlaments und des Rates vom 27. April 2016 zum [&hellip;]\" \/>\n<meta property=\"og:url\" content=\"https:\/\/slaskaprohibicja.pl\/de\/datenschutzbestimmungen\/\" \/>\n<meta property=\"og:site_name\" content=\"\u015al\u0105ska Prohibicja\" \/>\n<meta property=\"article:modified_time\" content=\"2025-05-15T10:21:03+00:00\" \/>\n<meta name=\"twitter:card\" content=\"summary_large_image\" \/>\n<meta name=\"twitter:label1\" content=\"Gesch\u00e4tzte Lesezeit\" \/>\n\t<meta name=\"twitter:data1\" content=\"7\u00a0Minuten\" \/>\n<script type=\"application\/ld+json\" class=\"yoast-schema-graph\">{\"@context\":\"https:\\\/\\\/schema.org\",\"@graph\":[{\"@type\":\"WebPage\",\"@id\":\"https:\\\/\\\/slaskaprohibicja.pl\\\/de\\\/datenschutzbestimmungen\\\/\",\"url\":\"https:\\\/\\\/slaskaprohibicja.pl\\\/de\\\/datenschutzbestimmungen\\\/\",\"name\":\"Datenschutzbestimmungen - \u015al\u0105ska Prohibicja\",\"isPartOf\":{\"@id\":\"https:\\\/\\\/slaskaprohibicja.pl\\\/#website\"},\"datePublished\":\"2025-02-15T19:20:59+00:00\",\"dateModified\":\"2025-05-15T10:21:03+00:00\",\"breadcrumb\":{\"@id\":\"https:\\\/\\\/slaskaprohibicja.pl\\\/de\\\/datenschutzbestimmungen\\\/#breadcrumb\"},\"inLanguage\":\"de\",\"potentialAction\":[{\"@type\":\"ReadAction\",\"target\":[\"https:\\\/\\\/slaskaprohibicja.pl\\\/de\\\/datenschutzbestimmungen\\\/\"]}]},{\"@type\":\"BreadcrumbList\",\"@id\":\"https:\\\/\\\/slaskaprohibicja.pl\\\/de\\\/datenschutzbestimmungen\\\/#breadcrumb\",\"itemListElement\":[{\"@type\":\"ListItem\",\"position\":1,\"name\":\"Strona g\u0142\u00f3wna\",\"item\":\"https:\\\/\\\/slaskaprohibicja.pl\\\/de\\\/\"},{\"@type\":\"ListItem\",\"position\":2,\"name\":\"Datenschutzbestimmungen\"}]},{\"@type\":\"WebSite\",\"@id\":\"https:\\\/\\\/slaskaprohibicja.pl\\\/#website\",\"url\":\"https:\\\/\\\/slaskaprohibicja.pl\\\/\",\"name\":\"\u015al\u0105ska Prohibicja\",\"description\":\"Klub Restauracja Scena | Katowice Nikiszowiec\",\"potentialAction\":[{\"@type\":\"SearchAction\",\"target\":{\"@type\":\"EntryPoint\",\"urlTemplate\":\"https:\\\/\\\/slaskaprohibicja.pl\\\/?s={search_term_string}\"},\"query-input\":{\"@type\":\"PropertyValueSpecification\",\"valueRequired\":true,\"valueName\":\"search_term_string\"}}],\"inLanguage\":\"de\"}]}<\/script>\n<!-- \/ Yoast SEO plugin. -->","yoast_head_json":{"title":"Datenschutzbestimmungen - \u015al\u0105ska Prohibicja","robots":{"index":"index","follow":"follow","max-snippet":"max-snippet:-1","max-image-preview":"max-image-preview:large","max-video-preview":"max-video-preview:-1"},"canonical":"https:\/\/slaskaprohibicja.pl\/de\/datenschutzbestimmungen\/","og_locale":"de_DE","og_type":"article","og_title":"Datenschutzbestimmungen - \u015al\u0105ska Prohibicja","og_description":"Pers\u00f6nliche Daten Der Verwalter der auf der Website verarbeiteten personenbezogenen Daten ist \u015al\u0105ska Prohibicja S.A., ul. Krawczyka 1, 40-423 Katowice, KRS: 0000804978, NIP: 954 280 82 75, REGON: 384487250. Die Verarbeitung personenbezogener Daten durch den Administrator erfolgt auf der Grundlage der Verordnung (EU) 2016\/679 des Europ\u00e4ischen Parlaments und des Rates vom 27. April 2016 zum [&hellip;]","og_url":"https:\/\/slaskaprohibicja.pl\/de\/datenschutzbestimmungen\/","og_site_name":"\u015al\u0105ska Prohibicja","article_modified_time":"2025-05-15T10:21:03+00:00","twitter_card":"summary_large_image","twitter_misc":{"Gesch\u00e4tzte Lesezeit":"7\u00a0Minuten"},"schema":{"@context":"https:\/\/schema.org","@graph":[{"@type":"WebPage","@id":"https:\/\/slaskaprohibicja.pl\/de\/datenschutzbestimmungen\/","url":"https:\/\/slaskaprohibicja.pl\/de\/datenschutzbestimmungen\/","name":"Datenschutzbestimmungen - \u015al\u0105ska Prohibicja","isPartOf":{"@id":"https:\/\/slaskaprohibicja.pl\/#website"},"datePublished":"2025-02-15T19:20:59+00:00","dateModified":"2025-05-15T10:21:03+00:00","breadcrumb":{"@id":"https:\/\/slaskaprohibicja.pl\/de\/datenschutzbestimmungen\/#breadcrumb"},"inLanguage":"de","potentialAction":[{"@type":"ReadAction","target":["https:\/\/slaskaprohibicja.pl\/de\/datenschutzbestimmungen\/"]}]},{"@type":"BreadcrumbList","@id":"https:\/\/slaskaprohibicja.pl\/de\/datenschutzbestimmungen\/#breadcrumb","itemListElement":[{"@type":"ListItem","position":1,"name":"Strona g\u0142\u00f3wna","item":"https:\/\/slaskaprohibicja.pl\/de\/"},{"@type":"ListItem","position":2,"name":"Datenschutzbestimmungen"}]},{"@type":"WebSite","@id":"https:\/\/slaskaprohibicja.pl\/#website","url":"https:\/\/slaskaprohibicja.pl\/","name":"\u015al\u0105ska Prohibicja","description":"Klub Restauracja Scena | Katowice Nikiszowiec","potentialAction":[{"@type":"SearchAction","target":{"@type":"EntryPoint","urlTemplate":"https:\/\/slaskaprohibicja.pl\/?s={search_term_string}"},"query-input":{"@type":"PropertyValueSpecification","valueRequired":true,"valueName":"search_term_string"}}],"inLanguage":"de"}]}},"_links":{"self":[{"href":"https:\/\/slaskaprohibicja.pl\/de\/wp-json\/wp\/v2\/pages\/26712","targetHints":{"allow":["GET"]}}],"collection":[{"href":"https:\/\/slaskaprohibicja.pl\/de\/wp-json\/wp\/v2\/pages"}],"about":[{"href":"https:\/\/slaskaprohibicja.pl\/de\/wp-json\/wp\/v2\/types\/page"}],"author":[{"embeddable":true,"href":"https:\/\/slaskaprohibicja.pl\/de\/wp-json\/wp\/v2\/users\/1"}],"replies":[{"embeddable":true,"href":"https:\/\/slaskaprohibicja.pl\/de\/wp-json\/wp\/v2\/comments?post=26712"}],"version-history":[{"count":1,"href":"https:\/\/slaskaprohibicja.pl\/de\/wp-json\/wp\/v2\/pages\/26712\/revisions"}],"predecessor-version":[{"id":26713,"href":"https:\/\/slaskaprohibicja.pl\/de\/wp-json\/wp\/v2\/pages\/26712\/revisions\/26713"}],"wp:attachment":[{"href":"https:\/\/slaskaprohibicja.pl\/de\/wp-json\/wp\/v2\/media?parent=26712"}],"curies":[{"name":"wp","href":"https:\/\/api.w.org\/{rel}","templated":true}]}}