{"id":26691,"date":"2025-02-06T00:17:46","date_gmt":"2025-02-05T23:17:46","guid":{"rendered":"https:\/\/slaskaprohibicja.pl\/garten\/"},"modified":"2025-05-15T12:18:55","modified_gmt":"2025-05-15T10:18:55","slug":"garten","status":"publish","type":"page","link":"https:\/\/slaskaprohibicja.pl\/de\/garten\/","title":{"rendered":"Garten"},"content":{"rendered":"\t\t<div data-elementor-type=\"wp-page\" data-elementor-id=\"26691\" class=\"elementor elementor-26691 elementor-11100\">\n\t\t\t\t\t\t<section class=\"elementor-section elementor-top-section elementor-element elementor-element-8c6c24d elementor-section-full_width elementor-section-height-min-height elementor-section-items-bottom vh-sm-100 elementor-section-height-default elementor-invisible\" data-id=\"8c6c24d\" data-element_type=\"section\" data-e-type=\"section\" data-settings=\"{&quot;background_background&quot;:&quot;classic&quot;,&quot;animation&quot;:&quot;fadeIn&quot;}\">\n\t\t\t\t\t\t\t<div class=\"elementor-background-overlay\"><\/div>\n\t\t\t\t\t\t\t<div class=\"elementor-container elementor-column-gap-default\">\n\t\t\t\t\t<div class=\"elementor-column elementor-col-100 elementor-top-column elementor-element elementor-element-b6e37ec\" data-id=\"b6e37ec\" data-element_type=\"column\" data-e-type=\"column\">\n\t\t\t<div class=\"elementor-widget-wrap elementor-element-populated\">\n\t\t\t\t\t\t<section class=\"elementor-section elementor-inner-section elementor-element elementor-element-34530e9 qodef-elementor-content-grid elementor-section-boxed elementor-section-height-default elementor-section-height-default\" data-id=\"34530e9\" data-element_type=\"section\" data-e-type=\"section\">\n\t\t\t\t\t\t<div class=\"elementor-container elementor-column-gap-default\">\n\t\t\t\t\t<div class=\"elementor-column elementor-col-100 elementor-inner-column elementor-element elementor-element-90b32fa\" data-id=\"90b32fa\" data-element_type=\"column\" data-e-type=\"column\">\n\t\t\t<div class=\"elementor-widget-wrap elementor-element-populated\">\n\t\t\t\t\t\t<div class=\"elementor-element elementor-element-0bbefd4 elementor-widget__width-initial elementor-widget-mobile__width-inherit elementor-widget-tablet__width-inherit elementor-invisible elementor-widget elementor-widget-chateau_core_section_title\" data-id=\"0bbefd4\" data-element_type=\"widget\" data-e-type=\"widget\" data-settings=\"{&quot;_animation&quot;:&quot;fadeInUp&quot;,&quot;_animation_delay&quot;:200}\" data-widget_type=\"chateau_core_section_title.default\">\n\t\t\t\t<div class=\"elementor-widget-container\">\n\t\t\t\t\t<div class=\"qodef-shortcode qodef-m title-reverse qodef-section-title qodef-alignment--right \">\n\t\t<h1 class=\"qodef-m-title\" style=\"color: #FFFFFF\">\n\t\t\t\t\tBesuchen Sie den Garten<br>Silesian Prohibition\t\t\t<\/h1>\n\t<div class=\"qodef-m-subtitle-content qodef--has-appear\" style=\"margin-top: 0px\">\n\t<div class=\"qodef-m-subtitle-line-one\" style=\"width: 50px;background-color: #FFFFFF\"><\/div>\n\t\t\t<p class=\"qodef-m-subtitle\" style=\"margin-left: 7px;color: #FFFFFF\">Garten<\/p>\n\t\t<div class=\"qodef-m-subtitle-line-two\" style=\"display: none;\"><\/div>\n<\/div>\n\t<\/div>\n\t\t\t\t<\/div>\n\t\t\t\t<\/div>\n\t\t\t\t\t<\/div>\n\t\t<\/div>\n\t\t\t\t\t<\/div>\n\t\t<\/section>\n\t\t\t\t\t<\/div>\n\t\t<\/div>\n\t\t\t\t\t<\/div>\n\t\t<\/section>\n\t\t\t\t<section class=\"elementor-section elementor-top-section elementor-element elementor-element-c8dafad elementor-section-full_width qodef-elementor-content-grid elementor-section-height-default elementor-section-height-default elementor-invisible\" data-id=\"c8dafad\" data-element_type=\"section\" data-e-type=\"section\" data-settings=\"{&quot;animation&quot;:&quot;fadeInUp&quot;}\">\n\t\t\t\t\t\t<div class=\"elementor-container elementor-column-gap-default\">\n\t\t\t\t\t<div class=\"elementor-column elementor-col-50 elementor-top-column elementor-element elementor-element-1342b72\" data-id=\"1342b72\" data-element_type=\"column\" data-e-type=\"column\">\n\t\t\t<div class=\"elementor-widget-wrap elementor-element-populated\">\n\t\t\t\t\t\t<div class=\"elementor-element elementor-element-6a690b6 elementor-widget__width-initial elementor-widget-mobile__width-inherit elementor-widget-tablet__width-inherit elementor-widget elementor-widget-chateau_core_section_title\" data-id=\"6a690b6\" data-element_type=\"widget\" data-e-type=\"widget\" data-widget_type=\"chateau_core_section_title.default\">\n\t\t\t\t<div class=\"elementor-widget-container\">\n\t\t\t\t\t<div class=\"qodef-shortcode qodef-m  qodef-section-title qodef-alignment--left \">\n\t\t<h2 class=\"qodef-m-title\" >\n\t\t\t\t\tEin Sommer ohne Limonade und Entspannung im Gr\u00fcnen? Wir k\u00f6nnen es uns nicht vorstellen!   \t\t\t<\/h2>\n\t<div class=\"qodef-m-subtitle-content qodef--has-appear\" style=\"margin-top: 0px\">\n\t<div class=\"qodef-m-subtitle-line-one\" style=\"background-color: #4C775F;display: none;\"><\/div>\n\t\t<div class=\"qodef-m-subtitle-line-two\" style=\"display: none;\"><\/div>\n<\/div>\n\t<\/div>\n\t\t\t\t<\/div>\n\t\t\t\t<\/div>\n\t\t\t\t\t<\/div>\n\t\t<\/div>\n\t\t\t\t<div class=\"elementor-column elementor-col-50 elementor-top-column elementor-element elementor-element-fa5f7b0\" data-id=\"fa5f7b0\" data-element_type=\"column\" data-e-type=\"column\">\n\t\t\t<div class=\"elementor-widget-wrap elementor-element-populated\">\n\t\t\t\t\t\t<div class=\"elementor-element elementor-element-59ec979 elementor-widget__width-initial elementor-widget-tablet__width-inherit elementor-widget elementor-widget-text-editor\" data-id=\"59ec979\" data-element_type=\"widget\" data-e-type=\"widget\" data-widget_type=\"text-editor.default\">\n\t\t\t\t<div class=\"elementor-widget-container\">\n\t\t\t\t\t\t\t\t\t<p><span style=\"font-weight: 400;\">Deshalb treffen wir uns jedes Jahr mit Ihnen im Schlesischen Prohibitionsgarten, um gemeinsam in seliger Faulheit zu schwelgen, nach Sonnenstrahlen aus Kattowitz zu jagen und uns mit den Geschm\u00e4ckern und Aromen der schlesischen K\u00fcche zu umgeben. Unsere Gr\u00fcnfl\u00e4che liegt versteckt zwischen historischen Familienh\u00e4usern, umgeben von B\u00e4umen, \u00fcppigen Str\u00e4uchern und duftenden Blumen. Hier finden Sie bequeme Liegest\u00fchle, B\u00e4nke, aber auch klassische Tische, an denen Sie ein k\u00f6stliches Mittagessen genie\u00dfen k\u00f6nnen.  <\/span><\/p>\t\t\t\t\t\t\t\t<\/div>\n\t\t\t\t<\/div>\n\t\t\t\t\t<\/div>\n\t\t<\/div>\n\t\t\t\t\t<\/div>\n\t\t<\/section>\n\t\t\t\t<section class=\"elementor-section elementor-top-section elementor-element elementor-element-60d94a7 elementor-section-full_width elementor-section-height-default elementor-section-height-default\" data-id=\"60d94a7\" data-element_type=\"section\" data-e-type=\"section\">\n\t\t\t\t\t\t<div class=\"elementor-container elementor-column-gap-default\">\n\t\t\t\t\t<div class=\"elementor-column elementor-col-100 elementor-top-column elementor-element elementor-element-fec1d63\" data-id=\"fec1d63\" data-element_type=\"column\" data-e-type=\"column\">\n\t\t\t<div class=\"elementor-widget-wrap elementor-element-populated\">\n\t\t\t\t\t\t<div class=\"elementor-element elementor-element-c444e8b elementor-invisible elementor-widget elementor-widget-chateau_core_image_gallery\" data-id=\"c444e8b\" data-element_type=\"widget\" data-e-type=\"widget\" data-settings=\"{&quot;_animation&quot;:&quot;fadeIn&quot;}\" data-widget_type=\"chateau_core_image_gallery.default\">\n\t\t\t\t<div class=\"elementor-widget-container\">\n\t\t\t\t\t<div class=\"qodef-shortcode qodef-m  qodef-image-gallery qodef-magnific-popup qodef-popup-gallery   qodef-grid qodef-swiper-container  qodef-gutter--small  qodef-col-num--3    qodef-responsive--custom qodef-col-num--1440--3 qodef-col-num--1366--3 qodef-col-num--1024--3 qodef-col-num--768--2 qodef-col-num--680--1 qodef-col-num--480--1\"  data-options=\"{&quot;spaceBetween&quot;:10,&quot;slidesPerView&quot;:&quot;3&quot;,&quot;loop&quot;:true,&quot;autoplay&quot;:true,&quot;speed&quot;:&quot;&quot;,&quot;speedAnimation&quot;:&quot;&quot;,&quot;slideAnimation&quot;:&quot;&quot;,&quot;direction&quot;:&quot;&quot;,&quot;centeredSlides&quot;:&quot;&quot;,&quot;sliderScroll&quot;:&quot;&quot;,&quot;loopAdditionalSlides&quot;:&quot;&quot;,&quot;paginationType&quot;:&quot;&quot;,&quot;customStages&quot;:true,&quot;slidesPerView1440&quot;:&quot;3&quot;,&quot;slidesPerView1366&quot;:&quot;3&quot;,&quot;slidesPerView1024&quot;:&quot;3&quot;,&quot;slidesPerView768&quot;:&quot;2&quot;,&quot;slidesPerView680&quot;:&quot;1&quot;,&quot;slidesPerView480&quot;:&quot;1&quot;}\">\n\t<div class=\"swiper-wrapper\">\n\t\t<div class=\"qodef-e qodef-image-wrapper swiper-slide \">\n\t\t\t<a class=\"qodef-popup-item\" itemprop=\"image\" href=\"https:\/\/slaskaprohibicja.pl\/wp-content\/uploads\/2025\/02\/ogrod4.jpg\" data-type=\"image\" title=\"\">\n\t\t<span class=\"qodef-hover-plus\"><\/span>\n\t\t\t<img fetchpriority=\"high\" decoding=\"async\" src=\"https:\/\/slaskaprohibicja.pl\/wp-content\/uploads\/2025\/02\/ogrod4-1000x1400.jpg\" alt=\"\" width=\"1000\" height=\"1400\" data-ratio=\"0.71428571428571\" \/>\t\t\t<\/a>\n\t<\/div>\n<div class=\"qodef-e qodef-image-wrapper swiper-slide \">\n\t\t\t<a class=\"qodef-popup-item\" itemprop=\"image\" href=\"https:\/\/slaskaprohibicja.pl\/wp-content\/uploads\/2025\/02\/ogrod3.jpg\" data-type=\"image\" title=\"\">\n\t\t<span class=\"qodef-hover-plus\"><\/span>\n\t\t\t<img decoding=\"async\" src=\"https:\/\/slaskaprohibicja.pl\/wp-content\/uploads\/2025\/02\/ogrod3-1000x1400.jpg\" alt=\"\" width=\"1000\" height=\"1400\" data-ratio=\"0.71428571428571\" \/>\t\t\t<\/a>\n\t<\/div>\n<div class=\"qodef-e qodef-image-wrapper swiper-slide \">\n\t\t\t<a class=\"qodef-popup-item\" itemprop=\"image\" href=\"https:\/\/slaskaprohibicja.pl\/wp-content\/uploads\/2025\/02\/ogrod2.jpg\" data-type=\"image\" title=\"\">\n\t\t<span class=\"qodef-hover-plus\"><\/span>\n\t\t\t<img decoding=\"async\" src=\"https:\/\/slaskaprohibicja.pl\/wp-content\/uploads\/2025\/02\/ogrod2-1000x1400.jpg\" alt=\"\" width=\"1000\" height=\"1400\" data-ratio=\"0.71428571428571\" \/>\t\t\t<\/a>\n\t<\/div>\n\t<\/div>\n\t\t<\/div>\n\t\t\t\t<\/div>\n\t\t\t\t<\/div>\n\t\t\t\t\t<\/div>\n\t\t<\/div>\n\t\t\t\t\t<\/div>\n\t\t<\/section>\n\t\t\t\t<section class=\"elementor-section elementor-top-section elementor-element elementor-element-87e65f1 elementor-section-full_width elementor-section-height-default elementor-section-height-default\" data-id=\"87e65f1\" data-element_type=\"section\" data-e-type=\"section\">\n\t\t\t\t\t\t<div class=\"elementor-container elementor-column-gap-default\">\n\t\t\t\t\t<div class=\"elementor-column elementor-col-100 elementor-top-column elementor-element elementor-element-559d9cb\" data-id=\"559d9cb\" data-element_type=\"column\" data-e-type=\"column\" data-settings=\"{&quot;background_background&quot;:&quot;classic&quot;}\">\n\t\t\t<div class=\"elementor-widget-wrap elementor-element-populated\">\n\t\t\t\t\t\t<section class=\"elementor-section elementor-inner-section elementor-element elementor-element-7ad8ad5 elementor-section-full_width qodef-elementor-content-grid elementor-section-height-default elementor-section-height-default elementor-invisible\" data-id=\"7ad8ad5\" data-element_type=\"section\" data-e-type=\"section\" data-settings=\"{&quot;background_background&quot;:&quot;classic&quot;,&quot;animation&quot;:&quot;fadeInUp&quot;}\">\n\t\t\t\t\t\t<div class=\"elementor-container elementor-column-gap-default\">\n\t\t\t\t\t<div class=\"elementor-column elementor-col-50 elementor-inner-column elementor-element elementor-element-2bab7c0 elementor-invisible\" data-id=\"2bab7c0\" data-element_type=\"column\" data-e-type=\"column\" data-settings=\"{&quot;animation&quot;:&quot;fadeInUp&quot;}\">\n\t\t\t<div class=\"elementor-widget-wrap elementor-element-populated\">\n\t\t\t\t\t\t<div class=\"elementor-element elementor-element-d305b10 elementor-widget-mobile__width-inherit elementor-widget-tablet__width-inherit elementor-widget__width-initial elementor-widget elementor-widget-chateau_core_section_title\" data-id=\"d305b10\" data-element_type=\"widget\" data-e-type=\"widget\" data-widget_type=\"chateau_core_section_title.default\">\n\t\t\t\t<div class=\"elementor-widget-container\">\n\t\t\t\t\t<div class=\"qodef-shortcode qodef-m  qodef-section-title qodef-alignment--left \">\n\t\t<h2 class=\"qodef-m-title\" >\n\t\t\t\t\tIn den hei\u00dfen Monaten sch\u00fctzt Sie ein Regenschirm vor der Hitze und Musik vertreibt die Zeit.  \t\t\t<\/h2>\n\t<div class=\"qodef-m-subtitle-content qodef--has-appear\" style=\"margin-top: 0px\">\n\t<div class=\"qodef-m-subtitle-line-one\" style=\"width: 50px;background-color: #4C775F;display: none;\"><\/div>\n\t\t<div class=\"qodef-m-subtitle-line-two\" style=\"display: none;\"><\/div>\n<\/div>\n\t<\/div>\n\t\t\t\t<\/div>\n\t\t\t\t<\/div>\n\t\t\t\t<div class=\"elementor-element elementor-element-d5c71ff elementor-widget-tablet__width-inherit elementor-widget elementor-widget-text-editor\" data-id=\"d5c71ff\" data-element_type=\"widget\" data-e-type=\"widget\" data-widget_type=\"text-editor.default\">\n\t\t\t\t<div class=\"elementor-widget-container\">\n\t\t\t\t\t\t\t\t\t<p><span style=\"font-weight: 400;\">An k\u00fchleren Abenden k\u00f6nnen Sie sich in eine kuschelige Decke einmummeln und in eine Lekt\u00fcre eintauchen. Unser Garten ist Schauplatz von Konzerten im Freien, Verkostungen, Messen und Gen\u00fcssen. Sie k\u00f6nnen jederzeit mitfeiern. Genie\u00dfen Sie Ihren Lieblingscocktail, ein Bier oder einen frisch gepressten Saft. Schauen Sie mit Ihrer Familie, Freunden und Bekannten vorbei. Auch Ihr vierbeiniges Haustier ist willkommen. Sie brauchen keine Reservierung, um die Natur zu genie\u00dfen. Denken Sie nur daran &#8211; wer zuerst kommt, mahlt zuerst!       <\/span><\/p>\t\t\t\t\t\t\t\t<\/div>\n\t\t\t\t<\/div>\n\t\t\t\t\t<\/div>\n\t\t<\/div>\n\t\t\t\t<div class=\"elementor-column elementor-col-50 elementor-inner-column elementor-element elementor-element-d7be8e5\" data-id=\"d7be8e5\" data-element_type=\"column\" data-e-type=\"column\">\n\t\t\t<div class=\"elementor-widget-wrap elementor-element-populated\">\n\t\t\t\t\t\t<div class=\"elementor-element elementor-element-d3b7c9e elementor-widget__width-initial elementor-invisible elementor-widget elementor-widget-image\" data-id=\"d3b7c9e\" data-element_type=\"widget\" data-e-type=\"widget\" data-settings=\"{&quot;_animation&quot;:&quot;fadeInDown&quot;}\" data-widget_type=\"image.default\">\n\t\t\t\t<div class=\"elementor-widget-container\">\n\t\t\t\t\t\t\t\t\t\t\t\t\t\t\t<img loading=\"lazy\" decoding=\"async\" width=\"825\" height=\"1024\" src=\"https:\/\/slaskaprohibicja.pl\/wp-content\/uploads\/2025\/02\/rys-825x1024.png\" class=\"attachment-large size-large wp-image-26696\" alt=\"\" srcset=\"https:\/\/slaskaprohibicja.pl\/wp-content\/uploads\/2025\/02\/rys-825x1024.png 825w, https:\/\/slaskaprohibicja.pl\/wp-content\/uploads\/2025\/02\/rys-800x993.png 800w, https:\/\/slaskaprohibicja.pl\/wp-content\/uploads\/2025\/02\/rys-242x300.png 242w, https:\/\/slaskaprohibicja.pl\/wp-content\/uploads\/2025\/02\/rys-768x953.png 768w, https:\/\/slaskaprohibicja.pl\/wp-content\/uploads\/2025\/02\/rys.png 1000w\" sizes=\"(max-width: 825px) 100vw, 825px\" \/>\t\t\t\t\t\t\t\t\t\t\t\t\t\t\t<\/div>\n\t\t\t\t<\/div>\n\t\t\t\t\t<\/div>\n\t\t<\/div>\n\t\t\t\t\t<\/div>\n\t\t<\/section>\n\t\t\t\t\t<\/div>\n\t\t<\/div>\n\t\t\t\t\t<\/div>\n\t\t<\/section>\n\t\t\t\t<\/div>\n\t\t","protected":false},"excerpt":{"rendered":"<p>Besuchen Sie den GartenSilesian Prohibition Garten Ein Sommer ohne Limonade und Entspannung im Gr\u00fcnen? Wir k\u00f6nnen es uns nicht vorstellen! Deshalb treffen wir uns jedes Jahr mit Ihnen im Schlesischen Prohibitionsgarten, um gemeinsam in seliger Faulheit zu schwelgen, nach Sonnenstrahlen aus Kattowitz zu jagen und uns mit den Geschm\u00e4ckern und Aromen der schlesischen K\u00fcche zu [&hellip;]<\/p>\n","protected":false},"author":1,"featured_media":0,"parent":0,"menu_order":0,"comment_status":"closed","ping_status":"closed","template":"page-full-width.php","meta":{"inline_featured_image":false,"footnotes":""},"class_list":["post-26691","page","type-page","status-publish","hentry"],"yoast_head":"<!-- This site is optimized with the Yoast SEO plugin v27.3 - https:\/\/yoast.com\/product\/yoast-seo-wordpress\/ -->\n<title>Garten - \u015al\u0105ska Prohibicja<\/title>\n<meta name=\"description\" content=\"Entspannen Sie sich im bezaubernden Garten von Silesian Prohibition - einer gr\u00fcnen Oase im Herzen des industriellen Nikiszowiec.\" \/>\n<meta name=\"robots\" content=\"index, follow, max-snippet:-1, max-image-preview:large, max-video-preview:-1\" \/>\n<link rel=\"canonical\" href=\"https:\/\/slaskaprohibicja.pl\/de\/garten\/\" \/>\n<meta property=\"og:locale\" content=\"de_DE\" \/>\n<meta property=\"og:type\" content=\"article\" \/>\n<meta property=\"og:title\" content=\"Garten - \u015al\u0105ska Prohibicja\" \/>\n<meta property=\"og:description\" content=\"Entspannen Sie sich im bezaubernden Garten von Silesian Prohibition - einer gr\u00fcnen Oase im Herzen des industriellen Nikiszowiec.\" \/>\n<meta property=\"og:url\" content=\"https:\/\/slaskaprohibicja.pl\/de\/garten\/\" \/>\n<meta property=\"og:site_name\" content=\"\u015al\u0105ska Prohibicja\" \/>\n<meta property=\"article:modified_time\" content=\"2025-05-15T10:18:55+00:00\" \/>\n<meta property=\"og:image\" content=\"https:\/\/slaskaprohibicja.pl\/wp-content\/uploads\/2025\/02\/ogrod4-1000x1400.jpg\" \/>\n<meta name=\"twitter:card\" content=\"summary_large_image\" \/>\n<meta name=\"twitter:label1\" content=\"Gesch\u00e4tzte Lesezeit\" \/>\n\t<meta name=\"twitter:data1\" content=\"1\u00a0Minute\" \/>\n<script type=\"application\/ld+json\" class=\"yoast-schema-graph\">{\"@context\":\"https:\\\/\\\/schema.org\",\"@graph\":[{\"@type\":\"WebPage\",\"@id\":\"https:\\\/\\\/slaskaprohibicja.pl\\\/de\\\/garten\\\/\",\"url\":\"https:\\\/\\\/slaskaprohibicja.pl\\\/de\\\/garten\\\/\",\"name\":\"Garten - \u015al\u0105ska Prohibicja\",\"isPartOf\":{\"@id\":\"https:\\\/\\\/slaskaprohibicja.pl\\\/#website\"},\"primaryImageOfPage\":{\"@id\":\"https:\\\/\\\/slaskaprohibicja.pl\\\/de\\\/garten\\\/#primaryimage\"},\"image\":{\"@id\":\"https:\\\/\\\/slaskaprohibicja.pl\\\/de\\\/garten\\\/#primaryimage\"},\"thumbnailUrl\":\"https:\\\/\\\/slaskaprohibicja.pl\\\/wp-content\\\/uploads\\\/2025\\\/02\\\/ogrod4-1000x1400.jpg\",\"datePublished\":\"2025-02-05T23:17:46+00:00\",\"dateModified\":\"2025-05-15T10:18:55+00:00\",\"description\":\"Entspannen Sie sich im bezaubernden Garten von Silesian Prohibition - einer gr\u00fcnen Oase im Herzen des industriellen Nikiszowiec.\",\"breadcrumb\":{\"@id\":\"https:\\\/\\\/slaskaprohibicja.pl\\\/de\\\/garten\\\/#breadcrumb\"},\"inLanguage\":\"de\",\"potentialAction\":[{\"@type\":\"ReadAction\",\"target\":[\"https:\\\/\\\/slaskaprohibicja.pl\\\/de\\\/garten\\\/\"]}]},{\"@type\":\"ImageObject\",\"inLanguage\":\"de\",\"@id\":\"https:\\\/\\\/slaskaprohibicja.pl\\\/de\\\/garten\\\/#primaryimage\",\"url\":\"https:\\\/\\\/slaskaprohibicja.pl\\\/wp-content\\\/uploads\\\/2025\\\/02\\\/ogrod4-1000x1400.jpg\",\"contentUrl\":\"https:\\\/\\\/slaskaprohibicja.pl\\\/wp-content\\\/uploads\\\/2025\\\/02\\\/ogrod4-1000x1400.jpg\"},{\"@type\":\"BreadcrumbList\",\"@id\":\"https:\\\/\\\/slaskaprohibicja.pl\\\/de\\\/garten\\\/#breadcrumb\",\"itemListElement\":[{\"@type\":\"ListItem\",\"position\":1,\"name\":\"Strona g\u0142\u00f3wna\",\"item\":\"https:\\\/\\\/slaskaprohibicja.pl\\\/de\\\/\"},{\"@type\":\"ListItem\",\"position\":2,\"name\":\"Garten\"}]},{\"@type\":\"WebSite\",\"@id\":\"https:\\\/\\\/slaskaprohibicja.pl\\\/#website\",\"url\":\"https:\\\/\\\/slaskaprohibicja.pl\\\/\",\"name\":\"\u015al\u0105ska Prohibicja\",\"description\":\"Klub Restauracja Scena | Katowice Nikiszowiec\",\"potentialAction\":[{\"@type\":\"SearchAction\",\"target\":{\"@type\":\"EntryPoint\",\"urlTemplate\":\"https:\\\/\\\/slaskaprohibicja.pl\\\/?s={search_term_string}\"},\"query-input\":{\"@type\":\"PropertyValueSpecification\",\"valueRequired\":true,\"valueName\":\"search_term_string\"}}],\"inLanguage\":\"de\"}]}<\/script>\n<!-- \/ Yoast SEO plugin. -->","yoast_head_json":{"title":"Garten - \u015al\u0105ska Prohibicja","description":"Entspannen Sie sich im bezaubernden Garten von Silesian Prohibition - einer gr\u00fcnen Oase im Herzen des industriellen Nikiszowiec.","robots":{"index":"index","follow":"follow","max-snippet":"max-snippet:-1","max-image-preview":"max-image-preview:large","max-video-preview":"max-video-preview:-1"},"canonical":"https:\/\/slaskaprohibicja.pl\/de\/garten\/","og_locale":"de_DE","og_type":"article","og_title":"Garten - \u015al\u0105ska Prohibicja","og_description":"Entspannen Sie sich im bezaubernden Garten von Silesian Prohibition - einer gr\u00fcnen Oase im Herzen des industriellen Nikiszowiec.","og_url":"https:\/\/slaskaprohibicja.pl\/de\/garten\/","og_site_name":"\u015al\u0105ska Prohibicja","article_modified_time":"2025-05-15T10:18:55+00:00","og_image":[{"url":"https:\/\/slaskaprohibicja.pl\/wp-content\/uploads\/2025\/02\/ogrod4-1000x1400.jpg","type":"","width":"","height":""}],"twitter_card":"summary_large_image","twitter_misc":{"Gesch\u00e4tzte Lesezeit":"1\u00a0Minute"},"schema":{"@context":"https:\/\/schema.org","@graph":[{"@type":"WebPage","@id":"https:\/\/slaskaprohibicja.pl\/de\/garten\/","url":"https:\/\/slaskaprohibicja.pl\/de\/garten\/","name":"Garten - \u015al\u0105ska Prohibicja","isPartOf":{"@id":"https:\/\/slaskaprohibicja.pl\/#website"},"primaryImageOfPage":{"@id":"https:\/\/slaskaprohibicja.pl\/de\/garten\/#primaryimage"},"image":{"@id":"https:\/\/slaskaprohibicja.pl\/de\/garten\/#primaryimage"},"thumbnailUrl":"https:\/\/slaskaprohibicja.pl\/wp-content\/uploads\/2025\/02\/ogrod4-1000x1400.jpg","datePublished":"2025-02-05T23:17:46+00:00","dateModified":"2025-05-15T10:18:55+00:00","description":"Entspannen Sie sich im bezaubernden Garten von Silesian Prohibition - einer gr\u00fcnen Oase im Herzen des industriellen Nikiszowiec.","breadcrumb":{"@id":"https:\/\/slaskaprohibicja.pl\/de\/garten\/#breadcrumb"},"inLanguage":"de","potentialAction":[{"@type":"ReadAction","target":["https:\/\/slaskaprohibicja.pl\/de\/garten\/"]}]},{"@type":"ImageObject","inLanguage":"de","@id":"https:\/\/slaskaprohibicja.pl\/de\/garten\/#primaryimage","url":"https:\/\/slaskaprohibicja.pl\/wp-content\/uploads\/2025\/02\/ogrod4-1000x1400.jpg","contentUrl":"https:\/\/slaskaprohibicja.pl\/wp-content\/uploads\/2025\/02\/ogrod4-1000x1400.jpg"},{"@type":"BreadcrumbList","@id":"https:\/\/slaskaprohibicja.pl\/de\/garten\/#breadcrumb","itemListElement":[{"@type":"ListItem","position":1,"name":"Strona g\u0142\u00f3wna","item":"https:\/\/slaskaprohibicja.pl\/de\/"},{"@type":"ListItem","position":2,"name":"Garten"}]},{"@type":"WebSite","@id":"https:\/\/slaskaprohibicja.pl\/#website","url":"https:\/\/slaskaprohibicja.pl\/","name":"\u015al\u0105ska Prohibicja","description":"Klub Restauracja Scena | Katowice Nikiszowiec","potentialAction":[{"@type":"SearchAction","target":{"@type":"EntryPoint","urlTemplate":"https:\/\/slaskaprohibicja.pl\/?s={search_term_string}"},"query-input":{"@type":"PropertyValueSpecification","valueRequired":true,"valueName":"search_term_string"}}],"inLanguage":"de"}]}},"_links":{"self":[{"href":"https:\/\/slaskaprohibicja.pl\/de\/wp-json\/wp\/v2\/pages\/26691","targetHints":{"allow":["GET"]}}],"collection":[{"href":"https:\/\/slaskaprohibicja.pl\/de\/wp-json\/wp\/v2\/pages"}],"about":[{"href":"https:\/\/slaskaprohibicja.pl\/de\/wp-json\/wp\/v2\/types\/page"}],"author":[{"embeddable":true,"href":"https:\/\/slaskaprohibicja.pl\/de\/wp-json\/wp\/v2\/users\/1"}],"replies":[{"embeddable":true,"href":"https:\/\/slaskaprohibicja.pl\/de\/wp-json\/wp\/v2\/comments?post=26691"}],"version-history":[{"count":1,"href":"https:\/\/slaskaprohibicja.pl\/de\/wp-json\/wp\/v2\/pages\/26691\/revisions"}],"predecessor-version":[{"id":26697,"href":"https:\/\/slaskaprohibicja.pl\/de\/wp-json\/wp\/v2\/pages\/26691\/revisions\/26697"}],"wp:attachment":[{"href":"https:\/\/slaskaprohibicja.pl\/de\/wp-json\/wp\/v2\/media?parent=26691"}],"curies":[{"name":"wp","href":"https:\/\/api.w.org\/{rel}","templated":true}]}}