{"id":26629,"date":"2025-02-17T13:30:44","date_gmt":"2025-02-17T12:30:44","guid":{"rendered":"https:\/\/slaskaprohibicja.pl\/geschichte\/"},"modified":"2025-05-15T12:18:35","modified_gmt":"2025-05-15T10:18:35","slug":"geschichte","status":"publish","type":"page","link":"https:\/\/slaskaprohibicja.pl\/de\/geschichte\/","title":{"rendered":"Geschichte"},"content":{"rendered":"\t\t<div data-elementor-type=\"wp-page\" data-elementor-id=\"26629\" class=\"elementor elementor-26629 elementor-12283\">\n\t\t\t\t\t\t<section class=\"elementor-section elementor-top-section elementor-element elementor-element-9998c85 elementor-section-full_width elementor-section-height-min-height elementor-section-items-bottom vh-sm-100 elementor-section-height-default\" data-id=\"9998c85\" data-element_type=\"section\" data-e-type=\"section\" data-settings=\"{&quot;background_background&quot;:&quot;classic&quot;}\">\n\t\t\t\t\t\t\t<div class=\"elementor-background-overlay\"><\/div>\n\t\t\t\t\t\t\t<div class=\"elementor-container elementor-column-gap-default\">\n\t\t\t\t\t<div class=\"elementor-column elementor-col-100 elementor-top-column elementor-element elementor-element-b21b74f\" data-id=\"b21b74f\" data-element_type=\"column\" data-e-type=\"column\">\n\t\t\t<div class=\"elementor-widget-wrap elementor-element-populated\">\n\t\t\t\t\t\t<section class=\"elementor-section elementor-inner-section elementor-element elementor-element-0e5be44 qodef-elementor-content-grid elementor-section-boxed elementor-section-height-default elementor-section-height-default\" data-id=\"0e5be44\" data-element_type=\"section\" data-e-type=\"section\">\n\t\t\t\t\t\t<div class=\"elementor-container elementor-column-gap-default\">\n\t\t\t\t\t<div class=\"elementor-column elementor-col-100 elementor-inner-column elementor-element elementor-element-4c7ea5e\" data-id=\"4c7ea5e\" data-element_type=\"column\" data-e-type=\"column\">\n\t\t\t<div class=\"elementor-widget-wrap elementor-element-populated\">\n\t\t\t\t\t\t<div class=\"elementor-element elementor-element-3bf4f8f elementor-widget__width-initial elementor-widget-mobile__width-inherit elementor-widget-tablet__width-inherit elementor-invisible elementor-widget elementor-widget-chateau_core_section_title\" data-id=\"3bf4f8f\" data-element_type=\"widget\" data-e-type=\"widget\" data-settings=\"{&quot;_animation&quot;:&quot;fadeInUp&quot;,&quot;_animation_delay&quot;:200}\" data-widget_type=\"chateau_core_section_title.default\">\n\t\t\t\t<div class=\"elementor-widget-container\">\n\t\t\t\t\t<div class=\"qodef-shortcode qodef-m title-reverse qodef-section-title qodef-alignment--left \">\n\t\t<h1 class=\"qodef-m-title\" style=\"color: #FFFFFF\">\n\t\t\t\t\tDie Geschichte eines Geb\u00e4udes\t\t\t<\/h1>\n\t<div class=\"qodef-m-subtitle-content qodef--has-appear\" style=\"margin-top: 0px\">\n\t<div class=\"qodef-m-subtitle-line-one\" style=\"width: 50px;background-color: #FFFFFF\"><\/div>\n\t\t\t<p class=\"qodef-m-subtitle\" style=\"margin-left: 7px;color: #FFFFFF\">Geschichte<\/p>\n\t\t<div class=\"qodef-m-subtitle-line-two\" style=\"display: none;\"><\/div>\n<\/div>\n\t<\/div>\n\t\t\t\t<\/div>\n\t\t\t\t<\/div>\n\t\t\t\t\t<\/div>\n\t\t<\/div>\n\t\t\t\t\t<\/div>\n\t\t<\/section>\n\t\t\t\t\t<\/div>\n\t\t<\/div>\n\t\t\t\t\t<\/div>\n\t\t<\/section>\n\t\t\t\t<section class=\"elementor-section elementor-top-section elementor-element elementor-element-4e0c695 elementor-section-full_width qodef-elementor-content-grid elementor-reverse-tablet elementor-reverse-mobile elementor-section-height-default elementor-section-height-default elementor-invisible\" data-id=\"4e0c695\" data-element_type=\"section\" data-e-type=\"section\" data-settings=\"{&quot;animation&quot;:&quot;fadeInUp&quot;}\">\n\t\t\t\t\t\t<div class=\"elementor-container elementor-column-gap-default\">\n\t\t\t\t\t<div class=\"elementor-column elementor-col-50 elementor-top-column elementor-element elementor-element-9cac62e\" data-id=\"9cac62e\" data-element_type=\"column\" data-e-type=\"column\">\n\t\t\t<div class=\"elementor-widget-wrap elementor-element-populated\">\n\t\t\t\t\t\t<div class=\"elementor-element elementor-element-d0791db e-transform elementor-widget elementor-widget-chateau_core_image_gallery\" data-id=\"d0791db\" data-element_type=\"widget\" data-e-type=\"widget\" data-settings=\"{&quot;_transform_translateX_effect&quot;:{&quot;unit&quot;:&quot;px&quot;,&quot;size&quot;:-20,&quot;sizes&quot;:[]},&quot;_transform_translateY_effect&quot;:{&quot;unit&quot;:&quot;px&quot;,&quot;size&quot;:-20,&quot;sizes&quot;:[]},&quot;_transform_translateX_effect_mobile&quot;:{&quot;unit&quot;:&quot;px&quot;,&quot;size&quot;:-10,&quot;sizes&quot;:[]},&quot;_transform_translateY_effect_mobile&quot;:{&quot;unit&quot;:&quot;px&quot;,&quot;size&quot;:-10,&quot;sizes&quot;:[]},&quot;_transform_translateX_effect_tablet&quot;:{&quot;unit&quot;:&quot;px&quot;,&quot;size&quot;:&quot;&quot;,&quot;sizes&quot;:[]},&quot;_transform_translateY_effect_tablet&quot;:{&quot;unit&quot;:&quot;px&quot;,&quot;size&quot;:&quot;&quot;,&quot;sizes&quot;:[]}}\" data-widget_type=\"chateau_core_image_gallery.default\">\n\t\t\t\t<div class=\"elementor-widget-container\">\n\t\t\t\t\t<div class=\"qodef-shortcode qodef-m  qodef-image-gallery    qodef-grid qodef-layout--columns  qodef-gutter--tiny qodef-vertical-gutter--tiny qodef-col-num--1    qodef-responsive--custom qodef-col-num--1440--1 qodef-col-num--1366--1 qodef-col-num--1024--1 qodef-col-num--768--1 qodef-col-num--680--1 qodef-col-num--480--1\" >\n\t<div class=\"qodef-grid-inner\">\n\t\t<div class=\"qodef-e qodef-image-wrapper qodef-grid-item \">\n\t\t\t<img fetchpriority=\"high\" decoding=\"async\" src=\"https:\/\/slaskaprohibicja.pl\/wp-content\/uploads\/2025\/02\/Zdjecia-powstania-restauracji1-1000x450.jpg\" alt=\"\" width=\"1000\" height=\"450\" data-ratio=\"2.2222222222222\" \/>\t<\/div>\n<div class=\"qodef-e qodef-image-wrapper qodef-grid-item \">\n\t\t\t<img decoding=\"async\" src=\"https:\/\/slaskaprohibicja.pl\/wp-content\/uploads\/2025\/02\/Zdjecia-powstania-restauracji2-1000x450.jpg\" alt=\"\" width=\"1000\" height=\"450\" data-ratio=\"2.2222222222222\" \/>\t<\/div>\n\t<\/div>\n<\/div>\n\t\t\t\t<\/div>\n\t\t\t\t<\/div>\n\t\t\t\t\t<\/div>\n\t\t<\/div>\n\t\t\t\t<div class=\"elementor-column elementor-col-50 elementor-top-column elementor-element elementor-element-8e18ced\" data-id=\"8e18ced\" data-element_type=\"column\" data-e-type=\"column\">\n\t\t\t<div class=\"elementor-widget-wrap elementor-element-populated\">\n\t\t\t\t\t\t<div class=\"elementor-element elementor-element-f0d0b46 elementor-widget__width-initial elementor-widget-mobile__width-inherit elementor-widget-tablet__width-inherit elementor-widget elementor-widget-chateau_core_section_title\" data-id=\"f0d0b46\" data-element_type=\"widget\" data-e-type=\"widget\" data-widget_type=\"chateau_core_section_title.default\">\n\t\t\t\t<div class=\"elementor-widget-container\">\n\t\t\t\t\t<div class=\"qodef-shortcode qodef-m no-subtitle qodef-section-title qodef-alignment--left qodef-title-break--disabled\">\n\t\t<h2 class=\"qodef-m-title\" >\n\t\t\t\t\tVon Gieschewald nach Nikiszowiec<br>- die Geschichte einer einzigartigen Siedlung\t\t\t<\/h2>\n\t<div class=\"qodef-m-subtitle-content qodef--has-appear\" style=\"margin-top: 0px\">\n\t<div class=\"qodef-m-subtitle-line-one\" style=\"width: 50px;background-color: #4C775F\"><\/div>\n\t\t<div class=\"qodef-m-subtitle-line-two\" style=\"display: none;\"><\/div>\n<\/div>\n\t<\/div>\n\t\t\t\t<\/div>\n\t\t\t\t<\/div>\n\t\t\t\t<div class=\"elementor-element elementor-element-07c82ef elementor-widget__width-initial elementor-widget-tablet__width-inherit elementor-widget elementor-widget-text-editor\" data-id=\"07c82ef\" data-element_type=\"widget\" data-e-type=\"widget\" data-widget_type=\"text-editor.default\">\n\t\t\t\t<div class=\"elementor-widget-container\">\n\t\t\t\t\t\t\t\t\t<p>Die Geschichte von Nikiszowiec geht auf den Beginn des 20. Jahrhunderts zur\u00fcck, als im Zusammenhang mit der Erweiterung der Grube &#8222;Giesche&#8220; eine Bergbausiedlung gegr\u00fcndet wurde. Im Jahr 1907 begann der Eigent\u00fcmer des Bergwerks, das Unternehmen Georg von Giesche&#8217;s Erben, mit dem Bau einer Siedlung namens Gieschewald. Nach den schlesischen Aufst\u00e4nden wurde der polnische Name Nikiszowiec angenommen. Der Direktor Anton Uthemann wollte vorbildliche Arbeiterkolonien schaffen und engagierte Architekten aus Berlin, was zu \u00e4sthetisch ansprechenden und funktionalen Geb\u00e4uden f\u00fchrte.   <\/p><p>Nikiszowie glich einer ummauerten Stadt mit neun gro\u00dfen Wohnbl\u00f6cken, die \u00fcber Innenh\u00f6fe und eine Vielzahl von architektonischen Details verf\u00fcgten. Die Siedlung war in sich geschlossen und verf\u00fcgte \u00fcber \u00f6ffentliche Einrichtungen und Gesch\u00e4ftsr\u00e4ume. <\/p>\t\t\t\t\t\t\t\t<\/div>\n\t\t\t\t<\/div>\n\t\t\t\t\t<\/div>\n\t\t<\/div>\n\t\t\t\t\t<\/div>\n\t\t<\/section>\n\t\t\t\t<section class=\"elementor-section elementor-top-section elementor-element elementor-element-e5668df elementor-section-full_width elementor-section-height-default elementor-section-height-default\" data-id=\"e5668df\" data-element_type=\"section\" data-e-type=\"section\">\n\t\t\t\t\t\t<div class=\"elementor-container elementor-column-gap-default\">\n\t\t\t\t\t<div class=\"elementor-column elementor-col-100 elementor-top-column elementor-element elementor-element-33bbb10\" data-id=\"33bbb10\" data-element_type=\"column\" data-e-type=\"column\">\n\t\t\t<div class=\"elementor-widget-wrap elementor-element-populated\">\n\t\t\t\t\t\t<section class=\"elementor-section elementor-inner-section elementor-element elementor-element-2e252ff qodef-elementor-content-grid cta-baner elementor-section-boxed elementor-section-height-default elementor-section-height-default\" data-id=\"2e252ff\" data-element_type=\"section\" data-e-type=\"section\">\n\t\t\t\t\t\t<div class=\"elementor-container elementor-column-gap-default\">\n\t\t\t\t\t<div class=\"elementor-column elementor-col-100 elementor-inner-column elementor-element elementor-element-d79c4f9\" data-id=\"d79c4f9\" data-element_type=\"column\" data-e-type=\"column\">\n\t\t\t<div class=\"elementor-widget-wrap\">\n\t\t\t\t\t\t\t<\/div>\n\t\t<\/div>\n\t\t\t\t\t<\/div>\n\t\t<\/section>\n\t\t\t\t\t<\/div>\n\t\t<\/div>\n\t\t\t\t\t<\/div>\n\t\t<\/section>\n\t\t\t\t<section class=\"elementor-section elementor-top-section elementor-element elementor-element-a673184 elementor-section-full_width qodef-elementor-content-grid elementor-section-height-default elementor-section-height-default elementor-invisible\" data-id=\"a673184\" data-element_type=\"section\" data-e-type=\"section\" data-settings=\"{&quot;animation&quot;:&quot;fadeInUp&quot;}\">\n\t\t\t\t\t\t<div class=\"elementor-container elementor-column-gap-default\">\n\t\t\t\t\t<div class=\"elementor-column elementor-col-50 elementor-top-column elementor-element elementor-element-54a20b8\" data-id=\"54a20b8\" data-element_type=\"column\" data-e-type=\"column\">\n\t\t\t<div class=\"elementor-widget-wrap elementor-element-populated\">\n\t\t\t\t\t\t<div class=\"elementor-element elementor-element-a4c938a elementor-widget__width-initial elementor-widget-mobile__width-inherit elementor-widget-tablet__width-inherit elementor-widget elementor-widget-chateau_core_section_title\" data-id=\"a4c938a\" data-element_type=\"widget\" data-e-type=\"widget\" data-widget_type=\"chateau_core_section_title.default\">\n\t\t\t\t<div class=\"elementor-widget-container\">\n\t\t\t\t\t<div class=\"qodef-shortcode qodef-m  qodef-section-title qodef-alignment--left \">\n\t\t<h2 class=\"qodef-m-title\" >\n\t\t\t\t\tBergmannskantine <br>- einst ein Arbeiterhotel, heute ein Restaurant\t\t\t<\/h2>\n\t<div class=\"qodef-m-subtitle-content qodef--has-appear\" style=\"margin-top: 0px\">\n\t<div class=\"qodef-m-subtitle-line-one\" style=\"width: 50px;background-color: #4C775F;display: none;\"><\/div>\n\t\t<div class=\"qodef-m-subtitle-line-two\" style=\"display: none;\"><\/div>\n<\/div>\n\t<\/div>\n\t\t\t\t<\/div>\n\t\t\t\t<\/div>\n\t\t\t\t<div class=\"elementor-element elementor-element-fa1943b elementor-widget__width-initial elementor-widget-tablet__width-inherit elementor-widget elementor-widget-text-editor\" data-id=\"fa1943b\" data-element_type=\"widget\" data-e-type=\"widget\" data-widget_type=\"text-editor.default\">\n\t\t\t\t<div class=\"elementor-widget-container\">\n\t\t\t\t\t\t\t\t\t<p>Das einzige dreist\u00f6ckige Geb\u00e4ude in Nikiszowiec ist die ehemalige Kantine, die ein Schlafsaal f\u00fcr die Bergarbeiter war. Es sollte den Kontakt zwischen den st\u00e4ndigen Bewohnern und den Neuank\u00f6mmlingen begrenzen. Nikiszowiec wurde nach und nach besiedelt und der erste Bewohner war Karol Knosalla, der Leiter der Kantine. In der Zwischenkriegszeit wurde die Kantine zu einem Treffpunkt f\u00fcr verschiedene Organisationen und 1919 war sie Zeuge der Ereignisse im Zusammenhang mit dem Ersten Schlesischen Aufstand.   <\/p><p>Obwohl das Arbeiterhotel nicht mehr existiert, blieb der Restaurantsaal f\u00fcr die Einwohner und G\u00e4ste von Nikiszowiec ge\u00f6ffnet.<\/p>\t\t\t\t\t\t\t\t<\/div>\n\t\t\t\t<\/div>\n\t\t\t\t\t<\/div>\n\t\t<\/div>\n\t\t\t\t<div class=\"elementor-column elementor-col-50 elementor-top-column elementor-element elementor-element-421a606\" data-id=\"421a606\" data-element_type=\"column\" data-e-type=\"column\">\n\t\t\t<div class=\"elementor-widget-wrap elementor-element-populated\">\n\t\t\t\t\t\t<div class=\"elementor-element elementor-element-e02ccd9 e-transform elementor-widget elementor-widget-chateau_core_image_gallery\" data-id=\"e02ccd9\" data-element_type=\"widget\" data-e-type=\"widget\" data-settings=\"{&quot;_transform_translateX_effect&quot;:{&quot;unit&quot;:&quot;px&quot;,&quot;size&quot;:20,&quot;sizes&quot;:[]},&quot;_transform_translateY_effect&quot;:{&quot;unit&quot;:&quot;px&quot;,&quot;size&quot;:-20,&quot;sizes&quot;:[]},&quot;_transform_translateX_effect_mobile&quot;:{&quot;unit&quot;:&quot;px&quot;,&quot;size&quot;:10,&quot;sizes&quot;:[]},&quot;_transform_translateY_effect_mobile&quot;:{&quot;unit&quot;:&quot;px&quot;,&quot;size&quot;:-10,&quot;sizes&quot;:[]},&quot;_transform_translateX_effect_tablet&quot;:{&quot;unit&quot;:&quot;px&quot;,&quot;size&quot;:&quot;&quot;,&quot;sizes&quot;:[]},&quot;_transform_translateY_effect_tablet&quot;:{&quot;unit&quot;:&quot;px&quot;,&quot;size&quot;:&quot;&quot;,&quot;sizes&quot;:[]}}\" data-widget_type=\"chateau_core_image_gallery.default\">\n\t\t\t\t<div class=\"elementor-widget-container\">\n\t\t\t\t\t<div class=\"qodef-shortcode qodef-m  qodef-image-gallery    qodef-grid qodef-layout--columns  qodef-gutter--tiny qodef-vertical-gutter--tiny qodef-col-num--2    qodef-responsive--custom qodef-col-num--1440--2 qodef-col-num--1366--2 qodef-col-num--1024--2 qodef-col-num--768--2 qodef-col-num--680--2 qodef-col-num--480--2\" >\n\t<div class=\"qodef-grid-inner\">\n\t\t<div class=\"qodef-e qodef-image-wrapper qodef-grid-item \">\n\t\t\t<img decoding=\"async\" src=\"https:\/\/slaskaprohibicja.pl\/wp-content\/uploads\/2025\/02\/Zdjecia-powstania-restauracji3-450x800.jpg\" alt=\"\" width=\"450\" height=\"800\" data-ratio=\"0.5625\" \/>\t<\/div>\n<div class=\"qodef-e qodef-image-wrapper qodef-grid-item \">\n\t\t\t<img loading=\"lazy\" decoding=\"async\" src=\"https:\/\/slaskaprohibicja.pl\/wp-content\/uploads\/2025\/02\/Zdjecia-powstania-restauracji2-450x800.jpg\" alt=\"\" width=\"450\" height=\"800\" data-ratio=\"0.5625\" \/>\t<\/div>\n\t<\/div>\n<\/div>\n\t\t\t\t<\/div>\n\t\t\t\t<\/div>\n\t\t\t\t\t<\/div>\n\t\t<\/div>\n\t\t\t\t\t<\/div>\n\t\t<\/section>\n\t\t\t\t<\/div>\n\t\t","protected":false},"excerpt":{"rendered":"<p>Die Geschichte eines Geb\u00e4udes Geschichte Von Gieschewald nach Nikiszowiec&#8211; die Geschichte einer einzigartigen Siedlung Die Geschichte von Nikiszowiec geht auf den Beginn des 20. Jahrhunderts zur\u00fcck, als im Zusammenhang mit der Erweiterung der Grube &#8222;Giesche&#8220; eine Bergbausiedlung gegr\u00fcndet wurde. Im Jahr 1907 begann der Eigent\u00fcmer des Bergwerks, das Unternehmen Georg von Giesche&#8217;s Erben, mit dem [&hellip;]<\/p>\n","protected":false},"author":1,"featured_media":0,"parent":0,"menu_order":0,"comment_status":"closed","ping_status":"closed","template":"page-full-width.php","meta":{"inline_featured_image":false,"footnotes":""},"class_list":["post-26629","page","type-page","status-publish","hentry"],"yoast_head":"<!-- This site is optimized with the Yoast SEO plugin v27.3 - https:\/\/yoast.com\/product\/yoast-seo-wordpress\/ -->\n<title>Geschichte - \u015al\u0105ska Prohibicja<\/title>\n<meta name=\"description\" content=\"Verfolgen Sie die Geschichte von Nikiszowiec und den Beginn der schlesischen Prohibition - von den Wurzeln des Bergbaus bis zu einem einzigartigen Restaurant.\" \/>\n<meta name=\"robots\" content=\"index, follow, max-snippet:-1, max-image-preview:large, max-video-preview:-1\" \/>\n<link rel=\"canonical\" href=\"https:\/\/slaskaprohibicja.pl\/de\/geschichte\/\" \/>\n<meta property=\"og:locale\" content=\"de_DE\" \/>\n<meta property=\"og:type\" content=\"article\" \/>\n<meta property=\"og:title\" content=\"Geschichte - \u015al\u0105ska Prohibicja\" \/>\n<meta property=\"og:description\" content=\"Verfolgen Sie die Geschichte von Nikiszowiec und den Beginn der schlesischen Prohibition - von den Wurzeln des Bergbaus bis zu einem einzigartigen Restaurant.\" \/>\n<meta property=\"og:url\" content=\"https:\/\/slaskaprohibicja.pl\/de\/geschichte\/\" \/>\n<meta property=\"og:site_name\" content=\"\u015al\u0105ska Prohibicja\" \/>\n<meta property=\"article:modified_time\" content=\"2025-05-15T10:18:35+00:00\" \/>\n<meta property=\"og:image\" content=\"https:\/\/slaskaprohibicja.pl\/wp-content\/uploads\/2025\/02\/Zdjecia-powstania-restauracji1-1000x450.jpg\" \/>\n<meta name=\"twitter:card\" content=\"summary_large_image\" \/>\n<meta name=\"twitter:label1\" content=\"Gesch\u00e4tzte Lesezeit\" \/>\n\t<meta name=\"twitter:data1\" content=\"1\u00a0Minute\" \/>\n<script type=\"application\/ld+json\" class=\"yoast-schema-graph\">{\"@context\":\"https:\\\/\\\/schema.org\",\"@graph\":[{\"@type\":\"WebPage\",\"@id\":\"https:\\\/\\\/slaskaprohibicja.pl\\\/de\\\/geschichte\\\/\",\"url\":\"https:\\\/\\\/slaskaprohibicja.pl\\\/de\\\/geschichte\\\/\",\"name\":\"Geschichte - \u015al\u0105ska Prohibicja\",\"isPartOf\":{\"@id\":\"https:\\\/\\\/slaskaprohibicja.pl\\\/#website\"},\"primaryImageOfPage\":{\"@id\":\"https:\\\/\\\/slaskaprohibicja.pl\\\/de\\\/geschichte\\\/#primaryimage\"},\"image\":{\"@id\":\"https:\\\/\\\/slaskaprohibicja.pl\\\/de\\\/geschichte\\\/#primaryimage\"},\"thumbnailUrl\":\"https:\\\/\\\/slaskaprohibicja.pl\\\/wp-content\\\/uploads\\\/2025\\\/02\\\/Zdjecia-powstania-restauracji1-1000x450.jpg\",\"datePublished\":\"2025-02-17T12:30:44+00:00\",\"dateModified\":\"2025-05-15T10:18:35+00:00\",\"description\":\"Verfolgen Sie die Geschichte von Nikiszowiec und den Beginn der schlesischen Prohibition - von den Wurzeln des Bergbaus bis zu einem einzigartigen Restaurant.\",\"breadcrumb\":{\"@id\":\"https:\\\/\\\/slaskaprohibicja.pl\\\/de\\\/geschichte\\\/#breadcrumb\"},\"inLanguage\":\"de\",\"potentialAction\":[{\"@type\":\"ReadAction\",\"target\":[\"https:\\\/\\\/slaskaprohibicja.pl\\\/de\\\/geschichte\\\/\"]}]},{\"@type\":\"ImageObject\",\"inLanguage\":\"de\",\"@id\":\"https:\\\/\\\/slaskaprohibicja.pl\\\/de\\\/geschichte\\\/#primaryimage\",\"url\":\"https:\\\/\\\/slaskaprohibicja.pl\\\/wp-content\\\/uploads\\\/2025\\\/02\\\/Zdjecia-powstania-restauracji1-1000x450.jpg\",\"contentUrl\":\"https:\\\/\\\/slaskaprohibicja.pl\\\/wp-content\\\/uploads\\\/2025\\\/02\\\/Zdjecia-powstania-restauracji1-1000x450.jpg\"},{\"@type\":\"BreadcrumbList\",\"@id\":\"https:\\\/\\\/slaskaprohibicja.pl\\\/de\\\/geschichte\\\/#breadcrumb\",\"itemListElement\":[{\"@type\":\"ListItem\",\"position\":1,\"name\":\"Strona g\u0142\u00f3wna\",\"item\":\"https:\\\/\\\/slaskaprohibicja.pl\\\/de\\\/\"},{\"@type\":\"ListItem\",\"position\":2,\"name\":\"Geschichte\"}]},{\"@type\":\"WebSite\",\"@id\":\"https:\\\/\\\/slaskaprohibicja.pl\\\/#website\",\"url\":\"https:\\\/\\\/slaskaprohibicja.pl\\\/\",\"name\":\"\u015al\u0105ska Prohibicja\",\"description\":\"Klub Restauracja Scena | Katowice Nikiszowiec\",\"potentialAction\":[{\"@type\":\"SearchAction\",\"target\":{\"@type\":\"EntryPoint\",\"urlTemplate\":\"https:\\\/\\\/slaskaprohibicja.pl\\\/?s={search_term_string}\"},\"query-input\":{\"@type\":\"PropertyValueSpecification\",\"valueRequired\":true,\"valueName\":\"search_term_string\"}}],\"inLanguage\":\"de\"}]}<\/script>\n<!-- \/ Yoast SEO plugin. -->","yoast_head_json":{"title":"Geschichte - \u015al\u0105ska Prohibicja","description":"Verfolgen Sie die Geschichte von Nikiszowiec und den Beginn der schlesischen Prohibition - von den Wurzeln des Bergbaus bis zu einem einzigartigen Restaurant.","robots":{"index":"index","follow":"follow","max-snippet":"max-snippet:-1","max-image-preview":"max-image-preview:large","max-video-preview":"max-video-preview:-1"},"canonical":"https:\/\/slaskaprohibicja.pl\/de\/geschichte\/","og_locale":"de_DE","og_type":"article","og_title":"Geschichte - \u015al\u0105ska Prohibicja","og_description":"Verfolgen Sie die Geschichte von Nikiszowiec und den Beginn der schlesischen Prohibition - von den Wurzeln des Bergbaus bis zu einem einzigartigen Restaurant.","og_url":"https:\/\/slaskaprohibicja.pl\/de\/geschichte\/","og_site_name":"\u015al\u0105ska Prohibicja","article_modified_time":"2025-05-15T10:18:35+00:00","og_image":[{"url":"https:\/\/slaskaprohibicja.pl\/wp-content\/uploads\/2025\/02\/Zdjecia-powstania-restauracji1-1000x450.jpg","type":"","width":"","height":""}],"twitter_card":"summary_large_image","twitter_misc":{"Gesch\u00e4tzte Lesezeit":"1\u00a0Minute"},"schema":{"@context":"https:\/\/schema.org","@graph":[{"@type":"WebPage","@id":"https:\/\/slaskaprohibicja.pl\/de\/geschichte\/","url":"https:\/\/slaskaprohibicja.pl\/de\/geschichte\/","name":"Geschichte - \u015al\u0105ska Prohibicja","isPartOf":{"@id":"https:\/\/slaskaprohibicja.pl\/#website"},"primaryImageOfPage":{"@id":"https:\/\/slaskaprohibicja.pl\/de\/geschichte\/#primaryimage"},"image":{"@id":"https:\/\/slaskaprohibicja.pl\/de\/geschichte\/#primaryimage"},"thumbnailUrl":"https:\/\/slaskaprohibicja.pl\/wp-content\/uploads\/2025\/02\/Zdjecia-powstania-restauracji1-1000x450.jpg","datePublished":"2025-02-17T12:30:44+00:00","dateModified":"2025-05-15T10:18:35+00:00","description":"Verfolgen Sie die Geschichte von Nikiszowiec und den Beginn der schlesischen Prohibition - von den Wurzeln des Bergbaus bis zu einem einzigartigen Restaurant.","breadcrumb":{"@id":"https:\/\/slaskaprohibicja.pl\/de\/geschichte\/#breadcrumb"},"inLanguage":"de","potentialAction":[{"@type":"ReadAction","target":["https:\/\/slaskaprohibicja.pl\/de\/geschichte\/"]}]},{"@type":"ImageObject","inLanguage":"de","@id":"https:\/\/slaskaprohibicja.pl\/de\/geschichte\/#primaryimage","url":"https:\/\/slaskaprohibicja.pl\/wp-content\/uploads\/2025\/02\/Zdjecia-powstania-restauracji1-1000x450.jpg","contentUrl":"https:\/\/slaskaprohibicja.pl\/wp-content\/uploads\/2025\/02\/Zdjecia-powstania-restauracji1-1000x450.jpg"},{"@type":"BreadcrumbList","@id":"https:\/\/slaskaprohibicja.pl\/de\/geschichte\/#breadcrumb","itemListElement":[{"@type":"ListItem","position":1,"name":"Strona g\u0142\u00f3wna","item":"https:\/\/slaskaprohibicja.pl\/de\/"},{"@type":"ListItem","position":2,"name":"Geschichte"}]},{"@type":"WebSite","@id":"https:\/\/slaskaprohibicja.pl\/#website","url":"https:\/\/slaskaprohibicja.pl\/","name":"\u015al\u0105ska Prohibicja","description":"Klub Restauracja Scena | Katowice Nikiszowiec","potentialAction":[{"@type":"SearchAction","target":{"@type":"EntryPoint","urlTemplate":"https:\/\/slaskaprohibicja.pl\/?s={search_term_string}"},"query-input":{"@type":"PropertyValueSpecification","valueRequired":true,"valueName":"search_term_string"}}],"inLanguage":"de"}]}},"_links":{"self":[{"href":"https:\/\/slaskaprohibicja.pl\/de\/wp-json\/wp\/v2\/pages\/26629","targetHints":{"allow":["GET"]}}],"collection":[{"href":"https:\/\/slaskaprohibicja.pl\/de\/wp-json\/wp\/v2\/pages"}],"about":[{"href":"https:\/\/slaskaprohibicja.pl\/de\/wp-json\/wp\/v2\/types\/page"}],"author":[{"embeddable":true,"href":"https:\/\/slaskaprohibicja.pl\/de\/wp-json\/wp\/v2\/users\/1"}],"replies":[{"embeddable":true,"href":"https:\/\/slaskaprohibicja.pl\/de\/wp-json\/wp\/v2\/comments?post=26629"}],"version-history":[{"count":1,"href":"https:\/\/slaskaprohibicja.pl\/de\/wp-json\/wp\/v2\/pages\/26629\/revisions"}],"predecessor-version":[{"id":26637,"href":"https:\/\/slaskaprohibicja.pl\/de\/wp-json\/wp\/v2\/pages\/26629\/revisions\/26637"}],"wp:attachment":[{"href":"https:\/\/slaskaprohibicja.pl\/de\/wp-json\/wp\/v2\/media?parent=26629"}],"curies":[{"name":"wp","href":"https:\/\/api.w.org\/{rel}","templated":true}]}}